{"id":2799,"date":"2025-06-24T18:32:51","date_gmt":"2025-06-24T16:32:51","guid":{"rendered":"https:\/\/www.extende.com\/la-simulation-cnd\/"},"modified":"2025-07-04T15:54:44","modified_gmt":"2025-07-04T13:54:44","slug":"la-simulation-cnd","status":"publish","type":"page","link":"https:\/\/www.extende.com\/fr\/la-simulation-cnd\/","title":{"rendered":"La simulation CND"},"content":{"rendered":"<p>La simulation joue un r\u00f4le essentiel dans les contr\u00f4les non destructifs, permettant aux chercheurs et ing\u00e9nieurs d&rsquo;<span class=\"g-color2\">explorer des sc\u00e9narios complexes sans compromettre des actifs pr\u00e9cieux<\/span>. En exploitant des mod\u00e8les et des algorithmes informatiques avanc\u00e9s, les simulations nous permettent d\u2019<span class=\"g-color2\">analyser et de pr\u00e9dire le comportement des mat\u00e9riaux et des syst\u00e8mes<\/span> dans diverses conditions de contrainte, r\u00e9duisant ainsi le besoin de prototypes physiques et minimisant le risque de dommages ou de d\u00e9faillance. Cette approche non seulement pr\u00e9serve les ressources mais aussi acc\u00e9l\u00e8re le cycle de d\u00e9veloppement, facilite la prise de d\u00e9cision bas\u00e9e sur des donn\u00e9es et favorise l&rsquo;innovation dans les m\u00e9thodes de CND.<\/p>\n<p>Quel que soit le <a href=\"https:\/\/www.extende.com\/fr\/la-simulation-cnd\/domaines-dactivite\/\">domaine industriel<\/a>, les exemples d\u2019utilisation fructueuse de la simulation sont nombreux.<\/p>\n<p>Depuis plus de trente ans, de nombreuses publications ont permis de d\u00e9montrer la justesse des mod\u00e8les et de repousser leurs limites. On retrouvera <a href=\"https:\/\/www.extende.com\/fr\/la-simulation-cnd\/documentation\/publications-sur-civa-et-la-simulation-en-cnd\/\">ici les publications<\/a> les plus int\u00e9ressantes.<\/p>\n<p>Mais il est indispensable de valider ces mod\u00e8les de simulation par des essais exp\u00e9rimentaux. Au cours des ann\u00e9es, de tr\u00e8s nombreux essais ont pu \u00eatre r\u00e9alis\u00e9s et compar\u00e9s avec le r\u00e9sultat des mod\u00e8les de simulation de CIVA. <a href=\"https:\/\/www.extende.com\/fr\/la-simulation-cnd\/documentation\/validation-experimentale-des-modeles-civa\/\">Consulter ces cas<\/a> permettra sans doute d\u2019augmenter la confiance dans les r\u00e9sultats de simulation concern\u00e9s et aidera \u00e0 constituer un dossier solide.<\/p>\n","protected":false},"excerpt":{"rendered":"<p>La simulation joue un r\u00f4le essentiel dans les contr\u00f4les non destructifs, permettant aux chercheurs et ing\u00e9nieurs d&rsquo;explorer des sc\u00e9narios complexes sans compromettre des actifs pr\u00e9cieux. En exploitant des mod\u00e8les et des algorithmes informatiques avanc\u00e9s, les simulations nous permettent d\u2019analyser et de pr\u00e9dire le comportement des mat\u00e9riaux et des syst\u00e8mes dans diverses conditions de contrainte, r\u00e9duisant [&hellip;]<\/p>\n","protected":false},"author":2,"featured_media":0,"parent":0,"menu_order":0,"comment_status":"closed","ping_status":"closed","template":"templates\/page--extende.html.php","meta":{"_acf_changed":false,"footnotes":""},"class_list":["post-2799","page","type-page","status-publish","hentry"],"acf":[],"_links":{"self":[{"href":"https:\/\/www.extende.com\/fr\/wp-json\/wp\/v2\/pages\/2799","targetHints":{"allow":["GET"]}}],"collection":[{"href":"https:\/\/www.extende.com\/fr\/wp-json\/wp\/v2\/pages"}],"about":[{"href":"https:\/\/www.extende.com\/fr\/wp-json\/wp\/v2\/types\/page"}],"author":[{"embeddable":true,"href":"https:\/\/www.extende.com\/fr\/wp-json\/wp\/v2\/users\/2"}],"replies":[{"embeddable":true,"href":"https:\/\/www.extende.com\/fr\/wp-json\/wp\/v2\/comments?post=2799"}],"version-history":[{"count":3,"href":"https:\/\/www.extende.com\/fr\/wp-json\/wp\/v2\/pages\/2799\/revisions"}],"predecessor-version":[{"id":6102,"href":"https:\/\/www.extende.com\/fr\/wp-json\/wp\/v2\/pages\/2799\/revisions\/6102"}],"wp:attachment":[{"href":"https:\/\/www.extende.com\/fr\/wp-json\/wp\/v2\/media?parent=2799"}],"curies":[{"name":"wp","href":"https:\/\/api.w.org\/{rel}","templated":true}]}}