{"id":2801,"date":"2025-06-24T18:32:51","date_gmt":"2025-06-24T16:32:51","guid":{"rendered":"https:\/\/www.extende.com\/la-simulation-cnd\/domaines-dactivite\/"},"modified":"2025-07-04T16:00:36","modified_gmt":"2025-07-04T14:00:36","slug":"domaines-dactivite","status":"publish","type":"page","link":"https:\/\/www.extende.com\/fr\/la-simulation-cnd\/domaines-dactivite\/","title":{"rendered":"Domaines d&rsquo;activit\u00e9"},"content":{"rendered":"<p>Quel que soit le domaine industriel ou de recherche, si des contr\u00f4les Non Destructifs sont utilis\u00e9s ou d\u00e9velopp\u00e9s, la simulation apporte de nombreux b\u00e9n\u00e9fices.<\/p>\n<p>De l\u2019aide \u00e0 la conception en amont, \u00e0 la compr\u00e9hension de ph\u00e9nom\u00e8nes complexes lors d\u2019inspection, \u00e0 l\u2019optimisation en aval, lors de chaque op\u00e9ration, la simulation apporte une aide, am\u00e9liore les proc\u00e9d\u00e9s, facilite l\u2019innovation, r\u00e9duit les co\u00fbts et les d\u00e9lais.<\/p>\n<p><a href=\"https:\/\/www.extende.com\/fr\/la-simulation-cnd\/domaines-dactivite\/cnd\/\">CND<\/a>, <a href=\"https:\/\/www.extende.com\/fr\/la-simulation-cnd\/domaines-dactivite\/nucleaire-energie\/\">nucl\u00e9aire<\/a>, <a href=\"https:\/\/www.extende.com\/fr\/la-simulation-cnd\/domaines-dactivite\/aeronautique-aerospatial\/\">a\u00e9ronautique<\/a>, <a href=\"https:\/\/www.extende.com\/fr\/la-simulation-cnd\/domaines-dactivite\/petrochimie-offshore\/\">p\u00e9trochimie<\/a>, <a href=\"https:\/\/www.extende.com\/fr\/la-simulation-cnd\/domaines-dactivite\/mecanique-metallurgie\/\">m\u00e9canique ou m\u00e9tallurgie<\/a>, <a href=\"https:\/\/www.extende.com\/fr\/la-simulation-cnd\/domaines-dactivite\/transports\/\">transports<\/a>, mais aussi <a href=\"https:\/\/www.extende.com\/fr\/la-simulation-cnd\/domaines-dactivite\/recherche\/\">recherche<\/a> ou dans les <a href=\"https:\/\/www.extende.com\/fr\/la-simulation-cnd\/domaines-dactivite\/universites\/\">universit\u00e9s<\/a>, de nombreux cas d\u2019application permettent de mesurer les apports de la simulation.<\/p>\n","protected":false},"excerpt":{"rendered":"<p>Quel que soit le domaine industriel ou de recherche, si des contr\u00f4les Non Destructifs sont utilis\u00e9s ou d\u00e9velopp\u00e9s, la simulation apporte de nombreux b\u00e9n\u00e9fices. De l\u2019aide \u00e0 la conception en amont, \u00e0 la compr\u00e9hension de ph\u00e9nom\u00e8nes complexes lors d\u2019inspection, \u00e0 l\u2019optimisation en aval, lors de chaque op\u00e9ration, la simulation apporte une aide, am\u00e9liore les proc\u00e9d\u00e9s, [&hellip;]<\/p>\n","protected":false},"author":2,"featured_media":0,"parent":2799,"menu_order":0,"comment_status":"closed","ping_status":"closed","template":"templates\/page--extende.html.php","meta":{"_acf_changed":false,"footnotes":""},"class_list":["post-2801","page","type-page","status-publish","hentry"],"acf":[],"_links":{"self":[{"href":"https:\/\/www.extende.com\/fr\/wp-json\/wp\/v2\/pages\/2801","targetHints":{"allow":["GET"]}}],"collection":[{"href":"https:\/\/www.extende.com\/fr\/wp-json\/wp\/v2\/pages"}],"about":[{"href":"https:\/\/www.extende.com\/fr\/wp-json\/wp\/v2\/types\/page"}],"author":[{"embeddable":true,"href":"https:\/\/www.extende.com\/fr\/wp-json\/wp\/v2\/users\/2"}],"replies":[{"embeddable":true,"href":"https:\/\/www.extende.com\/fr\/wp-json\/wp\/v2\/comments?post=2801"}],"version-history":[{"count":2,"href":"https:\/\/www.extende.com\/fr\/wp-json\/wp\/v2\/pages\/2801\/revisions"}],"predecessor-version":[{"id":6104,"href":"https:\/\/www.extende.com\/fr\/wp-json\/wp\/v2\/pages\/2801\/revisions\/6104"}],"up":[{"embeddable":true,"href":"https:\/\/www.extende.com\/fr\/wp-json\/wp\/v2\/pages\/2799"}],"wp:attachment":[{"href":"https:\/\/www.extende.com\/fr\/wp-json\/wp\/v2\/media?parent=2801"}],"curies":[{"name":"wp","href":"https:\/\/api.w.org\/{rel}","templated":true}]}}