{"id":2803,"date":"2025-06-24T18:32:51","date_gmt":"2025-06-24T16:32:51","guid":{"rendered":"https:\/\/www.extende.com\/la-simulation-cnd\/documentation\/"},"modified":"2025-07-04T17:42:21","modified_gmt":"2025-07-04T15:42:21","slug":"documentation","status":"publish","type":"page","link":"https:\/\/www.extende.com\/fr\/la-simulation-cnd\/documentation\/","title":{"rendered":"Documentation"},"content":{"rendered":"<p>Les avanc\u00e9es en CND sont continues et permettent des contr\u00f4les plus pr\u00e9cis, efficients et rapides. EXTENDE collabore quotidiennement avec le CEA et m\u00e8ne ses propres projets de recherche ou d\u2019\u00e9tude.<\/p>\n<p>Afin de permettre un acc\u00e8s simple \u00e0 tous les travaux importants autour de la simulation en CND, nous avons regroup\u00e9 <a href=\"https:\/\/www.extende.com\/fr\/la-simulation-cnd\/documentation\/publications-sur-civa-et-la-simulation-en-cnd\/\">ici les principales publications<\/a> faites au cours des congr\u00e8s et apportant un \u00e9clairage pour une meilleur compr\u00e9hension des mod\u00e8les . Des outils de recherche pour ces publications ont \u00e9t\u00e9 ajout\u00e9s par technique, ann\u00e9e, auteur\u2026<\/p>\n<p>Publications, mais aussi <a href=\"https:\/\/www.extende.com\/fr\/la-simulation-cnd\/documentation\/validation-experimentale-des-modeles-civa\/\">validations<\/a>, dont les r\u00e9sultats sont synth\u00e9tis\u00e9s ici afin d\u2019apporter le maximum d\u2019information dans l\u2019usage des mod\u00e8les semi-analytiques int\u00e9gr\u00e9s dans CIVA. De tr\u00e8s nombreux benchmarks et comparaisons entre acquisitions r\u00e9elles et simulation ont \u00e9t\u00e9 r\u00e9alis\u00e9s. Le nombre de cas abord\u00e9 est tr\u00e8s grand, ils ont \u00e9t\u00e9 class\u00e9s en rubriques afin de trouver plus facilement les cas recherch\u00e9s.<\/p>\n","protected":false},"excerpt":{"rendered":"<p>Les avanc\u00e9es en CND sont continues et permettent des contr\u00f4les plus pr\u00e9cis, efficients et rapides. EXTENDE collabore quotidiennement avec le CEA et m\u00e8ne ses propres projets de recherche ou d\u2019\u00e9tude. Afin de permettre un acc\u00e8s simple \u00e0 tous les travaux importants autour de la simulation en CND, nous avons regroup\u00e9 ici les principales publications faites [&hellip;]<\/p>\n","protected":false},"author":2,"featured_media":0,"parent":2799,"menu_order":1,"comment_status":"closed","ping_status":"closed","template":"templates\/page--extende.html.php","meta":{"_acf_changed":false,"footnotes":""},"class_list":["post-2803","page","type-page","status-publish","hentry"],"acf":[],"_links":{"self":[{"href":"https:\/\/www.extende.com\/fr\/wp-json\/wp\/v2\/pages\/2803","targetHints":{"allow":["GET"]}}],"collection":[{"href":"https:\/\/www.extende.com\/fr\/wp-json\/wp\/v2\/pages"}],"about":[{"href":"https:\/\/www.extende.com\/fr\/wp-json\/wp\/v2\/types\/page"}],"author":[{"embeddable":true,"href":"https:\/\/www.extende.com\/fr\/wp-json\/wp\/v2\/users\/2"}],"replies":[{"embeddable":true,"href":"https:\/\/www.extende.com\/fr\/wp-json\/wp\/v2\/comments?post=2803"}],"version-history":[{"count":1,"href":"https:\/\/www.extende.com\/fr\/wp-json\/wp\/v2\/pages\/2803\/revisions"}],"predecessor-version":[{"id":6140,"href":"https:\/\/www.extende.com\/fr\/wp-json\/wp\/v2\/pages\/2803\/revisions\/6140"}],"up":[{"embeddable":true,"href":"https:\/\/www.extende.com\/fr\/wp-json\/wp\/v2\/pages\/2799"}],"wp:attachment":[{"href":"https:\/\/www.extende.com\/fr\/wp-json\/wp\/v2\/media?parent=2803"}],"curies":[{"name":"wp","href":"https:\/\/api.w.org\/{rel}","templated":true}]}}