{"id":2805,"date":"2025-06-24T18:32:51","date_gmt":"2025-06-24T16:32:51","guid":{"rendered":"https:\/\/www.extende.com\/la-simulation-cnd\/interviews\/"},"modified":"2025-06-24T19:20:00","modified_gmt":"2025-06-24T17:20:00","slug":"interviews","status":"publish","type":"page","link":"https:\/\/www.extende.com\/fr\/la-simulation-cnd\/interviews\/","title":{"rendered":"Interviews"},"content":{"rendered":"<p>Nous avons des clients dans plus de 38 pays diff\u00e9rents, et nous pensons qu&rsquo;un <span class=\"g-color2\">contact r\u00e9el et direct<\/span> est extr\u00eamement important. C\u2019est pourquoi nous souhaitons partager l&rsquo;information avec nos clients et nos visiteurs de la mani\u00e8re la plus efficace.<\/p>\n<p>Dans cette section, vous trouverez des interviews de personnes en relation avec <span class=\"g-color2\">le monde des CND<\/span> qui pourraient vous donner <span class=\"g-color2\">un autre point de vue<\/span> sur CIVA et la Simulation. Nous pensons qu&rsquo;elles pourraient s&rsquo;av\u00e9rer particuli\u00e8rement int\u00e9ressantes pour ceux qui ne peuvent pas voyager jusqu&rsquo;en France ou nous rencontrer lors d&rsquo;expositions.<\/p>\n","protected":false},"excerpt":{"rendered":"<p>T\u00e9moignages des utilisateurs CIVA<\/p>\n","protected":false},"author":2,"featured_media":0,"parent":2799,"menu_order":2,"comment_status":"closed","ping_status":"closed","template":"templates\/page--interviews.html.php","meta":{"_acf_changed":false,"footnotes":""},"class_list":["post-2805","page","type-page","status-publish","hentry"],"acf":[],"_links":{"self":[{"href":"https:\/\/www.extende.com\/fr\/wp-json\/wp\/v2\/pages\/2805","targetHints":{"allow":["GET"]}}],"collection":[{"href":"https:\/\/www.extende.com\/fr\/wp-json\/wp\/v2\/pages"}],"about":[{"href":"https:\/\/www.extende.com\/fr\/wp-json\/wp\/v2\/types\/page"}],"author":[{"embeddable":true,"href":"https:\/\/www.extende.com\/fr\/wp-json\/wp\/v2\/users\/2"}],"replies":[{"embeddable":true,"href":"https:\/\/www.extende.com\/fr\/wp-json\/wp\/v2\/comments?post=2805"}],"version-history":[{"count":2,"href":"https:\/\/www.extende.com\/fr\/wp-json\/wp\/v2\/pages\/2805\/revisions"}],"predecessor-version":[{"id":5811,"href":"https:\/\/www.extende.com\/fr\/wp-json\/wp\/v2\/pages\/2805\/revisions\/5811"}],"up":[{"embeddable":true,"href":"https:\/\/www.extende.com\/fr\/wp-json\/wp\/v2\/pages\/2799"}],"wp:attachment":[{"href":"https:\/\/www.extende.com\/fr\/wp-json\/wp\/v2\/media?parent=2805"}],"curies":[{"name":"wp","href":"https:\/\/api.w.org\/{rel}","templated":true}]}}