{"id":2842,"date":"2025-06-24T18:33:00","date_gmt":"2025-06-24T16:33:00","guid":{"rendered":"https:\/\/www.extende.com\/la-simulation-cnd\/domaines-dactivite\/cnd\/"},"modified":"2025-07-18T11:10:45","modified_gmt":"2025-07-18T09:10:45","slug":"cnd","status":"publish","type":"page","link":"https:\/\/www.extende.com\/fr\/la-simulation-cnd\/domaines-dactivite\/cnd\/","title":{"rendered":"CND"},"content":{"rendered":"<div style=\"text-align: center;\"><img loading=\"lazy\" decoding=\"async\" class=\"border alignnone wp-image-2806\" src=\"https:\/\/www.extende.com\/wp-content\/uploads\/CEA_01.jpg\" alt=\"\" width=\"373\" height=\"250\" srcset=\"https:\/\/www.extende.com\/wp-content\/uploads\/CEA_01.jpg 968w, https:\/\/www.extende.com\/wp-content\/uploads\/CEA_01-300x201.jpg 300w, https:\/\/www.extende.com\/wp-content\/uploads\/CEA_01-768x514.jpg 768w, https:\/\/www.extende.com\/wp-content\/uploads\/CEA_01-600x402.jpg 600w\" sizes=\"auto, (max-width: 373px) 100vw, 373px\" \/> <a class=\"mediabox\" href=\"https:\/\/www.extende.com\/wp-content\/uploads\/CIVA_UT_Simulation_results_1.png\"><img loading=\"lazy\" decoding=\"async\" class=\"border alignnone wp-image-2807\" src=\"https:\/\/www.extende.com\/wp-content\/uploads\/CIVA_UT_Simulation_results_1.png\" alt=\"\" width=\"518\" height=\"250\" srcset=\"https:\/\/www.extende.com\/wp-content\/uploads\/CIVA_UT_Simulation_results_1.png 915w, https:\/\/www.extende.com\/wp-content\/uploads\/CIVA_UT_Simulation_results_1-300x145.png 300w, https:\/\/www.extende.com\/wp-content\/uploads\/CIVA_UT_Simulation_results_1-768x371.png 768w, https:\/\/www.extende.com\/wp-content\/uploads\/CIVA_UT_Simulation_results_1-600x290.png 600w\" sizes=\"auto, (max-width: 518px) 100vw, 518px\" \/><\/a><\/div>\n<div class=\"corner-wrapper\">\n<div class=\"corner-frame\">Nous croyons que vos sondes, vos proc\u00e9dures, vos appareils, vos proc\u00e9d\u00e9s doivent \u00eatre parfaitement <span class=\"g-color2\">ma\u00eetris\u00e9s<\/span>, r\u00e9guli\u00e8rement <span class=\"g-color2\">optimis\u00e9s<\/span> et que <span class=\"g-color2\">qualit\u00e9<\/span> et <span class=\"g-color2\">innovation<\/span> demeurent des facteurs cl\u00e9s de votre <span class=\"g-color2\">d\u00e9veloppement<\/span>.<\/div>\n<\/div>\n<p>&nbsp;<\/p>\n<p>Nous travaillons avec des fabricants de sondes, des concepteurs d\u2019appareils de CND, des \u00e9quipes d\u2019inspection, des laboratoires en CND dans le monde entier.<\/p>\n<p>&nbsp;<\/p>\n<h2 class=\"titre-accordeon\">Nous s\u00e9curisons votre conception de sonde, de maquette ou de proc\u00e9d\u00e9<\/h2>\n<p>Avec <span class=\"g-color1\">CIVA<\/span>, nous visualisons le champ dans la pi\u00e8ce \u00e0 contr\u00f4ler.<\/p>\n<p>&nbsp;<\/p>\n<div style=\"text-align: center;\"><img loading=\"lazy\" decoding=\"async\" class=\"alignnone wp-image-2808\" src=\"https:\/\/www.extende.com\/wp-content\/uploads\/Material_Properties_1.png\" alt=\"\" width=\"385\" height=\"200\" srcset=\"https:\/\/www.extende.com\/wp-content\/uploads\/Material_Properties_1.png 1302w, https:\/\/www.extende.com\/wp-content\/uploads\/Material_Properties_1-300x156.png 300w, https:\/\/www.extende.com\/wp-content\/uploads\/Material_Properties_1-1024x532.png 1024w, https:\/\/www.extende.com\/wp-content\/uploads\/Material_Properties_1-768x399.png 768w, https:\/\/www.extende.com\/wp-content\/uploads\/Material_Properties_1-600x312.png 600w\" sizes=\"auto, (max-width: 385px) 100vw, 385px\" \/> <img loading=\"lazy\" decoding=\"async\" class=\"border alignnone wp-image-2809\" src=\"https:\/\/www.extende.com\/wp-content\/uploads\/Eddy_Current_Induction.png\" alt=\"\" width=\"354\" height=\"200\" srcset=\"https:\/\/www.extende.com\/wp-content\/uploads\/Eddy_Current_Induction.png 1361w, https:\/\/www.extende.com\/wp-content\/uploads\/Eddy_Current_Induction-300x170.png 300w, https:\/\/www.extende.com\/wp-content\/uploads\/Eddy_Current_Induction-1024x579.png 1024w, https:\/\/www.extende.com\/wp-content\/uploads\/Eddy_Current_Induction-768x434.png 768w, https:\/\/www.extende.com\/wp-content\/uploads\/Eddy_Current_Induction-600x339.png 600w\" sizes=\"auto, (max-width: 354px) 100vw, 354px\" \/><\/div>\n<p>&nbsp;<\/p>\n<p>Nous visualisons la couverture de zone, ici pour un multi \u00e9l\u00e9ments.<\/p>\n<p>&nbsp;<\/p>\n<div style=\"text-align: center;\"><img loading=\"lazy\" decoding=\"async\" class=\"alignnone wp-image-2810\" src=\"https:\/\/www.extende.com\/wp-content\/uploads\/CIVA_UT_S-Scan_Cumulated_Beam.png\" alt=\"\" width=\"502\" height=\"200\" srcset=\"https:\/\/www.extende.com\/wp-content\/uploads\/CIVA_UT_S-Scan_Cumulated_Beam.png 1168w, https:\/\/www.extende.com\/wp-content\/uploads\/CIVA_UT_S-Scan_Cumulated_Beam-300x119.png 300w, https:\/\/www.extende.com\/wp-content\/uploads\/CIVA_UT_S-Scan_Cumulated_Beam-1024x408.png 1024w, https:\/\/www.extende.com\/wp-content\/uploads\/CIVA_UT_S-Scan_Cumulated_Beam-768x306.png 768w, https:\/\/www.extende.com\/wp-content\/uploads\/CIVA_UT_S-Scan_Cumulated_Beam-600x239.png 600w\" sizes=\"auto, (max-width: 502px) 100vw, 502px\" \/><\/div>\n<p>&nbsp;<\/p>\n<p>Nous concevons des capteurs innovants.<\/p>\n<p>&nbsp;<\/p>\n<div style=\"text-align: center;\"><img loading=\"lazy\" decoding=\"async\" class=\"alignnone wp-image-2811\" src=\"https:\/\/www.extende.com\/wp-content\/uploads\/Sparse_Array_Transducer.png\" alt=\"\" width=\"268\" height=\"200\" srcset=\"https:\/\/www.extende.com\/wp-content\/uploads\/Sparse_Array_Transducer.png 345w, https:\/\/www.extende.com\/wp-content\/uploads\/Sparse_Array_Transducer-300x223.png 300w\" sizes=\"auto, (max-width: 268px) 100vw, 268px\" \/> <img loading=\"lazy\" decoding=\"async\" class=\"border alignnone wp-image-2812\" src=\"https:\/\/www.extende.com\/wp-content\/uploads\/CIVA_UT_2D_Flexible_Probe.jpg\" alt=\"\" width=\"344\" height=\"200\" srcset=\"https:\/\/www.extende.com\/wp-content\/uploads\/CIVA_UT_2D_Flexible_Probe.jpg 1030w, https:\/\/www.extende.com\/wp-content\/uploads\/CIVA_UT_2D_Flexible_Probe-300x174.jpg 300w, https:\/\/www.extende.com\/wp-content\/uploads\/CIVA_UT_2D_Flexible_Probe-1024x596.jpg 1024w, https:\/\/www.extende.com\/wp-content\/uploads\/CIVA_UT_2D_Flexible_Probe-768x447.jpg 768w, https:\/\/www.extende.com\/wp-content\/uploads\/CIVA_UT_2D_Flexible_Probe-600x349.jpg 600w\" sizes=\"auto, (max-width: 344px) 100vw, 344px\" \/><\/p>\n<p><img loading=\"lazy\" decoding=\"async\" class=\"alignnone wp-image-2813\" src=\"https:\/\/www.extende.com\/wp-content\/uploads\/CIVA_EMAT_UT_Beam.png\" alt=\"\" width=\"393\" height=\"200\" srcset=\"https:\/\/www.extende.com\/wp-content\/uploads\/CIVA_EMAT_UT_Beam.png 969w, https:\/\/www.extende.com\/wp-content\/uploads\/CIVA_EMAT_UT_Beam-300x153.png 300w, https:\/\/www.extende.com\/wp-content\/uploads\/CIVA_EMAT_UT_Beam-768x391.png 768w, https:\/\/www.extende.com\/wp-content\/uploads\/CIVA_EMAT_UT_Beam-600x305.png 600w\" sizes=\"auto, (max-width: 393px) 100vw, 393px\" \/> <img loading=\"lazy\" decoding=\"async\" class=\"border alignnone wp-image-2814\" src=\"https:\/\/www.extende.com\/wp-content\/uploads\/ET_Simulation_Example_5.png\" alt=\"\" width=\"354\" height=\"200\" srcset=\"https:\/\/www.extende.com\/wp-content\/uploads\/ET_Simulation_Example_5.png 1363w, https:\/\/www.extende.com\/wp-content\/uploads\/ET_Simulation_Example_5-300x169.png 300w, https:\/\/www.extende.com\/wp-content\/uploads\/ET_Simulation_Example_5-1024x578.png 1024w, https:\/\/www.extende.com\/wp-content\/uploads\/ET_Simulation_Example_5-768x434.png 768w, https:\/\/www.extende.com\/wp-content\/uploads\/ET_Simulation_Example_5-600x339.png 600w\" sizes=\"auto, (max-width: 354px) 100vw, 354px\" \/><\/div>\n<p>&nbsp;<\/p>\n<p>Notre m\u00e9thodologie et nos outils nous permettent d\u2019optimiser la taille et le nombre d\u2019\u00e9l\u00e9ments et de votre capteur multi-\u00e9l\u00e9ments.<\/p>\n<p>&nbsp;<\/p>\n<div style=\"text-align: center;\"><img loading=\"lazy\" decoding=\"async\" class=\"border alignnone wp-image-2815\" src=\"https:\/\/www.extende.com\/wp-content\/uploads\/Graph_01.png\" alt=\"\" width=\"343\" height=\"200\" srcset=\"https:\/\/www.extende.com\/wp-content\/uploads\/Graph_01.png 357w, https:\/\/www.extende.com\/wp-content\/uploads\/Graph_01-300x175.png 300w\" sizes=\"auto, (max-width: 343px) 100vw, 343px\" \/> <img loading=\"lazy\" decoding=\"async\" class=\"border alignnone wp-image-2816\" src=\"https:\/\/www.extende.com\/wp-content\/uploads\/Graph_02.png\" alt=\"\" width=\"323\" height=\"200\" srcset=\"https:\/\/www.extende.com\/wp-content\/uploads\/Graph_02.png 371w, https:\/\/www.extende.com\/wp-content\/uploads\/Graph_02-300x186.png 300w\" sizes=\"auto, (max-width: 323px) 100vw, 323px\" \/><\/div>\n<p>&nbsp;<\/p>\n<p>Nous v\u00e9rifions la capacit\u00e9 de votre sonde \u00e0 d\u00e9tecter les d\u00e9fauts que vous recherchez.<\/p>\n<p>&nbsp;<\/p>\n<div style=\"text-align: center;\"><img loading=\"lazy\" decoding=\"async\" class=\"alignnone wp-image-2817\" src=\"https:\/\/www.extende.com\/wp-content\/uploads\/CIVA_UT_Simulation_Example_5.png\" alt=\"\" width=\"352\" height=\"200\" srcset=\"https:\/\/www.extende.com\/wp-content\/uploads\/CIVA_UT_Simulation_Example_5.png 607w, https:\/\/www.extende.com\/wp-content\/uploads\/CIVA_UT_Simulation_Example_5-300x171.png 300w, https:\/\/www.extende.com\/wp-content\/uploads\/CIVA_UT_Simulation_Example_5-600x341.png 600w\" sizes=\"auto, (max-width: 352px) 100vw, 352px\" \/> <img loading=\"lazy\" decoding=\"async\" class=\"border alignnone wp-image-2818\" src=\"https:\/\/www.extende.com\/wp-content\/uploads\/ET_Simulation_Example_6.png\" alt=\"\" width=\"291\" height=\"200\" srcset=\"https:\/\/www.extende.com\/wp-content\/uploads\/ET_Simulation_Example_6.png 964w, https:\/\/www.extende.com\/wp-content\/uploads\/ET_Simulation_Example_6-300x206.png 300w, https:\/\/www.extende.com\/wp-content\/uploads\/ET_Simulation_Example_6-768x528.png 768w, https:\/\/www.extende.com\/wp-content\/uploads\/ET_Simulation_Example_6-600x413.png 600w\" sizes=\"auto, (max-width: 291px) 100vw, 291px\" \/><\/div>\n<p>&nbsp;<\/p>\n<p>Nous v\u00e9rifions que les d\u00e9fauts \u00e0 implanter dans vos maquettes sont bien positionn\u00e9s afin d\u2019\u00e9viter des interactions parfois complexes (transformations d\u2019onde\u2026).<\/p>\n<p>&nbsp;<\/p>\n<div style=\"text-align: center;\"><img loading=\"lazy\" decoding=\"async\" class=\"alignnone wp-image-2819\" src=\"https:\/\/www.extende.com\/wp-content\/uploads\/CIVA_UT_Step_Wedge_C-Scan_B-Scan.png\" alt=\"\" width=\"380\" height=\"200\" srcset=\"https:\/\/www.extende.com\/wp-content\/uploads\/CIVA_UT_Step_Wedge_C-Scan_B-Scan.png 1292w, https:\/\/www.extende.com\/wp-content\/uploads\/CIVA_UT_Step_Wedge_C-Scan_B-Scan-300x158.png 300w, https:\/\/www.extende.com\/wp-content\/uploads\/CIVA_UT_Step_Wedge_C-Scan_B-Scan-1024x539.png 1024w, https:\/\/www.extende.com\/wp-content\/uploads\/CIVA_UT_Step_Wedge_C-Scan_B-Scan-768x404.png 768w, https:\/\/www.extende.com\/wp-content\/uploads\/CIVA_UT_Step_Wedge_C-Scan_B-Scan-600x316.png 600w\" sizes=\"auto, (max-width: 380px) 100vw, 380px\" \/> <img loading=\"lazy\" decoding=\"async\" class=\"alignnone wp-image-2820\" src=\"https:\/\/www.extende.com\/wp-content\/uploads\/CIVA-Validation-UT-TFP1-1-small.png\" alt=\"\" width=\"215\" height=\"200\" \/><\/div>\n<p>&nbsp;<\/p>\n<div style=\"text-align: center;\"><img loading=\"lazy\" decoding=\"async\" class=\"border aligncenter wp-image-2821\" src=\"https:\/\/www.extende.com\/wp-content\/uploads\/CIVA_UT_S-Scan_Turbine_Disk.jpg\" alt=\"\" width=\"609\" height=\"296\" srcset=\"https:\/\/www.extende.com\/wp-content\/uploads\/CIVA_UT_S-Scan_Turbine_Disk.jpg 1123w, https:\/\/www.extende.com\/wp-content\/uploads\/CIVA_UT_S-Scan_Turbine_Disk-300x146.jpg 300w, https:\/\/www.extende.com\/wp-content\/uploads\/CIVA_UT_S-Scan_Turbine_Disk-1024x498.jpg 1024w, https:\/\/www.extende.com\/wp-content\/uploads\/CIVA_UT_S-Scan_Turbine_Disk-768x373.jpg 768w, https:\/\/www.extende.com\/wp-content\/uploads\/CIVA_UT_S-Scan_Turbine_Disk-600x292.jpg 600w\" sizes=\"auto, (max-width: 609px) 100vw, 609px\" \/><\/div>\n<p>&nbsp;<\/p>\n<p><span class=\"g-color2\">FLUX\u00ae<\/span> peut simuler le contr\u00f4le par thermographie infrarouge (IRT). Exemples de cartographies de temp\u00e9ratures obtenus par simulation pour diff\u00e9rentes tailles de d\u00e9fauts, mat\u00e9riaux, fr\u00e9quences et dur\u00e9es de chauffe (thermographie par induction) :<\/p>\n<p>&nbsp;<\/p>\n<div style=\"text-align: center;\"><a class=\"mediabox\" href=\"https:\/\/www.extende.com\/wp-content\/uploads\/Acier_100kHz_Chauffe10ms_L5H2_Rog.png\"><img loading=\"lazy\" decoding=\"async\" class=\"border alignnone wp-image-2822 size-full\" src=\"https:\/\/www.extende.com\/wp-content\/uploads\/Acier_100kHz_Chauffe10ms_L5H2_Rog_Small.png\" alt=\"\" width=\"195\" height=\"305\" align=\"middle\" srcset=\"https:\/\/www.extende.com\/wp-content\/uploads\/Acier_100kHz_Chauffe10ms_L5H2_Rog_Small.png 195w, https:\/\/www.extende.com\/wp-content\/uploads\/Acier_100kHz_Chauffe10ms_L5H2_Rog_Small-192x300.png 192w\" sizes=\"auto, (max-width: 195px) 100vw, 195px\" \/><\/a> <a class=\"mediabox\" href=\"https:\/\/www.extende.com\/wp-content\/uploads\/Inconel_100kHz_Chauffe100ms_L2-5H2_Rog.png\"><img loading=\"lazy\" decoding=\"async\" class=\"border alignnone wp-image-2823 size-full\" src=\"https:\/\/www.extende.com\/wp-content\/uploads\/Inconel_100kHz_Chauffe100ms_L2-5H2_Rog_Small.png\" alt=\"\" width=\"195\" height=\"305\" align=\"middle\" srcset=\"https:\/\/www.extende.com\/wp-content\/uploads\/Inconel_100kHz_Chauffe100ms_L2-5H2_Rog_Small.png 195w, https:\/\/www.extende.com\/wp-content\/uploads\/Inconel_100kHz_Chauffe100ms_L2-5H2_Rog_Small-192x300.png 192w\" sizes=\"auto, (max-width: 195px) 100vw, 195px\" \/><\/a> <a class=\"mediabox\" href=\"https:\/\/www.extende.com\/wp-content\/uploads\/Inconel_600kHz_Chauffe10ms_L5H2_Rog.png\"><img loading=\"lazy\" decoding=\"async\" class=\"border alignnone wp-image-2824 size-full\" src=\"https:\/\/www.extende.com\/wp-content\/uploads\/Inconel_600kHz_Chauffe10ms_L5H2_Rog_Small.png\" alt=\"\" width=\"195\" height=\"305\" align=\"middle\" srcset=\"https:\/\/www.extende.com\/wp-content\/uploads\/Inconel_600kHz_Chauffe10ms_L5H2_Rog_Small.png 195w, https:\/\/www.extende.com\/wp-content\/uploads\/Inconel_600kHz_Chauffe10ms_L5H2_Rog_Small-192x300.png 192w\" sizes=\"auto, (max-width: 195px) 100vw, 195px\" \/><\/a><\/div>\n<div style=\"text-align: center;\"><span class=\"couleur3\">Avec l&rsquo;aimable autorisation de SAFRAN TECH<\/span><\/div>\n<p>&nbsp;<\/p>\n<div style=\"text-align: center;\"><img loading=\"lazy\" decoding=\"async\" class=\"no-border aligncenter wp-image-2828\" src=\"https:\/\/www.extende.com\/wp-content\/uploads\/Logo_Safran.png\" alt=\"\" width=\"299\" height=\"64\" align=\"\" srcset=\"https:\/\/www.extende.com\/wp-content\/uploads\/Logo_Safran.png 1400w, https:\/\/www.extende.com\/wp-content\/uploads\/Logo_Safran-300x64.png 300w, https:\/\/www.extende.com\/wp-content\/uploads\/Logo_Safran-1024x219.png 1024w, https:\/\/www.extende.com\/wp-content\/uploads\/Logo_Safran-768x165.png 768w, https:\/\/www.extende.com\/wp-content\/uploads\/Logo_Safran-600x129.png 600w\" sizes=\"auto, (max-width: 299px) 100vw, 299px\" \/><\/div>\n<p>&nbsp;<\/p>\n<h2 class=\"titre-accordeon\">Nous r\u00e9duisons le temps de d\u00e9veloppement et de qualification de vos proc\u00e9d\u00e9s<\/h2>\n<p>Avec <span class=\"g-color1\">CIVA<\/span>, nous pouvons simuler les sondes que vous pensez utiliser sur les maquettes dont vous n\u2019avez que les plans avec des d\u00e9fauts tels que vous les imaginez. Tout en virtuel, aucun d\u00e9chet, aucun investissement perdu, un d\u00e9lai extr\u00eamement r\u00e9duit.<\/p>\n<p>&nbsp;<\/p>\n<div style=\"text-align: center;\"><img loading=\"lazy\" decoding=\"async\" class=\"alignnone wp-image-2829\" src=\"https:\/\/www.extende.com\/wp-content\/uploads\/CIVA_UT_Step_Wedge_True_B-Scan_With_Gate.png\" alt=\"\" width=\"370\" height=\"200\" srcset=\"https:\/\/www.extende.com\/wp-content\/uploads\/CIVA_UT_Step_Wedge_True_B-Scan_With_Gate.png 1241w, https:\/\/www.extende.com\/wp-content\/uploads\/CIVA_UT_Step_Wedge_True_B-Scan_With_Gate-300x162.png 300w, https:\/\/www.extende.com\/wp-content\/uploads\/CIVA_UT_Step_Wedge_True_B-Scan_With_Gate-1024x554.png 1024w, https:\/\/www.extende.com\/wp-content\/uploads\/CIVA_UT_Step_Wedge_True_B-Scan_With_Gate-768x415.png 768w, https:\/\/www.extende.com\/wp-content\/uploads\/CIVA_UT_Step_Wedge_True_B-Scan_With_Gate-600x324.png 600w\" sizes=\"auto, (max-width: 370px) 100vw, 370px\" \/> <img loading=\"lazy\" decoding=\"async\" class=\"border alignnone wp-image-2821\" src=\"https:\/\/www.extende.com\/wp-content\/uploads\/CIVA_UT_S-Scan_Turbine_Disk.jpg\" alt=\"\" width=\"411\" height=\"200\" srcset=\"https:\/\/www.extende.com\/wp-content\/uploads\/CIVA_UT_S-Scan_Turbine_Disk.jpg 1123w, https:\/\/www.extende.com\/wp-content\/uploads\/CIVA_UT_S-Scan_Turbine_Disk-300x146.jpg 300w, https:\/\/www.extende.com\/wp-content\/uploads\/CIVA_UT_S-Scan_Turbine_Disk-1024x498.jpg 1024w, https:\/\/www.extende.com\/wp-content\/uploads\/CIVA_UT_S-Scan_Turbine_Disk-768x373.jpg 768w, https:\/\/www.extende.com\/wp-content\/uploads\/CIVA_UT_S-Scan_Turbine_Disk-600x292.jpg 600w\" sizes=\"auto, (max-width: 411px) 100vw, 411px\" \/><\/div>\n<p>&nbsp;<\/p>\n<p>Nous pouvons faire varier des param\u00e8tres pour lesquels une variation exp\u00e9rimentale serait tr\u00e8s couteuse ou impossible : Fr\u00e9quence du capteur, taille de sa pastille, position ou puissance d\u2019une source, tilt d\u2019un d\u00e9faut de -80\u00b0 \u00e0 80\u00b0, orientation pr\u00e9f\u00e9rentielle de l\u2019anisotropie de la maquette\u2026\u00a0<\/p>\n<p>&nbsp;<\/p>\n<div style=\"text-align: center;\"><img loading=\"lazy\" decoding=\"async\" class=\"border alignnone wp-image-2830\" src=\"https:\/\/www.extende.com\/wp-content\/uploads\/Material_Properties_3_Small.png\" alt=\"\" width=\"356\" height=\"200\" srcset=\"https:\/\/www.extende.com\/wp-content\/uploads\/Material_Properties_3_Small.png 356w, https:\/\/www.extende.com\/wp-content\/uploads\/Material_Properties_3_Small-300x169.png 300w\" sizes=\"auto, (max-width: 356px) 100vw, 356px\" \/> <img loading=\"lazy\" decoding=\"async\" class=\"border alignnone wp-image-2831\" src=\"https:\/\/www.extende.com\/wp-content\/uploads\/CIVA-Validation-UT-TFP2-4-small.png\" alt=\"\" width=\"606\" height=\"200\" srcset=\"https:\/\/www.extende.com\/wp-content\/uploads\/CIVA-Validation-UT-TFP2-4-small.png 400w, https:\/\/www.extende.com\/wp-content\/uploads\/CIVA-Validation-UT-TFP2-4-small-300x99.png 300w\" sizes=\"auto, (max-width: 606px) 100vw, 606px\" \/><\/div>\n<p>&nbsp;<\/p>\n<p>&nbsp;<\/p>\n<h2 class=\"titre-accordeon\">Nous \u00e9valuons l\u2019impact des param\u00e8tres influents<\/h2>\n<p>Nous pouvons faire varier des param\u00e8tres influents dans une plage d\u00e9termin\u00e9e. Que ces param\u00e8tres soient li\u00e9s au capteur, aux d\u00e9fauts, \u00e0 la maquette elle-m\u00eame ou \u00e0 la proc\u00e9dure de contr\u00f4le.<\/p>\n<p>Des variations combin\u00e9es vous permettront de r\u00e9duire le nombre de maquettes dont vous aurez besoin, d\u2019\u00e9tablir avant leur r\u00e9alisation la plage dans laquelle ces param\u00e8tres auront une influence importante.<\/p>\n<p>&nbsp;<\/p>\n<div style=\"text-align: center;\"><img loading=\"lazy\" decoding=\"async\" class=\"border alignnone wp-image-2832\" src=\"https:\/\/www.extende.com\/wp-content\/uploads\/CIVA_UT_Frequency_Influence_Signal.png\" alt=\"\" width=\"344\" height=\"200\" srcset=\"https:\/\/www.extende.com\/wp-content\/uploads\/CIVA_UT_Frequency_Influence_Signal.png 425w, https:\/\/www.extende.com\/wp-content\/uploads\/CIVA_UT_Frequency_Influence_Signal-300x174.png 300w\" sizes=\"auto, (max-width: 344px) 100vw, 344px\" \/> <img loading=\"lazy\" decoding=\"async\" class=\"border alignnone wp-image-2840\" src=\"https:\/\/www.extende.com\/wp-content\/uploads\/CIVA_UT_Frequency_Influence_Resultat.png\" alt=\"\" width=\"307\" height=\"200\" srcset=\"https:\/\/www.extende.com\/wp-content\/uploads\/CIVA_UT_Frequency_Influence_Resultat.png 834w, https:\/\/www.extende.com\/wp-content\/uploads\/CIVA_UT_Frequency_Influence_Resultat-300x195.png 300w, https:\/\/www.extende.com\/wp-content\/uploads\/CIVA_UT_Frequency_Influence_Resultat-768x500.png 768w, https:\/\/www.extende.com\/wp-content\/uploads\/CIVA_UT_Frequency_Influence_Resultat-600x391.png 600w\" sizes=\"auto, (max-width: 307px) 100vw, 307px\" \/><\/div>\n<p>&nbsp;<\/p>\n<p>Vous pouvez r\u00e9aliser toutes ces simulations avec <span class=\"g-color1\">CIVA<\/span>, nous pouvons aussi vous proposer d\u2019utiliser nos capacit\u00e9s de calculs pour gagner du temps en v\u00e9rifiant, ou non, vos configurations. Nous pouvons mobiliser plus de 25 n\u0153uds de calculs en r\u00e9seau et en continue. Nous avons aussi des outils internes nous permettant d\u2019extraire des r\u00e9sultats de mani\u00e8re efficience et rigoureuse.<\/p>\n<p>&nbsp;<\/p>\n<div style=\"text-align: center;\"><img loading=\"lazy\" decoding=\"async\" class=\"alignnone wp-image-2841\" src=\"https:\/\/www.extende.com\/wp-content\/uploads\/CIVA-Validation-UT-TFP2-5.png\" alt=\"\" width=\"348\" height=\"200\" srcset=\"https:\/\/www.extende.com\/wp-content\/uploads\/CIVA-Validation-UT-TFP2-5.png 532w, https:\/\/www.extende.com\/wp-content\/uploads\/CIVA-Validation-UT-TFP2-5-300x173.png 300w\" sizes=\"auto, (max-width: 348px) 100vw, 348px\" \/> <img loading=\"lazy\" decoding=\"async\" class=\"alignnone wp-image-2835\" src=\"https:\/\/www.extende.com\/wp-content\/uploads\/CIVA-Validation-UT-TFP1-2-small.png\" alt=\"\" width=\"326\" height=\"200\" \/><\/div>\n<p>&nbsp;<\/p>\n<p>&nbsp;<\/p>\n<h2 class=\"titre-accordeon\">Nous vous aidons \u00e0 comprendre des r\u00e9sultats complexes<\/h2>\n<p>\u00a0<span style=\"line-height: 1.5em;\">L&rsquo;utilisation de la simulation permet de comprendre des images complexes pr\u00e9sentant des \u00e9chos provenant de diff\u00e9rents modes, par exemple dans une soudure.<\/span><\/p>\n<p>&nbsp;<\/p>\n<div>\n<div style=\"text-align: center;\"><img loading=\"lazy\" decoding=\"async\" class=\"border alignnone wp-image-2836\" src=\"https:\/\/www.extende.com\/wp-content\/uploads\/CIVA_UT_complex_result_small.png\" alt=\"\" width=\"391\" height=\"200\" srcset=\"https:\/\/www.extende.com\/wp-content\/uploads\/CIVA_UT_complex_result_small.png 391w, https:\/\/www.extende.com\/wp-content\/uploads\/CIVA_UT_complex_result_small-300x153.png 300w\" sizes=\"auto, (max-width: 391px) 100vw, 391px\" \/>\u00a0<img loading=\"lazy\" decoding=\"async\" class=\"border alignnone wp-image-2837\" src=\"https:\/\/www.extende.com\/wp-content\/uploads\/CIVA_UT_Mode_identification_tool_small.png\" alt=\"\" width=\"454\" height=\"200\" srcset=\"https:\/\/www.extende.com\/wp-content\/uploads\/CIVA_UT_Mode_identification_tool_small.png 454w, https:\/\/www.extende.com\/wp-content\/uploads\/CIVA_UT_Mode_identification_tool_small-300x132.png 300w\" sizes=\"auto, (max-width: 454px) 100vw, 454px\" \/><\/div>\n<p>&nbsp;<\/p>\n<p>Des calculs sp\u00e9cifiques peuvent aider \u00e0 pr\u00e9voir le r\u00e9sultat obtenu dans des cas complexes avec des interactions entre d\u00e9fauts.\u00a0<\/p>\n<div>\n<div>\u00a0<\/div>\n<div>\n<div style=\"text-align: center;\"><img loading=\"lazy\" decoding=\"async\" class=\"alignnone wp-image-2838\" src=\"https:\/\/www.extende.com\/wp-content\/uploads\/CIVA_Athena_2D_Cluster_Small.png\" alt=\"\" width=\"446\" height=\"300\" srcset=\"https:\/\/www.extende.com\/wp-content\/uploads\/CIVA_Athena_2D_Cluster_Small.png 500w, https:\/\/www.extende.com\/wp-content\/uploads\/CIVA_Athena_2D_Cluster_Small-300x202.png 300w\" sizes=\"auto, (max-width: 446px) 100vw, 446px\" \/>\u00a0<\/div>\n<p>&nbsp;<\/p>\n<p>Echos non identifi\u00e9s, amplitudes surprenantes, r\u00e9sultats inattendus, nous vous aidons \u00e0 comprendre les ph\u00e9nom\u00e8nes physiques mis en jeu gr\u00e2ce \u00e0 la simulation.\u00a0<\/p>\n<\/div>\n<\/div>\n<\/div>\n","protected":false},"excerpt":{"rendered":"<p>L&rsquo;usage de la simulation dans le domaine du Contr\u00f4le Non Destructif<\/p>\n","protected":false},"author":2,"featured_media":0,"parent":2801,"menu_order":0,"comment_status":"closed","ping_status":"closed","template":"templates\/page--extende.html.php","meta":{"_acf_changed":false,"footnotes":""},"class_list":["post-2842","page","type-page","status-publish","hentry"],"acf":[],"_links":{"self":[{"href":"https:\/\/www.extende.com\/fr\/wp-json\/wp\/v2\/pages\/2842","targetHints":{"allow":["GET"]}}],"collection":[{"href":"https:\/\/www.extende.com\/fr\/wp-json\/wp\/v2\/pages"}],"about":[{"href":"https:\/\/www.extende.com\/fr\/wp-json\/wp\/v2\/types\/page"}],"author":[{"embeddable":true,"href":"https:\/\/www.extende.com\/fr\/wp-json\/wp\/v2\/users\/2"}],"replies":[{"embeddable":true,"href":"https:\/\/www.extende.com\/fr\/wp-json\/wp\/v2\/comments?post=2842"}],"version-history":[{"count":3,"href":"https:\/\/www.extende.com\/fr\/wp-json\/wp\/v2\/pages\/2842\/revisions"}],"predecessor-version":[{"id":6530,"href":"https:\/\/www.extende.com\/fr\/wp-json\/wp\/v2\/pages\/2842\/revisions\/6530"}],"up":[{"embeddable":true,"href":"https:\/\/www.extende.com\/fr\/wp-json\/wp\/v2\/pages\/2801"}],"wp:attachment":[{"href":"https:\/\/www.extende.com\/fr\/wp-json\/wp\/v2\/media?parent=2842"}],"curies":[{"name":"wp","href":"https:\/\/api.w.org\/{rel}","templated":true}]}}