{"id":2868,"date":"2025-06-24T18:33:05","date_gmt":"2025-06-24T16:33:05","guid":{"rendered":"https:\/\/www.extende.com\/la-simulation-cnd\/domaines-dactivite\/petrochimie-offshore\/"},"modified":"2025-07-18T11:12:38","modified_gmt":"2025-07-18T09:12:38","slug":"petrochimie-offshore","status":"publish","type":"page","link":"https:\/\/www.extende.com\/fr\/la-simulation-cnd\/domaines-dactivite\/petrochimie-offshore\/","title":{"rendered":"P\u00e9trochimie &#8211; Offshore"},"content":{"rendered":"<div style=\"text-align: center;\"><img loading=\"lazy\" decoding=\"async\" class=\"border alignnone wp-image-2865\" src=\"https:\/\/www.extende.com\/wp-content\/uploads\/Installations_Petrolieres.jpg\" alt=\"\" width=\"376\" height=\"250\" srcset=\"https:\/\/www.extende.com\/wp-content\/uploads\/Installations_Petrolieres.jpg 590w, https:\/\/www.extende.com\/wp-content\/uploads\/Installations_Petrolieres-300x199.jpg 300w\" sizes=\"auto, (max-width: 376px) 100vw, 376px\" \/> <a href=\"https:\/\/www.extende.com\/wp-content\/uploads\/2012_ASNT_Foucher_GirthWeldInspections_EN.pdf\"><img loading=\"lazy\" decoding=\"async\" class=\"border alignnone wp-image-2866\" src=\"https:\/\/www.extende.com\/wp-content\/uploads\/Calibration_Results_Pipe_Wizard_and_CIVA.png\" alt=\"\" width=\"286\" height=\"250\" srcset=\"https:\/\/www.extende.com\/wp-content\/uploads\/Calibration_Results_Pipe_Wizard_and_CIVA.png 320w, https:\/\/www.extende.com\/wp-content\/uploads\/Calibration_Results_Pipe_Wizard_and_CIVA-300x263.png 300w\" sizes=\"auto, (max-width: 286px) 100vw, 286px\" \/><\/a><\/div>\n<div class=\"corner-wrapper\">\n<div class=\"corner-frame\">Nous croyons qu\u2019une meilleure <span class=\"g-color2\">ma\u00eetrise<\/span> des Contr\u00f4les Non Destructifs mis en \u0153uvre a un impact direct sur leur <span class=\"g-color2\">co\u00fbt<\/span> et la <span class=\"g-color2\">s\u00e9curit\u00e9<\/span> des installations.<\/div>\n<\/div>\n<p>&nbsp;<\/p>\n<p>La plupart des grands donneurs d\u2019ordre utilisent <span class=\"g-color1\">CIVA<\/span>. Vous avez \u00e0 concevoir, qualifier, mettre en \u0153uvre, am\u00e9liorer ou \u00e9valuer des Contr\u00f4les Non Destructifs sur vos installations, nous pouvons vous y aider et r\u00e9duire vos co\u00fbts.<\/p>\n<p>&nbsp;<\/p>\n<h2 class=\"titre-accordeon\">Nous int\u00e9grons la simulation dans vos POD, r\u00e9duisant le nombre de maquettes<\/h2>\n<p><span class=\"g-color1\">CIVA<\/span> permet de calculer des PODs et aussi d&rsquo;importer des r\u00e9sultats exp\u00e9rimentaux afin de mixer exp\u00e9rience et simulation.<\/p>\n<p>&nbsp;<\/p>\n<div>\n<div style=\"text-align: center;\"><img loading=\"lazy\" decoding=\"async\" class=\"border alignnone wp-image-2861\" src=\"https:\/\/www.extende.com\/wp-content\/uploads\/CIVA_ET_POD_configuration_small.png\" alt=\"\" width=\"297\" height=\"200\" \/>\u00a0<img loading=\"lazy\" decoding=\"async\" class=\"border alignnone wp-image-2862\" src=\"https:\/\/www.extende.com\/wp-content\/uploads\/CIVA_ET_POD_result_small.png\" alt=\"\" width=\"294\" height=\"200\" \/><\/div>\n<p>&nbsp;<\/p>\n<p>UT, ET, RT, les trois techniques sont reli\u00e9es \u00e0 l&rsquo;outil POD de <span class=\"g-color1\">CIVA<\/span>. Nous pouvons vous aider \u00e0 d\u00e9finir votre plan d&rsquo;exp\u00e9rience, nous pouvons vous aider \u00e0 s\u00e9lectionner les param\u00e8tres incertains, leur plage de variation et la fonction statistique associ\u00e9e.<\/p>\n<\/div>\n<p>&nbsp;<\/p>\n<h2 class=\"titre-accordeon\">Nous s\u00e9curisons votre conception de sonde, de maquette ou de proc\u00e9d\u00e9<\/h2>\n<p>Avec <span class=\"g-color1\">CIVA<\/span>, nous visualisons le champ dans la pi\u00e8ce \u00e0 contr\u00f4ler.<\/p>\n<p>&nbsp;<\/p>\n<div style=\"text-align: center;\"><img loading=\"lazy\" decoding=\"async\" class=\"alignnone wp-image-2808\" src=\"https:\/\/www.extende.com\/wp-content\/uploads\/Material_Properties_1.png\" alt=\"\" width=\"385\" height=\"200\" srcset=\"https:\/\/www.extende.com\/wp-content\/uploads\/Material_Properties_1.png 1302w, https:\/\/www.extende.com\/wp-content\/uploads\/Material_Properties_1-300x156.png 300w, https:\/\/www.extende.com\/wp-content\/uploads\/Material_Properties_1-1024x532.png 1024w, https:\/\/www.extende.com\/wp-content\/uploads\/Material_Properties_1-768x399.png 768w, https:\/\/www.extende.com\/wp-content\/uploads\/Material_Properties_1-600x312.png 600w\" sizes=\"auto, (max-width: 385px) 100vw, 385px\" \/> <img loading=\"lazy\" decoding=\"async\" class=\"border alignnone wp-image-2809\" src=\"https:\/\/www.extende.com\/wp-content\/uploads\/Eddy_Current_Induction.png\" alt=\"\" width=\"354\" height=\"200\" srcset=\"https:\/\/www.extende.com\/wp-content\/uploads\/Eddy_Current_Induction.png 1361w, https:\/\/www.extende.com\/wp-content\/uploads\/Eddy_Current_Induction-300x170.png 300w, https:\/\/www.extende.com\/wp-content\/uploads\/Eddy_Current_Induction-1024x579.png 1024w, https:\/\/www.extende.com\/wp-content\/uploads\/Eddy_Current_Induction-768x434.png 768w, https:\/\/www.extende.com\/wp-content\/uploads\/Eddy_Current_Induction-600x339.png 600w\" sizes=\"auto, (max-width: 354px) 100vw, 354px\" \/><\/div>\n<p>&nbsp;<\/p>\n<p>Nous visualisons la couverture de zone, ici pour un multi \u00e9l\u00e9ments.<\/p>\n<p>&nbsp;<\/p>\n<div style=\"text-align: center;\"><img loading=\"lazy\" decoding=\"async\" class=\"alignnone wp-image-2810\" src=\"https:\/\/www.extende.com\/wp-content\/uploads\/CIVA_UT_S-Scan_Cumulated_Beam.png\" alt=\"\" width=\"628\" height=\"250\" srcset=\"https:\/\/www.extende.com\/wp-content\/uploads\/CIVA_UT_S-Scan_Cumulated_Beam.png 1168w, https:\/\/www.extende.com\/wp-content\/uploads\/CIVA_UT_S-Scan_Cumulated_Beam-300x119.png 300w, https:\/\/www.extende.com\/wp-content\/uploads\/CIVA_UT_S-Scan_Cumulated_Beam-1024x408.png 1024w, https:\/\/www.extende.com\/wp-content\/uploads\/CIVA_UT_S-Scan_Cumulated_Beam-768x306.png 768w, https:\/\/www.extende.com\/wp-content\/uploads\/CIVA_UT_S-Scan_Cumulated_Beam-600x239.png 600w\" sizes=\"auto, (max-width: 628px) 100vw, 628px\" \/><\/div>\n<p>&nbsp;<\/p>\n<p>Nous concevons des capteurs innovants.<\/p>\n<p>&nbsp;<\/p>\n<div style=\"text-align: center;\"><img loading=\"lazy\" decoding=\"async\" class=\"alignnone wp-image-2811\" src=\"https:\/\/www.extende.com\/wp-content\/uploads\/Sparse_Array_Transducer.png\" alt=\"\" width=\"268\" height=\"200\" srcset=\"https:\/\/www.extende.com\/wp-content\/uploads\/Sparse_Array_Transducer.png 345w, https:\/\/www.extende.com\/wp-content\/uploads\/Sparse_Array_Transducer-300x223.png 300w\" sizes=\"auto, (max-width: 268px) 100vw, 268px\" \/> <img loading=\"lazy\" decoding=\"async\" class=\"border alignnone wp-image-2812\" src=\"https:\/\/www.extende.com\/wp-content\/uploads\/CIVA_UT_2D_Flexible_Probe.jpg\" alt=\"\" width=\"344\" height=\"200\" srcset=\"https:\/\/www.extende.com\/wp-content\/uploads\/CIVA_UT_2D_Flexible_Probe.jpg 1030w, https:\/\/www.extende.com\/wp-content\/uploads\/CIVA_UT_2D_Flexible_Probe-300x174.jpg 300w, https:\/\/www.extende.com\/wp-content\/uploads\/CIVA_UT_2D_Flexible_Probe-1024x596.jpg 1024w, https:\/\/www.extende.com\/wp-content\/uploads\/CIVA_UT_2D_Flexible_Probe-768x447.jpg 768w, https:\/\/www.extende.com\/wp-content\/uploads\/CIVA_UT_2D_Flexible_Probe-600x349.jpg 600w\" sizes=\"auto, (max-width: 344px) 100vw, 344px\" \/><\/p>\n<p><img loading=\"lazy\" decoding=\"async\" class=\"alignnone wp-image-2813\" src=\"https:\/\/www.extende.com\/wp-content\/uploads\/CIVA_EMAT_UT_Beam.png\" alt=\"\" width=\"393\" height=\"200\" srcset=\"https:\/\/www.extende.com\/wp-content\/uploads\/CIVA_EMAT_UT_Beam.png 969w, https:\/\/www.extende.com\/wp-content\/uploads\/CIVA_EMAT_UT_Beam-300x153.png 300w, https:\/\/www.extende.com\/wp-content\/uploads\/CIVA_EMAT_UT_Beam-768x391.png 768w, https:\/\/www.extende.com\/wp-content\/uploads\/CIVA_EMAT_UT_Beam-600x305.png 600w\" sizes=\"auto, (max-width: 393px) 100vw, 393px\" \/> <img loading=\"lazy\" decoding=\"async\" class=\"border alignnone wp-image-2814\" src=\"https:\/\/www.extende.com\/wp-content\/uploads\/ET_Simulation_Example_5.png\" alt=\"\" width=\"354\" height=\"200\" srcset=\"https:\/\/www.extende.com\/wp-content\/uploads\/ET_Simulation_Example_5.png 1363w, https:\/\/www.extende.com\/wp-content\/uploads\/ET_Simulation_Example_5-300x169.png 300w, https:\/\/www.extende.com\/wp-content\/uploads\/ET_Simulation_Example_5-1024x578.png 1024w, https:\/\/www.extende.com\/wp-content\/uploads\/ET_Simulation_Example_5-768x434.png 768w, https:\/\/www.extende.com\/wp-content\/uploads\/ET_Simulation_Example_5-600x339.png 600w\" sizes=\"auto, (max-width: 354px) 100vw, 354px\" \/><\/div>\n<p>&nbsp;<\/p>\n<p>Notre m\u00e9thodologie et nos outils nous permettent d\u2019optimiser la taille et le nombre d\u2019\u00e9l\u00e9ments et de votre capteur multi-\u00e9l\u00e9ments.<\/p>\n<p>&nbsp;<\/p>\n<div style=\"text-align: center;\"><img loading=\"lazy\" decoding=\"async\" class=\"border alignnone wp-image-2815\" src=\"https:\/\/www.extende.com\/wp-content\/uploads\/Graph_01.png\" alt=\"\" width=\"343\" height=\"200\" srcset=\"https:\/\/www.extende.com\/wp-content\/uploads\/Graph_01.png 357w, https:\/\/www.extende.com\/wp-content\/uploads\/Graph_01-300x175.png 300w\" sizes=\"auto, (max-width: 343px) 100vw, 343px\" \/> <img loading=\"lazy\" decoding=\"async\" class=\"border alignnone wp-image-2816\" src=\"https:\/\/www.extende.com\/wp-content\/uploads\/Graph_02.png\" alt=\"\" width=\"323\" height=\"200\" srcset=\"https:\/\/www.extende.com\/wp-content\/uploads\/Graph_02.png 371w, https:\/\/www.extende.com\/wp-content\/uploads\/Graph_02-300x186.png 300w\" sizes=\"auto, (max-width: 323px) 100vw, 323px\" \/><\/div>\n<p>&nbsp;<\/p>\n<p>Nous v\u00e9rifions la capacit\u00e9 de votre sonde \u00e0 d\u00e9tecter les d\u00e9fauts que vous recherchez.<\/p>\n<p>&nbsp;<\/p>\n<div style=\"text-align: center;\"><img loading=\"lazy\" decoding=\"async\" class=\"alignnone wp-image-2817\" src=\"https:\/\/www.extende.com\/wp-content\/uploads\/CIVA_UT_Simulation_Example_5.png\" alt=\"\" width=\"352\" height=\"200\" srcset=\"https:\/\/www.extende.com\/wp-content\/uploads\/CIVA_UT_Simulation_Example_5.png 607w, https:\/\/www.extende.com\/wp-content\/uploads\/CIVA_UT_Simulation_Example_5-300x171.png 300w, https:\/\/www.extende.com\/wp-content\/uploads\/CIVA_UT_Simulation_Example_5-600x341.png 600w\" sizes=\"auto, (max-width: 352px) 100vw, 352px\" \/> <img loading=\"lazy\" decoding=\"async\" class=\"border alignnone wp-image-2818\" src=\"https:\/\/www.extende.com\/wp-content\/uploads\/ET_Simulation_Example_6.png\" alt=\"\" width=\"291\" height=\"200\" srcset=\"https:\/\/www.extende.com\/wp-content\/uploads\/ET_Simulation_Example_6.png 964w, https:\/\/www.extende.com\/wp-content\/uploads\/ET_Simulation_Example_6-300x206.png 300w, https:\/\/www.extende.com\/wp-content\/uploads\/ET_Simulation_Example_6-768x528.png 768w, https:\/\/www.extende.com\/wp-content\/uploads\/ET_Simulation_Example_6-600x413.png 600w\" sizes=\"auto, (max-width: 291px) 100vw, 291px\" \/><\/div>\n<p>&nbsp;<\/p>\n<p>Nous v\u00e9rifions que les d\u00e9fauts \u00e0 implanter dans vos maquettes sont bien positionn\u00e9s afin d\u2019\u00e9viter des interactions parfois complexes (transformations d\u2019onde\u2026).<\/p>\n<p>&nbsp;<\/p>\n<div style=\"text-align: center;\"><img loading=\"lazy\" decoding=\"async\" class=\"alignnone wp-image-2819\" src=\"https:\/\/www.extende.com\/wp-content\/uploads\/CIVA_UT_Step_Wedge_C-Scan_B-Scan.png\" alt=\"\" width=\"380\" height=\"200\" srcset=\"https:\/\/www.extende.com\/wp-content\/uploads\/CIVA_UT_Step_Wedge_C-Scan_B-Scan.png 1292w, https:\/\/www.extende.com\/wp-content\/uploads\/CIVA_UT_Step_Wedge_C-Scan_B-Scan-300x158.png 300w, https:\/\/www.extende.com\/wp-content\/uploads\/CIVA_UT_Step_Wedge_C-Scan_B-Scan-1024x539.png 1024w, https:\/\/www.extende.com\/wp-content\/uploads\/CIVA_UT_Step_Wedge_C-Scan_B-Scan-768x404.png 768w, https:\/\/www.extende.com\/wp-content\/uploads\/CIVA_UT_Step_Wedge_C-Scan_B-Scan-600x316.png 600w\" sizes=\"auto, (max-width: 380px) 100vw, 380px\" \/><img loading=\"lazy\" decoding=\"async\" class=\"alignnone wp-image-2820\" src=\"https:\/\/www.extende.com\/wp-content\/uploads\/CIVA-Validation-UT-TFP1-1-small.png\" alt=\"\" width=\"215\" height=\"200\" \/><\/div>\n<div style=\"text-align: center;\">\u00a0<\/div>\n<p>&nbsp;<\/p>\n<p><img loading=\"lazy\" decoding=\"async\" class=\"border wp-image-2821 aligncenter\" src=\"https:\/\/www.extende.com\/wp-content\/uploads\/CIVA_UT_S-Scan_Turbine_Disk.jpg\" alt=\"\" width=\"606\" height=\"295\" srcset=\"https:\/\/www.extende.com\/wp-content\/uploads\/CIVA_UT_S-Scan_Turbine_Disk.jpg 1123w, https:\/\/www.extende.com\/wp-content\/uploads\/CIVA_UT_S-Scan_Turbine_Disk-300x146.jpg 300w, https:\/\/www.extende.com\/wp-content\/uploads\/CIVA_UT_S-Scan_Turbine_Disk-1024x498.jpg 1024w, https:\/\/www.extende.com\/wp-content\/uploads\/CIVA_UT_S-Scan_Turbine_Disk-768x373.jpg 768w, https:\/\/www.extende.com\/wp-content\/uploads\/CIVA_UT_S-Scan_Turbine_Disk-600x292.jpg 600w\" sizes=\"auto, (max-width: 606px) 100vw, 606px\" \/><\/p>\n<p>&nbsp;<\/p>\n<p><span class=\"g-color2\">FLUX\u00ae<\/span> peut simuler le contr\u00f4le par thermographie infrarouge (IRT). Exemples de cartographies de temp\u00e9ratures obtenus par simulation pour diff\u00e9rentes tailles de d\u00e9fauts, mat\u00e9riaux, fr\u00e9quences et dur\u00e9es de chauffe (thermographie par induction) :<\/p>\n<p>&nbsp;<\/p>\n<div style=\"text-align: center;\"><a class=\"mediabox\" href=\"https:\/\/www.extende.com\/wp-content\/uploads\/Acier_100kHz_Chauffe10ms_L5H2_Rog.png\"><img loading=\"lazy\" decoding=\"async\" class=\"border alignnone wp-image-2822 size-full\" src=\"https:\/\/www.extende.com\/wp-content\/uploads\/Acier_100kHz_Chauffe10ms_L5H2_Rog_Small.png\" alt=\"\" width=\"195\" height=\"305\" align=\"middle\" srcset=\"https:\/\/www.extende.com\/wp-content\/uploads\/Acier_100kHz_Chauffe10ms_L5H2_Rog_Small.png 195w, https:\/\/www.extende.com\/wp-content\/uploads\/Acier_100kHz_Chauffe10ms_L5H2_Rog_Small-192x300.png 192w\" sizes=\"auto, (max-width: 195px) 100vw, 195px\" \/><\/a> <a class=\"mediabox\" href=\"https:\/\/www.extende.com\/wp-content\/uploads\/Inconel_100kHz_Chauffe100ms_L2-5H2_Rog.png\"><img loading=\"lazy\" decoding=\"async\" class=\"border alignnone wp-image-2823 size-full\" src=\"https:\/\/www.extende.com\/wp-content\/uploads\/Inconel_100kHz_Chauffe100ms_L2-5H2_Rog_Small.png\" alt=\"\" width=\"195\" height=\"305\" align=\"middle\" srcset=\"https:\/\/www.extende.com\/wp-content\/uploads\/Inconel_100kHz_Chauffe100ms_L2-5H2_Rog_Small.png 195w, https:\/\/www.extende.com\/wp-content\/uploads\/Inconel_100kHz_Chauffe100ms_L2-5H2_Rog_Small-192x300.png 192w\" sizes=\"auto, (max-width: 195px) 100vw, 195px\" \/><\/a> <a class=\"mediabox\" href=\"https:\/\/www.extende.com\/wp-content\/uploads\/Inconel_600kHz_Chauffe10ms_L5H2_Rog.png\"><img loading=\"lazy\" decoding=\"async\" class=\"border alignnone wp-image-2824 size-full\" src=\"https:\/\/www.extende.com\/wp-content\/uploads\/Inconel_600kHz_Chauffe10ms_L5H2_Rog_Small.png\" alt=\"\" width=\"195\" height=\"305\" align=\"middle\" srcset=\"https:\/\/www.extende.com\/wp-content\/uploads\/Inconel_600kHz_Chauffe10ms_L5H2_Rog_Small.png 195w, https:\/\/www.extende.com\/wp-content\/uploads\/Inconel_600kHz_Chauffe10ms_L5H2_Rog_Small-192x300.png 192w\" sizes=\"auto, (max-width: 195px) 100vw, 195px\" \/><\/a><\/div>\n<div style=\"text-align: center;\"><span class=\"couleur3\">Avec l&rsquo;aimable autorisation de SAFRAN TECH<\/span><\/div>\n<p>&nbsp;<\/p>\n<div style=\"text-align: center;\"><img loading=\"lazy\" decoding=\"async\" class=\"no-border alignnone wp-image-2828\" src=\"https:\/\/www.extende.com\/wp-content\/uploads\/Logo_Safran.png\" alt=\"\" width=\"299\" height=\"64\" align=\"\" srcset=\"https:\/\/www.extende.com\/wp-content\/uploads\/Logo_Safran.png 1400w, https:\/\/www.extende.com\/wp-content\/uploads\/Logo_Safran-300x64.png 300w, https:\/\/www.extende.com\/wp-content\/uploads\/Logo_Safran-1024x219.png 1024w, https:\/\/www.extende.com\/wp-content\/uploads\/Logo_Safran-768x165.png 768w, https:\/\/www.extende.com\/wp-content\/uploads\/Logo_Safran-600x129.png 600w\" sizes=\"auto, (max-width: 299px) 100vw, 299px\" \/><\/div>\n<p>&nbsp;<\/p>\n<h2 class=\"titre-accordeon\">Nous \u00e9valuons l\u2019impact des param\u00e8tres influents<\/h2>\n<p>Nous pouvons faire varier des param\u00e8tres influents dans une plage d\u00e9termin\u00e9e. Que ces param\u00e8tres soient li\u00e9s au capteur, aux d\u00e9fauts, \u00e0 la maquette elle-m\u00eame ou \u00e0 la proc\u00e9dure de contr\u00f4le.<\/p>\n<p>Des variations combin\u00e9es vous permettront de r\u00e9duire le nombre de maquettes dont vous aurez besoin, d\u2019\u00e9tablir avant leur r\u00e9alisation la plage dans laquelle ces param\u00e8tres auront une influence importante.<\/p>\n<p>&nbsp;<\/p>\n<div style=\"text-align: center;\"><img loading=\"lazy\" decoding=\"async\" class=\"border alignnone wp-image-2832\" src=\"https:\/\/www.extende.com\/wp-content\/uploads\/CIVA_UT_Frequency_Influence_Signal.png\" alt=\"\" width=\"344\" height=\"200\" srcset=\"https:\/\/www.extende.com\/wp-content\/uploads\/CIVA_UT_Frequency_Influence_Signal.png 425w, https:\/\/www.extende.com\/wp-content\/uploads\/CIVA_UT_Frequency_Influence_Signal-300x174.png 300w\" sizes=\"auto, (max-width: 344px) 100vw, 344px\" \/> <img loading=\"lazy\" decoding=\"async\" class=\"border alignnone wp-image-2840\" src=\"https:\/\/www.extende.com\/wp-content\/uploads\/CIVA_UT_Frequency_Influence_Resultat.png\" alt=\"\" width=\"307\" height=\"200\" srcset=\"https:\/\/www.extende.com\/wp-content\/uploads\/CIVA_UT_Frequency_Influence_Resultat.png 834w, https:\/\/www.extende.com\/wp-content\/uploads\/CIVA_UT_Frequency_Influence_Resultat-300x195.png 300w, https:\/\/www.extende.com\/wp-content\/uploads\/CIVA_UT_Frequency_Influence_Resultat-768x500.png 768w, https:\/\/www.extende.com\/wp-content\/uploads\/CIVA_UT_Frequency_Influence_Resultat-600x391.png 600w\" sizes=\"auto, (max-width: 307px) 100vw, 307px\" \/><\/div>\n<p>&nbsp;<\/p>\n<p>Vous pouvez r\u00e9aliser toutes ces simulations avec <span class=\"g-color1\">CIVA<\/span>, nous pouvons aussi vous proposer d\u2019utiliser nos capacit\u00e9s de calculs pour gagner du temps en v\u00e9rifiant, ou non, vos configurations. Nous pouvons mobiliser plus de 25 n\u0153uds de calculs en r\u00e9seau et en continue. Nous avons aussi des outils internes nous permettant d\u2019extraire des r\u00e9sultats de mani\u00e8re efficience et rigoureuse.<\/p>\n<p>&nbsp;<\/p>\n<div style=\"text-align: center;\"><img loading=\"lazy\" decoding=\"async\" class=\"alignnone wp-image-2841\" src=\"https:\/\/www.extende.com\/wp-content\/uploads\/CIVA-Validation-UT-TFP2-5.png\" alt=\"\" width=\"348\" height=\"200\" srcset=\"https:\/\/www.extende.com\/wp-content\/uploads\/CIVA-Validation-UT-TFP2-5.png 532w, https:\/\/www.extende.com\/wp-content\/uploads\/CIVA-Validation-UT-TFP2-5-300x173.png 300w\" sizes=\"auto, (max-width: 348px) 100vw, 348px\" \/> <img loading=\"lazy\" decoding=\"async\" class=\"alignnone wp-image-2835\" src=\"https:\/\/www.extende.com\/wp-content\/uploads\/CIVA-Validation-UT-TFP1-2-small.png\" alt=\"\" width=\"326\" height=\"200\" \/><\/div>\n<p>&nbsp;<\/p>\n<p>&nbsp;<\/p>\n<h2 class=\"titre-accordeon\">Nous vous aidons \u00e0 comprendre des r\u00e9sultats complexes<\/h2>\n<p>\u00a0<span style=\"line-height: 1.5em;\">L&rsquo;utilisation de la simulation permet de comprendre des images complexes pr\u00e9sentant des \u00e9chos provenant de diff\u00e9rents modes, par exemple dans une soudure.<\/span><\/p>\n<div>\u00a0<\/div>\n<div>\n<div style=\"text-align: center;\"><img loading=\"lazy\" decoding=\"async\" class=\"border alignnone wp-image-2836\" src=\"https:\/\/www.extende.com\/wp-content\/uploads\/CIVA_UT_complex_result_small.png\" alt=\"\" width=\"391\" height=\"200\" srcset=\"https:\/\/www.extende.com\/wp-content\/uploads\/CIVA_UT_complex_result_small.png 391w, https:\/\/www.extende.com\/wp-content\/uploads\/CIVA_UT_complex_result_small-300x153.png 300w\" sizes=\"auto, (max-width: 391px) 100vw, 391px\" \/>\u00a0<img loading=\"lazy\" decoding=\"async\" class=\"border alignnone wp-image-2837\" src=\"https:\/\/www.extende.com\/wp-content\/uploads\/CIVA_UT_Mode_identification_tool_small.png\" alt=\"\" width=\"454\" height=\"200\" srcset=\"https:\/\/www.extende.com\/wp-content\/uploads\/CIVA_UT_Mode_identification_tool_small.png 454w, https:\/\/www.extende.com\/wp-content\/uploads\/CIVA_UT_Mode_identification_tool_small-300x132.png 300w\" sizes=\"auto, (max-width: 454px) 100vw, 454px\" \/><\/div>\n<p>&nbsp;<\/p>\n<p>Des calculs sp\u00e9cifiques peuvent aider \u00e0 pr\u00e9voir le r\u00e9sultat obtenu dans des cas complexes avec des interactions entre d\u00e9fauts.\u00a0<\/p>\n<div>\n<div>\u00a0<\/div>\n<div>\n<div style=\"text-align: center;\"><img loading=\"lazy\" decoding=\"async\" class=\"alignnone wp-image-2838\" src=\"https:\/\/www.extende.com\/wp-content\/uploads\/CIVA_Athena_2D_Cluster_Small.png\" alt=\"\" width=\"446\" height=\"300\" srcset=\"https:\/\/www.extende.com\/wp-content\/uploads\/CIVA_Athena_2D_Cluster_Small.png 500w, https:\/\/www.extende.com\/wp-content\/uploads\/CIVA_Athena_2D_Cluster_Small-300x202.png 300w\" sizes=\"auto, (max-width: 446px) 100vw, 446px\" \/>\u00a0<\/div>\n<p>&nbsp;<\/p>\n<p>Echos non identifi\u00e9s, amplitudes surprenantes, r\u00e9sultats inattendus, nous vous aidons \u00e0 comprendre les ph\u00e9nom\u00e8nes physiques mis en jeu gr\u00e2ce \u00e0 la simulation.\u00a0<\/p>\n<\/div>\n<\/div>\n<\/div>\n<p>&nbsp;<\/p>\n<h2 class=\"titre-accordeon\">Nous pouvons\u00a0 lancer et analyser des calculs complexes ou en masse<\/h2>\n<p>Nous pouvons lancer des calculs de simulation pour vous. Soit dans des cas complexes, avec des g\u00e9om\u00e9tries en CAO 3D, des mat\u00e9riaux anisotropiques, des d\u00e9fauts ramifi\u00e9s, des calculs de tomographie&#8230; Soit pour des calculs de masse avec des centaines de d\u00e9fauts, des variations de param\u00e8tres, de multiples capteurs&#8230;<\/p>\n<div>\n<div>\u00a0<\/div>\n<div>\n<div style=\"text-align: center;\"><img loading=\"lazy\" decoding=\"async\" class=\"border alignnone wp-image-2852 size-full\" src=\"https:\/\/www.extende.com\/wp-content\/uploads\/CIVA_CT_01.png\" alt=\"\" width=\"330\" height=\"350\" srcset=\"https:\/\/www.extende.com\/wp-content\/uploads\/CIVA_CT_01.png 330w, https:\/\/www.extende.com\/wp-content\/uploads\/CIVA_CT_01-283x300.png 283w\" sizes=\"auto, (max-width: 330px) 100vw, 330px\" \/>\u00a0\u00a0<img loading=\"lazy\" decoding=\"async\" class=\"alignnone wp-image-2853 size-full\" src=\"https:\/\/www.extende.com\/wp-content\/uploads\/Multibonds_11_Small.png\" alt=\"\" width=\"300\" height=\"198\" \/><\/div>\n<\/div>\n<\/div>\n<p>&nbsp;<\/p>\n<p>Nous avons la puissance de calcul n\u00e9cessaire, nous avons les outils pour garantir l&rsquo;extraction de milliers de r\u00e9sultats sans erreur.<\/p>\n<p>&nbsp;<\/p>\n<div>\n<div>\n<div style=\"text-align: center;\"><img loading=\"lazy\" decoding=\"async\" class=\"border alignnone wp-image-2854\" src=\"https:\/\/www.extende.com\/wp-content\/uploads\/Ordinateurs_photolibre_small-1.jpg\" alt=\"\" width=\"256\" height=\"200\" \/>\u00a0\u00a0<img loading=\"lazy\" decoding=\"async\" class=\"border alignnone wp-image-2855\" src=\"https:\/\/www.extende.com\/wp-content\/uploads\/CIVA-Validation-UT-TG2-24-small.png\" alt=\"\" width=\"388\" height=\"200\" srcset=\"https:\/\/www.extende.com\/wp-content\/uploads\/CIVA-Validation-UT-TG2-24-small.png 500w, https:\/\/www.extende.com\/wp-content\/uploads\/CIVA-Validation-UT-TG2-24-small-300x155.png 300w\" sizes=\"auto, (max-width: 388px) 100vw, 388px\" \/><\/div>\n<\/div>\n<\/div>\n","protected":false},"excerpt":{"rendered":"<p>Usage et int\u00e9r\u00eat de la simulation de Contr\u00f4les Non Destructifs dans le domaine de la p\u00e9trochimie et de l&rsquo;offshore<\/p>\n","protected":false},"author":2,"featured_media":0,"parent":2801,"menu_order":3,"comment_status":"closed","ping_status":"closed","template":"templates\/page--extende.html.php","meta":{"_acf_changed":false,"footnotes":""},"class_list":["post-2868","page","type-page","status-publish","hentry"],"acf":[],"_links":{"self":[{"href":"https:\/\/www.extende.com\/fr\/wp-json\/wp\/v2\/pages\/2868","targetHints":{"allow":["GET"]}}],"collection":[{"href":"https:\/\/www.extende.com\/fr\/wp-json\/wp\/v2\/pages"}],"about":[{"href":"https:\/\/www.extende.com\/fr\/wp-json\/wp\/v2\/types\/page"}],"author":[{"embeddable":true,"href":"https:\/\/www.extende.com\/fr\/wp-json\/wp\/v2\/users\/2"}],"replies":[{"embeddable":true,"href":"https:\/\/www.extende.com\/fr\/wp-json\/wp\/v2\/comments?post=2868"}],"version-history":[{"count":3,"href":"https:\/\/www.extende.com\/fr\/wp-json\/wp\/v2\/pages\/2868\/revisions"}],"predecessor-version":[{"id":6536,"href":"https:\/\/www.extende.com\/fr\/wp-json\/wp\/v2\/pages\/2868\/revisions\/6536"}],"up":[{"embeddable":true,"href":"https:\/\/www.extende.com\/fr\/wp-json\/wp\/v2\/pages\/2801"}],"wp:attachment":[{"href":"https:\/\/www.extende.com\/fr\/wp-json\/wp\/v2\/media?parent=2868"}],"curies":[{"name":"wp","href":"https:\/\/api.w.org\/{rel}","templated":true}]}}