{"id":2889,"date":"2025-06-24T18:33:12","date_gmt":"2025-06-24T16:33:12","guid":{"rendered":"https:\/\/www.extende.com\/la-simulation-cnd\/domaines-dactivite\/recherche\/"},"modified":"2025-07-16T16:29:47","modified_gmt":"2025-07-16T14:29:47","slug":"recherche","status":"publish","type":"page","link":"https:\/\/www.extende.com\/fr\/la-simulation-cnd\/domaines-dactivite\/recherche\/","title":{"rendered":"Recherche"},"content":{"rendered":"<div style=\"text-align: center;\"><img loading=\"lazy\" decoding=\"async\" class=\"border alignnone wp-image-2886\" src=\"https:\/\/www.extende.com\/wp-content\/uploads\/CIVA_UT_EMAT_Perpendicular_Plane.png\" alt=\"\" width=\"337\" height=\"200\" srcset=\"https:\/\/www.extende.com\/wp-content\/uploads\/CIVA_UT_EMAT_Perpendicular_Plane.png 1273w, https:\/\/www.extende.com\/wp-content\/uploads\/CIVA_UT_EMAT_Perpendicular_Plane-300x178.png 300w, https:\/\/www.extende.com\/wp-content\/uploads\/CIVA_UT_EMAT_Perpendicular_Plane-1024x607.png 1024w, https:\/\/www.extende.com\/wp-content\/uploads\/CIVA_UT_EMAT_Perpendicular_Plane-768x455.png 768w, https:\/\/www.extende.com\/wp-content\/uploads\/CIVA_UT_EMAT_Perpendicular_Plane-600x356.png 600w\" sizes=\"auto, (max-width: 337px) 100vw, 337px\" \/> <img loading=\"lazy\" decoding=\"async\" class=\"border alignnone wp-image-2887\" src=\"https:\/\/www.extende.com\/wp-content\/uploads\/CIVA_UT_Sparse_Array_TFM_Reconstruction.png\" alt=\"\" width=\"328\" height=\"200\" srcset=\"https:\/\/www.extende.com\/wp-content\/uploads\/CIVA_UT_Sparse_Array_TFM_Reconstruction.png 1146w, https:\/\/www.extende.com\/wp-content\/uploads\/CIVA_UT_Sparse_Array_TFM_Reconstruction-300x183.png 300w, https:\/\/www.extende.com\/wp-content\/uploads\/CIVA_UT_Sparse_Array_TFM_Reconstruction-1024x624.png 1024w, https:\/\/www.extende.com\/wp-content\/uploads\/CIVA_UT_Sparse_Array_TFM_Reconstruction-768x468.png 768w, https:\/\/www.extende.com\/wp-content\/uploads\/CIVA_UT_Sparse_Array_TFM_Reconstruction-600x365.png 600w\" sizes=\"auto, (max-width: 328px) 100vw, 328px\" \/><\/div>\n<div class=\"corner-wrapper\">\n<div class=\"corner-frame\">Nous croyons que l\u2019<span class=\"g-color2\">innovation<\/span> dans le domaine des CND est un facteur cl\u00e9 de l\u2019am\u00e9lioration de la <span class=\"g-color2\">s\u00e9curit\u00e9<\/span>, de la <span class=\"g-color2\">suret\u00e9<\/span> et de la <span class=\"g-color2\">sauvegarde de l\u2019environnement<\/span>. Tous les domaines sont concern\u00e9s, son impact sur le d\u00e9veloppement durable est d\u00e9cisif.<\/div>\n<\/div>\n<p>&nbsp;<\/p>\n<p>EMAT, d\u00e9marche d\u2019int\u00e9gration de la simulation dans les POD, capteurs ET multi\u00e9l\u00e9ments, sparse arrays ultrasons, \u00e9crans RT digitaux, mat\u00e9riaux complexes comme les composites ou les soudures aust\u00e9nitiques&#8230; La plateforme <span class=\"g-color1\">CIVA<\/span> offre de nombreuse possibilit\u00e9s pour les laboratoires de recherche les plus exigeants.<\/p>\n<p>&nbsp;<\/p>\n<h2 class=\"titre-accordeon\">Nous sommes \u00e0 votre disposition pour \u00e9valuer votre besoin<\/h2>\n<p>Nous vous proposons nos comp\u00e9tences pour vous aider \u00e0 <span class=\"mise-en-valeur2\">optimiser<\/span> vos m\u00e9thodes de contr\u00f4le et \u00e0 adopter des <span class=\"mise-en-valeur2\">solutions innovantes<\/span> et surtout <span class=\"mise-en-valeur2\">efficientes<\/span>.<\/p>\n<p><span style=\"line-height: 1.5em;\">Toujours \u00e0 l&rsquo;\u00e9coute de vos besoins, <\/span><span style=\"line-height: 1.5em;\">nous<\/span><span style=\"line-height: 1.5em;\"> saurons en toute <span class=\"mise-en-valeur2\">confidentialit\u00e9<\/span>, avec <span class=\"mise-en-valeur2\">rigueur<\/span> et<span class=\"mise-en-valeur2\"> humilit\u00e9 technique<\/span> \u00e9valuer votre besoin. Nous avons\u00a0une\u00a0<\/span><span class=\"mise-en-valeur2\" style=\"line-height: 1.5em;\">parfaite connaissance de tous les outils<\/span><span style=\"line-height: 1.5em;\">\u00a0inclus dans le logiciels <\/span><span class=\"g-color1\">CIVA<\/span><span style=\"line-height: 1.5em;\"> ce qui nous donne une\u00a0<\/span><span class=\"mise-en-valeur2\" style=\"line-height: 1.5em;\">vision claire<\/span><span style=\"line-height: 1.5em;\">\u00a0<\/span><span class=\"mise-en-valeur2\" style=\"line-height: 1.5em;\">des limites<\/span><span style=\"line-height: 1.5em;\">\u00a0des mod\u00e8les de simulation.<\/span><\/p>\n<p><span style=\"line-height: 1.5em;\">Notre \u00e9quipe d&rsquo;experts adopte syst\u00e9matiquement une <span class=\"mise-en-valeur2\">approche m\u00e9thodologique<\/span>, pas \u00e0 pas, qui d\u00e9bute par la <span class=\"mise-en-valeur2\">v\u00e9rification de la faisabilit\u00e9<\/span> afin de nous assurer que nous r\u00e9pondons \u00e0 <span class=\"mise-en-valeur2\">votre besoin<\/span>. Ainsi, il nous est possible de <span class=\"mise-en-valeur2\">s\u00e9curiser <\/span>votre conception de sonde, maquette ou de proc\u00e9d\u00e9. Nous pouvons \u00e9valuer<span class=\"mise-en-valeur2\"> l<\/span><\/span><span class=\"mise-en-valeur2\">&lsquo;<\/span><span style=\"line-height: 1.5em;\"><span class=\"mise-en-valeur2\">impact des param\u00e8tres influants<\/span> et vous aider \u00e0 comprendre des <span class=\"mise-en-valeur2\">r\u00e9sultats complexes<\/span>.<\/span><\/p>\n<p>&nbsp;<\/p>\n<div style=\"text-align: center;\"><img loading=\"lazy\" decoding=\"async\" class=\"border alignnone wp-image-2815\" src=\"https:\/\/www.extende.com\/wp-content\/uploads\/Graph_01.png\" alt=\"\" width=\"343\" height=\"200\" srcset=\"https:\/\/www.extende.com\/wp-content\/uploads\/Graph_01.png 357w, https:\/\/www.extende.com\/wp-content\/uploads\/Graph_01-300x175.png 300w\" sizes=\"auto, (max-width: 343px) 100vw, 343px\" \/> <img loading=\"lazy\" decoding=\"async\" class=\"alignnone wp-image-2811\" src=\"https:\/\/www.extende.com\/wp-content\/uploads\/Sparse_Array_Transducer.png\" alt=\"\" width=\"268\" height=\"200\" srcset=\"https:\/\/www.extende.com\/wp-content\/uploads\/Sparse_Array_Transducer.png 345w, https:\/\/www.extende.com\/wp-content\/uploads\/Sparse_Array_Transducer-300x223.png 300w\" sizes=\"auto, (max-width: 268px) 100vw, 268px\" \/><\/p>\n<p><img loading=\"lazy\" decoding=\"async\" class=\"border alignnone wp-image-2836 size-full\" src=\"https:\/\/www.extende.com\/wp-content\/uploads\/CIVA_UT_complex_result_small.png\" alt=\"\" width=\"391\" height=\"200\" srcset=\"https:\/\/www.extende.com\/wp-content\/uploads\/CIVA_UT_complex_result_small.png 391w, https:\/\/www.extende.com\/wp-content\/uploads\/CIVA_UT_complex_result_small-300x153.png 300w\" sizes=\"auto, (max-width: 391px) 100vw, 391px\" \/><\/div>\n<p>&nbsp;<\/p>\n<p>Assurez-vous que votre besoin est trait\u00e9 par les\u00a0<span class=\"mise-en-valeur2\">meilleurs sp\u00e9cialistes<\/span>\u00a0(notre \u00e9quipe anime des formations \u00e0 <span class=\"g-color1\">CIVA<\/span> \u00e0 travers le monde entier pour tous les utilisateurs de <span class=\"g-color1\">CIVA<\/span>, et est en contact permanent avec l&rsquo;\u00e9quipe de d\u00e9veloppement du CEA).<\/p>\n<p>Nous sommes\u00a0<span class=\"mise-en-valeur2\">neutres<\/span>\u00a0(pas d&rsquo;inspection sur le terrain) et\u00a0<span class=\"mise-en-valeur2\">ind\u00e9pendants<\/span>\u00a0: notre diagnostic est\u00a0<span class=\"mise-en-valeur2\">impartial<\/span>.<\/p>\n<p>Notre organisation est\u00a0<a href=\"https:\/\/www.extende.com\/fr\/lentreprise\/qualite-surete-environnement\/\"><span class=\"mise-en-valeur0\">CERTIFI\u00c9E ISO 9001<\/span><\/a>.<\/p>\n<p>D\u00e9crivez-nous votre besoin !<\/p>\n<p>&nbsp;<\/p>\n<h2 class=\"titre-accordeon\">Nous pouvons\u00a0 lancer et analyser des calculs complexes ou en masse<\/h2>\n<p>Nous pouvons lancer des calculs de simulation pour vous. Soit dans des cas complexes, avec des g\u00e9om\u00e9tries en CAO 3D, des mat\u00e9riaux anisotropiques, des d\u00e9fauts ramifi\u00e9s, des calculs de tomographie&#8230; Soit pour des calculs de masse avec des centaines de d\u00e9fauts, des variations de param\u00e8tres, de multiples capteurs&#8230;<\/p>\n<p>&nbsp;<\/p>\n<div>\n<div>\n<div style=\"text-align: center;\"><img loading=\"lazy\" decoding=\"async\" class=\"border alignnone wp-image-2852 size-full\" src=\"https:\/\/www.extende.com\/wp-content\/uploads\/CIVA_CT_01.png\" alt=\"\" width=\"330\" height=\"350\" srcset=\"https:\/\/www.extende.com\/wp-content\/uploads\/CIVA_CT_01.png 330w, https:\/\/www.extende.com\/wp-content\/uploads\/CIVA_CT_01-283x300.png 283w\" sizes=\"auto, (max-width: 330px) 100vw, 330px\" \/>\u00a0\u00a0<img loading=\"lazy\" decoding=\"async\" class=\"alignnone wp-image-2853 size-full\" src=\"https:\/\/www.extende.com\/wp-content\/uploads\/Multibonds_11_Small.png\" alt=\"\" width=\"300\" height=\"198\" \/><\/div>\n<\/div>\n<\/div>\n<p>&nbsp;<\/p>\n<p>Nous avons la puissance de calcul n\u00e9cessaire, nous avons les outils pour garantir l&rsquo;extraction de milliers de r\u00e9sultats sans erreur.<\/p>\n<p>&nbsp;<\/p>\n<div>\n<div>\n<div style=\"text-align: center;\"><img loading=\"lazy\" decoding=\"async\" class=\"border alignnone wp-image-2854\" src=\"https:\/\/www.extende.com\/wp-content\/uploads\/Ordinateurs_photolibre_small-1.jpg\" alt=\"\" width=\"256\" height=\"200\" \/>\u00a0\u00a0<img loading=\"lazy\" decoding=\"async\" class=\"border alignnone wp-image-2855\" src=\"https:\/\/www.extende.com\/wp-content\/uploads\/CIVA-Validation-UT-TG2-24-small.png\" alt=\"\" width=\"388\" height=\"200\" srcset=\"https:\/\/www.extende.com\/wp-content\/uploads\/CIVA-Validation-UT-TG2-24-small.png 500w, https:\/\/www.extende.com\/wp-content\/uploads\/CIVA-Validation-UT-TG2-24-small-300x155.png 300w\" sizes=\"auto, (max-width: 388px) 100vw, 388px\" \/><\/div>\n<\/div>\n<\/div>\n","protected":false},"excerpt":{"rendered":"<p>Usage et int\u00e9r\u00eat de la simulation de Contr\u00f4les Non Destructifs dans le domaine de la recherche<\/p>\n","protected":false},"author":2,"featured_media":0,"parent":2801,"menu_order":6,"comment_status":"closed","ping_status":"closed","template":"templates\/page--extende.html.php","meta":{"_acf_changed":false,"footnotes":""},"class_list":["post-2889","page","type-page","status-publish","hentry"],"acf":[],"_links":{"self":[{"href":"https:\/\/www.extende.com\/fr\/wp-json\/wp\/v2\/pages\/2889","targetHints":{"allow":["GET"]}}],"collection":[{"href":"https:\/\/www.extende.com\/fr\/wp-json\/wp\/v2\/pages"}],"about":[{"href":"https:\/\/www.extende.com\/fr\/wp-json\/wp\/v2\/types\/page"}],"author":[{"embeddable":true,"href":"https:\/\/www.extende.com\/fr\/wp-json\/wp\/v2\/users\/2"}],"replies":[{"embeddable":true,"href":"https:\/\/www.extende.com\/fr\/wp-json\/wp\/v2\/comments?post=2889"}],"version-history":[{"count":3,"href":"https:\/\/www.extende.com\/fr\/wp-json\/wp\/v2\/pages\/2889\/revisions"}],"predecessor-version":[{"id":6373,"href":"https:\/\/www.extende.com\/fr\/wp-json\/wp\/v2\/pages\/2889\/revisions\/6373"}],"up":[{"embeddable":true,"href":"https:\/\/www.extende.com\/fr\/wp-json\/wp\/v2\/pages\/2801"}],"wp:attachment":[{"href":"https:\/\/www.extende.com\/fr\/wp-json\/wp\/v2\/media?parent=2889"}],"curies":[{"name":"wp","href":"https:\/\/api.w.org\/{rel}","templated":true}]}}