{"id":2893,"date":"2025-06-24T18:33:12","date_gmt":"2025-06-24T16:33:12","guid":{"rendered":"https:\/\/www.extende.com\/la-simulation-cnd\/domaines-dactivite\/universites\/"},"modified":"2025-07-16T16:35:51","modified_gmt":"2025-07-16T14:35:51","slug":"universites","status":"publish","type":"page","link":"https:\/\/www.extende.com\/fr\/la-simulation-cnd\/domaines-dactivite\/universites\/","title":{"rendered":"Universit\u00e9s"},"content":{"rendered":"<div style=\"text-align: center;\"><img loading=\"lazy\" decoding=\"async\" class=\"border aligncenter wp-image-2890\" src=\"https:\/\/www.extende.com\/wp-content\/uploads\/Etudes.jpg\" alt=\"\" width=\"300\" height=\"200\" srcset=\"https:\/\/www.extende.com\/wp-content\/uploads\/Etudes.jpg 424w, https:\/\/www.extende.com\/wp-content\/uploads\/Etudes-300x200.jpg 300w\" sizes=\"auto, (max-width: 300px) 100vw, 300px\" \/><\/div>\n<div class=\"corner-wrapper\">\n<div class=\"corner-frame\">Nous croyons que la diffusion du <span class=\"g-color2\">savoir<\/span> est le devoir de tout professionnel. Les m\u00e9tiers du CND sont passionnants, <span class=\"g-color2\">innovants<\/span> et c\u2019est un secteur qui <span class=\"g-color2\">recrute<\/span> en permanence.<\/div>\n<\/div>\n<p>&nbsp;<\/p>\n<p>Nous travaillons avec des IUT, des universit\u00e9s et des centres de recherche dans le monde entier. <span class=\"g-color1\">CIVA<\/span> est un outil tr\u00e8s p\u00e9dagogique et toujours innovant.<\/p>\n<p>Utilisateurs <span class=\"g-color1\">CIVA<\/span> ou non, nous sommes \u00e0 l\u2019\u00e9coute des professeurs et des \u00e9tudiants pour les aider.<\/p>\n<p>&nbsp;<\/p>\n<h2 class=\"titre-accordeon\">Nous mettons \u00e0 la disposition des professeurs et \u00e9tudiants des \u00e9l\u00e9ments p\u00e9dagogiques gratuits<\/h2>\n<p>Retrouvez sur notre site plusieurs outils p\u00e9dagogiques gratuits\u00a0\u00e0 votre disposition, tels que :<\/p>\n<ul class=\"liste-carres-noirs\">\n<li>Quelques <a class=\"g-lien\" href=\"https:\/\/www.extende.com\/fr\/civa-logiciel-de-simulation-cnd\/a-propos-de-civa\/astuces-dans-lutilisation-de-civa\/\" target=\"_self\">astuces CIVA<\/a>, pour vous aider \u00e0 d\u00e9couvrir toutes les options offertes par le logiciel<\/li>\n<li>Notre <a class=\"g-lien\" href=\"https:\/\/www.extende.com\/fr\/la-simulation-cnd\/documentation\/publications-sur-civa-et-la-simulation-en-cnd\/\" target=\"_self\">page publications<\/a>, pour vous tenir inform\u00e9s des d\u00e9veloppements r\u00e9cents<\/li>\n<\/ul>\n<p>N&rsquo;h\u00e9sitez pas \u00e0 <a class=\"g-lien\" href=\"https:\/\/www.extende.com\/fr\/contact\/\" target=\"_self\">nous contacter<\/a> si vous avez <span class=\"g-color2\">besoin d&rsquo;\u00e9l\u00e9ments p\u00e9dagogiques<\/span>.<\/p>\n<p>&nbsp;<\/p>\n<h2 class=\"titre-accordeon\">Nous proposons des offres sp\u00e9ciales de Packages CIVA pour les universit\u00e9s<\/h2>\n<p>Vous travaillez au sein d\u2019une universit\u00e9 ? <span class=\"g-color1\">CIVA<\/span> vous int\u00e9resse car il permet d\u2019<span class=\"g-color2\">illustrer les ph\u00e9nom\u00e8nes physiques<\/span> qui se produisent dans une pi\u00e8ce\u00a0?<\/p>\n<p>Nous proposons des <span class=\"g-color2\">tarifs pr\u00e9f\u00e9rentiels<\/span> aux universit\u00e9s, et des licences en r\u00e9seau pour organiser les <span class=\"g-color2\">travaux pratiques<\/span> de vos \u00e9tudiants le plus simplement possible.<\/p>\n<p>Par ailleurs, nous vous proposons \u00e9galement d\u2019intervenir \u00e0 vos c\u00f4t\u00e9s pour vous assister. N\u2019h\u00e9sitez pas \u00e0\u00a0:<\/p>\n<ul class=\"liste-carres-noirs\">\n<li>Demander \u00e0 l\u2019un des membres de notre \u00e9quipe d\u2019intervenir dans votre classe, afin de pr\u00e9senter des exemples d\u2019applications de <span class=\"g-color1\">CIVA<\/span> confront\u00e9s \u00e0 des contraintes industrielles<\/li>\n<li>Venir assister \u00e0 une formation avec des partenaires industriels, et\u00a0<span class=\"g-color2\">b\u00e9n\u00e9ficier de leur vision de CIVA pour vos \u00e9tudiants<\/span><\/li>\n<li>Nous solliciter pour organiser une formation d\u00e9di\u00e9e, et pr\u00e9parer avec vous quelques exemples pour des sessions pratiques avec vos \u00e9tudiants<\/li>\n<li>Nous demander d\u2019organiser une conf\u00e9rence WebEx afin de d\u00e9couvrir les capacit\u00e9s du logiciel <span class=\"g-color1\">CIVA<\/span><\/li>\n<li>Proposer \u00e0 vos \u00e9tudiants de partager leurs articles avec nous<\/li>\n<\/ul>\n<p>&nbsp;<\/p>\n<h2 class=\"titre-accordeon\">Nous sommes membre de la Commission Formation de la COFREND<\/h2>\n<p>La <a class=\"g-lien\" title=\"(Nouvelle fen\u00eatre)\" href=\"http:\/\/www.cofrend.com\" target=\"_blank\" rel=\"noopener\">COFREND <\/a>a cr\u00e9\u00e9 deux commissions auxquelles nous avons d\u00e9cid\u00e9 de participer. La<span class=\"g-color2\"> Commission Formation <\/span>doit permettre d&rsquo;am\u00e9liorer le cursus et l&rsquo;offre en formation CND.<\/p>\n<p>Notre strat\u00e9gie ouverte d&rsquo;acc\u00e8s au savoir nous conduit naturellement \u00e0 apporter<span class=\"g-color2\"> notre soutien<\/span> \u00e0 cette commission.<\/p>\n<p>&nbsp;<\/p>\n<h2 class=\"titre-accordeon\">Nous vous aidons \u00e0 comprendre des r\u00e9sultats complexes<\/h2>\n<p>L&rsquo;utilisation de la simulation permet de comprendre des images complexes pr\u00e9sentant des \u00e9chos provenant de diff\u00e9rents modes, par exemple dans une soudure.<\/p>\n<p>&nbsp;<\/p>\n<div style=\"text-align: center;\"><img loading=\"lazy\" decoding=\"async\" class=\"border alignnone wp-image-2836\" src=\"https:\/\/www.extende.com\/wp-content\/uploads\/CIVA_UT_complex_result_small.png\" alt=\"\" width=\"391\" height=\"200\" srcset=\"https:\/\/www.extende.com\/wp-content\/uploads\/CIVA_UT_complex_result_small.png 391w, https:\/\/www.extende.com\/wp-content\/uploads\/CIVA_UT_complex_result_small-300x153.png 300w\" sizes=\"auto, (max-width: 391px) 100vw, 391px\" \/>\u00a0<img loading=\"lazy\" decoding=\"async\" class=\"border alignnone wp-image-2837\" src=\"https:\/\/www.extende.com\/wp-content\/uploads\/CIVA_UT_Mode_identification_tool_small.png\" alt=\"\" width=\"454\" height=\"200\" srcset=\"https:\/\/www.extende.com\/wp-content\/uploads\/CIVA_UT_Mode_identification_tool_small.png 454w, https:\/\/www.extende.com\/wp-content\/uploads\/CIVA_UT_Mode_identification_tool_small-300x132.png 300w\" sizes=\"auto, (max-width: 454px) 100vw, 454px\" \/><\/div>\n<p>&nbsp;<\/p>\n<p>Des calculs sp\u00e9cifiques peuvent aider \u00e0 pr\u00e9voir le r\u00e9sultat obtenu dans des cas complexes avec des interactions entre d\u00e9fauts.<\/p>\n<p>&nbsp;<\/p>\n<div style=\"text-align: center;\"><img loading=\"lazy\" decoding=\"async\" class=\"wp-image-2838 aligncenter\" src=\"https:\/\/www.extende.com\/wp-content\/uploads\/CIVA_Athena_2D_Cluster_Small.png\" alt=\"\" width=\"521\" height=\"350\" srcset=\"https:\/\/www.extende.com\/wp-content\/uploads\/CIVA_Athena_2D_Cluster_Small.png 500w, https:\/\/www.extende.com\/wp-content\/uploads\/CIVA_Athena_2D_Cluster_Small-300x202.png 300w\" sizes=\"auto, (max-width: 521px) 100vw, 521px\" \/><\/div>\n<p>&nbsp;<\/p>\n<p>Echos non identifi\u00e9s, amplitudes surprenantes, r\u00e9sultats inattendus, nous vous aidons \u00e0 comprendre les ph\u00e9nom\u00e8nes physiques mis en jeu gr\u00e2ce \u00e0 la simulation.<\/p>\n","protected":false},"excerpt":{"rendered":"<p>Utilisation et int\u00e9r\u00eat de la simulation de Contr\u00f4les Non Destructifs \u00e0 usage p\u00e9dagogique<\/p>\n","protected":false},"author":2,"featured_media":0,"parent":2801,"menu_order":7,"comment_status":"closed","ping_status":"closed","template":"templates\/page--extende.html.php","meta":{"_acf_changed":false,"footnotes":""},"class_list":["post-2893","page","type-page","status-publish","hentry"],"acf":[],"_links":{"self":[{"href":"https:\/\/www.extende.com\/fr\/wp-json\/wp\/v2\/pages\/2893","targetHints":{"allow":["GET"]}}],"collection":[{"href":"https:\/\/www.extende.com\/fr\/wp-json\/wp\/v2\/pages"}],"about":[{"href":"https:\/\/www.extende.com\/fr\/wp-json\/wp\/v2\/types\/page"}],"author":[{"embeddable":true,"href":"https:\/\/www.extende.com\/fr\/wp-json\/wp\/v2\/users\/2"}],"replies":[{"embeddable":true,"href":"https:\/\/www.extende.com\/fr\/wp-json\/wp\/v2\/comments?post=2893"}],"version-history":[{"count":3,"href":"https:\/\/www.extende.com\/fr\/wp-json\/wp\/v2\/pages\/2893\/revisions"}],"predecessor-version":[{"id":6379,"href":"https:\/\/www.extende.com\/fr\/wp-json\/wp\/v2\/pages\/2893\/revisions\/6379"}],"up":[{"embeddable":true,"href":"https:\/\/www.extende.com\/fr\/wp-json\/wp\/v2\/pages\/2801"}],"wp:attachment":[{"href":"https:\/\/www.extende.com\/fr\/wp-json\/wp\/v2\/media?parent=2893"}],"curies":[{"name":"wp","href":"https:\/\/api.w.org\/{rel}","templated":true}]}}