{"id":2897,"date":"2025-06-24T18:33:12","date_gmt":"2025-06-24T16:33:12","guid":{"rendered":"https:\/\/www.extende.com\/la-simulation-cnd\/documentation\/validation-experimentale-des-modeles-civa\/"},"modified":"2025-07-04T17:48:40","modified_gmt":"2025-07-04T15:48:40","slug":"validation-experimentale-des-modeles-civa","status":"publish","type":"page","link":"https:\/\/www.extende.com\/fr\/la-simulation-cnd\/documentation\/validation-experimentale-des-modeles-civa\/","title":{"rendered":"Validation exp\u00e9rimentale des mod\u00e8les CIVA"},"content":{"rendered":"<h2 class=\"titre-accordeon\">Validation<\/h2>\n<p>Le logiciel <span class=\"g-color1\">CIVA<\/span> est une plateforme d\u2019expertise pour le contr\u00f4le non destructif, compos\u00e9e de modules de simulation, d\u2019imagerie et d\u2019analyse, qui permettent de concevoir et d\u2019optimiser les m\u00e9thodes d\u2019inspection et de pr\u00e9dire leurs performances dans des configurations de contr\u00f4le r\u00e9alistes.<\/p>\n<p>Le logiciel est bas\u00e9 sur des m\u00e9thodes semi-analytiques de mani\u00e8re \u00e0 obtenir des r\u00e9sultats quantitatifs qui peuvent \u00eatre compar\u00e9s \u00e0 des inspections r\u00e9elles. La validation des mod\u00e8les est cruciale pour les utilisateurs \u00e9tant donn\u00e9 que ceux-ci doivent s\u2019assurer que les r\u00e9sultats obtenus en simulation avec <span class=\"g-color1\">CIVA<\/span> sont fiables et exacts dans le cas de leurs configurations.<\/p>\n<p>La validation de <span class=\"g-color1\">CIVA<\/span> consiste \u00e0 d\u00e9terminer la fiabilit\u00e9\/exactitude de ses pr\u00e9dictions en les comparant \u00e0 des r\u00e9sultats de r\u00e9f\u00e9rence. Ceux-ci sont g\u00e9n\u00e9ralement issus d\u2019exp\u00e9rimentations sur des maquettes (validation exp\u00e9rimentale), mais il peut s\u2019agir de r\u00e9sultats issus d\u2019autres mod\u00e8les (\u00ab\u00a0validation num\u00e9rique\u00a0\u00bb).<\/p>\n<p>Les bases physiques du mod\u00e8le vont \u00e9galement \u00eatre consid\u00e9r\u00e9es de mani\u00e8re \u00e0 \u00e9tablir leur domaine de validit\u00e9 et la fiabilit\u00e9 de leurs pr\u00e9dictions. Les limites des mod\u00e8les et les approximations li\u00e9es \u00e0 leur impl\u00e9mentation seront \u00e9galement discut\u00e9es de mani\u00e8re \u00e0 aider l\u2019utilisateur \u00e0 se servir correctement de <span class=\"g-color1\">CIVA<\/span>.<\/p>\n<p>Ces travaux de validation ont \u00e9t\u00e9 effectu\u00e9s par le CEA LIST et financ\u00e9s par <span class=\"g-color1\">EXTENDE<\/span>. Les mesures exp\u00e9rimentales ont \u00e9t\u00e9 r\u00e9alis\u00e9es dans les infrastructures du CEA. <span class=\"g-color1\">EXTENDE<\/span> poursuivra son effort chaque ann\u00e9e de mani\u00e8re \u00e0 \u00e9tendre les cas de validation disponibles et \u00e0 partager les r\u00e9sultats avec la communaut\u00e9 des utilisateurs de <span class=\"g-color1\">CIVA<\/span>.<\/p>\n<p>Dans le cadre de la validation de <span class=\"g-color1\">CIVA<\/span>, le CEA participe chaque ann\u00e9e aux sessions \u00ab\u00a0Benchmark\u00a0\u00bb des conf\u00e9rences QNDE aux Etats-Unis. Les articles correspondants sont disponibles <a class=\"g-lien\" href=\"https:\/\/www.extende.com\/fr\/la-simulation-cnd\/documentation\/publications-sur-civa-et-la-simulation-en-cnd\/\" target=\"_self\">ici<\/a>. Les cas de validation pr\u00e9sent\u00e9s ici ne sont pas exhaustifs et n\u2019incluent pas tous les tests qui sont r\u00e9alis\u00e9s avant la sortie d\u2019une version de <span class=\"g-color1\">CIVA<\/span>. En particulier, le d\u00e9veloppement et l\u2019impl\u00e9mentation des nouveaux mod\u00e8les dans <span class=\"g-color1\">CIVA<\/span> incluent une \u00e9tude de validation qui est g\u00e9n\u00e9ralement pr\u00e9sent\u00e9e dans le cadre des congr\u00e8s CND d\u2019envergure internationale.<\/p>\n<p>&nbsp;<\/p>\n<h2 class=\"titre-paragraphe\">Votre participation \u00e0 la validation de CIVA<\/h2>\n<p>Le partage des exp\u00e9riences \u00e9tant b\u00e9n\u00e9fique pour tous, nous serions enchant\u00e9s de recevoir vos contributions \u00e0 ces travaux de validation.<\/p>\n<p>Si vous disposez de cas de validation et\/ou d\u2019articles que vous souhaitez partager avec la communaut\u00e9 des utilisateurs de <span class=\"g-color1\">CIVA<\/span>, n\u2019h\u00e9sitez pas et <a class=\"g-lien\" href=\"https:\/\/www.extende.com\/fr\/contact\/\" target=\"_self\">contactez-nous<\/a> afin que nous puissions les mettre en ligne sur notre site Internet.<\/p>\n","protected":false},"excerpt":{"rendered":"<p>Validation Le logiciel CIVA est une plateforme d\u2019expertise pour le contr\u00f4le non destructif, compos\u00e9e de modules de simulation, d\u2019imagerie et d\u2019analyse, qui permettent de concevoir et d\u2019optimiser les m\u00e9thodes d\u2019inspection et de pr\u00e9dire leurs performances dans des configurations de contr\u00f4le r\u00e9alistes. Le logiciel est bas\u00e9 sur des m\u00e9thodes semi-analytiques de mani\u00e8re \u00e0 obtenir des r\u00e9sultats [&hellip;]<\/p>\n","protected":false},"author":2,"featured_media":0,"parent":2803,"menu_order":1,"comment_status":"closed","ping_status":"closed","template":"templates\/page--extende.html.php","meta":{"_acf_changed":false,"footnotes":""},"class_list":["post-2897","page","type-page","status-publish","hentry"],"acf":[],"_links":{"self":[{"href":"https:\/\/www.extende.com\/fr\/wp-json\/wp\/v2\/pages\/2897","targetHints":{"allow":["GET"]}}],"collection":[{"href":"https:\/\/www.extende.com\/fr\/wp-json\/wp\/v2\/pages"}],"about":[{"href":"https:\/\/www.extende.com\/fr\/wp-json\/wp\/v2\/types\/page"}],"author":[{"embeddable":true,"href":"https:\/\/www.extende.com\/fr\/wp-json\/wp\/v2\/users\/2"}],"replies":[{"embeddable":true,"href":"https:\/\/www.extende.com\/fr\/wp-json\/wp\/v2\/comments?post=2897"}],"version-history":[{"count":2,"href":"https:\/\/www.extende.com\/fr\/wp-json\/wp\/v2\/pages\/2897\/revisions"}],"predecessor-version":[{"id":6145,"href":"https:\/\/www.extende.com\/fr\/wp-json\/wp\/v2\/pages\/2897\/revisions\/6145"}],"up":[{"embeddable":true,"href":"https:\/\/www.extende.com\/fr\/wp-json\/wp\/v2\/pages\/2803"}],"wp:attachment":[{"href":"https:\/\/www.extende.com\/fr\/wp-json\/wp\/v2\/media?parent=2897"}],"curies":[{"name":"wp","href":"https:\/\/api.w.org\/{rel}","templated":true}]}}