{"id":2899,"date":"2025-06-24T18:33:12","date_gmt":"2025-06-24T16:33:12","guid":{"rendered":"https:\/\/www.extende.com\/la-simulation-cnd\/documentation\/validation-experimentale-des-modeles-civa\/validation-experimentale-des-modeles-civa-en-ultrasons\/"},"modified":"2025-07-04T17:49:20","modified_gmt":"2025-07-04T15:49:20","slug":"validation-experimentale-des-modeles-civa-en-ultrasons","status":"publish","type":"page","link":"https:\/\/www.extende.com\/fr\/la-simulation-cnd\/documentation\/validation-experimentale-des-modeles-civa\/validation-experimentale-des-modeles-civa-en-ultrasons\/","title":{"rendered":"Validation exp\u00e9rimentale des mod\u00e8les CIVA en Ultrasons"},"content":{"rendered":"<p>Les cas de validation pr\u00e9sent\u00e9s dans cette section correspondent \u00e0 des configurations d&rsquo;inspections UT et ET. La validation du module RT n\u2019est pas publi\u00e9e pour l\u2019instant.<\/p>\n","protected":false},"excerpt":{"rendered":"<p>Les objectifs de validation exp\u00e9rimentale et de caract\u00e9risation des mod\u00e8les de CIVA, logiciel de simulation CND<\/p>\n","protected":false},"author":2,"featured_media":0,"parent":2897,"menu_order":0,"comment_status":"closed","ping_status":"closed","template":"templates\/page--extende.html.php","meta":{"_acf_changed":false,"footnotes":""},"class_list":["post-2899","page","type-page","status-publish","hentry"],"acf":[],"_links":{"self":[{"href":"https:\/\/www.extende.com\/fr\/wp-json\/wp\/v2\/pages\/2899","targetHints":{"allow":["GET"]}}],"collection":[{"href":"https:\/\/www.extende.com\/fr\/wp-json\/wp\/v2\/pages"}],"about":[{"href":"https:\/\/www.extende.com\/fr\/wp-json\/wp\/v2\/types\/page"}],"author":[{"embeddable":true,"href":"https:\/\/www.extende.com\/fr\/wp-json\/wp\/v2\/users\/2"}],"replies":[{"embeddable":true,"href":"https:\/\/www.extende.com\/fr\/wp-json\/wp\/v2\/comments?post=2899"}],"version-history":[{"count":3,"href":"https:\/\/www.extende.com\/fr\/wp-json\/wp\/v2\/pages\/2899\/revisions"}],"predecessor-version":[{"id":6147,"href":"https:\/\/www.extende.com\/fr\/wp-json\/wp\/v2\/pages\/2899\/revisions\/6147"}],"up":[{"embeddable":true,"href":"https:\/\/www.extende.com\/fr\/wp-json\/wp\/v2\/pages\/2897"}],"wp:attachment":[{"href":"https:\/\/www.extende.com\/fr\/wp-json\/wp\/v2\/media?parent=2899"}],"curies":[{"name":"wp","href":"https:\/\/api.w.org\/{rel}","templated":true}]}}