{"id":2901,"date":"2025-06-24T18:33:12","date_gmt":"2025-06-24T16:33:12","guid":{"rendered":"https:\/\/www.extende.com\/la-simulation-cnd\/documentation\/validation-experimentale-des-modeles-civa\/validation-experimentale-des-modeles-civa-en-courants-de-foucault\/"},"modified":"2025-07-04T17:51:31","modified_gmt":"2025-07-04T15:51:31","slug":"validation-experimentale-des-modeles-civa-en-courants-de-foucault","status":"publish","type":"page","link":"https:\/\/www.extende.com\/fr\/la-simulation-cnd\/documentation\/validation-experimentale-des-modeles-civa\/validation-experimentale-des-modeles-civa-en-courants-de-foucault\/","title":{"rendered":"Validation exp\u00e9rimentale des mod\u00e8les CIVA en Courants de Foucault"},"content":{"rendered":"<p>Les cas de validation pr\u00e9sent\u00e9s dans cette section correspondent \u00e0 des configurations d&rsquo;inspections UT et ET. La validation du module RT n\u2019est pas publi\u00e9e pour l\u2019instant.<\/p>\n<p>&nbsp;<\/p>\n<p>Aller \u00e0<span style=\"font-weight: bolder;\">\u00a0<a href=\"https:\/\/www.extende.com\/fr\/la-simulation-cnd\/documentation\/validation-experimentale-des-modeles-civa\/validation-experimentale-des-modeles-civa-en-courants-de-foucault\/pieces-planes\/\">Pi\u00e8ces planes<\/a><\/span><\/p>\n<p>Aller \u00e0\u00a0<a href=\"https:\/\/www.extende.com\/fr\/la-simulation-cnd\/documentation\/validation-experimentale-des-modeles-civa\/validation-experimentale-des-modeles-civa-en-courants-de-foucault\/pieces-multicouches\/\"><span style=\"font-weight: bolder;\">Pi\u00e8ces multicouches<\/span><\/a><\/p>\n<p>Aller \u00e0\u00a0<a href=\"https:\/\/www.extende.com\/fr\/la-simulation-cnd\/documentation\/validation-experimentale-des-modeles-civa\/validation-experimentale-des-modeles-civa-en-courants-de-foucault\/tubes\/\"><span style=\"font-weight: bold;\">Tubes<\/span><\/a><\/p>\n","protected":false},"excerpt":{"rendered":"<p>Les objectifs de validation exp\u00e9rimentale et de caract\u00e9risation des mod\u00e8les de CIVA, logiciel de simulation CND<\/p>\n","protected":false},"author":2,"featured_media":0,"parent":2897,"menu_order":1,"comment_status":"closed","ping_status":"closed","template":"templates\/page--extende.html.php","meta":{"_acf_changed":false,"footnotes":""},"class_list":["post-2901","page","type-page","status-publish","hentry"],"acf":[],"_links":{"self":[{"href":"https:\/\/www.extende.com\/fr\/wp-json\/wp\/v2\/pages\/2901","targetHints":{"allow":["GET"]}}],"collection":[{"href":"https:\/\/www.extende.com\/fr\/wp-json\/wp\/v2\/pages"}],"about":[{"href":"https:\/\/www.extende.com\/fr\/wp-json\/wp\/v2\/types\/page"}],"author":[{"embeddable":true,"href":"https:\/\/www.extende.com\/fr\/wp-json\/wp\/v2\/users\/2"}],"replies":[{"embeddable":true,"href":"https:\/\/www.extende.com\/fr\/wp-json\/wp\/v2\/comments?post=2901"}],"version-history":[{"count":2,"href":"https:\/\/www.extende.com\/fr\/wp-json\/wp\/v2\/pages\/2901\/revisions"}],"predecessor-version":[{"id":6149,"href":"https:\/\/www.extende.com\/fr\/wp-json\/wp\/v2\/pages\/2901\/revisions\/6149"}],"up":[{"embeddable":true,"href":"https:\/\/www.extende.com\/fr\/wp-json\/wp\/v2\/pages\/2897"}],"wp:attachment":[{"href":"https:\/\/www.extende.com\/fr\/wp-json\/wp\/v2\/media?parent=2901"}],"curies":[{"name":"wp","href":"https:\/\/api.w.org\/{rel}","templated":true}]}}