{"id":2903,"date":"2025-06-24T18:33:12","date_gmt":"2025-06-24T16:33:12","guid":{"rendered":"https:\/\/www.extende.com\/la-simulation-cnd\/documentation\/validation-experimentale-des-modeles-civa\/validation-experimentale-des-modeles-civa-en-radiographie\/"},"modified":"2025-07-04T17:52:59","modified_gmt":"2025-07-04T15:52:59","slug":"validation-experimentale-des-modeles-civa-en-radiographie","status":"publish","type":"page","link":"https:\/\/www.extende.com\/fr\/la-simulation-cnd\/documentation\/validation-experimentale-des-modeles-civa\/validation-experimentale-des-modeles-civa-en-radiographie\/","title":{"rendered":"Validation exp\u00e9rimentale des mod\u00e8les CIVA en Radiographie"},"content":{"rendered":"<p>Les cas de validation pr\u00e9sent\u00e9s dans cette section correspondent \u00e0 des configurations d&rsquo;inspections UT, ET et RT.<\/p>\n","protected":false},"excerpt":{"rendered":"<p>Les cas de validation pr\u00e9sent\u00e9s dans cette section correspondent \u00e0 des configurations d&rsquo;inspections UT, ET et RT.<\/p>\n","protected":false},"author":2,"featured_media":0,"parent":2897,"menu_order":2,"comment_status":"closed","ping_status":"closed","template":"templates\/page--extende.html.php","meta":{"_acf_changed":false,"footnotes":""},"class_list":["post-2903","page","type-page","status-publish","hentry"],"acf":[],"_links":{"self":[{"href":"https:\/\/www.extende.com\/fr\/wp-json\/wp\/v2\/pages\/2903","targetHints":{"allow":["GET"]}}],"collection":[{"href":"https:\/\/www.extende.com\/fr\/wp-json\/wp\/v2\/pages"}],"about":[{"href":"https:\/\/www.extende.com\/fr\/wp-json\/wp\/v2\/types\/page"}],"author":[{"embeddable":true,"href":"https:\/\/www.extende.com\/fr\/wp-json\/wp\/v2\/users\/2"}],"replies":[{"embeddable":true,"href":"https:\/\/www.extende.com\/fr\/wp-json\/wp\/v2\/comments?post=2903"}],"version-history":[{"count":2,"href":"https:\/\/www.extende.com\/fr\/wp-json\/wp\/v2\/pages\/2903\/revisions"}],"predecessor-version":[{"id":6152,"href":"https:\/\/www.extende.com\/fr\/wp-json\/wp\/v2\/pages\/2903\/revisions\/6152"}],"up":[{"embeddable":true,"href":"https:\/\/www.extende.com\/fr\/wp-json\/wp\/v2\/pages\/2897"}],"wp:attachment":[{"href":"https:\/\/www.extende.com\/fr\/wp-json\/wp\/v2\/media?parent=2903"}],"curies":[{"name":"wp","href":"https:\/\/api.w.org\/{rel}","templated":true}]}}