{"id":2905,"date":"2025-06-24T18:33:12","date_gmt":"2025-06-24T16:33:12","guid":{"rendered":"https:\/\/www.extende.com\/la-simulation-cnd\/documentation\/validation-experimentale-des-modeles-civa\/validation-experimentale-des-modeles-civa-en-ultrasons\/ultrasons-reflecteurs-artificiels\/"},"modified":"2025-06-24T18:52:15","modified_gmt":"2025-06-24T16:52:15","slug":"ultrasons-reflecteurs-artificiels","status":"publish","type":"page","link":"https:\/\/www.extende.com\/fr\/la-simulation-cnd\/documentation\/validation-experimentale-des-modeles-civa\/validation-experimentale-des-modeles-civa-en-ultrasons\/ultrasons-reflecteurs-artificiels\/","title":{"rendered":"Ultrasons &#8211; R\u00e9flecteurs artificiels"},"content":{"rendered":"<p>Lors d\u2019une inspection, l\u2019\u00e9talonnage est g\u00e9n\u00e9ralement r\u00e9alis\u00e9 sur des trous g\u00e9n\u00e9ratrices (TG) ou des trous \u00e0 fond plat (TFP).<\/p>\n<\/p>\n<p>Les trous g\u00e9n\u00e9ratrices (TG) sont utilis\u00e9s :<\/p>\n<\/p>\n<ul class=\"liste-carres-noirs\">\n<li>Pour l&rsquo;\u00e9talonnage des capteurs<\/li>\n<li>Comme r\u00e9flecteurs pour la r\u00e9f\u00e9rence d&rsquo;amplitude<\/li>\n<\/ul>\n<p>\u00a0<\/p>\n<\/p>\n<p><span style=\"line-height: 1.5em;\">Les r\u00e9flecteurs trous \u00e0 fond plat (TFP) sont souvent utilis\u00e9s :<\/span><\/p>\n<\/p>\n<ul class=\"liste-carres-noirs\">\n<li>Pour l&rsquo;\u00e9talonnage des capteurs<\/li>\n<li>Comme r\u00e9flecteurs pour la r\u00e9f\u00e9rence d&rsquo;amplitude<\/li>\n<li>Afin de d\u00e9terminer le diam\u00e8tre efficace d&rsquo;un faisceau<\/li>\n<li>Pour calculer les courbes DGS (Distance Gain Size)<\/li>\n<\/ul>\n<p>\u00a0<\/p>\n<\/p>\n<p>Seront \u00e9tudi\u00e9s ici les \u00e9chos obtenus pour des trous g\u00e9n\u00e9ratrice (TG) de \u00d82 mm \u00e0 diff\u00e9rentes profondeurs, et les \u00e9chos g\u00e9n\u00e9r\u00e9s par des Trous \u00e0 Fond Plat (TFP) \u00e0 diff\u00e9rentes profondeurs et avec diff\u00e9rents capteurs au contact ou en immersion. Les signaux obtenus pour les TG et TFP seront ensuite compar\u00e9s.<\/p>\n<\/p>\n<p>\u00a0<\/p>\n<\/p>\n<p><a class=\"lien2\" href=\"https:\/\/www.extende.com\/fr\/la-simulation-cnd\/documentation\/validation-experimentale-des-modeles-civa\/validation-experimentale-des-modeles-civa-en-ultrasons\/ultrasons-reflecteurs-artificiels\/reflecteurs-generatrices\/\" target=\"_self\">R\u00e9flecteurs g\u00e9n\u00e9ratrices<\/a><\/p>\n<\/p>\n<p><a class=\"lien2\" href=\"https:\/\/www.extende.com\/fr\/la-simulation-cnd\/documentation\/validation-experimentale-des-modeles-civa\/validation-experimentale-des-modeles-civa-en-ultrasons\/ultrasons-reflecteurs-artificiels\/reflecteurs-trous-a-fond-plat\/\" target=\"_self\">R\u00e9flecteurs trous \u00e0 fond plat<\/a><\/p>\n<\/p>\n<p><a class=\"lien2\" href=\"https:\/\/www.extende.com\/fr\/la-simulation-cnd\/documentation\/validation-experimentale-des-modeles-civa\/validation-experimentale-des-modeles-civa-en-ultrasons\/ultrasons-reflecteurs-artificiels\/comparaison-tfp-tg\/\" target=\"_self\">Comparaison TG &#8211; TFP<\/a><\/p><\/p>\n","protected":false},"excerpt":{"rendered":"<p>Validation exp\u00e9rimentale et caract\u00e9risation des mod\u00e8les Ultrasons de CIVA, r\u00e9flecteurs artificiels, logiciel de simulation CND<\/p>\n","protected":false},"author":0,"featured_media":0,"parent":2899,"menu_order":0,"comment_status":"closed","ping_status":"closed","template":"templates\/page--extende.html.php","meta":{"_acf_changed":false,"footnotes":""},"class_list":["post-2905","page","type-page","status-publish","hentry"],"acf":[],"_links":{"self":[{"href":"https:\/\/www.extende.com\/fr\/wp-json\/wp\/v2\/pages\/2905","targetHints":{"allow":["GET"]}}],"collection":[{"href":"https:\/\/www.extende.com\/fr\/wp-json\/wp\/v2\/pages"}],"about":[{"href":"https:\/\/www.extende.com\/fr\/wp-json\/wp\/v2\/types\/page"}],"replies":[{"embeddable":true,"href":"https:\/\/www.extende.com\/fr\/wp-json\/wp\/v2\/comments?post=2905"}],"version-history":[{"count":1,"href":"https:\/\/www.extende.com\/fr\/wp-json\/wp\/v2\/pages\/2905\/revisions"}],"predecessor-version":[{"id":5729,"href":"https:\/\/www.extende.com\/fr\/wp-json\/wp\/v2\/pages\/2905\/revisions\/5729"}],"up":[{"embeddable":true,"href":"https:\/\/www.extende.com\/fr\/wp-json\/wp\/v2\/pages\/2899"}],"wp:attachment":[{"href":"https:\/\/www.extende.com\/fr\/wp-json\/wp\/v2\/media?parent=2905"}],"curies":[{"name":"wp","href":"https:\/\/api.w.org\/{rel}","templated":true}]}}