{"id":2907,"date":"2025-06-24T18:33:12","date_gmt":"2025-06-24T16:33:12","guid":{"rendered":"https:\/\/www.extende.com\/la-simulation-cnd\/documentation\/validation-experimentale-des-modeles-civa\/validation-experimentale-des-modeles-civa-en-ultrasons\/ultrasons-comparaison-damplitude-entre-differentes-configurations-dans-civa\/"},"modified":"2025-06-24T18:52:15","modified_gmt":"2025-06-24T16:52:15","slug":"ultrasons-comparaison-damplitude-entre-differentes-configurations-dans-civa","status":"publish","type":"page","link":"https:\/\/www.extende.com\/fr\/la-simulation-cnd\/documentation\/validation-experimentale-des-modeles-civa\/validation-experimentale-des-modeles-civa-en-ultrasons\/ultrasons-comparaison-damplitude-entre-differentes-configurations-dans-civa\/","title":{"rendered":"Ultrasons &#8211; Comparaison d&rsquo;amplitude entre diff\u00e9rentes configurations dans CIVA"},"content":{"rendered":"<p>Avant toute comparaison d\u2019\u00e9chos, il faut s\u2019assurer que le signal d\u2019entr\u00e9e utilis\u00e9 dans les simulations est en accord avec certaines <a class=\"g-lien\" href=\"https:\/\/www.extende.com\/fr\/la-simulation-cnd\/documentation\/validation-experimentale-des-modeles-civa\/validation-experimentale-des-modeles-civa-en-ultrasons\/ultrasons-etalonnage\/\" target=\"_self\">r\u00e8gles d&rsquo;\u00e9talonnage<\/a>. Il est important d\u2019\u00e9talonner les valeurs par rapport \u00e0 une r\u00e9f\u00e9rence.<\/p>\n<\/p>\n<p>Pour tous les calculs r\u00e9alis\u00e9s dans le module Civa UT, l\u2019unit\u00e9 par d\u00e9faut est le \u00ab\u00a0point\u00a0\u00bb (pts) correspondant \u00e0 une unit\u00e9 absolue pour l\u2019amplitude du signal. Dans toutes les images de r\u00e9sultats (A-scan, B-scan, etc\u2026), Civa fournit syst\u00e9matiquement des amplitudes relatives en dB ou en %, le choix de l\u2019unit\u00e9 par d\u00e9faut entre dB et % pouvant \u00eatre d\u00e9fini dans le menu des pr\u00e9f\u00e9rences de Civa. Cette amplitude relative correspond au rapport entre l\u2019amplitude courante et l\u2019amplitude de r\u00e9f\u00e9rence d\u00e9finie lors de l\u2019\u00e9talonnage.<\/p>\n<\/p>\n<p>Il est souvent possible de comparer les amplitudes en points entre diff\u00e9rents fichiers de simulation Civa. Cependant quelques pr\u00e9cautions sont \u00e0 prendre avant de mener ces comparaisons. Tout d\u2019abord, lorsque les signaux d\u2019entr\u00e9e de deux configurations sont diff\u00e9rents, il faut s\u2019assurer que <span class=\"g-color2\">l&rsquo;amplitude maximale des signaux d&rsquo;entr\u00e9e est la m\u00eame<\/span>. En utilisant un signal param\u00e9trique, il est conseill\u00e9 de conserver la valeur par d\u00e9faut (100%).<\/p>\n<\/p>\n<p>Nous allons discuter dans cette page de la validit\u00e9 des comparaisons d\u2019amplitudes dans diff\u00e9rents cas pratiques :<\/p>\n<\/p>\n<p>\u00a0<\/p>\n<\/p>\n<div class=\"corner-wrapper\">\n<div class=\"corner-frame\">Note : Le terme \u00ab\u00a0traducteur\u00a0\u00bb se r\u00e9f\u00e8re \u00e0 un \u00e9l\u00e9ment pi\u00e9zo-\u00e9lectrique et par cons\u00e9quent \u00ab\u00a0utilisant le m\u00eame traducteur\u00a0\u00bb implique que le mat\u00e9riau pi\u00e9zo-\u00e9lectrique et la g\u00e9om\u00e9trie de la pastille ne changent pas. On rappelle que l\u2019\u00e9paisseur de la pastille est directement reli\u00e9e \u00e0 la fr\u00e9quence de r\u00e9sonnance et donc \u00e0 la fr\u00e9quence centrale du traducteur correspondant.<\/div>\n<\/div>\n<p>\u00a0<\/p>\n<\/p>\n<h2 class=\"titre-accordeon\">COMPARAISON ENTRE DEUX CONFIGURATIONS D\u2019INSPECTION UTILISANT LE M\u00caME TRADUCTEUR (M\u00caMES FR\u00c9QUENCE, OUVERTURE\u2026)<\/h2>\n<\/p>\n<p>Dans ce cas il est possible de comparer directement les amplitudes absolues (en points).<br \/>\nLa simulation permet alors d\u2019\u00e9valuer assez pr\u00e9cis\u00e9ment l\u2019influence des diff\u00e9rents param\u00e8tres d\u2019inspection (angle d\u2019incidence, propri\u00e9t\u00e9s du mat\u00e9riau, conditions de couplage\u2026).<\/p>\n<\/p>\n<p>\u00a0<\/p>\n<\/p>\n<h2 class=\"titre-accordeon\">COMPARAISON ENTRE DEUX\u00a0configurations d&rsquo;inspection utilisant le m\u00eame traducteur mais avec un signal d&rsquo;entr\u00e9e \u00e9chantillon\u00e9 diff\u00e9remment\u00a0(FR\u00c9QUENCE D\u2019\u00c9CHANTILLONNAGE OU NOMBRE DE POINTS)<\/h2>\n<\/p>\n<p>Dans ce cas il est \u00e9galement possible de comparer directement les amplitudes absolues \u00e0 partir du moment o\u00f9 le signal est correctement <a class=\"g-lien\" href=\"https:\/\/www.extende.com\/fr\/la-simulation-cnd\/documentation\/validation-experimentale-des-modeles-civa\/validation-experimentale-des-modeles-civa-en-ultrasons\/ultrasons-etalonnage\/ut-etalonnage-le-signal-dentree-dans-civa\/\" target=\"_self\">\u00e9chantillonn\u00e9<\/a>.<\/p>\n<\/p>\n<p>\u00a0<\/p>\n<\/p>\n<h2 class=\"titre-accordeon\">COMPARAISON ENTRE DEUX\u00a0configurations d&rsquo;inspection utilisant des traducteurs fonctionnant \u00e0 la m\u00eame fr\u00e9quence et de m\u00eame \u00e9paisseur mais avec diff\u00e9rentes ouvertures\u00a0(FORME ET DIMENSIONS DE LA PASTILLE DIFF\u00c9RENTES)<\/h2>\n<\/p>\n<p>Il est encore possible de r\u00e9aliser une comparaison directe entre les amplitudes absolues dans ce cas. En effet, on peut raisonnablement penser que les ph\u00e9nom\u00e8nes de transduction \u00e9lectro-acoustique et la vitesse particulaire ne varient pas avec les dimensions de la pastille (par exemple, le diam\u00e8tre pour un capteur circulaire). Le mod\u00e8le consid\u00e8re que la pastille agit comme un piston, la vitesse est uniforme \u00e0 sa surface quelles que soient la forme et les dimensions de la pastille pi\u00e9zo-\u00e9lectrique.<\/p>\n<\/p>\n<p>\u00a0<\/p>\n<\/p>\n<h2 class=\"titre-accordeon\">COMPARAISON ENTRE DEUX CONFIGURATIONS D\u2019INSPECTION UTILISANT DES TRADUCTEURS FONCTIONNANT \u00c0 DES FR\u00c9QUENCES DIFF\u00c9RENTES<\/h2>\n<\/p>\n<p>Dans ce cas il n\u2019est pas possible de comparer directement les amplitudes absolues. Ceci est d\u00fb au fait que la fr\u00e9quence n\u2019influence pas seulement la propagation des ondes et l\u2019interaction avec le d\u00e9faut mais aussi la transduction \u00e9lectro-acoustique (qui n\u2019est pas prise en compte par Civa). Cependant, la comparaison entre ces diff\u00e9rentes configurations peut \u00eatre faite par rapport \u00e0 un \u00e9talon, en \u00e9tudiant la variation d\u2019amplitude normalis\u00e9e des \u00e9chos par rapport \u00e0 la fr\u00e9quence (c\u2019est-\u00e0-dire en r\u00e9f\u00e9ren\u00e7ant dans chaque cas l\u2019amplitude par rapport \u00e0 un r\u00e9flecteur-\u00e9talon). Ceci se rapproche de ce qui est pratiqu\u00e9 exp\u00e9rimentalement, o\u00f9 l\u2019\u00e9talonnage est r\u00e9alis\u00e9 pour chaque capteur.<\/p>\n<\/p>\n<p>Afin d\u2019\u00e9tudier les variations des amplitudes des \u00e9chos simul\u00e9s en fonction de la fr\u00e9quence, l\u2019utilisateur de Civa doit :<\/p>\n<\/p>\n<ul class=\"liste-carres-noirs\">\n<li>R\u00e9aliser des mesures \u00e0 chaque fr\u00e9quence : un sur le d\u00e9faut et un sur l\u2019\u00e9talon.<\/li>\n<li>R\u00e9aliser des simulations de ces deux configurations d\u2019inspection \u00e0 chaque fr\u00e9quence, en utilisant un signal d\u2019entr\u00e9e adapt\u00e9 dans chaque cas.<\/li>\n<li>Normaliser l\u2019amplitude des \u00e9chos par rapport \u00e0 l\u2019\u00e9cho du r\u00e9flecteur-\u00e9talon pour chacun des r\u00e9sultats des simulations et des exp\u00e9riences.<\/li>\n<\/ul>\n<p>Lors du choix du r\u00e9flecteur-\u00e9talon, il est n\u00e9cessaire de s\u2019assurer que l\u2019on respecte des crit\u00e8res d\u00e9finis <a class=\"g-lien\" href=\"https:\/\/www.extende.com\/fr\/la-simulation-cnd\/documentation\/validation-experimentale-des-modeles-civa\/validation-experimentale-des-modeles-civa-en-ultrasons\/ultrasons-etalonnage\/ut-etalonnage-le-reflecteur-etalon\/\" target=\"_self\">ici<\/a>.<\/p>\n<\/p>\n<p>\u00a0<\/p>\n<\/p>\n<div class=\"corner-wrapper\">\n<div class=\"corner-frame\">Note : Pour prendre en compte l\u2019att\u00e9nuation, il faut se r\u00e9f\u00e9rer au <a class=\"g-lien\" href=\"https:\/\/www.extende.com\/fr\/la-simulation-cnd\/documentation\/validation-experimentale-des-modeles-civa\/validation-experimentale-des-modeles-civa-en-ultrasons\/ultrasons-etalonnage\/ut-etalonnage-le-signal-dentree-dans-civa\/\" target=\"_self\">choix du signal d&rsquo;entr\u00e9e<\/a>.<\/div>\n<\/div>\n<p>\u00a0<\/p>\n<\/p>\n<h2 class=\"titre-accordeon\">COMPARAISON ENTRE DEUX CONFIGURATIONS D\u2019INSPECTION UTILISANT DIFF\u00c9RENTS TRADUCTEURS (\u00c9PAISSEURS DIFF\u00c9RENTES) \u00c0 LA M\u00caME FR\u00c9QUENCE<\/h2>\n<\/p>\n<p>L\u2019\u00e9paisseur des pastilles \u00e9tant diff\u00e9rente, les amplitudes absolues ne sont pas directement comparables. La m\u00e9thode \u00e0 utiliser est alors la m\u00eame que celle qui permet de comparer des configurations d&rsquo;inspection utilisant des traducteurs fonctionnant \u00e0 des fr\u00e9quences diff\u00e9rentes.<\/p><\/p>\n","protected":false},"excerpt":{"rendered":"<p>Validation exp\u00e9rimentale et caract\u00e9risation des mod\u00e8les de CIVA, logiciel de simulation CND, comparaison d&rsquo;amplitude entre configurations<\/p>\n","protected":false},"author":0,"featured_media":0,"parent":2899,"menu_order":1,"comment_status":"closed","ping_status":"closed","template":"templates\/page--extende.html.php","meta":{"_acf_changed":false,"footnotes":""},"class_list":["post-2907","page","type-page","status-publish","hentry"],"acf":[],"_links":{"self":[{"href":"https:\/\/www.extende.com\/fr\/wp-json\/wp\/v2\/pages\/2907","targetHints":{"allow":["GET"]}}],"collection":[{"href":"https:\/\/www.extende.com\/fr\/wp-json\/wp\/v2\/pages"}],"about":[{"href":"https:\/\/www.extende.com\/fr\/wp-json\/wp\/v2\/types\/page"}],"replies":[{"embeddable":true,"href":"https:\/\/www.extende.com\/fr\/wp-json\/wp\/v2\/comments?post=2907"}],"version-history":[{"count":1,"href":"https:\/\/www.extende.com\/fr\/wp-json\/wp\/v2\/pages\/2907\/revisions"}],"predecessor-version":[{"id":5731,"href":"https:\/\/www.extende.com\/fr\/wp-json\/wp\/v2\/pages\/2907\/revisions\/5731"}],"up":[{"embeddable":true,"href":"https:\/\/www.extende.com\/fr\/wp-json\/wp\/v2\/pages\/2899"}],"wp:attachment":[{"href":"https:\/\/www.extende.com\/fr\/wp-json\/wp\/v2\/media?parent=2907"}],"curies":[{"name":"wp","href":"https:\/\/api.w.org\/{rel}","templated":true}]}}