{"id":2911,"date":"2025-06-24T18:33:12","date_gmt":"2025-06-24T16:33:12","guid":{"rendered":"https:\/\/www.extende.com\/la-simulation-cnd\/documentation\/validation-experimentale-des-modeles-civa\/validation-experimentale-des-modeles-civa-en-ultrasons\/ultrasons-multielements\/"},"modified":"2025-06-24T18:52:15","modified_gmt":"2025-06-24T16:52:15","slug":"ultrasons-multielements","status":"publish","type":"page","link":"https:\/\/www.extende.com\/fr\/la-simulation-cnd\/documentation\/validation-experimentale-des-modeles-civa\/validation-experimentale-des-modeles-civa-en-ultrasons\/ultrasons-multielements\/","title":{"rendered":"Ultrasons &#8211; Multi\u00e9l\u00e9ments"},"content":{"rendered":"<p>Les configurations mettant en jeu des capteurs multi\u00e9l\u00e9ments se rencontrent fr\u00e9quemment en CND. Pour ces capteurs, le calcul des lois de retards est fondamental et doit \u00eatre valide. Dans cette page, les travaux porteront sur la caract\u00e9risation exp\u00e9rimentale de capteurs multi\u00e9l\u00e9ments (lin\u00e9aires et matriciels) auxquels ont \u00e9t\u00e9 appliqu\u00e9es diff\u00e9rentes lois de retard disponibles dans CIVA10 (focalisation en un point ou plusieurs, d\u00e9viation angulaire, focalisation angle et profondeur). Pour ce faire, les pr\u00e9dictions de CIVA pour les \u00e9chos sp\u00e9culaires de r\u00e9flecteurs de r\u00e9f\u00e9rence (trous g\u00e9n\u00e9ratrices et trous \u00e0 fond plats) situ\u00e9s dans des pi\u00e8ces planes homog\u00e8nes isotropes seront confront\u00e9es aux r\u00e9sultats exp\u00e9rimentaux obtenus avec des capteurs multi\u00e9l\u00e9ments lin\u00e9aires et matriciels. L\u2019\u00e9tude des r\u00e9ponses de trous g\u00e9n\u00e9ratrices situ\u00e9s \u00e0 diff\u00e9rentes profondeurs permettra de confronter l\u2019angle de r\u00e9fraction entr\u00e9 dans CIVA avec celui mesur\u00e9 exp\u00e9rimentalement. L\u2019\u00e9tude des r\u00e9ponses de trous \u00e0 fond plat \u00e0 diff\u00e9rentes profondeurs permettra de mesurer les caract\u00e9ristiques du champ \u00e9mis dans la pi\u00e8ce dans le cas de lois de retards avec focalisation (t\u00e2che, profondeur focale\u2026).<\/p>\n<\/p>\n<p>\u00a0<\/p>\n<\/p>\n<p><a class=\"lien2\" href=\"https:\/\/www.extende.com\/fr\/la-simulation-cnd\/documentation\/validation-experimentale-des-modeles-civa\/validation-experimentale-des-modeles-civa-en-ultrasons\/ultrasons-multielements\/ut-multielements-generalites-sur-les-multielements\/\" target=\"_self\">G\u00e9n\u00e9ralit\u00e9s sur les multi\u00e9l\u00e9ments<\/a><\/p>\n<\/p>\n<p><a class=\"lien2\" href=\"https:\/\/www.extende.com\/fr\/la-simulation-cnd\/documentation\/validation-experimentale-des-modeles-civa\/validation-experimentale-des-modeles-civa-en-ultrasons\/ultrasons-multielements\/ut-multielements-configurations-experimentales-de-simulation\/\" target=\"_self\">Configurations experimentales de simulation<\/a><\/p>\n<\/p>\n<p><a class=\"lien2\" href=\"https:\/\/www.extende.com\/fr\/la-simulation-cnd\/documentation\/validation-experimentale-des-modeles-civa\/validation-experimentale-des-modeles-civa-en-ultrasons\/ultrasons-multielements\/ut-multielements-resultats-pour-lalgorithme-de-focalisation-en-differents-points\/\" target=\"_self\">R\u00e9sultats pour l&rsquo;algorithme de focalisation en diff\u00e9rents points<\/a><\/p>\n<\/p>\n<p class=\"titre-paragraphe\"><a class=\"lien2\" href=\"https:\/\/www.extende.com\/fr\/la-simulation-cnd\/documentation\/validation-experimentale-des-modeles-civa\/validation-experimentale-des-modeles-civa-en-ultrasons\/ultrasons-multielements\/ut-multielements-resultats-pour-lalgorithme-de-balayage-angulaire\/\" target=\"_self\">R\u00e9sultats pour l&rsquo;algorithme de balayage angulaire<\/a><\/p>\n<\/p>\n<p class=\"titre-paragraphe\"><a class=\"lien2\" href=\"https:\/\/www.extende.com\/fr\/la-simulation-cnd\/documentation\/validation-experimentale-des-modeles-civa\/validation-experimentale-des-modeles-civa-en-ultrasons\/ultrasons-multielements\/ut-multielements-resultats-pour-lalgorithme-de-balayage-angle-et-profondeur\/\" target=\"_self\">R\u00e9sultats pour l&rsquo;algorithme de balayage angle et profondeur<\/a><\/p>\n<\/p>\n<p class=\"titre-paragraphe\"><a class=\"lien2\" href=\"https:\/\/www.extende.com\/fr\/la-simulation-cnd\/documentation\/validation-experimentale-des-modeles-civa\/validation-experimentale-des-modeles-civa-en-ultrasons\/ultrasons-multielements\/ut-multielements-conclusion-generale\/\" target=\"_self\">Conclusion g\u00e9n\u00e9rale<\/a><\/p><\/p>\n","protected":false},"excerpt":{"rendered":"<p>Validation exp\u00e9rimentale et caract\u00e9risation des mod\u00e8les Ultrasons de CIVA, Multi\u00e9l\u00e9ments, logiciel de simulation CND<\/p>\n","protected":false},"author":0,"featured_media":0,"parent":2899,"menu_order":3,"comment_status":"closed","ping_status":"closed","template":"templates\/page--extende.html.php","meta":{"_acf_changed":false,"footnotes":""},"class_list":["post-2911","page","type-page","status-publish","hentry"],"acf":[],"_links":{"self":[{"href":"https:\/\/www.extende.com\/fr\/wp-json\/wp\/v2\/pages\/2911","targetHints":{"allow":["GET"]}}],"collection":[{"href":"https:\/\/www.extende.com\/fr\/wp-json\/wp\/v2\/pages"}],"about":[{"href":"https:\/\/www.extende.com\/fr\/wp-json\/wp\/v2\/types\/page"}],"replies":[{"embeddable":true,"href":"https:\/\/www.extende.com\/fr\/wp-json\/wp\/v2\/comments?post=2911"}],"version-history":[{"count":1,"href":"https:\/\/www.extende.com\/fr\/wp-json\/wp\/v2\/pages\/2911\/revisions"}],"predecessor-version":[{"id":5735,"href":"https:\/\/www.extende.com\/fr\/wp-json\/wp\/v2\/pages\/2911\/revisions\/5735"}],"up":[{"embeddable":true,"href":"https:\/\/www.extende.com\/fr\/wp-json\/wp\/v2\/pages\/2899"}],"wp:attachment":[{"href":"https:\/\/www.extende.com\/fr\/wp-json\/wp\/v2\/media?parent=2911"}],"curies":[{"name":"wp","href":"https:\/\/api.w.org\/{rel}","templated":true}]}}