{"id":2913,"date":"2025-06-24T18:33:12","date_gmt":"2025-06-24T16:33:12","guid":{"rendered":"https:\/\/www.extende.com\/la-simulation-cnd\/documentation\/validation-experimentale-des-modeles-civa\/validation-experimentale-des-modeles-civa-en-ultrasons\/ultrasons-tofd\/"},"modified":"2025-06-24T18:52:15","modified_gmt":"2025-06-24T16:52:15","slug":"ultrasons-tofd","status":"publish","type":"page","link":"https:\/\/www.extende.com\/fr\/la-simulation-cnd\/documentation\/validation-experimentale-des-modeles-civa\/validation-experimentale-des-modeles-civa-en-ultrasons\/ultrasons-tofd\/","title":{"rendered":"Ultrasons &#8211; TOFD"},"content":{"rendered":"<p>Cette page pr\u00e9sente quelques r\u00e9sultats de validation du logiciel CIVA pour des configurations d\u2019inspection TOFDT (Time Of Flight Diffraction Technique). En particulier, nous validons la pr\u00e9diction d\u2019\u00e9chos de diffractions d\u2019entailles. Comme on utilise la r\u00e9ponse d\u2019un d\u00e9faut de type trou de g\u00e9n\u00e9ratrice (TG) comme r\u00e9f\u00e9rence d\u2019\u00e9talonnage, nous commen\u00e7ons par la validation des r\u00e9ponses de ces d\u00e9fauts \u00e9talons par la technique TOFD. La validation des r\u00e9ponses d&rsquo;entailles verticales, de fond de pi\u00e8ce et d&rsquo;onde lat\u00e9rale est \u00e9galement pr\u00e9sent\u00e9e.<\/p>\n<\/p>\n<p>Les \u00e9carts entre les r\u00e9sultats de simulation et l&rsquo;exp\u00e9rience sont expliqu\u00e9s et r\u00e9sum\u00e9s dans chaque section.<\/p>\n<\/p>\n<p>\u00a0<\/p>\n<\/p>\n<div class=\"corner-wrapper\">\n<div class=\"corner-frame\">Remarque : Les r\u00e9sultats pr\u00e9sent\u00e9s dans cette page sont valides pour des capteurs \u00e0 bande passante standard (ici 66%). Des \u00e9tudes ont montr\u00e9 qu\u2019avec des capteurs \u00e0 large bande passante (sup\u00e9rieure \u00e0 80%), les amplitudes pr\u00e9dites par CIVA ne sont pas corr\u00e9l\u00e9es avec celles mesur\u00e9es exp\u00e9rimentalement. Ce n\u2019est pas le cas des temps de vol qui sont en g\u00e9n\u00e9ral bien simul\u00e9s. Par cons\u00e9quent, lors de simulations avec de tels capteurs, il est recommand\u00e9 de faire attention et de compl\u00e9ter l\u2019\u00e9tude de simulation par des validations exp\u00e9rimentales. Des \u00e9tudes sont toujours en cours pour tenter de rem\u00e9dier \u00e0 ce probl\u00e8me de mod\u00e9lisation.<\/div>\n<\/div>\n<p>\u00a0<\/p>\n<\/p>\n<p><a class=\"lien2\" href=\"https:\/\/www.extende.com\/fr\/la-simulation-cnd\/documentation\/validation-experimentale-des-modeles-civa\/validation-experimentale-des-modeles-civa-en-ultrasons\/ultrasons-tofd\/ut-tofd-generalites\/\" target=\"_self\">Generalit\u00e9s<\/a><\/p>\n<\/p>\n<p><a class=\"lien2\" href=\"https:\/\/www.extende.com\/fr\/la-simulation-cnd\/documentation\/validation-experimentale-des-modeles-civa\/validation-experimentale-des-modeles-civa-en-ultrasons\/ultrasons-tofd\/ut-tofd-presentation-des-configurations-etudiees\/\" target=\"_self\">Presentation des configurations \u00e9tudi\u00e9es<\/a><\/p>\n<\/p>\n<p><a class=\"lien2\" href=\"https:\/\/www.extende.com\/fr\/la-simulation-cnd\/documentation\/validation-experimentale-des-modeles-civa\/validation-experimentale-des-modeles-civa-en-ultrasons\/ultrasons-tofd\/ut-tofd-resultats-sur-des-trous-generatrices\/\" target=\"_blank\" title=\"(Nouvelle fen\u00eatre)\">R\u00e9sultats sur les Trous G\u00e9n\u00e9ratrices<\/a><\/p>\n<\/p>\n<p><a class=\"lien2\" href=\"https:\/\/www.extende.com\/fr\/la-simulation-cnd\/documentation\/validation-experimentale-des-modeles-civa\/validation-experimentale-des-modeles-civa-en-ultrasons\/ultrasons-tofd\/ut-tofd-resultats-sur-les-bords-hauts-dentailles\/\" target=\"_blank\" title=\"(Nouvelle fen\u00eatre)\">R\u00e9sultats sur les bords haut d&rsquo;entailles<\/a><\/p>\n<\/p>\n<p><a class=\"lien2\" href=\"https:\/\/www.extende.com\/fr\/la-simulation-cnd\/documentation\/validation-experimentale-des-modeles-civa\/validation-experimentale-des-modeles-civa-en-ultrasons\/ultrasons-tofd\/ut-tofd-resultats-sur-les-bords-bas-dentailles\/\" target=\"_blank\" title=\"(Nouvelle fen\u00eatre)\">R\u00e9sultats sur les bords bas d&rsquo;entaille<\/a><\/p>\n<\/p>\n<p><a class=\"lien2\" href=\"https:\/\/www.extende.com\/fr\/la-simulation-cnd\/documentation\/validation-experimentale-des-modeles-civa\/validation-experimentale-des-modeles-civa-en-ultrasons\/ultrasons-tofd\/ut-tofd-resultats-sur-les-echos-de-fond\/\" target=\"_blank\" title=\"(Nouvelle fen\u00eatre)\">R\u00e9sultats sur les \u00e9chos de fond<\/a><\/p>\n<\/p>\n<p><a class=\"lien2\" href=\"https:\/\/www.extende.com\/fr\/la-simulation-cnd\/documentation\/validation-experimentale-des-modeles-civa\/validation-experimentale-des-modeles-civa-en-ultrasons\/ultrasons-tofd\/ut-tofd-resultats-sur-les-ondes-laterales\/\" target=\"_blank\" title=\"(Nouvelle fen\u00eatre)\">R\u00e9sultats sur les ondes lat\u00e9rales<\/a><\/p><\/p>\n","protected":false},"excerpt":{"rendered":"<p>Validation exp\u00e9rimentale et caract\u00e9risation des mod\u00e8les Ultrasons de CIVA, TOFD, Time of flight diffraction, logiciel de simulation CND<\/p>\n","protected":false},"author":0,"featured_media":0,"parent":2899,"menu_order":4,"comment_status":"closed","ping_status":"closed","template":"templates\/page--extende.html.php","meta":{"_acf_changed":false,"footnotes":""},"class_list":["post-2913","page","type-page","status-publish","hentry"],"acf":[],"_links":{"self":[{"href":"https:\/\/www.extende.com\/fr\/wp-json\/wp\/v2\/pages\/2913","targetHints":{"allow":["GET"]}}],"collection":[{"href":"https:\/\/www.extende.com\/fr\/wp-json\/wp\/v2\/pages"}],"about":[{"href":"https:\/\/www.extende.com\/fr\/wp-json\/wp\/v2\/types\/page"}],"replies":[{"embeddable":true,"href":"https:\/\/www.extende.com\/fr\/wp-json\/wp\/v2\/comments?post=2913"}],"version-history":[{"count":1,"href":"https:\/\/www.extende.com\/fr\/wp-json\/wp\/v2\/pages\/2913\/revisions"}],"predecessor-version":[{"id":5737,"href":"https:\/\/www.extende.com\/fr\/wp-json\/wp\/v2\/pages\/2913\/revisions\/5737"}],"up":[{"embeddable":true,"href":"https:\/\/www.extende.com\/fr\/wp-json\/wp\/v2\/pages\/2899"}],"wp:attachment":[{"href":"https:\/\/www.extende.com\/fr\/wp-json\/wp\/v2\/media?parent=2913"}],"curies":[{"name":"wp","href":"https:\/\/api.w.org\/{rel}","templated":true}]}}