{"id":2915,"date":"2025-06-24T18:33:12","date_gmt":"2025-06-24T16:33:12","guid":{"rendered":"https:\/\/www.extende.com\/la-simulation-cnd\/documentation\/validation-experimentale-des-modeles-civa\/validation-experimentale-des-modeles-civa-en-ultrasons\/ultrasons-etalonnage\/"},"modified":"2025-06-24T18:52:15","modified_gmt":"2025-06-24T16:52:15","slug":"ultrasons-etalonnage","status":"publish","type":"page","link":"https:\/\/www.extende.com\/fr\/la-simulation-cnd\/documentation\/validation-experimentale-des-modeles-civa\/validation-experimentale-des-modeles-civa-en-ultrasons\/ultrasons-etalonnage\/","title":{"rendered":"Ultrasons &#8211; Etalonnage"},"content":{"rendered":"<p>Afin de simuler les inspections r\u00e9alis\u00e9es exp\u00e9rimentalement, il est n\u00e9cessaire que l\u2019utilisateur de <span class=\"g-color1\">CIVA<\/span> renseigne le signal d\u2019entr\u00e9e pour le module \u00ab\u00a0R\u00e9ponse D\u00e9faut\u00a0\u00bb. De plus, comme la transduction \u00e9lectro-acoustique n\u2019est pas prise en compte par le logiciel, il faut r\u00e9aliser un \u00e9talonnage de mani\u00e8re \u00e0 pouvoir comparer les amplitudes des signaux exp\u00e9rimentaux et des signaux simul\u00e9s par <span class=\"g-color1\">CIVA<\/span>.<\/p>\n<\/p>\n<p>Cette page traite :<\/p>\n<\/p>\n<ul class=\"liste-carres-noirs\">\n<li>Le signal d\u2019entr\u00e9e dans <span class=\"g-color1\">CIVA<\/span><\/li>\n<li>L\u2019amplitude de r\u00e9f\u00e9rence<\/li>\n<li>Le r\u00e9flecteur-\u00e9talon<\/li>\n<\/ul>\n<p>Les utilisateurs de <span class=\"g-color1\">CIVA<\/span> trouveront \u00e9galement dans cette page des \u00ab informations pratiques \u00bb concernant le signal d\u2019entr\u00e9e, l\u2019\u00e9chantillonnage du signal d\u2019entr\u00e9e et la r\u00e9f\u00e9rence pour l\u2019\u00e9talonnage de l\u2019amplitude.<\/p>\n<\/p>\n<h4>\u00a0<\/h4>\n<\/p>\n<p><a class=\"lien2\" href=\"https:\/\/www.extende.com\/fr\/la-simulation-cnd\/documentation\/validation-experimentale-des-modeles-civa\/validation-experimentale-des-modeles-civa-en-ultrasons\/ultrasons-etalonnage\/ut-etalonnage-le-signal-dentree-dans-civa\/\" target=\"_self\">Le signal d&rsquo;entr\u00e9e dans CIVA<\/a><\/p>\n<\/p>\n<p><a class=\"lien2\" href=\"https:\/\/www.extende.com\/fr\/la-simulation-cnd\/documentation\/validation-experimentale-des-modeles-civa\/validation-experimentale-des-modeles-civa-en-ultrasons\/ultrasons-etalonnage\/ut-etalonnage-lamplitude-de-reference\/\" target=\"_self\">L&rsquo;amplitude de r\u00e9f\u00e9rence<\/a><\/p>\n<\/p>\n<p><a class=\"lien2\" href=\"https:\/\/www.extende.com\/fr\/la-simulation-cnd\/documentation\/validation-experimentale-des-modeles-civa\/validation-experimentale-des-modeles-civa-en-ultrasons\/ultrasons-etalonnage\/ut-etalonnage-le-reflecteur-etalon\/\" target=\"_self\">Le r\u00e9flecteur \u00e9talon<\/a><\/p><\/p>\n","protected":false},"excerpt":{"rendered":"<p>Validation exp\u00e9rimentale et caract\u00e9risation des mod\u00e8les Ultrasons de CIVA, \u00e9talonnage, logiciel de simulation CND<\/p>\n","protected":false},"author":0,"featured_media":0,"parent":2899,"menu_order":5,"comment_status":"closed","ping_status":"closed","template":"templates\/page--extende.html.php","meta":{"_acf_changed":false,"footnotes":""},"class_list":["post-2915","page","type-page","status-publish","hentry"],"acf":[],"_links":{"self":[{"href":"https:\/\/www.extende.com\/fr\/wp-json\/wp\/v2\/pages\/2915","targetHints":{"allow":["GET"]}}],"collection":[{"href":"https:\/\/www.extende.com\/fr\/wp-json\/wp\/v2\/pages"}],"about":[{"href":"https:\/\/www.extende.com\/fr\/wp-json\/wp\/v2\/types\/page"}],"replies":[{"embeddable":true,"href":"https:\/\/www.extende.com\/fr\/wp-json\/wp\/v2\/comments?post=2915"}],"version-history":[{"count":1,"href":"https:\/\/www.extende.com\/fr\/wp-json\/wp\/v2\/pages\/2915\/revisions"}],"predecessor-version":[{"id":5739,"href":"https:\/\/www.extende.com\/fr\/wp-json\/wp\/v2\/pages\/2915\/revisions\/5739"}],"up":[{"embeddable":true,"href":"https:\/\/www.extende.com\/fr\/wp-json\/wp\/v2\/pages\/2899"}],"wp:attachment":[{"href":"https:\/\/www.extende.com\/fr\/wp-json\/wp\/v2\/media?parent=2915"}],"curies":[{"name":"wp","href":"https:\/\/api.w.org\/{rel}","templated":true}]}}