{"id":2919,"date":"2025-06-24T18:33:12","date_gmt":"2025-06-24T16:33:12","guid":{"rendered":"https:\/\/www.extende.com\/la-simulation-cnd\/documentation\/validation-experimentale-des-modeles-civa\/validation-experimentale-des-modeles-civa-en-ultrasons\/ultrasons-echos-de-geometrie\/"},"modified":"2025-06-24T18:52:15","modified_gmt":"2025-06-24T16:52:15","slug":"ultrasons-echos-de-geometrie","status":"publish","type":"page","link":"https:\/\/www.extende.com\/fr\/la-simulation-cnd\/documentation\/validation-experimentale-des-modeles-civa\/validation-experimentale-des-modeles-civa-en-ultrasons\/ultrasons-echos-de-geometrie\/","title":{"rendered":"Ultrasons &#8211; Echos de g\u00e9om\u00e9trie"},"content":{"rendered":"<p>Les configurations mettant en jeu des \u00e9chos dus \u00e0 la g\u00e9om\u00e9trie de la pi\u00e8ce se rencontrent fr\u00e9quemment. Il est donc important d\u2019\u00eatre confiant sur les capacit\u00e9s des mod\u00e8les de <span class=\"g-color1\">CIVA<\/span> \u00e0 les reproduire correctement. Ces \u00e9chos de g\u00e9om\u00e9trie incluent les \u00e9chos produits par la surface de la pi\u00e8ce ainsi que les divers rebonds de l\u2019onde sur le fond de la pi\u00e8ce, dont l\u2019amplitude d\u00e9croit avec le temps, en fonction des propri\u00e9t\u00e9s att\u00e9nuantes du mat\u00e9riau constituant la pi\u00e8ce.<\/p>\n<\/p>\n<p>Dans <span class=\"g-color1\">CIVA<\/span> 11, un nouveau mod\u00e8le pour le calcul des \u00e9chos de g\u00e9om\u00e9trie a \u00e9t\u00e9 d\u00e9velopp\u00e9, le mod\u00e8le sp\u00e9culaire, afin d\u2019am\u00e9liorer les pr\u00e9dictions du mod\u00e8le de Kirchhoff utilis\u00e9 dans <span class=\"g-color1\">CIVA<\/span> 10. Cette \u00e9tude a donc pour but de caract\u00e9riser exp\u00e9rimentalement les r\u00e9sultats obtenus avec ce nouveau \u00ab\u00a0mod\u00e8le sp\u00e9culaire\u00a0\u00bb, et confirmer l\u2019am\u00e9lioration du calcul des \u00e9chos de g\u00e9om\u00e9trie avec le mod\u00e8le sp\u00e9culaire par rapport au mod\u00e8le de Kirchhoff.<\/p>\n<\/p>\n<p>Les comparaisons entre mesures et simulations ont \u00e9t\u00e9 class\u00e9es en trois parties\u00a0: l\u2019\u00e9tude de l\u2019\u00e9cho de surface seul, puis de l\u2019\u00e9cho de fond seul et enfin les \u00e9chos \u00ab\u00a0complets\u00a0\u00bb de g\u00e9om\u00e9trie, c\u2019est-\u00e0-dire les \u00e9chos multiples.<\/p>\n<\/p>\n<p>\u00a0<\/p>\n<\/p>\n<p><a class=\"lien2\" href=\"https:\/\/www.extende.com\/fr\/la-simulation-cnd\/documentation\/validation-experimentale-des-modeles-civa\/validation-experimentale-des-modeles-civa-en-ultrasons\/ultrasons-echos-de-geometrie\/ut-echos-de-geometrie-modeles-et-experiences\/\" target=\"_self\">Mod\u00e8les et exp\u00e9riences<\/a><\/p>\n<\/p>\n<p><a class=\"lien2\" href=\"https:\/\/www.extende.com\/fr\/la-simulation-cnd\/documentation\/validation-experimentale-des-modeles-civa\/validation-experimentale-des-modeles-civa-en-ultrasons\/ultrasons-echos-de-geometrie\/ut-echos-de-geometrie-echos-de-surface\/\" target=\"_self\">Echos de surface<\/a><\/p>\n<\/p>\n<p><a class=\"lien2\" href=\"https:\/\/www.extende.com\/fr\/la-simulation-cnd\/documentation\/validation-experimentale-des-modeles-civa\/validation-experimentale-des-modeles-civa-en-ultrasons\/ultrasons-echos-de-geometrie\/ut-echos-de-geometrie-echos-de-fond\/\" target=\"_self\">Echos de fond<\/a><\/p>\n<\/p>\n<p><a class=\"lien2\" href=\"https:\/\/www.extende.com\/fr\/la-simulation-cnd\/documentation\/validation-experimentale-des-modeles-civa\/validation-experimentale-des-modeles-civa-en-ultrasons\/ultrasons-echos-de-geometrie\/ut-echos-de-geometrie-echos-de-surface-et-de-fond-multiples\/\" target=\"_self\">Echos de surface et de fond multiples<\/a><\/p>\n<\/p>\n<p><a class=\"lien2\" href=\"https:\/\/www.extende.com\/fr\/la-simulation-cnd\/documentation\/validation-experimentale-des-modeles-civa\/validation-experimentale-des-modeles-civa-en-ultrasons\/ultrasons-echos-de-geometrie\/ut-echos-de-geometrie-conclusion\/\" target=\"_self\">Conclusion<\/a><\/p><\/p>\n","protected":false},"excerpt":{"rendered":"<p>Validation exp\u00e9rimentale et caract\u00e9risation des mod\u00e8les Ultrasons de CIVA, \u00e9chos de pi\u00e8ces, \u00e9chos de g\u00e9om\u00e9trie, logiciel de simulation CND<\/p>\n","protected":false},"author":0,"featured_media":0,"parent":2899,"menu_order":7,"comment_status":"closed","ping_status":"closed","template":"templates\/page--extende.html.php","meta":{"_acf_changed":false,"footnotes":""},"class_list":["post-2919","page","type-page","status-publish","hentry"],"acf":[],"_links":{"self":[{"href":"https:\/\/www.extende.com\/fr\/wp-json\/wp\/v2\/pages\/2919","targetHints":{"allow":["GET"]}}],"collection":[{"href":"https:\/\/www.extende.com\/fr\/wp-json\/wp\/v2\/pages"}],"about":[{"href":"https:\/\/www.extende.com\/fr\/wp-json\/wp\/v2\/types\/page"}],"replies":[{"embeddable":true,"href":"https:\/\/www.extende.com\/fr\/wp-json\/wp\/v2\/comments?post=2919"}],"version-history":[{"count":1,"href":"https:\/\/www.extende.com\/fr\/wp-json\/wp\/v2\/pages\/2919\/revisions"}],"predecessor-version":[{"id":5743,"href":"https:\/\/www.extende.com\/fr\/wp-json\/wp\/v2\/pages\/2919\/revisions\/5743"}],"up":[{"embeddable":true,"href":"https:\/\/www.extende.com\/fr\/wp-json\/wp\/v2\/pages\/2899"}],"wp:attachment":[{"href":"https:\/\/www.extende.com\/fr\/wp-json\/wp\/v2\/media?parent=2919"}],"curies":[{"name":"wp","href":"https:\/\/api.w.org\/{rel}","templated":true}]}}