{"id":2923,"date":"2025-06-24T18:33:12","date_gmt":"2025-06-24T16:33:12","guid":{"rendered":""},"modified":"2025-06-24T18:52:15","modified_gmt":"2025-06-24T16:52:15","slug":"caracterisation-du-champ-de-capteurs-dans-leau-par-mesure-des-echos-dinclusion-solides-et-dun-plan-infini","status":"publish","type":"page","link":"https:\/\/www.extende.com\/fr\/la-simulation-cnd\/documentation\/validation-experimentale-des-modeles-civa\/validation-experimentale-des-modeles-civa-en-ultrasons\/caracterisation-du-champ-de-capteurs-dans-leau-par-mesure-des-echos-dinclusion-solides-et-dun-plan-infini\/","title":{"rendered":"Caract\u00e9risation du champ de capteurs dans l&rsquo;eau par mesure des \u00e9chos d&rsquo;inclusion solides et d&rsquo;un plan infini"},"content":{"rendered":"<p>Avant de r\u00e9aliser une inspection ultrasonore avec un capteur donn\u00e9, il est important de caract\u00e9riser son champ afin de v\u00e9rifier le bon fonctionnement du capteur, d\u00e9terminer sa zone utile et garantir la reproductibilit\u00e9 des mesures.<\/p>\n<\/p>\n<p>La caract\u00e9risation du champ du capteur peut \u00eatre faite en mesurant les \u00e9chos de r\u00e9flecteurs de r\u00e9f\u00e9rence (Trous G\u00e9n\u00e9ratrice (TG) ou Trous \u00e0 Fond Plat (TFP)) plac\u00e9s \u00e0 diff\u00e9rentes profondeurs dans une cale d\u2019\u00e9talonnage.<\/p>\n<\/p>\n<p>Dans le cas des traducteurs en immersion, une autre m\u00e9thode permettant de caract\u00e9riser le champ ultrasonore rayonn\u00e9 consiste \u00e0 cartographier l\u2019\u00e9cho issu d\u2019une petite cible solide plac\u00e9e dans l\u2019eau. Il est alors possible de tracer les profils axiaux et transversaux du faisceau acoustique et de d\u00e9terminer ses caract\u00e9ristiques:<\/p>\n<\/p>\n<ul class=\"liste-carres-noirs\">\n<li style=\"margin-left: 40px;\">limite de champ proche,<\/li>\n<li style=\"margin-left: 40px;\">dimension de la tache focale,<\/li>\n<li style=\"margin-left: 40px;\">longueur focale.<\/li>\n<\/ul>\n<p>Par ailleurs, la fr\u00e9quence centrale du capteur et sa bande passante peuvent \u00eatre d\u00e9termin\u00e9es \u00e0 partir du spectre de l\u2019\u00e9cho d\u2019un r\u00e9flecteur de r\u00e9f\u00e9rence plac\u00e9 dans de l\u2019eau (r\u00e9flecteur plan infini par exemple) loin du capteur.<\/p>\n<\/p>\n<p>Il est important que CIVA pr\u00e9dise correctement les \u00e9chos des TGs et TFPs plac\u00e9s dans une pi\u00e8ce en acier et ceux d\u2019inclusions en acier et d\u2019un plan infini plac\u00e9s dans de l\u2019eau.<\/p>\n<\/p>\n<p>Les pr\u00e9c\u00e9dentes \u00e9tudes de caract\u00e9risations exp\u00e9rimentales ont port\u00e9es sur les TGs et les TFPs. La pr\u00e9sente \u00e9tude consiste \u00e0 \u00e9valuer les pr\u00e9dictions des mod\u00e8les de calcul\u00a0disponibles dans CIVA pour le calcul des \u00e9chos des inclusions et du plan infini dans l\u2019eau.<\/p>\n<\/p>\n<p>Pour cela, des cartographies exp\u00e9rimentales du faisceau acoustique de traducteurs immersion r\u00e9alis\u00e9es pour des inclusions en acier et un plan infini dans l\u2019eau ont \u00e9t\u00e9 compar\u00e9es aux pr\u00e9dictions de CIVA obtenues avec diff\u00e9rents mod\u00e8les de calcul (mod\u00e8le SOV (Separation Of Variables) avec ou sans approximation d\u2019onde plane et mod\u00e8le sp\u00e9culaire).<\/p>\n<\/p>\n<p>Des inclusions de diff\u00e9rents diam\u00e8tres ont \u00e9t\u00e9 utilis\u00e9es afin :<\/p>\n<\/p>\n<ul class=\"liste-carres-noirs\">\n<li style=\"margin-left: 40px;\">d\u2019une part d\u2019\u00e9tudier l\u2019effet du diam\u00e8tre sur les mesures des caract\u00e9ristiques du champ du capteur,<\/li>\n<li style=\"margin-left: 40px;\">et d\u2019autre part, de mettre en \u00e9vidence les limites des diff\u00e9rents mod\u00e8les de calcul des \u00e9chos d\u2019une inclusion dans de l\u2019eau.<\/li>\n<\/ul>\n<p>Les grandeurs caract\u00e9ristiques du champ (limite de champ proche, dimension de la t\u00e2che focale et longueur focale) et du signal du capteur (fr\u00e9quence centrale et bande passante) issus de la mesure ont \u00e9t\u00e9 compar\u00e9es \u00e0 celles issues des simulations.<\/p>\n<\/p>\n<p>La validation a \u00e9t\u00e9 effectu\u00e9e avec :<\/p>\n<\/p>\n<ul class=\"liste-carres-noirs\">\n<li style=\"margin-left: 40px;\">des <a class=\"lien\" href=\"https:\/\/www.extende.com\/fr\/la-simulation-cnd\/documentation\/validation-experimentale-des-modeles-civa\/validation-experimentale-des-modeles-civa-en-ultrasons\/caracterisation-du-champ-de-capteurs-dans-leau-par-mesure-des-echos-dinclusion-solides-et-dun-plan-infini\/capteurs-mono-element\/\">capteurs mono\u00e9l\u00e9ment<\/a><\/li>\n<li style=\"margin-left: 40px;\">un <a class=\"lien\" href=\"https:\/\/www.extende.com\/fr\/la-simulation-cnd\/documentation\/validation-experimentale-des-modeles-civa\/validation-experimentale-des-modeles-civa-en-ultrasons\/caracterisation-du-champ-de-capteurs-dans-leau-par-mesure-des-echos-dinclusion-solides-et-dun-plan-infini\/capteur-multielement\/\">capteur multi\u00e9l\u00e9ments<\/a><\/li>\n<\/ul>\n<p>Un r\u00e9capitulatif des informations essentielles sur les mod\u00e8les SOV, Sp\u00e9culaire et le mod\u00e8le SOV complet est accessible <a class=\"lien\" href=\"https:\/\/www.extende.com\/fr\/la-simulation-cnd\/documentation\/validation-experimentale-des-modeles-civa\/validation-experimentale-des-modeles-civa-en-ultrasons\/caracterisation-du-champ-de-capteurs-dans-leau-par-mesure-des-echos-dinclusion-solides-et-dun-plan-infini\/informations-sur-les-modeles-speculaire-sov-et-sov-complet\/\">ici<\/a><\/p>\n<\/p>\n<p>\u00a0<\/p><\/p>\n","protected":false},"excerpt":{"rendered":"<p>Avant de r\u00e9aliser une inspection ultrasonore avec un capteur donn\u00e9, il est important de caract\u00e9riser son champ afin de v\u00e9rifier le bon fonctionnement du capteur, d\u00e9terminer sa zone utile et garantir la reproductibilit\u00e9 des mesures. La caract\u00e9risation du champ du capteur peut \u00eatre faite en mesurant les \u00e9chos de r\u00e9flecteurs de r\u00e9f\u00e9rence (Trous G\u00e9n\u00e9ratrice (TG) [&hellip;]<\/p>\n","protected":false},"author":0,"featured_media":0,"parent":2899,"menu_order":9,"comment_status":"closed","ping_status":"closed","template":"templates\/page--extende.html.php","meta":{"_acf_changed":false,"footnotes":""},"class_list":["post-2923","page","type-page","status-publish","hentry"],"acf":[],"_links":{"self":[{"href":"https:\/\/www.extende.com\/fr\/wp-json\/wp\/v2\/pages\/2923","targetHints":{"allow":["GET"]}}],"collection":[{"href":"https:\/\/www.extende.com\/fr\/wp-json\/wp\/v2\/pages"}],"about":[{"href":"https:\/\/www.extende.com\/fr\/wp-json\/wp\/v2\/types\/page"}],"replies":[{"embeddable":true,"href":"https:\/\/www.extende.com\/fr\/wp-json\/wp\/v2\/comments?post=2923"}],"version-history":[{"count":1,"href":"https:\/\/www.extende.com\/fr\/wp-json\/wp\/v2\/pages\/2923\/revisions"}],"predecessor-version":[{"id":5747,"href":"https:\/\/www.extende.com\/fr\/wp-json\/wp\/v2\/pages\/2923\/revisions\/5747"}],"up":[{"embeddable":true,"href":"https:\/\/www.extende.com\/fr\/wp-json\/wp\/v2\/pages\/2899"}],"wp:attachment":[{"href":"https:\/\/www.extende.com\/fr\/wp-json\/wp\/v2\/media?parent=2923"}],"curies":[{"name":"wp","href":"https:\/\/api.w.org\/{rel}","templated":true}]}}