{"id":2925,"date":"2025-06-24T18:33:12","date_gmt":"2025-06-24T16:33:12","guid":{"rendered":"https:\/\/www.extende.com\/la-simulation-cnd\/documentation\/validation-experimentale-des-modeles-civa\/validation-experimentale-des-modeles-civa-en-courants-de-foucault\/pieces-planes\/"},"modified":"2025-06-24T18:52:15","modified_gmt":"2025-06-24T16:52:15","slug":"pieces-planes","status":"publish","type":"page","link":"https:\/\/www.extende.com\/fr\/la-simulation-cnd\/documentation\/validation-experimentale-des-modeles-civa\/validation-experimentale-des-modeles-civa-en-courants-de-foucault\/pieces-planes\/","title":{"rendered":"Pi\u00e8ces Planes"},"content":{"rendered":"<p>Dans les \u00e9tudes pr\u00e9sent\u00e9es dans les pages suivantes, les variations de l\u2019inductance et de la r\u00e9sistance de l\u2019imp\u00e9dance de la bobine sont calcul\u00e9es en fonction de la position de la bobine au-dessus du d\u00e9faut, comparativement \u00e0 leurs valeurs sur une portion non d\u00e9fectueuse de la plaque. Les r\u00e9sultats des simulations sont ensuite compar\u00e9s aux r\u00e9sultats exp\u00e9rimentaux.<\/p>\n<\/p>\n<p>Aller \u00e0<span style=\"font-weight: bolder;\">\u00a0<a href=\"https:\/\/www.extende.com\/fr\/la-simulation-cnd\/documentation\/validation-experimentale-des-modeles-civa\/validation-experimentale-des-modeles-civa-en-courants-de-foucault\/pieces-planes\/team-workshop-15\/\">TEAM WORKSHOP 15<\/a><\/span><\/p>\n<\/p>\n<p>Aller \u00e0\u00a0<a href=\"https:\/\/www.extende.com\/fr\/la-simulation-cnd\/documentation\/validation-experimentale-des-modeles-civa\/validation-experimentale-des-modeles-civa-en-courants-de-foucault\/pieces-planes\/benchmark-cofrend-fonction-commune\/\"><span style=\"font-weight: bolder;\">BENCHMARK COFREND FONCTION COMMUNE<\/span><\/a><\/p>\n<\/p>\n<p>Aller \u00e0\u00a0<a href=\"https:\/\/www.extende.com\/fr\/la-simulation-cnd\/documentation\/validation-experimentale-des-modeles-civa\/validation-experimentale-des-modeles-civa-en-courants-de-foucault\/pieces-planes\/benchmark-cofrend-fonction-separee\/\"><span style=\"font-weight: bold;\">BENCHMARK COFREND FONCTION SEPAREE<\/span><\/a><\/p>\n<\/p>\n<p><span style=\"text-align: center;\">Aller \u00e0\u00a0<\/span><a href=\"https:\/\/www.extende.com\/fr\/la-simulation-cnd\/documentation\/validation-experimentale-des-modeles-civa\/validation-experimentale-des-modeles-civa-en-courants-de-foucault\/pieces-planes\/defaut-elliptique\/\"><span style=\"text-align: center; font-weight: bolder;\">DEFAUT ELLIPTIQUE<\/span><\/a><\/p>\n<\/p>\n<p><span style=\"text-align: center;\">Aller \u00e0\u00a0<\/span><a href=\"https:\/\/www.extende.com\/fr\/la-simulation-cnd\/documentation\/validation-experimentale-des-modeles-civa\/validation-experimentale-des-modeles-civa-en-courants-de-foucault\/pieces-planes\/bobine-tiltee\/\"><span style=\"text-align: center; font-weight: bolder;\">BOBINE TILTEE<\/span><\/a><\/p>\n<\/p>\n<p><span style=\"text-align: center;\">Aller \u00e0\u00a0<\/span><a href=\"https:\/\/www.extende.com\/fr\/la-simulation-cnd\/documentation\/validation-experimentale-des-modeles-civa\/validation-experimentale-des-modeles-civa-en-courants-de-foucault\/pieces-planes\/sonde-eddyfi\/\"><span style=\"text-align: center; font-weight: bolder;\">SONDE EDDYFI<\/span><\/a><\/p>\n<\/p>\n<p>\u00a0<\/p><\/p>\n","protected":false},"excerpt":{"rendered":"<p>Dans les \u00e9tudes pr\u00e9sent\u00e9es dans les pages suivantes, les variations de l\u2019inductance et de la r\u00e9sistance de l\u2019imp\u00e9dance de la bobine sont calcul\u00e9es en fonction de la position de la bobine au-dessus du d\u00e9faut, comparativement \u00e0 leurs valeurs sur une portion non d\u00e9fectueuse de la plaque. Les r\u00e9sultats des simulations sont ensuite compar\u00e9s aux r\u00e9sultats [&hellip;]<\/p>\n","protected":false},"author":0,"featured_media":0,"parent":2901,"menu_order":0,"comment_status":"closed","ping_status":"closed","template":"templates\/page--extende.html.php","meta":{"_acf_changed":false,"footnotes":""},"class_list":["post-2925","page","type-page","status-publish","hentry"],"acf":[],"_links":{"self":[{"href":"https:\/\/www.extende.com\/fr\/wp-json\/wp\/v2\/pages\/2925","targetHints":{"allow":["GET"]}}],"collection":[{"href":"https:\/\/www.extende.com\/fr\/wp-json\/wp\/v2\/pages"}],"about":[{"href":"https:\/\/www.extende.com\/fr\/wp-json\/wp\/v2\/types\/page"}],"replies":[{"embeddable":true,"href":"https:\/\/www.extende.com\/fr\/wp-json\/wp\/v2\/comments?post=2925"}],"version-history":[{"count":1,"href":"https:\/\/www.extende.com\/fr\/wp-json\/wp\/v2\/pages\/2925\/revisions"}],"predecessor-version":[{"id":5749,"href":"https:\/\/www.extende.com\/fr\/wp-json\/wp\/v2\/pages\/2925\/revisions\/5749"}],"up":[{"embeddable":true,"href":"https:\/\/www.extende.com\/fr\/wp-json\/wp\/v2\/pages\/2901"}],"wp:attachment":[{"href":"https:\/\/www.extende.com\/fr\/wp-json\/wp\/v2\/media?parent=2925"}],"curies":[{"name":"wp","href":"https:\/\/api.w.org\/{rel}","templated":true}]}}