{"id":2932,"date":"2025-06-24T18:33:12","date_gmt":"2025-06-24T16:33:12","guid":{"rendered":"https:\/\/www.extende.com\/la-simulation-cnd\/documentation\/validation-experimentale-des-modeles-civa\/validation-experimentale-des-modeles-civa-en-radiographie\/cale-a-gradin-en-acier-ferritique-et-dural\/"},"modified":"2025-06-24T18:52:16","modified_gmt":"2025-06-24T16:52:16","slug":"cale-a-gradin-en-acier-ferritique-et-dural","status":"publish","type":"page","link":"https:\/\/www.extende.com\/fr\/la-simulation-cnd\/documentation\/validation-experimentale-des-modeles-civa\/validation-experimentale-des-modeles-civa-en-radiographie\/cale-a-gradin-en-acier-ferritique-et-dural\/","title":{"rendered":"Cale \u00e0 gradin en acier ferritique et Dural"},"content":{"rendered":"<p>L\u2019\u00e9tude de caract\u00e9risation exp\u00e9rimentale propos\u00e9e consiste \u00e0 v\u00e9rifier les r\u00e9sultats obtenues avec <span class=\"g-color1\">CIVA<\/span> pour des cales \u00e0 gradins en Dural et en acier ferritique radiographi\u00e9es \u00e0 l\u2019aide de g\u00e9n\u00e9rateurs X, avec deux types de d\u00e9tecteurs\u00a0: capteurs plans et \u00e9crans photostimulables. Deux mod\u00e8les de d\u00e9tecteurs implant\u00e9s dans <span class=\"g-color1\">CIVA<\/span> sont test\u00e9s\u00a0: les d\u00e9tecteurs \u00ab\u00a0Ecran plat \u00bb (anciennement mod\u00e8le \u00ab\u00a0standard\u00a0\u00bb) et \u00ab\u00a0Ecran photostimulable\u00a0\u00bb.<\/p>\n<\/p>\n<p>\u00a0<\/p>\n<\/p>\n<p><a class=\"lien2\" href=\"https:\/\/www.extende.com\/fr\/la-simulation-cnd\/documentation\/validation-experimentale-des-modeles-civa\/validation-experimentale-des-modeles-civa-en-radiographie\/cale-a-gradin-en-acier-ferritique-et-dural\/rt-cale-a-gradin-en-acier-ferritique-et-dural-protocole-experimental\/\" target=\"_self\">Protocole exp\u00e9rimental<\/a><\/p>\n<\/p>\n<p><a class=\"lien2\" href=\"https:\/\/www.extende.com\/fr\/la-simulation-cnd\/documentation\/validation-experimentale-des-modeles-civa\/validation-experimentale-des-modeles-civa-en-radiographie\/cale-a-gradin-en-acier-ferritique-et-dural\/rt-cale-a-gradin-en-acier-ferritique-et-dural-modelisation-avec-civa\/\" target=\"_self\">Mod\u00e9lisation avec CIVA<\/a><\/p>\n<\/p>\n<p><a class=\"lien2\" href=\"https:\/\/www.extende.com\/fr\/la-simulation-cnd\/documentation\/validation-experimentale-des-modeles-civa\/validation-experimentale-des-modeles-civa-en-radiographie\/cale-a-gradin-en-acier-ferritique-et-dural\/rt-cale-a-gradin-en-acier-ferritique-et-dural-resultats\/\" target=\"_self\">R\u00e9sultats<\/a><\/p>\n<\/p>\n<p><a class=\"lien2\" href=\"https:\/\/www.extende.com\/fr\/la-simulation-cnd\/documentation\/validation-experimentale-des-modeles-civa\/validation-experimentale-des-modeles-civa-en-radiographie\/cale-a-gradin-en-acier-ferritique-et-dural\/rt-cale-a-gradin-en-acier-ferritique-et-dural-analyse\/\" target=\"_self\">Analyse<\/a><\/p>\n<\/p>\n<p><a class=\"lien2\" href=\"https:\/\/www.extende.com\/fr\/la-simulation-cnd\/documentation\/validation-experimentale-des-modeles-civa\/validation-experimentale-des-modeles-civa-en-radiographie\/cale-a-gradin-en-acier-ferritique-et-dural\/rt-cale-a-gradin-en-acier-ferritique-et-dural-conclusion\/\" target=\"_self\">Conclusion<\/a><\/p>\n<\/p>\n<p>\u00a0<\/p><\/p>\n","protected":false},"excerpt":{"rendered":"<p>L\u2019\u00e9tude de caract\u00e9risation exp\u00e9rimentale propos\u00e9e consiste \u00e0 v\u00e9rifier les r\u00e9sultats obtenues avec CIVA pour des cales \u00e0 gradins en Dural et en acier ferritique radiographi\u00e9es \u00e0 l\u2019aide de g\u00e9n\u00e9rateurs X, avec deux types de d\u00e9tecteurs\u00a0: capteurs plans et \u00e9crans photostimulables. Deux mod\u00e8les de d\u00e9tecteurs implant\u00e9s dans CIVA sont test\u00e9s\u00a0: les d\u00e9tecteurs \u00ab\u00a0Ecran plat \u00bb (anciennement [&hellip;]<\/p>\n","protected":false},"author":0,"featured_media":0,"parent":2903,"menu_order":0,"comment_status":"closed","ping_status":"closed","template":"templates\/page--extende.html.php","meta":{"_acf_changed":false,"footnotes":""},"class_list":["post-2932","page","type-page","status-publish","hentry"],"acf":[],"_links":{"self":[{"href":"https:\/\/www.extende.com\/fr\/wp-json\/wp\/v2\/pages\/2932","targetHints":{"allow":["GET"]}}],"collection":[{"href":"https:\/\/www.extende.com\/fr\/wp-json\/wp\/v2\/pages"}],"about":[{"href":"https:\/\/www.extende.com\/fr\/wp-json\/wp\/v2\/types\/page"}],"replies":[{"embeddable":true,"href":"https:\/\/www.extende.com\/fr\/wp-json\/wp\/v2\/comments?post=2932"}],"version-history":[{"count":1,"href":"https:\/\/www.extende.com\/fr\/wp-json\/wp\/v2\/pages\/2932\/revisions"}],"predecessor-version":[{"id":5755,"href":"https:\/\/www.extende.com\/fr\/wp-json\/wp\/v2\/pages\/2932\/revisions\/5755"}],"up":[{"embeddable":true,"href":"https:\/\/www.extende.com\/fr\/wp-json\/wp\/v2\/pages\/2903"}],"wp:attachment":[{"href":"https:\/\/www.extende.com\/fr\/wp-json\/wp\/v2\/media?parent=2932"}],"curies":[{"name":"wp","href":"https:\/\/api.w.org\/{rel}","templated":true}]}}