{"id":2934,"date":"2025-06-24T18:33:12","date_gmt":"2025-06-24T16:33:12","guid":{"rendered":"https:\/\/www.extende.com\/la-simulation-cnd\/documentation\/validation-experimentale-des-modeles-civa\/validation-experimentale-des-modeles-civa-en-ultrasons\/ultrasons-reflecteurs-artificiels\/reflecteurs-generatrices\/"},"modified":"2025-06-24T18:52:16","modified_gmt":"2025-06-24T16:52:16","slug":"reflecteurs-generatrices","status":"publish","type":"page","link":"https:\/\/www.extende.com\/fr\/la-simulation-cnd\/documentation\/validation-experimentale-des-modeles-civa\/validation-experimentale-des-modeles-civa-en-ultrasons\/ultrasons-reflecteurs-artificiels\/reflecteurs-generatrices\/","title":{"rendered":"R\u00e9flecteurs G\u00e9n\u00e9ratrices"},"content":{"rendered":"<p>Dans cette page, des trous g\u00e9n\u00e9ratrice (TG) de \u00d82 mm \u00e0 diff\u00e9rentes profondeurs seront inspect\u00e9s par diff\u00e9rents capteurs :<\/p>\n<\/p>\n<ul class=\"liste-carres-noirs\">\n<li>capteurs mono-\u00e9l\u00e9ment en immersion<\/li>\n<li>capteurs mono-\u00e9l\u00e9ment au contact<\/li>\n<li>capteur multi-\u00e9l\u00e9ments au contact<\/li>\n<\/ul>\n<p>\u00a0<\/p>\n<\/p>\n<p>Les r\u00e9sultats pr\u00e9sentent en g\u00e9n\u00e9ral un bon accord. On peut toutefois noter que CIVA sous-estime g\u00e9n\u00e9ralement l\u2019amplitude des \u00e9chos en champ tr\u00e8s proche (moins de 4 dB de diff\u00e9rence).<\/p>\n<\/p>\n<p>\u00a0<\/p>\n<\/p>\n<p><a class=\"lien2\" href=\"https:\/\/www.extende.com\/fr\/la-simulation-cnd\/documentation\/validation-experimentale-des-modeles-civa\/validation-experimentale-des-modeles-civa-en-ultrasons\/ultrasons-reflecteurs-artificiels\/reflecteurs-generatrices\/ut-reflecteurs-generatrices-trous-generatrices-et-capteur-monoelement-en-immersion\/\" target=\"_self\">Trous g\u00e9n\u00e9ratrices et capteurs mono\u00e9l\u00e9ment en immersion<\/a><\/p>\n<\/p>\n<p><a class=\"lien2\" href=\"https:\/\/www.extende.com\/fr\/la-simulation-cnd\/documentation\/validation-experimentale-des-modeles-civa\/validation-experimentale-des-modeles-civa-en-ultrasons\/ultrasons-reflecteurs-artificiels\/reflecteurs-generatrices\/ut-reflecteurs-generatrices-trous-generatrices-et-capteurs-monoelement-au-contact\/\" target=\"_self\">Trous g\u00e9n\u00e9ratrices et capteurs mono\u00e9l\u00e9ment au contact<\/a><\/p>\n<\/p>\n<p><a class=\"lien2\" href=\"https:\/\/www.extende.com\/fr\/la-simulation-cnd\/documentation\/validation-experimentale-des-modeles-civa\/validation-experimentale-des-modeles-civa-en-ultrasons\/ultrasons-reflecteurs-artificiels\/reflecteurs-generatrices\/ut-reflecteurs-generatrices-trous-generatrices-et-capteurs-multielements-au-contact\/\" target=\"_self\">Trous g\u00e9n\u00e9ratrices et capteurs multi\u00e9l\u00e9ments au contact<\/a><\/p>\n<\/p>\n<p>\u00a0<\/p>\n<\/p>\n<p>Retrouner au menu<a class=\"lien\" href=\"https:\/\/www.extende.com\/fr\/la-simulation-cnd\/documentation\/validation-experimentale-des-modeles-civa\/validation-experimentale-des-modeles-civa-en-ultrasons\/ultrasons-reflecteurs-artificiels\/\" target=\"_self\"> r\u00e9flecteurs artificiels<\/a><\/p><\/p>\n","protected":false},"excerpt":{"rendered":"<p>Validation exp\u00e9rimentale et caract\u00e9risation des mod\u00e8les Ultrasons de CIVA, r\u00e9flecteurs artificiels, g\u00e9n\u00e9ratrices, logiciel de simulation CND<\/p>\n","protected":false},"author":0,"featured_media":0,"parent":2905,"menu_order":0,"comment_status":"closed","ping_status":"closed","template":"templates\/page--extende.html.php","meta":{"_acf_changed":false,"footnotes":""},"class_list":["post-2934","page","type-page","status-publish","hentry"],"acf":[],"_links":{"self":[{"href":"https:\/\/www.extende.com\/fr\/wp-json\/wp\/v2\/pages\/2934","targetHints":{"allow":["GET"]}}],"collection":[{"href":"https:\/\/www.extende.com\/fr\/wp-json\/wp\/v2\/pages"}],"about":[{"href":"https:\/\/www.extende.com\/fr\/wp-json\/wp\/v2\/types\/page"}],"replies":[{"embeddable":true,"href":"https:\/\/www.extende.com\/fr\/wp-json\/wp\/v2\/comments?post=2934"}],"version-history":[{"count":1,"href":"https:\/\/www.extende.com\/fr\/wp-json\/wp\/v2\/pages\/2934\/revisions"}],"predecessor-version":[{"id":5757,"href":"https:\/\/www.extende.com\/fr\/wp-json\/wp\/v2\/pages\/2934\/revisions\/5757"}],"up":[{"embeddable":true,"href":"https:\/\/www.extende.com\/fr\/wp-json\/wp\/v2\/pages\/2905"}],"wp:attachment":[{"href":"https:\/\/www.extende.com\/fr\/wp-json\/wp\/v2\/media?parent=2934"}],"curies":[{"name":"wp","href":"https:\/\/api.w.org\/{rel}","templated":true}]}}