{"id":2936,"date":"2025-06-24T18:33:12","date_gmt":"2025-06-24T16:33:12","guid":{"rendered":"https:\/\/www.extende.com\/la-simulation-cnd\/documentation\/validation-experimentale-des-modeles-civa\/validation-experimentale-des-modeles-civa-en-ultrasons\/ultrasons-reflecteurs-artificiels\/reflecteurs-trous-a-fond-plat\/"},"modified":"2025-06-24T18:52:16","modified_gmt":"2025-06-24T16:52:16","slug":"reflecteurs-trous-a-fond-plat","status":"publish","type":"page","link":"https:\/\/www.extende.com\/fr\/la-simulation-cnd\/documentation\/validation-experimentale-des-modeles-civa\/validation-experimentale-des-modeles-civa-en-ultrasons\/ultrasons-reflecteurs-artificiels\/reflecteurs-trous-a-fond-plat\/","title":{"rendered":"R\u00e9flecteurs Trous \u00e0 fond plat"},"content":{"rendered":"<p>Dans cette page des \u00e9chos g\u00e9n\u00e9r\u00e9s par des Trous \u00e0 Fond Plat (TFP) \u00e0 diff\u00e9rentes profondeurs et avec diff\u00e9rents capteurs au contact ou en immersion sont \u00e9tudi\u00e9s. L\u2019interaction entre le faisceau et le TFP est simul\u00e9e par le mod\u00e8le de Kirchhoff.<\/p>\n<\/p>\n<p>L\u2019\u00e9tude des TFP se d\u00e9compose en trois parties. Tout d\u2019abord, des pi\u00e8ces contenant plusieurs TFP verticaux ou inclin\u00e9s \u00e0 45\u00b0, de diff\u00e9rents diam\u00e8tres (1\u00a0mm, 3\u00a0mm ou 6\u00a0mm) \u00e0 diff\u00e9rentes profondeurs sont inspect\u00e9es avec des traducteurs d\u2019ouvertures variables. Puis l\u2019effet de la d\u00e9sorientation du traducteur sur l\u2019\u00e9cho obtenu en L0\u00b0 \u00e0 diff\u00e9rentes fr\u00e9quences est analys\u00e9. Enfin, les r\u00e9sultats simul\u00e9s sont compar\u00e9s \u00e0 des courbes DGS\/AVG de Krautkr\u00e4mer, ainsi qu\u2019\u00e0 des courbes DGS\/AVG reproduites \u00e0 partir des r\u00e9sultats exp\u00e9rimentaux.<\/p>\n<\/p>\n<p>Une discussion sur les limitations de champ proche et petits d\u00e9fauts conclue cette partie.<\/p>\n<\/p>\n<p>\u00a0<\/p>\n<\/p>\n<p><a class=\"lien2\" href=\"https:\/\/www.extende.com\/fr\/la-simulation-cnd\/documentation\/validation-experimentale-des-modeles-civa\/validation-experimentale-des-modeles-civa-en-ultrasons\/ultrasons-reflecteurs-artificiels\/reflecteurs-trous-a-fond-plat\/ut-reflecteurs-trous-a-fond-plat-tfp-a-differentes-profondeurs\/\" target=\"_self\">TFP \u00e0 diff\u00e9rentes profondeurs<\/a><\/p>\n<\/p>\n<p><a class=\"lien2\" href=\"https:\/\/www.extende.com\/fr\/la-simulation-cnd\/documentation\/validation-experimentale-des-modeles-civa\/validation-experimentale-des-modeles-civa-en-ultrasons\/ultrasons-reflecteurs-artificiels\/reflecteurs-trous-a-fond-plat\/ut-reflecteurs-trous-a-fond-plat-influence-dune-desorientation-du-capteur\/\" target=\"_self\">Influence d&rsquo;une d\u00e9sorientation du capteur<\/a><\/p>\n<\/p>\n<p class=\"titre-accordeon\"><a class=\"lien2\" href=\"https:\/\/www.extende.com\/fr\/la-simulation-cnd\/documentation\/validation-experimentale-des-modeles-civa\/validation-experimentale-des-modeles-civa-en-ultrasons\/ultrasons-reflecteurs-artificiels\/reflecteurs-trous-a-fond-plat\/ut-reflecteurs-trous-a-fond-plat-courbes-dgs\/\" target=\"_self\">Courbes DGS<\/a><\/p>\n<\/p>\n<p class=\"titre-accordeon\"><a class=\"lien2\" href=\"https:\/\/www.extende.com\/fr\/la-simulation-cnd\/documentation\/validation-experimentale-des-modeles-civa\/validation-experimentale-des-modeles-civa-en-ultrasons\/ultrasons-reflecteurs-artificiels\/reflecteurs-trous-a-fond-plat\/ut-reflecteurs-trous-a-fond-plat-conclusion-et-discussion-sur-les-limitations\/\" target=\"_self\">Conclusion et discussion sur les limitations<\/a><\/p>\n<\/p>\n<p>\u00a0<\/p>\n<\/p>\n<p>Retrouner au menu <a class=\"lien\" href=\"https:\/\/www.extende.com\/fr\/la-simulation-cnd\/documentation\/validation-experimentale-des-modeles-civa\/validation-experimentale-des-modeles-civa-en-ultrasons\/ultrasons-reflecteurs-artificiels\/\" target=\"_self\">r\u00e9flecteurs artificiels<\/a><\/p><\/p>\n","protected":false},"excerpt":{"rendered":"<p>Validation exp\u00e9rimentale et caract\u00e9risation des mod\u00e8les Ultrasons de CIVA, r\u00e9flecteurs artificiels, trous \u00e0 fond plat, logiciel de simulation CND<\/p>\n","protected":false},"author":0,"featured_media":0,"parent":2905,"menu_order":1,"comment_status":"closed","ping_status":"closed","template":"templates\/page--extende.html.php","meta":{"_acf_changed":false,"footnotes":""},"class_list":["post-2936","page","type-page","status-publish","hentry"],"acf":[],"_links":{"self":[{"href":"https:\/\/www.extende.com\/fr\/wp-json\/wp\/v2\/pages\/2936","targetHints":{"allow":["GET"]}}],"collection":[{"href":"https:\/\/www.extende.com\/fr\/wp-json\/wp\/v2\/pages"}],"about":[{"href":"https:\/\/www.extende.com\/fr\/wp-json\/wp\/v2\/types\/page"}],"replies":[{"embeddable":true,"href":"https:\/\/www.extende.com\/fr\/wp-json\/wp\/v2\/comments?post=2936"}],"version-history":[{"count":1,"href":"https:\/\/www.extende.com\/fr\/wp-json\/wp\/v2\/pages\/2936\/revisions"}],"predecessor-version":[{"id":5759,"href":"https:\/\/www.extende.com\/fr\/wp-json\/wp\/v2\/pages\/2936\/revisions\/5759"}],"up":[{"embeddable":true,"href":"https:\/\/www.extende.com\/fr\/wp-json\/wp\/v2\/pages\/2905"}],"wp:attachment":[{"href":"https:\/\/www.extende.com\/fr\/wp-json\/wp\/v2\/media?parent=2936"}],"curies":[{"name":"wp","href":"https:\/\/api.w.org\/{rel}","templated":true}]}}