{"id":2938,"date":"2025-06-24T18:33:12","date_gmt":"2025-06-24T16:33:12","guid":{"rendered":"https:\/\/www.extende.com\/la-simulation-cnd\/documentation\/validation-experimentale-des-modeles-civa\/validation-experimentale-des-modeles-civa-en-ultrasons\/ultrasons-reflecteurs-artificiels\/comparaison-tfp-tg\/"},"modified":"2025-06-24T18:52:16","modified_gmt":"2025-06-24T16:52:16","slug":"comparaison-tfp-tg","status":"publish","type":"page","link":"https:\/\/www.extende.com\/fr\/la-simulation-cnd\/documentation\/validation-experimentale-des-modeles-civa\/validation-experimentale-des-modeles-civa-en-ultrasons\/ultrasons-reflecteurs-artificiels\/comparaison-tfp-tg\/","title":{"rendered":"Comparaison TFP &#8211; TG"},"content":{"rendered":"<p>Lors d\u2019une inspection, l\u2019\u00e9talonnage est g\u00e9n\u00e9ralement r\u00e9alis\u00e9 sur des trous g\u00e9n\u00e9ratrices (TG) ou des trous \u00e0 fond plat (TFP). Afin de s\u2019assurer que l\u2019utilisation de l\u2019un ou l\u2019autre de ces r\u00e9flecteurs comme \u00e9talon n\u2019a pas d\u2019influence sur les r\u00e9sultats, l\u2019\u00e9tude suivante compare les signaux obtenus sur des TG et sur des TFP.<\/p>\n<\/p>\n<p>\u00a0<\/p>\n<\/p>\n<p><a class=\"lien2\" href=\"https:\/\/www.extende.com\/fr\/la-simulation-cnd\/documentation\/validation-experimentale-des-modeles-civa\/validation-experimentale-des-modeles-civa-en-ultrasons\/ultrasons-reflecteurs-artificiels\/comparaison-tfp-tg\/ut-comparaison-tfp-tg-configuration\/\" target=\"_self\">Configuration<\/a><\/p>\n<\/p>\n<p><a class=\"lien2\" href=\"https:\/\/www.extende.com\/fr\/la-simulation-cnd\/documentation\/validation-experimentale-des-modeles-civa\/validation-experimentale-des-modeles-civa-en-ultrasons\/ultrasons-reflecteurs-artificiels\/comparaison-tfp-tg\/ut-comparaison-tfp-tg-analyse-damplitude\/\" target=\"_self\">Analyse d&rsquo;amplitude<\/a><\/p>\n<\/p>\n<p><a class=\"lien2\" href=\"https:\/\/www.extende.com\/fr\/la-simulation-cnd\/documentation\/validation-experimentale-des-modeles-civa\/validation-experimentale-des-modeles-civa-en-ultrasons\/ultrasons-reflecteurs-artificiels\/comparaison-tfp-tg\/ut-comparaison-tfp-tg-analyse-de-a-scan\/\" target=\"_self\">Analyse de A-scan<\/a><\/p>\n<\/p>\n<p>\u00a0<\/p>\n<\/p>\n<p>Retrouner au menu <a class=\"lien\" href=\"https:\/\/www.extende.com\/fr\/la-simulation-cnd\/documentation\/validation-experimentale-des-modeles-civa\/validation-experimentale-des-modeles-civa-en-ultrasons\/ultrasons-reflecteurs-artificiels\/\" target=\"_self\">r\u00e9flecteurs artificiels<\/a><\/p><\/p>\n","protected":false},"excerpt":{"rendered":"<p>Validation exp\u00e9rimentale et caract\u00e9risation des mod\u00e8les Ultrasons de CIVA, r\u00e9flecteurs artificiels, g\u00e9n\u00e9ratrices et trous \u00e0 fond plat, TG et TFP, logiciel de simulation CND<\/p>\n","protected":false},"author":0,"featured_media":0,"parent":2905,"menu_order":2,"comment_status":"closed","ping_status":"closed","template":"templates\/page--extende.html.php","meta":{"_acf_changed":false,"footnotes":""},"class_list":["post-2938","page","type-page","status-publish","hentry"],"acf":[],"_links":{"self":[{"href":"https:\/\/www.extende.com\/fr\/wp-json\/wp\/v2\/pages\/2938","targetHints":{"allow":["GET"]}}],"collection":[{"href":"https:\/\/www.extende.com\/fr\/wp-json\/wp\/v2\/pages"}],"about":[{"href":"https:\/\/www.extende.com\/fr\/wp-json\/wp\/v2\/types\/page"}],"replies":[{"embeddable":true,"href":"https:\/\/www.extende.com\/fr\/wp-json\/wp\/v2\/comments?post=2938"}],"version-history":[{"count":1,"href":"https:\/\/www.extende.com\/fr\/wp-json\/wp\/v2\/pages\/2938\/revisions"}],"predecessor-version":[{"id":5761,"href":"https:\/\/www.extende.com\/fr\/wp-json\/wp\/v2\/pages\/2938\/revisions\/5761"}],"up":[{"embeddable":true,"href":"https:\/\/www.extende.com\/fr\/wp-json\/wp\/v2\/pages\/2905"}],"wp:attachment":[{"href":"https:\/\/www.extende.com\/fr\/wp-json\/wp\/v2\/media?parent=2938"}],"curies":[{"name":"wp","href":"https:\/\/api.w.org\/{rel}","templated":true}]}}