{"id":2940,"date":"2025-06-24T18:33:12","date_gmt":"2025-06-24T16:33:12","guid":{"rendered":"https:\/\/www.extende.com\/la-simulation-cnd\/documentation\/validation-experimentale-des-modeles-civa\/validation-experimentale-des-modeles-civa-en-ultrasons\/ultrasons-echos-de-coin\/echos-de-coin-en-ondes-l\/"},"modified":"2025-06-24T18:52:16","modified_gmt":"2025-06-24T16:52:16","slug":"echos-de-coin-en-ondes-l","status":"publish","type":"page","link":"https:\/\/www.extende.com\/fr\/la-simulation-cnd\/documentation\/validation-experimentale-des-modeles-civa\/validation-experimentale-des-modeles-civa-en-ultrasons\/ultrasons-echos-de-coin\/echos-de-coin-en-ondes-l\/","title":{"rendered":"Echos de coin en ondes L"},"content":{"rendered":"<p>Cette page pr\u00e9sente les r\u00e9sultats de validation obtenus lors de l\u2019inspection Pulse-Echo en ondes longitudinales (L) d\u2019entailles rectangulaires d\u00e9bouchant en fond de pi\u00e8ce. Les r\u00e9sultats obtenus lors d\u2019inspections en ondes transverses (T) sont disponibles sur une <a class=\"g-lien\" href=\"https:\/\/www.extende.com\/fr\/la-simulation-cnd\/documentation\/validation-experimentale-des-modeles-civa\/validation-experimentale-des-modeles-civa-en-ultrasons\/ultrasons-echos-de-coin\/echos-de-coin-en-ondes-t\/\" target=\"_self\">autre page<\/a>.<\/p>\n<\/p>\n<p>Les mesures exp\u00e9rimentales ont \u00e9t\u00e9 r\u00e9alis\u00e9es sur diff\u00e9rentes maquettes planes, avec diff\u00e9rents traducteurs. L\u2019objectif est d\u2019\u00e9tudier l\u2019influence de certains param\u00e8tres comme la hauteur de l\u2019entaille ou l\u2019angle de propagation des ondes sur l\u2019\u00e9volution de l\u2019amplitude des \u00e9chos de coin et sur la pertinence des pr\u00e9dictions de CIVA, que ce soit avec des capteurs en immersion ou au contact. Le dernier paragraphe synth\u00e9tise les limitations de CIVA, en particulier pour les petits d\u00e9fauts et les angles critiques.<\/p>\n<\/p>\n<p>\u00a0<\/p>\n<\/p>\n<p><a class=\"lien2\" href=\"https:\/\/www.extende.com\/fr\/la-simulation-cnd\/documentation\/validation-experimentale-des-modeles-civa\/validation-experimentale-des-modeles-civa-en-ultrasons\/ultrasons-echos-de-coin\/echos-de-coin-en-ondes-l\/ut-echos-de-coin-en-ondes-l-generalites\/\" target=\"_self\">G\u00e9n\u00e9ralit\u00e9s<\/a><\/p>\n<\/p>\n<p><a class=\"lien2\" href=\"https:\/\/www.extende.com\/fr\/la-simulation-cnd\/documentation\/validation-experimentale-des-modeles-civa\/validation-experimentale-des-modeles-civa-en-ultrasons\/ultrasons-echos-de-coin\/echos-de-coin-en-ondes-l\/ut-echos-de-coin-en-ondes-l-synthese-des-cas-etudies\/\" target=\"_self\">Synth\u00e8se des cas \u00e9tudi\u00e9s<\/a><\/p>\n<\/p>\n<p><a class=\"lien2\" href=\"https:\/\/www.extende.com\/fr\/la-simulation-cnd\/documentation\/validation-experimentale-des-modeles-civa\/validation-experimentale-des-modeles-civa-en-ultrasons\/ultrasons-echos-de-coin\/echos-de-coin-en-ondes-l\/ut-echos-de-coin-en-ondes-l-analyse-des-echos-en-ondes-l\/\" target=\"_self\">Analyse des \u00e9chos en ondes L<\/a><\/p>\n<\/p>\n<p class=\"titre-accordeon\"><a class=\"lien2\" href=\"https:\/\/www.extende.com\/fr\/la-simulation-cnd\/documentation\/validation-experimentale-des-modeles-civa\/validation-experimentale-des-modeles-civa-en-ultrasons\/ultrasons-echos-de-coin\/echos-de-coin-en-ondes-l\/ut-echos-de-coin-en-ondes-l-influence-de-la-hauteur-de-lentaille\/\" target=\"_self\">Influence de la hauteur de l&rsquo;entaille<\/a><\/p>\n<\/p>\n<p class=\"titre-accordeon\"><a class=\"lien2\" href=\"https:\/\/www.extende.com\/fr\/la-simulation-cnd\/documentation\/validation-experimentale-des-modeles-civa\/validation-experimentale-des-modeles-civa-en-ultrasons\/ultrasons-echos-de-coin\/echos-de-coin-en-ondes-l\/ut-echos-de-coin-en-ondes-l-influence-de-langle-de-refraction\/\" target=\"_self\">Influence de l&rsquo;angle de r\u00e9fraction<\/a><\/p>\n<\/p>\n<p class=\"titre-accordeon\"><a class=\"lien2\" href=\"https:\/\/www.extende.com\/fr\/la-simulation-cnd\/documentation\/validation-experimentale-des-modeles-civa\/validation-experimentale-des-modeles-civa-en-ultrasons\/ultrasons-echos-de-coin\/echos-de-coin-en-ondes-l\/ut-echos-de-coin-en-ondes-l-conclusion-et-discussion-sur-les-ecarts\/\" target=\"_self\">Conclusion et discussion sur les \u00e9carts<\/a><\/p><\/p>\n","protected":false},"excerpt":{"rendered":"<p>Validation exp\u00e9rimentale et caract\u00e9risation des mod\u00e8les Ultrasons de CIVA, \u00e9chos de coin en ondes L, logiciel de simulation CND<\/p>\n","protected":false},"author":0,"featured_media":0,"parent":2909,"menu_order":0,"comment_status":"closed","ping_status":"closed","template":"templates\/page--extende.html.php","meta":{"_acf_changed":false,"footnotes":""},"class_list":["post-2940","page","type-page","status-publish","hentry"],"acf":[],"_links":{"self":[{"href":"https:\/\/www.extende.com\/fr\/wp-json\/wp\/v2\/pages\/2940","targetHints":{"allow":["GET"]}}],"collection":[{"href":"https:\/\/www.extende.com\/fr\/wp-json\/wp\/v2\/pages"}],"about":[{"href":"https:\/\/www.extende.com\/fr\/wp-json\/wp\/v2\/types\/page"}],"replies":[{"embeddable":true,"href":"https:\/\/www.extende.com\/fr\/wp-json\/wp\/v2\/comments?post=2940"}],"version-history":[{"count":1,"href":"https:\/\/www.extende.com\/fr\/wp-json\/wp\/v2\/pages\/2940\/revisions"}],"predecessor-version":[{"id":5763,"href":"https:\/\/www.extende.com\/fr\/wp-json\/wp\/v2\/pages\/2940\/revisions\/5763"}],"up":[{"embeddable":true,"href":"https:\/\/www.extende.com\/fr\/wp-json\/wp\/v2\/pages\/2909"}],"wp:attachment":[{"href":"https:\/\/www.extende.com\/fr\/wp-json\/wp\/v2\/media?parent=2940"}],"curies":[{"name":"wp","href":"https:\/\/api.w.org\/{rel}","templated":true}]}}