{"id":2942,"date":"2025-06-24T18:33:12","date_gmt":"2025-06-24T16:33:12","guid":{"rendered":"https:\/\/www.extende.com\/la-simulation-cnd\/documentation\/validation-experimentale-des-modeles-civa\/validation-experimentale-des-modeles-civa-en-ultrasons\/ultrasons-echos-de-coin\/echos-de-coin-en-ondes-t\/"},"modified":"2025-06-24T18:52:16","modified_gmt":"2025-06-24T16:52:16","slug":"echos-de-coin-en-ondes-t","status":"publish","type":"page","link":"https:\/\/www.extende.com\/fr\/la-simulation-cnd\/documentation\/validation-experimentale-des-modeles-civa\/validation-experimentale-des-modeles-civa-en-ultrasons\/ultrasons-echos-de-coin\/echos-de-coin-en-ondes-t\/","title":{"rendered":"Echos de coin en ondes T"},"content":{"rendered":"<p>Cette page pr\u00e9sente les r\u00e9sultats de validation obtenus lors de l\u2019inspection Pulse-Echo en ondes transversales (T) d\u2019entailles rectangulaires d\u00e9bouchant en fond de pi\u00e8ce. Les r\u00e9sultats obtenus lors d\u2019inspections en ondes longitudinales (L) sont disponibles dans <a class=\"g-lien\" href=\"https:\/\/www.extende.com\/fr\/la-simulation-cnd\/documentation\/validation-experimentale-des-modeles-civa\/validation-experimentale-des-modeles-civa-en-ultrasons\/ultrasons-echos-de-coin\/echos-de-coin-en-ondes-l\/\" target=\"_self\">une autre page<\/a>.<\/p>\n<\/p>\n<p>Les mesures exp\u00e9rimentales ont \u00e9t\u00e9 r\u00e9alis\u00e9es sur diff\u00e9rentes maquettes planes, avec diff\u00e9rents traducteurs. L\u2019objectif est d\u2019\u00e9tudier l\u2019influence d\u2019un certain nombre de param\u00e8tres comme la hauteur, l\u2019extension de l\u2019entaille, ou encore l\u2019angle de propagation des ondes, sur l\u2019\u00e9volution de l\u2019amplitude des \u00e9chos de coin et sur la pertinence des pr\u00e9dictions de CIVA, que ce soit avec des capteurs en immersion ou au contact. Le dernier paragraphe synth\u00e9tise les limitations de CIVA, en particulier pour les petits d\u00e9fauts et les angles critiques.<\/p>\n<\/p>\n<p>\u00a0<\/p>\n<\/p>\n<p class=\"titre-accordeon\"><a class=\"lien2\" href=\"https:\/\/www.extende.com\/fr\/la-simulation-cnd\/documentation\/validation-experimentale-des-modeles-civa\/validation-experimentale-des-modeles-civa-en-ultrasons\/ultrasons-echos-de-coin\/echos-de-coin-en-ondes-t\/echos-de-coin-en-ondes-t-generalites\/\" target=\"_self\">G\u00e9n\u00e9ralit\u00e9s<\/a><\/p>\n<\/p>\n<p class=\"titre-accordeon\"><a class=\"lien2\" href=\"https:\/\/www.extende.com\/fr\/la-simulation-cnd\/documentation\/validation-experimentale-des-modeles-civa\/validation-experimentale-des-modeles-civa-en-ultrasons\/ultrasons-echos-de-coin\/echos-de-coin-en-ondes-t\/echos-de-coin-en-ondes-t-synthese-des-cas-etudies\/\" target=\"_self\">Synth\u00e8se des cas \u00e9tudi\u00e9s<\/a><\/p>\n<\/p>\n<p class=\"titre-accordeon\"><a class=\"lien2\" href=\"https:\/\/www.extende.com\/fr\/la-simulation-cnd\/documentation\/validation-experimentale-des-modeles-civa\/validation-experimentale-des-modeles-civa-en-ultrasons\/ultrasons-echos-de-coin\/echos-de-coin-en-ondes-t\/echos-de-coin-en-ondes-t-influence-de-la-hauteur-de-lentaille\/\" target=\"_self\">Influence de la hauteur de l&rsquo;entaille<\/a><\/p>\n<\/p>\n<p class=\"titre-accordeon\"><a class=\"lien2\" href=\"https:\/\/www.extende.com\/fr\/la-simulation-cnd\/documentation\/validation-experimentale-des-modeles-civa\/validation-experimentale-des-modeles-civa-en-ultrasons\/ultrasons-echos-de-coin\/echos-de-coin-en-ondes-t\/echos-de-coin-en-ondes-t-influence-de-lextension-de-lentaille\/\" target=\"_self\">Influence de l&rsquo;extension de l&rsquo;entaille<\/a><\/p>\n<\/p>\n<p class=\"titre-accordeon\"><a class=\"lien2\" href=\"https:\/\/www.extende.com\/fr\/la-simulation-cnd\/documentation\/validation-experimentale-des-modeles-civa\/validation-experimentale-des-modeles-civa-en-ultrasons\/ultrasons-echos-de-coin\/echos-de-coin-en-ondes-t\/echos-de-coin-en-ondes-t-influence-simultannee-des-2-dimensions-de-lentaille\/\" target=\"_self\">Influence simultan\u00e9e des 2 dimensions de l&rsquo;entaille<\/a><\/p>\n<\/p>\n<p class=\"titre-accordeon\"><a class=\"lien2\" href=\"https:\/\/www.extende.com\/fr\/la-simulation-cnd\/documentation\/validation-experimentale-des-modeles-civa\/validation-experimentale-des-modeles-civa-en-ultrasons\/ultrasons-echos-de-coin\/echos-de-coin-en-ondes-t\/echos-de-coin-en-ondes-t-influence-de-langle-de-refraction\/\" target=\"_self\">Influence de l&rsquo;angle de r\u00e9fraction<\/a><\/p>\n<\/p>\n<p class=\"titre-accordeon\"><a class=\"lien2\" href=\"https:\/\/www.extende.com\/fr\/la-simulation-cnd\/documentation\/validation-experimentale-des-modeles-civa\/validation-experimentale-des-modeles-civa-en-ultrasons\/ultrasons-echos-de-coin\/echos-de-coin-en-ondes-t\/echos-de-coin-en-ondes-t-influence-simultanee-de-la-hauteur-de-lentaille-et-de-langle-de-refraction\/\" target=\"_self\">Influence simultann\u00e9e de la hauteur de l&rsquo;entaille et de l&rsquo;angle de r\u00e9fraction<\/a><\/p>\n<\/p>\n<p class=\"titre-accordeon\"><a class=\"lien2\" href=\"https:\/\/www.extende.com\/fr\/la-simulation-cnd\/documentation\/validation-experimentale-des-modeles-civa\/validation-experimentale-des-modeles-civa-en-ultrasons\/ultrasons-echos-de-coin\/echos-de-coin-en-ondes-t\/echos-de-coin-en-ondes-t-influence-simultanee-de-lextension-des-entailles-et-de-langle-de-refraction\/\" target=\"_self\">Influence simultan\u00e9e de l&rsquo;extension des entailles et de l&rsquo;angle de r\u00e9fraction<\/a><\/p>\n<\/p>\n<p class=\"titre-accordeon\"><a class=\"lien2\" href=\"https:\/\/www.extende.com\/fr\/la-simulation-cnd\/documentation\/validation-experimentale-des-modeles-civa\/validation-experimentale-des-modeles-civa-en-ultrasons\/ultrasons-echos-de-coin\/echos-de-coin-en-ondes-t\/echos-de-coin-en-ondes-t-conclusion-et-explications-des-phenomenes\/\" target=\"_self\">Conclusion et explication des ph\u00e9nom\u00e8nes<\/a><\/p>\n<\/p>\n<p class=\"titre-paragraphe\" style=\"text-align: center;\">\u00a0<\/p><\/p>\n","protected":false},"excerpt":{"rendered":"<p>Validation exp\u00e9rimentale et caract\u00e9risation des mod\u00e8les Ultrasons de CIVA, \u00e9chos de coin en ondes transversales, logiciel de simulation CND<\/p>\n","protected":false},"author":0,"featured_media":0,"parent":2909,"menu_order":1,"comment_status":"closed","ping_status":"closed","template":"templates\/page--extende.html.php","meta":{"_acf_changed":false,"footnotes":""},"class_list":["post-2942","page","type-page","status-publish","hentry"],"acf":[],"_links":{"self":[{"href":"https:\/\/www.extende.com\/fr\/wp-json\/wp\/v2\/pages\/2942","targetHints":{"allow":["GET"]}}],"collection":[{"href":"https:\/\/www.extende.com\/fr\/wp-json\/wp\/v2\/pages"}],"about":[{"href":"https:\/\/www.extende.com\/fr\/wp-json\/wp\/v2\/types\/page"}],"replies":[{"embeddable":true,"href":"https:\/\/www.extende.com\/fr\/wp-json\/wp\/v2\/comments?post=2942"}],"version-history":[{"count":1,"href":"https:\/\/www.extende.com\/fr\/wp-json\/wp\/v2\/pages\/2942\/revisions"}],"predecessor-version":[{"id":5765,"href":"https:\/\/www.extende.com\/fr\/wp-json\/wp\/v2\/pages\/2942\/revisions\/5765"}],"up":[{"embeddable":true,"href":"https:\/\/www.extende.com\/fr\/wp-json\/wp\/v2\/pages\/2909"}],"wp:attachment":[{"href":"https:\/\/www.extende.com\/fr\/wp-json\/wp\/v2\/media?parent=2942"}],"curies":[{"name":"wp","href":"https:\/\/api.w.org\/{rel}","templated":true}]}}