{"id":2953,"date":"2025-06-24T18:33:14","date_gmt":"2025-06-24T16:33:14","guid":{"rendered":"https:\/\/www.extende.com\/la-simulation-cnd\/documentation\/validation-experimentale-des-modeles-civa\/validation-experimentale-des-modeles-civa-en-ultrasons\/ultrasons-multielements\/ut-multielements-generalites-sur-les-multielements\/"},"modified":"2025-06-24T18:52:15","modified_gmt":"2025-06-24T16:52:15","slug":"ut-multielements-generalites-sur-les-multielements","status":"publish","type":"page","link":"https:\/\/www.extende.com\/fr\/la-simulation-cnd\/documentation\/validation-experimentale-des-modeles-civa\/validation-experimentale-des-modeles-civa-en-ultrasons\/ultrasons-multielements\/ut-multielements-generalites-sur-les-multielements\/","title":{"rendered":"UT &#8211; Multi\u00e9l\u00e9ments : G\u00e9n\u00e9ralit\u00e9s sur les multi\u00e9l\u00e9ments"},"content":{"rendered":"<p class=\"titre-accordeon\">\u00a0<\/p>\n<\/p>\n<h2 class=\"titre-accordeon\">LES CAPTEURS MULTI\u00c9L\u00c9MENTS<\/h2>\n<\/p>\n<p>Les traducteurs multi\u00e9l\u00e9ments sont con\u00e7us en pla\u00e7ant c\u00f4te \u00e0 c\u00f4te un r\u00e9seau de pastilles pi\u00e9zo\u00e9lectriques excitables ind\u00e9pendamment les unes des autres. Les retards appliqu\u00e9s \u00e0 chacun des \u00e9l\u00e9ments permettent de maitriser les caract\u00e9ristiques du faisceau transmis (en termes de d\u00e9viation et de focalisation) dans le milieu d\u2019inspection. L\u2019ensemble des retards appliqu\u00e9s forme ce qu\u2019on appelle une loi de retards.<\/p>\n<\/p>\n<p>Il existe plusieurs d\u00e9coupages de traducteurs multi\u00e9l\u00e9ments. Le choix de la d\u00e9coupe se fait en fonction des applications souhait\u00e9es. Ainsi, avec un r\u00e9seau lin\u00e9aire, il est possible de d\u00e9fl\u00e9chir un faisceau dans le plan d\u2019incidence du capteur alors qu\u2019un r\u00e9seau matriciel permet une d\u00e9flexion dans un volume.<\/p>\n<\/p>\n<p>\u00a0<\/p>\n<\/p>\n<h2 class=\"titre-accordeon\">LES DIFF\u00c9RENTS ALGORITHMES DE LOIS DE RETARDS<\/h2>\n<\/p>\n<p>En param\u00e9trant correctement la loi de retards, on peut d\u00e9finir une focalisation en un ou plusieurs points ou encore balayer un secteur angulaire avec et sans focalisation. Il existe une application permettant d\u2019illustrer ce principe <a class=\"g-lien\" href=\"https:\/\/www.extende.com\/fr\/principe-des-capteurs-multi-elements\" target=\"_self\">ici<\/a>.<\/p>\n<\/p>\n<p>\u00a0<\/p>\n<\/p>\n<h2 class=\"titre-paragraphe\">Focalisation en diff\u00e9rentes profondeurs<\/h2>\n<\/p>\n<p>L\u2019algorithme de focalisation en diff\u00e9rentes profondeurs g\u00e9n\u00e8re une loi de retards permettant de focaliser successivement en diff\u00e9rents points le long de l\u2019axe de tir d\u00e9fini selon l\u2019angle sp\u00e9cifi\u00e9 par l\u2019utilisateur.<\/p>\n<\/p>\n<p>\u00a0<\/p>\n<\/p>\n<div style=\"text-align: center\"><img loading=\"lazy\" decoding=\"async\" src=\"https:\/\/www.extende.com\/wp-content\/uploads\/ImpEcran_1.png\" width=\"350\" height=\"300\" class=\"wp-image-2944 mediabox\"> <img loading=\"lazy\" decoding=\"async\" width=\"137\" height=\"135\" src=\"https:\/\/www.extende.com\/wp-content\/uploads\/ImpEcran_1_civa.png\" class=\"wp-image-2945 \"><\/div>\n<p style=\"text-align: center;\">\u00a0<\/p>\n<\/p>\n<h2 class=\"titre-paragraphe\">Balayage angulaire<\/h2>\n<\/p>\n<p>Le balayage angulaire permet de d\u00e9fl\u00e9chir le faisceau acoustique sur un secteur angulaire d\u00e9fini par l\u2019utilisateur qui choisit les deux angles extr\u00eames et le pas angulaire.<\/p>\n<\/p>\n<p>\u00a0<\/p>\n<\/p>\n<div style=\"text-align: center\"><a href=\"https:\/\/www.extende.com\/wp-content\/uploads\/ImpEcran_2.png\" class=\"mediabox\"><img loading=\"lazy\" decoding=\"async\" src=\"https:\/\/www.extende.com\/wp-content\/uploads\/ImpEcran_2.png\" width=\"350\" height=\"300\" class=\"wp-image-2947 mediabox\"><\/a> <img loading=\"lazy\" decoding=\"async\" width=\"170\" height=\"116\" src=\"https:\/\/www.extende.com\/wp-content\/uploads\/ImpEcran_2_civa.png\" class=\"wp-image-2948 \"><\/div>\n<p>\u00a0<\/p>\n<\/p>\n<h2 class=\"titre-paragraphe\">Balayage angle et profondeur<\/h2>\n<\/p>\n<p>Comme le balayage angulaire pr\u00e9sent\u00e9 ci-dessus, l\u2019algorithme balayage angle et profondeur d\u00e9vie le faisceau acoustique sur un secteur angulaire donn\u00e9 mais il permet aussi de focaliser le faisceau \u00e0 une profondeur donn\u00e9e.<\/p>\n<\/p>\n<p style=\"text-align: center;\">\u00a0<\/p>\n<\/p>\n<div style=\"text-align: center\"><a href=\"https:\/\/www.extende.com\/wp-content\/uploads\/ImpEcran_3.png\" class=\"mediabox\"><img loading=\"lazy\" decoding=\"async\" src=\"https:\/\/www.extende.com\/wp-content\/uploads\/ImpEcran_2.png\" width=\"350\" height=\"300\" class=\"wp-image-2947 mediabox\"><\/a> <img loading=\"lazy\" decoding=\"async\" width=\"137\" height=\"135\" src=\"https:\/\/www.extende.com\/wp-content\/uploads\/ImpEcran_3_civa.png\" class=\"wp-image-2951 \"><\/div>\n<\/p>\n<p>\u00a0<\/p>\n<\/p>\n<p>Continuer vers <a class=\"lien\" href=\"https:\/\/www.extende.com\/fr\/la-simulation-cnd\/documentation\/validation-experimentale-des-modeles-civa\/validation-experimentale-des-modeles-civa-en-ultrasons\/ultrasons-multielements\/ut-multielements-configurations-experimentales-de-simulation\/\" target=\"_self\">Configurations exp\u00e9rimentales de simulation<\/a><\/p>\n<\/p>\n<p>Retourner \u00e0 <a class=\"lien\" href=\"https:\/\/www.extende.com\/fr\/la-simulation-cnd\/documentation\/validation-experimentale-des-modeles-civa\/validation-experimentale-des-modeles-civa-en-ultrasons\/ultrasons-multielements\/\" target=\"_self\">Multi\u00e9l\u00e9ments<\/a><\/p><\/p>\n","protected":false},"excerpt":{"rendered":"<p>Validation exp\u00e9rimentale et caract\u00e9risation des mod\u00e8les Ultrasons de CIVA, Multi\u00e9l\u00e9ments, logiciel de simulation CND<\/p>\n","protected":false},"author":0,"featured_media":0,"parent":2911,"menu_order":0,"comment_status":"closed","ping_status":"closed","template":"templates\/page--extende.html.php","meta":{"_acf_changed":false,"footnotes":""},"class_list":["post-2953","page","type-page","status-publish","hentry"],"acf":[],"_links":{"self":[{"href":"https:\/\/www.extende.com\/fr\/wp-json\/wp\/v2\/pages\/2953","targetHints":{"allow":["GET"]}}],"collection":[{"href":"https:\/\/www.extende.com\/fr\/wp-json\/wp\/v2\/pages"}],"about":[{"href":"https:\/\/www.extende.com\/fr\/wp-json\/wp\/v2\/types\/page"}],"replies":[{"embeddable":true,"href":"https:\/\/www.extende.com\/fr\/wp-json\/wp\/v2\/comments?post=2953"}],"version-history":[{"count":1,"href":"https:\/\/www.extende.com\/fr\/wp-json\/wp\/v2\/pages\/2953\/revisions"}],"predecessor-version":[{"id":5719,"href":"https:\/\/www.extende.com\/fr\/wp-json\/wp\/v2\/pages\/2953\/revisions\/5719"}],"up":[{"embeddable":true,"href":"https:\/\/www.extende.com\/fr\/wp-json\/wp\/v2\/pages\/2911"}],"wp:attachment":[{"href":"https:\/\/www.extende.com\/fr\/wp-json\/wp\/v2\/media?parent=2953"}],"curies":[{"name":"wp","href":"https:\/\/api.w.org\/{rel}","templated":true}]}}