{"id":3010,"date":"2025-06-24T18:33:26","date_gmt":"2025-06-24T16:33:26","guid":{"rendered":"https:\/\/www.extende.com\/la-simulation-cnd\/documentation\/validation-experimentale-des-modeles-civa\/validation-experimentale-des-modeles-civa-en-ultrasons\/ultrasons-multielements\/ut-multielements-resultats-pour-lalgorithme-de-balayage-angulaire\/"},"modified":"2025-06-24T18:52:15","modified_gmt":"2025-06-24T16:52:15","slug":"ut-multielements-resultats-pour-lalgorithme-de-balayage-angulaire","status":"publish","type":"page","link":"https:\/\/www.extende.com\/fr\/la-simulation-cnd\/documentation\/validation-experimentale-des-modeles-civa\/validation-experimentale-des-modeles-civa-en-ultrasons\/ultrasons-multielements\/ut-multielements-resultats-pour-lalgorithme-de-balayage-angulaire\/","title":{"rendered":"UT &#8211; Multi\u00e9l\u00e9ments : R\u00e9sultats pour l&rsquo;algorithme de balayage angulaire"},"content":{"rendered":"<p>Cet algorithme a \u00e9t\u00e9 \u00e9valu\u00e9 avec le capteur en immersion de 10\u00a0MHz. Selon la nature des ondes \u00e9tudi\u00e9es (L ou T) le capteur est inclin\u00e9 avec un angle sp\u00e9cifique : 10,5\u00b0 pour g\u00e9n\u00e9rer une r\u00e9fraction en L45, 18,9\u00b0 pour g\u00e9n\u00e9rer une r\u00e9fraction en T45.<\/p>\n<\/p>\n<h2 class=\"titre-accordeon\">R\u00c9SULTATS AVEC LE CAPTEUR 10\u00a0MHz INCLIN\u00c9 DE 10,2\u00b0 (L45\u00b0)<\/h2>\n<\/p>\n<p class=\"titre-paragraphe\">\n<\/p>\n<p class=\"titre-paragraphe\">Lois de retards : balayage angulaire, premier angle de d\u00e9viation: 0\u00b0 et dernier angle de d\u00e9viation: 80\u00b0, type d\u2019onde pour le calcul des lois : L, s\u00e9quence de 32 \u00e9l\u00e9ments.<br \/>\nLa hauteur d\u2019eau est de 50\u00a0mm.<\/p>\n<\/p>\n<p class=\"titre-paragraphe\">\u00a0<\/p>\n<\/p>\n<h2 class=\"titre-paragraphe\">Amplitude des \u00e9chos L directs<\/h2>\n<\/p>\n<p><span style=\"line-height: 1.5em;\">Les courbes simul\u00e9es d\u2019amplitude en onde L des TGs montrent un bon accord avec les courbes exp\u00e9rimentales quel que soit l\u2019exposant de la loi d\u2019att\u00e9nuation (2 ou 4). N\u00e9anmoins, on note qu\u2019il existe un \u00e9cart entre simulation et exp\u00e9rience sur la courbe d\u2019amplitude de l\u2019\u00e9cho en onde T mesur\u00e9e pour la d\u00e9viation en L60\u00b0. L\u2019\u00e9cart est moins important avec la loi d\u2019att\u00e9nuation en exposant 2 mais reste tout de m\u00eame non n\u00e9gligeable (jusque 5\u00a0dB d\u2019\u00e9cart).<\/span><\/p>\n<\/p>\n<p>\u00a0<\/p>\n<\/p>\n<p style=\"text-align:center;\"><a class=\"mediabox\" href=\"https:\/\/www.extende.com\/wp-content\/uploads\/ME_83.png\" title=\"\"><img loading=\"lazy\" decoding=\"async\" alt=\"\" class=\"mediabox alignnone wp-image-2999\" height=\"300\" src=\"https:\/\/www.extende.com\/wp-content\/uploads\/ME_83.png\" title=\"\" width=\"350\"><\/a><a class=\"mediabox\" href=\"https:\/\/www.extende.com\/wp-content\/uploads\/ME_84.png\" title=\"\"><img loading=\"lazy\" decoding=\"async\" alt=\"\" class=\"mediabox alignnone wp-image-3000\" height=\"300\" src=\"https:\/\/www.extende.com\/wp-content\/uploads\/ME_84.png\" title=\"\" width=\"350\"><\/a><\/p>\n<\/p>\n<p>\u00a0<\/p>\n<\/p>\n<p><span style=\"line-height: 1.5em;\">Ces diff\u00e9rences d\u2019amplitudes entre simulation et exp\u00e9rience pour l\u2019\u00e9cho en onde T s\u2019expliquent par les caract\u00e9ristiques du champ simul\u00e9 en ondes T. La d\u00e9viation en L60\u00b0 cr\u00e9e un mode associ\u00e9 en T28\u00b0. Or, la simulation de ce dernier montre une division du champ au niveau de l\u2019interface eau\/acier qui n\u2019est pas observ\u00e9e exp\u00e9rimentalement. Cette division du mode T est li\u00e9e aux limitations du mod\u00e8le. La forte variation du coefficient de transmission \u00e0 proximit\u00e9 de l\u2019angle critique g\u00e9n\u00e8re cette division du faisceau T incident. Certaines ondes n\u2019\u00e9tant pas prises en compte, cela r\u00e9duit l\u2019amplitude de l\u2019\u00e9cho T simul\u00e9. (cf.\u00a0<u><a class=\"g-lien\" href=\"https:\/\/www.extende.com\/fr\/la-simulation-cnd\/documentation\/validation-experimentale-des-modeles-civa\/validation-experimentale-des-modeles-civa-en-ultrasons\/ultrasons-reflecteurs-artificiels\/reflecteurs-generatrices\/\" target=\"_self\">ici<\/a><\/u><\/span><span style=\"line-height: 1.5em;\">)<\/span><\/p>\n<\/p>\n<p>\u00a0<\/p>\n<\/p>\n<h2 class=\"titre-paragraphe\">Comparaison des \u00e9chodynamiques en ondes L<\/h2>\n<\/p>\n<p><span style=\"line-height: 1.5em;\">Les courbes \u00e9chodynamiques simul\u00e9es avec la loi en exposant 2 concordent bien avec les courbes exp\u00e9rimentales.<\/span><\/p>\n<\/p>\n<p>\u00a0<\/p>\n<\/p>\n<p style=\"text-align:center;\"><a class=\"mediabox\" href=\"https:\/\/www.extende.com\/wp-content\/uploads\/ME_86.png\" title=\"\"><img loading=\"lazy\" decoding=\"async\" alt=\"\" class=\"mediabox alignnone wp-image-3001\" height=\"350\" src=\"https:\/\/www.extende.com\/wp-content\/uploads\/ME_86.png\" title=\"\" width=\"450\"><\/a><\/p>\n<\/p>\n<p>\u00a0<\/p>\n<\/p>\n<h2 class=\"titre-paragraphe\">Angle de r\u00e9fraction des ondes L<\/h2>\n<\/p>\n<p><span style=\"line-height: 1.5em;\">Les angles de r\u00e9fraction dans la pi\u00e8ce \u00ab demand\u00e9s \u00bb lors du calcul de la loi de retards seront compar\u00e9s aux angles \u00ab r\u00e9els \u00bb, c\u2019est-\u00e0-dire obtenus dans la pi\u00e8ce apr\u00e8s application de la loi.<\/span><\/p>\n<\/p>\n<p class=\"titre-paragraphe\">Les valeurs de ces angles de r\u00e9fraction \u00ab r\u00e9els \u00bb seront calcul\u00e9es \u00e0 partir des courbes \u00e9chodynamiques (exp\u00e9rimentale ou simul\u00e9e) obtenues avec les TGs.<\/p>\n<\/p>\n<p class=\"titre-paragraphe\">Les positions du capteur pour lesquelles l\u2019amplitude des \u00e9chos des TGs est maximale sont relev\u00e9es (cf. figure ci-dessous, en bas \u00e0 gauche).<\/p>\n<\/p>\n<p class=\"titre-paragraphe\">\u00a0<\/p>\n<\/p>\n<p style=\"text-align:center;\"><a class=\"mediabox\" href=\"https:\/\/www.extende.com\/wp-content\/uploads\/ME_3.png\" title=\"\"><img loading=\"lazy\" decoding=\"async\" alt=\"\" class=\"mediabox alignnone wp-image-3002\" height=\"250\" src=\"https:\/\/www.extende.com\/wp-content\/uploads\/ME_3.png\" title=\"\" width=\"450\"><\/a><\/p>\n<\/p>\n<p class=\"titre-paragraphe\">\u00a0<\/p>\n<\/p>\n<p class=\"titre-paragraphe\">Les courbes exp\u00e9rimentales et simul\u00e9es sur la figure pr\u00e9c\u00e9dente (\u00e0 droite) permettent d\u2019observer l\u2019\u00e9volution de l\u2019angle de r\u00e9fraction en fonction de la profondeur et de mesurer cet angle.<br \/>\nLa comparaison de ces deux courbes indique si l\u2019angle du faisceau r\u00e9fract\u00e9 dans la pi\u00e8ce est le m\u00eame que celui pr\u00e9dit par CIVA.<br \/>\nLa mesure de l\u2019angle \u00ab r\u00e9el \u00bb du faisceau se fait en utilisant la relation indiqu\u00e9e sur la figure ci-dessous.<\/p>\n<\/p>\n<p class=\"titre-paragraphe\">\u00a0<\/p>\n<\/p>\n<p style=\"text-align:center;\"><a class=\"mediabox\" href=\"https:\/\/www.extende.com\/wp-content\/uploads\/ME_4.png\" title=\"\"><img loading=\"lazy\" decoding=\"async\" alt=\"\" class=\"mediabox alignnone wp-image-3003\" height=\"250\" src=\"https:\/\/www.extende.com\/wp-content\/uploads\/ME_4.png\" title=\"\" width=\"300\"><\/a><\/p>\n<\/p>\n<p class=\"titre-paragraphe\">\u00a0<\/p>\n<\/p>\n<p class=\"titre-paragraphe\">La figure suivante compare les courbes reliant les positions du capteur pour lesquelles on mesure le maximum d\u2019amplitude en fonction de la profondeur du TG. Les courbes simul\u00e9es concordent bien avec les courbes exp\u00e9rimentales et les angles de r\u00e9fraction exp\u00e9rimentaux (donc \u00ab r\u00e9els \u00bb) sont en bon accord avec les angles de r\u00e9fraction demand\u00e9s en simulation (qui sont ind\u00e9pendants de la loi d\u2019att\u00e9nuation choisie).<\/p>\n<\/p>\n<p class=\"titre-paragraphe\">\u00a0<\/p>\n<\/p>\n<p style=\"text-align:center;\"><a class=\"mediabox\" href=\"https:\/\/www.extende.com\/wp-content\/uploads\/ME_85.png\" title=\"\"><img loading=\"lazy\" decoding=\"async\" alt=\"\" class=\"mediabox alignnone wp-image-3004\" height=\"350\" src=\"https:\/\/www.extende.com\/wp-content\/uploads\/ME_85.png\" title=\"\" width=\"450\"><\/a><\/p>\n<\/p>\n<p>\u00a0<\/p>\n<\/p>\n<p class=\"titre-paragraphe\">\n<\/p>\n<h2 class=\"titre-accordeon\">R\u00c9SULTATS AVEC LE CAPTEUR 10\u00a0MHz INCLIN\u00c9 DE 18,9\u00b0 (T45\u00b0)<\/h2>\n<\/p>\n<p><span style=\"line-height: 1.5em;\">Lois de retards : balayage angulaire, premier angle de d\u00e9viation: 35\u00b0 et dernier angle de d\u00e9viation: 65\u00b0, type d\u2019onde pour le calcul des lois : T, s\u00e9quence de 32 \u00e9l\u00e9ments.<\/span><\/p>\n<\/p>\n<p class=\"titre-paragraphe\">La hauteur d\u2019eau est de 50\u00a0mm.<\/p>\n<\/p>\n<p class=\"titre-paragraphe\">\u00a0<\/p>\n<\/p>\n<h2 class=\"titre-paragraphe\">Amplitude des \u00e9chos T directs<\/h2>\n<\/p>\n<p><span style=\"line-height: 1.5em;\">Comme on peut le voir sur la figure suivante, en ondes T, la loi d\u2019att\u00e9nuation en exposant 2 est celle qui permet d\u2019obtenir les courbes d\u2019amplitudes les plus proches des r\u00e9sultats exp\u00e9rimentaux. N\u00e9anmoins, quelle que soit la valeur de l\u2019exposant, les amplitudes simul\u00e9es des \u00e9chos T directs diff\u00e8rent des amplitudes exp\u00e9rimentales. Avec la loi d\u2019att\u00e9nuation en exposant 2, les amplitudes simul\u00e9es diminuent plus rapidement que les amplitudes exp\u00e9rimentales et l\u2019\u00e9cart est d\u2019autant plus grand que le TG est profond (jusque 6\u00a0dB).<\/span><\/p>\n<\/p>\n<p>\u00a0<\/p>\n<\/p>\n<p style=\"text-align:center;\"><a class=\"mediabox\" href=\"https:\/\/www.extende.com\/wp-content\/uploads\/ME_89.png\" title=\"\"><img loading=\"lazy\" decoding=\"async\" alt=\"\" class=\"mediabox alignnone wp-image-3005\" height=\"450\" src=\"https:\/\/www.extende.com\/wp-content\/uploads\/ME_89.png\" title=\"\" width=\"450\"><\/a><\/p>\n<\/p>\n<p>\u00a0<\/p>\n<\/p>\n<h2 class=\"titre-paragraphe\">Comparaison des \u00e9chodynamiques et des Ascans en ondes T<\/h2>\n<\/p>\n<p><span style=\"line-height: 1.5em;\">Les deux figures suivantes comparent les courbes \u00e9chodynamiques et les Ascans exp\u00e9rimentaux et simul\u00e9s avec la loi d\u2019att\u00e9nuation en exposant 2. On constate, \u00e0 chaque fois, un bon accord entre l\u2019exp\u00e9rience et la simulation avec cet exposant.<\/span><\/p>\n<\/p>\n<p>\u00a0<\/p>\n<\/p>\n<p style=\"text-align:center;\"><a class=\"mediabox\" href=\"https:\/\/www.extende.com\/wp-content\/uploads\/ME_91.png\" title=\"\"><img loading=\"lazy\" decoding=\"async\" alt=\"\" class=\"mediabox alignnone wp-image-3006\" height=\"300\" src=\"https:\/\/www.extende.com\/wp-content\/uploads\/ME_91.png\" title=\"\" width=\"350\"><\/a><a class=\"mediabox\" href=\"https:\/\/www.extende.com\/wp-content\/uploads\/ME_92.png\" title=\"\"><img loading=\"lazy\" decoding=\"async\" alt=\"\" class=\"mediabox alignnone wp-image-3007\" height=\"300\" src=\"https:\/\/www.extende.com\/wp-content\/uploads\/ME_92.png\" title=\"\" width=\"350\"><\/a><\/p>\n<\/p>\n<p>\u00a0<\/p>\n<\/p>\n<h2 class=\"titre-paragraphe\">Angle de r\u00e9fraction des ondes T<\/h2>\n<\/p>\n<p><span style=\"line-height: 1.5em;\">L\u2019angle de r\u00e9fraction est mesur\u00e9 selon la m\u00eame proc\u00e9dure d\u00e9crite pour les ondes L. Les r\u00e9sultats obtenus en ondes T sont pr\u00e9sent\u00e9s sur la figure ci-dessous.<\/span><\/p>\n<\/p>\n<p>\u00a0<\/p>\n<\/p>\n<p style=\"text-align:center;\"><a class=\"mediabox\" href=\"https:\/\/www.extende.com\/wp-content\/uploads\/ME_93.png\" title=\"\"><img loading=\"lazy\" decoding=\"async\" alt=\"\" class=\"mediabox alignnone wp-image-3008\" height=\"300\" src=\"https:\/\/www.extende.com\/wp-content\/uploads\/ME_93.png\" title=\"\" width=\"450\"><\/a><\/p>\n<\/p>\n<p class=\"titre-paragraphe\">\u00a0<\/p>\n<\/p>\n<p class=\"titre-paragraphe\">On obtient un tr\u00e8s bon accord entre les angles de r\u00e9fraction et les angles fournis par CIVA.<\/p>\n<\/p>\n<p>\u00a0<\/p>\n<\/p>\n<h2 class=\"titre-accordeon\">CONCLUSION<\/h2>\n<\/p>\n<p><span style=\"line-height: 1.5em;\">Les comparaisons simulation \/ exp\u00e9rience montrent que des diff\u00e9rences apparaissent avec le capteur 10\u00a0MHz lorsqu\u2019il est utilis\u00e9 en balayage angulaire en ondes T. Ces \u00e9carts (notamment sur l\u2019\u00e9volution de l\u2019amplitude) sont r\u00e9duits mais ne disparaissent pas en employant la loi d\u2019att\u00e9nuation exposant 2.<\/span><\/p>\n<\/p>\n<p class=\"titre-paragraphe\">N\u00e9anmoins, que ce soit en ondes L ou T, les angles de r\u00e9fraction exp\u00e9rimentaux (donc \u00ab r\u00e9el \u00bb) sont en bon accord avec les angles de r\u00e9fraction demand\u00e9s en simulation et qui sont ind\u00e9pendants de la loi d\u2019att\u00e9nuation choisie. Les lois de retards fournies par CIVA pour d\u00e9vier le faisceau acoustique d\u2019un traducteur multi\u00e9l\u00e9ments permettent bien d\u2019obtenir la d\u00e9viation d\u00e9sir\u00e9e.<\/p>\n<\/p>\n<p>\u00a0<\/p>\n<\/p>\n<p>Continuer vers <a class=\"lien\" href=\"https:\/\/www.extende.com\/fr\/la-simulation-cnd\/documentation\/validation-experimentale-des-modeles-civa\/validation-experimentale-des-modeles-civa-en-ultrasons\/ultrasons-multielements\/ut-multielements-resultats-pour-lalgorithme-de-balayage-angle-et-profondeur\/\" target=\"_self\">R\u00e9sultats pour l&rsquo;algorithme de balayage angle et profondeur<\/a><\/p>\n<\/p>\n<p>Retourner \u00e0 <a class=\"lien\" href=\"https:\/\/www.extende.com\/fr\/la-simulation-cnd\/documentation\/validation-experimentale-des-modeles-civa\/validation-experimentale-des-modeles-civa-en-ultrasons\/ultrasons-multielements\/\" target=\"_self\">Multi\u00e9l\u00e9ments<\/a><\/p><\/p>\n","protected":false},"excerpt":{"rendered":"<p>Validation exp\u00e9rimentale et caract\u00e9risation des mod\u00e8les Ultrasons de CIVA, Multi\u00e9l\u00e9ments, logiciel de simulation CND<\/p>\n","protected":false},"author":0,"featured_media":0,"parent":2911,"menu_order":3,"comment_status":"closed","ping_status":"closed","template":"templates\/page--extende.html.php","meta":{"_acf_changed":false,"footnotes":""},"class_list":["post-3010","page","type-page","status-publish","hentry"],"acf":[],"_links":{"self":[{"href":"https:\/\/www.extende.com\/fr\/wp-json\/wp\/v2\/pages\/3010","targetHints":{"allow":["GET"]}}],"collection":[{"href":"https:\/\/www.extende.com\/fr\/wp-json\/wp\/v2\/pages"}],"about":[{"href":"https:\/\/www.extende.com\/fr\/wp-json\/wp\/v2\/types\/page"}],"replies":[{"embeddable":true,"href":"https:\/\/www.extende.com\/fr\/wp-json\/wp\/v2\/comments?post=3010"}],"version-history":[{"count":1,"href":"https:\/\/www.extende.com\/fr\/wp-json\/wp\/v2\/pages\/3010\/revisions"}],"predecessor-version":[{"id":5713,"href":"https:\/\/www.extende.com\/fr\/wp-json\/wp\/v2\/pages\/3010\/revisions\/5713"}],"up":[{"embeddable":true,"href":"https:\/\/www.extende.com\/fr\/wp-json\/wp\/v2\/pages\/2911"}],"wp:attachment":[{"href":"https:\/\/www.extende.com\/fr\/wp-json\/wp\/v2\/media?parent=3010"}],"curies":[{"name":"wp","href":"https:\/\/api.w.org\/{rel}","templated":true}]}}