{"id":3018,"date":"2025-06-24T18:33:27","date_gmt":"2025-06-24T16:33:27","guid":{"rendered":"https:\/\/www.extende.com\/la-simulation-cnd\/documentation\/validation-experimentale-des-modeles-civa\/validation-experimentale-des-modeles-civa-en-ultrasons\/ultrasons-multielements\/ut-multielements-resultats-pour-lalgorithme-de-balayage-angle-et-profondeu"},"modified":"2025-06-24T18:52:14","modified_gmt":"2025-06-24T16:52:14","slug":"ut-multielements-resultats-pour-lalgorithme-de-balayage-angle-et-profondeur","status":"publish","type":"page","link":"https:\/\/www.extende.com\/fr\/la-simulation-cnd\/documentation\/validation-experimentale-des-modeles-civa\/validation-experimentale-des-modeles-civa-en-ultrasons\/ultrasons-multielements\/ut-multielements-resultats-pour-lalgorithme-de-balayage-angle-et-profondeur\/","title":{"rendered":"UT &#8211; Multi\u00e9l\u00e9ments : R\u00e9sultats pour l&rsquo;algorithme de balayage angle et profondeur"},"content":{"rendered":"<h2 class=\"titre-accordeon\">R\u00c9SULTATS AVEC LE CAPTEUR MATRICIEL 2\u00a0MHz<\/h2>\n<\/p>\n<p class=\"titre-paragraphe\">\n<\/p>\n<p class=\"titre-paragraphe\">Lois de retards : balayage angulaire avec focalisation \u00e0 la profondeur de 30\u00a0mm, 64 \u00e9l\u00e9ments actifs, premier angle de d\u00e9viation: 20\u00b0 et dernier angle de d\u00e9viation: 60\u00b0, calcul en ondes L.<\/p>\n<\/p>\n<p class=\"titre-paragraphe\">Avec ce capteur, on obtient un bon accord entre simulation et exp\u00e9rience pour l\u2019\u00e9volution de l\u2019amplitude avec la profondeur, les courbes \u00e9chodynamiques et les mesures de l\u2019angle de r\u00e9fraction (sauf \u00e0 30\u00b0). On remarque aussi que pour des angles de d\u00e9viations qui s\u2019\u00e9loignent de 45\u00b0 c\u2019est-\u00e0-dire l\u2019angle de d\u00e9viation naturel du capteur, la focalisation n\u2019est plus assur\u00e9e \u00e0 la profondeur souhait\u00e9e (pour une d\u00e9viation \u00e0 30\u00b0, la focalisation est effectu\u00e9e \u00e0 25\u00a0mm au lieu de 30\u00a0mm ; pour une d\u00e9viation \u00e0 60\u00b0, la focalisation est effectu\u00e9e \u00e0 20\u00a0mm au lieu de 30\u00a0mm). Les r\u00e9sultats obtenus sont pr\u00e9sent\u00e9s sur les trois figures ci-dessous :<\/p>\n<\/p>\n<p class=\"titre-paragraphe\">\u00a0<\/p>\n<\/p>\n<p style=\"text-align:center;\"><a class=\"mediabox\" href=\"https:\/\/www.extende.com\/wp-content\/uploads\/ME_96.png\" title=\"\"><img loading=\"lazy\" decoding=\"async\" alt=\"\" class=\"mediabox alignnone wp-image-3011\" height=\"300\" src=\"https:\/\/www.extende.com\/wp-content\/uploads\/ME_96.png\" title=\"\" width=\"350\"><\/a><a class=\"mediabox\" href=\"https:\/\/www.extende.com\/wp-content\/uploads\/ME_98.png\" title=\"\"><img loading=\"lazy\" decoding=\"async\" alt=\"\" class=\"mediabox alignnone wp-image-3012\" height=\"300\" src=\"https:\/\/www.extende.com\/wp-content\/uploads\/ME_98.png\" title=\"\" width=\"350\"><\/a><a class=\"mediabox\" href=\"https:\/\/www.extende.com\/wp-content\/uploads\/ME_99.png\" title=\"\"><img loading=\"lazy\" decoding=\"async\" alt=\"\" class=\"mediabox alignnone wp-image-3013\" height=\"300\" src=\"https:\/\/www.extende.com\/wp-content\/uploads\/ME_99.png\" title=\"\" width=\"350\"><\/a><\/p>\n<\/p>\n<p>\u00a0<\/p>\n<\/p>\n<h2 class=\"titre-accordeon\">R\u00c9SULTATS AVEC LE CAPTEUR CONTACT 5\u00a0MHZ<\/h2>\n<\/p>\n<p><span style=\"line-height: 1.5em;\">Lois de retards : balayage angulaire avec focalisation \u00e0 la profondeur de 30\u00a0mm, premier angle de d\u00e9viation: 0\u00b0 et dernier angle de d\u00e9viation : 60\u00b0, type d\u2019onde pour le calcul des lois : L, s\u00e9quence de 32 \u00e9l\u00e9ments.<\/span><\/p>\n<\/p>\n<p class=\"titre-paragraphe\">Avec ce capteur, on obtient globalement un bon accord entre simulation et exp\u00e9rience pour l\u2019\u00e9volution de l\u2019amplitude avec la profondeur, les courbes \u00e9chodynamiques. N\u00e9anmoins, quelques diff\u00e9rences sur l\u2019angle de r\u00e9fraction, l\u2019amplitude et la position du point focal peuvent apparaitre pour des angles de d\u00e9viations \u00e9loign\u00e9s de l\u2019angle de r\u00e9fraction naturel du capteur. Avec ce capteur, ces diff\u00e9rences sont observ\u00e9es pour l\u2019angle de r\u00e9fraction 0\u00b0 (l\u2019amplitude simul\u00e9e est plus \u00e9lev\u00e9e que celle mesur\u00e9e (+5\u00a0dB)) et pour la loi de d\u00e9viation \u00e0 20\u00b0 (+2\u00a0dB).<\/p>\n<\/p>\n<p class=\"titre-paragraphe\">Les r\u00e9sultats obtenus sont pr\u00e9sent\u00e9s sur les trois figures ci-dessous :<\/p>\n<\/p>\n<p class=\"titre-paragraphe\">\u00a0<\/p>\n<\/p>\n<p style=\"text-align:center;\"><a class=\"mediabox\" href=\"https:\/\/www.extende.com\/wp-content\/uploads\/ME_102.png\" title=\"\"><img loading=\"lazy\" decoding=\"async\" alt=\"\" class=\"mediabox alignnone wp-image-3014\" height=\"300\" src=\"https:\/\/www.extende.com\/wp-content\/uploads\/ME_102.png\" title=\"\" width=\"350\"><\/a><a class=\"mediabox\" href=\"https:\/\/www.extende.com\/wp-content\/uploads\/ME_104.png\" title=\"\"><img loading=\"lazy\" decoding=\"async\" alt=\"\" class=\"mediabox alignnone wp-image-3015\" height=\"300\" src=\"https:\/\/www.extende.com\/wp-content\/uploads\/ME_104.png\" title=\"\" width=\"350\"><\/a><a class=\"mediabox\" href=\"https:\/\/www.extende.com\/wp-content\/uploads\/ME_105.png\" title=\"\"><img loading=\"lazy\" decoding=\"async\" alt=\"\" class=\"mediabox alignnone wp-image-3016\" height=\"300\" src=\"https:\/\/www.extende.com\/wp-content\/uploads\/ME_105.png\" title=\"\" width=\"350\"><\/a><\/p>\n<\/p>\n<p>\u00a0<\/p>\n<\/p>\n<h2 class=\"titre-accordeon\">CONCLUSION<\/h2>\n<\/p>\n<p><span style=\"line-height: 1.5em;\">De mani\u00e8re g\u00e9n\u00e9rale, les lois de retards fournies par CIVA pour d\u00e9vier et focaliser le faisceau acoustique permettent bien d\u2019obtenir les r\u00e9sultats escompt\u00e9s. La focalisation et la d\u00e9viation d\u00e9sir\u00e9es sont bien obtenues exp\u00e9rimentalement lorsque l\u2019angle de d\u00e9viation souhait\u00e9 ne s\u2019\u00e9loigne pas trop de la d\u00e9viation naturelle du capteur (impos\u00e9e par le sabot). Dans le cas contraire, la focalisation se produit \u00e0 une profondeur plus faible que celle demand\u00e9e. Ce comportement est normal puisque plus la d\u00e9viation demand\u00e9e est importante, plus l\u2019ouverture apparente du capteur est petite ce qui r\u00e9duit la limite de champ proche o\u00f9 la focalisation est possible.<\/span><\/p>\n<\/p>\n<p>\u00a0<\/p>\n<\/p>\n<p>Continuer vers <a class=\"lien\" href=\"https:\/\/www.extende.com\/fr\/la-simulation-cnd\/documentation\/validation-experimentale-des-modeles-civa\/validation-experimentale-des-modeles-civa-en-ultrasons\/ultrasons-multielements\/ut-multielements-conclusion-generale\/\" target=\"_self\">Conclusion g\u00e9n\u00e9rale<\/a><\/p>\n<\/p>\n<p>Retourner \u00e0 <a class=\"lien\" href=\"https:\/\/www.extende.com\/fr\/la-simulation-cnd\/documentation\/validation-experimentale-des-modeles-civa\/validation-experimentale-des-modeles-civa-en-ultrasons\/ultrasons-multielements\/\" target=\"_self\">Multi\u00e9l\u00e9ments<\/a><\/p><\/p>\n","protected":false},"excerpt":{"rendered":"<p>Validation exp\u00e9rimentale et caract\u00e9risation des mod\u00e8les Ultrasons de CIVA, Multi\u00e9l\u00e9ments, logiciel de simulation CND<\/p>\n","protected":false},"author":0,"featured_media":0,"parent":2911,"menu_order":4,"comment_status":"closed","ping_status":"closed","template":"templates\/page--extende.html.php","meta":{"_acf_changed":false,"footnotes":""},"class_list":["post-3018","page","type-page","status-publish","hentry"],"acf":[],"_links":{"self":[{"href":"https:\/\/www.extende.com\/fr\/wp-json\/wp\/v2\/pages\/3018","targetHints":{"allow":["GET"]}}],"collection":[{"href":"https:\/\/www.extende.com\/fr\/wp-json\/wp\/v2\/pages"}],"about":[{"href":"https:\/\/www.extende.com\/fr\/wp-json\/wp\/v2\/types\/page"}],"replies":[{"embeddable":true,"href":"https:\/\/www.extende.com\/fr\/wp-json\/wp\/v2\/comments?post=3018"}],"version-history":[{"count":1,"href":"https:\/\/www.extende.com\/fr\/wp-json\/wp\/v2\/pages\/3018\/revisions"}],"predecessor-version":[{"id":5709,"href":"https:\/\/www.extende.com\/fr\/wp-json\/wp\/v2\/pages\/3018\/revisions\/5709"}],"up":[{"embeddable":true,"href":"https:\/\/www.extende.com\/fr\/wp-json\/wp\/v2\/pages\/2911"}],"wp:attachment":[{"href":"https:\/\/www.extende.com\/fr\/wp-json\/wp\/v2\/media?parent=3018"}],"curies":[{"name":"wp","href":"https:\/\/api.w.org\/{rel}","templated":true}]}}