{"id":3020,"date":"2025-06-24T18:33:27","date_gmt":"2025-06-24T16:33:27","guid":{"rendered":"https:\/\/www.extende.com\/la-simulation-cnd\/documentation\/validation-experimentale-des-modeles-civa\/validation-experimentale-des-modeles-civa-en-ultrasons\/ultrasons-multielements\/ut-multielements-conclusion-generale\/"},"modified":"2025-06-24T18:52:14","modified_gmt":"2025-06-24T16:52:14","slug":"ut-multielements-conclusion-generale","status":"publish","type":"page","link":"https:\/\/www.extende.com\/fr\/la-simulation-cnd\/documentation\/validation-experimentale-des-modeles-civa\/validation-experimentale-des-modeles-civa-en-ultrasons\/ultrasons-multielements\/ut-multielements-conclusion-generale\/","title":{"rendered":"UT &#8211; Multi\u00e9l\u00e9ments : Conclusion g\u00e9n\u00e9rale"},"content":{"rendered":"<p>Cette \u00e9tude de caract\u00e9risation exp\u00e9rimentale des \u00e9chos directs L et T de TGs et TFPs d\u00e9tect\u00e9s avec des capteurs multi\u00e9l\u00e9ments montre que les r\u00e9sultats fournis par CIVA sont en tr\u00e8s bon accord avec l\u2019exp\u00e9rience dans la majorit\u00e9 des cas trait\u00e9s. Les diff\u00e9rences qui ont \u00e9t\u00e9 relev\u00e9es (essentiellement avec le capteur immersion \u00e0 10\u00a0MHz) ne sont pas \u00ab sp\u00e9cifiques \u00bb aux multi\u00e9l\u00e9ments. Elles sont dues aux limites du mod\u00e8le utilis\u00e9 pour la prise en compte de l\u2019att\u00e9nuation.<\/p>\n<\/p>\n<p>\u00a0<\/p>\n<\/p>\n<p>Retourner \u00e0 <a class=\"lien\" href=\"https:\/\/www.extende.com\/fr\/la-simulation-cnd\/documentation\/validation-experimentale-des-modeles-civa\/validation-experimentale-des-modeles-civa-en-ultrasons\/ultrasons-multielements\/\" target=\"_self\">Multi\u00e9l\u00e9ments<\/a><\/p><\/p>\n","protected":false},"excerpt":{"rendered":"<p>Validation exp\u00e9rimentale et caract\u00e9risation des mod\u00e8les Ultrasons de CIVA, Multi\u00e9l\u00e9ments, logiciel de simulation CND<\/p>\n","protected":false},"author":0,"featured_media":0,"parent":2911,"menu_order":5,"comment_status":"closed","ping_status":"closed","template":"templates\/page--extende.html.php","meta":{"_acf_changed":false,"footnotes":""},"class_list":["post-3020","page","type-page","status-publish","hentry"],"acf":[],"_links":{"self":[{"href":"https:\/\/www.extende.com\/fr\/wp-json\/wp\/v2\/pages\/3020","targetHints":{"allow":["GET"]}}],"collection":[{"href":"https:\/\/www.extende.com\/fr\/wp-json\/wp\/v2\/pages"}],"about":[{"href":"https:\/\/www.extende.com\/fr\/wp-json\/wp\/v2\/types\/page"}],"replies":[{"embeddable":true,"href":"https:\/\/www.extende.com\/fr\/wp-json\/wp\/v2\/comments?post=3020"}],"version-history":[{"count":1,"href":"https:\/\/www.extende.com\/fr\/wp-json\/wp\/v2\/pages\/3020\/revisions"}],"predecessor-version":[{"id":5711,"href":"https:\/\/www.extende.com\/fr\/wp-json\/wp\/v2\/pages\/3020\/revisions\/5711"}],"up":[{"embeddable":true,"href":"https:\/\/www.extende.com\/fr\/wp-json\/wp\/v2\/pages\/2911"}],"wp:attachment":[{"href":"https:\/\/www.extende.com\/fr\/wp-json\/wp\/v2\/media?parent=3020"}],"curies":[{"name":"wp","href":"https:\/\/api.w.org\/{rel}","templated":true}]}}