{"id":3038,"date":"2025-06-24T18:33:30","date_gmt":"2025-06-24T16:33:30","guid":{"rendered":"https:\/\/www.extende.com\/la-simulation-cnd\/documentation\/validation-experimentale-des-modeles-civa\/validation-experimentale-des-modeles-civa-en-ultrasons\/ultrasons-tofd\/ut-tofd-generalites\/"},"modified":"2025-06-24T18:52:14","modified_gmt":"2025-06-24T16:52:14","slug":"ut-tofd-generalites","status":"publish","type":"page","link":"https:\/\/www.extende.com\/fr\/la-simulation-cnd\/documentation\/validation-experimentale-des-modeles-civa\/validation-experimentale-des-modeles-civa-en-ultrasons\/ultrasons-tofd\/ut-tofd-generalites\/","title":{"rendered":"UT &#8211; TOFD &#8211; G\u00e9n\u00e9ralit\u00e9s"},"content":{"rendered":"<h2 class=\"titre-accordeon\">DESCRIPTION DE LA TECHNIQUE<\/h2>\n<\/p>\n<p>\u00a0Les contr\u00f4les TOFDT (Time Of Flight Diffraction Technique) sont couramment utilis\u00e9s en CND. Ils mettent en jeu deux capteurs ultrasonores g\u00e9n\u00e9rant des faisceaux dans des directions oppos\u00e9es : un pour l\u2019\u00e9mission et l\u2019autre pour la r\u00e9ception. Cette technique permet de dimensionner des d\u00e9fauts de type fissure en exploitant le ou les \u00e9chos de diffraction par les extr\u00e9mit\u00e9s de la fissure. Les signaux re\u00e7us sont alors multiples : onde lat\u00e9rale, \u00e9chos de diffraction des bords hauts et bas, et \u00e9chos de g\u00e9om\u00e9trie (exemple : fond de la pi\u00e8ce). Les images ci-dessous sch\u00e9matisent le principe de la technique TOFDT et montrent un exemple d\u2019\u00e9chos typiques mesur\u00e9s exp\u00e9rimentalement.<\/p>\n<\/p>\n<p>\u00a0<\/p>\n<\/p>\n<p style=\"text-align:center;\"><a class=\"mediabox\" href=\"https:\/\/www.extende.com\/wp-content\/uploads\/CIVA-Validation-UT-TOFD1-1.png\" title=\"\"><img loading=\"lazy\" decoding=\"async\" alt=\"\" class=\"mediabox alignnone wp-image-3030\" height=\"200\" src=\"https:\/\/www.extende.com\/wp-content\/uploads\/CIVA-Validation-UT-TOFD1-1.png\" title=\"\" width=\"400\"><\/a><\/p>\n<\/p>\n<p style=\"text-align:center;\"><a class=\"mediabox\" href=\"https:\/\/www.extende.com\/wp-content\/uploads\/CIVA-Validation-UT-TOFD1-2.png\" title=\"\"><img loading=\"lazy\" decoding=\"async\" alt=\"\" class=\"mediabox alignnone wp-image-3031\" height=\"250\" src=\"https:\/\/www.extende.com\/wp-content\/uploads\/CIVA-Validation-UT-TOFD1-2.png\" title=\"\" width=\"400\"><\/a><\/p>\n<\/p>\n<p class=\"titre-accordeon\">\u00a0<\/p>\n<\/p>\n<p class=\"titre-accordeon\">\n<\/p>\n<h2 class=\"titre-accordeon\">D\u00c9FINITIONS<\/h2>\n<\/p>\n<p class=\"titre-paragraphe\">\u00a0<\/p>\n<\/p>\n<h2 class=\"titre-paragraphe\">PCS<\/h2>\n<\/p>\n<p>La distance s\u00e9parant les deux capteurs est nomm\u00e9e le PCS (Probe Center Space). En immersion, le PCS correspond \u00e0 la distance entre chacun des points d\u2019impact du faisceau sur la pi\u00e8ce. Pour les configurations au contact, il s\u2019agit de la distance entre les points d\u2019\u00e9mergence du faisceau dans la pi\u00e8ce.<\/p>\n<\/p>\n<p>\u00a0<\/p>\n<\/p>\n<p style=\"text-align:center;\"><a class=\"mediabox\" href=\"https:\/\/www.extende.com\/wp-content\/uploads\/CIVA-Validation-UT-TOFD1-3.png\" title=\"\"><img loading=\"lazy\" decoding=\"async\" alt=\"\" class=\"mediabox alignnone wp-image-3032\" height=\"200\" src=\"https:\/\/www.extende.com\/wp-content\/uploads\/CIVA-Validation-UT-TOFD1-3.png\" title=\"\" width=\"400\"><\/a><\/p>\n<\/p>\n<p>\u00a0<\/p>\n<\/p>\n<p>La valeur du PCS influe sur la position du point de croisement des faisceaux ultrasonores dans la pi\u00e8ce. Plus le PCS est grand, plus la profondeur du point de croisement est importante.<\/p>\n<\/p>\n<p>\u00a0<\/p>\n<\/p>\n<p style=\"text-align:center;\"><a class=\"mediabox\" href=\"https:\/\/www.extende.com\/wp-content\/uploads\/CIVA-Validation-UT-TOFD1-4.png\" title=\"\"><img loading=\"lazy\" decoding=\"async\" alt=\"\" class=\"mediabox alignnone wp-image-3033\" height=\"170\" src=\"https:\/\/www.extende.com\/wp-content\/uploads\/CIVA-Validation-UT-TOFD1-4.png\" title=\"\" width=\"400\"><\/a><\/p>\n<\/p>\n<p>\u00a0<\/p>\n<\/p>\n<p>Une variation du PCS s\u2019accompagne \u00e9galement d\u2019une variation de l\u2019angle d\u2019attaque (d\u2019incidence) du faisceau ultrasonore par rapport \u00e0 la normale au d\u00e9faut.<\/p>\n<\/p>\n<p>\u00a0<\/p>\n<\/p>\n<h2 class=\"titre-paragraphe\">Point de croisement<\/h2>\n<\/p>\n<p>L\u2019axe th\u00e9orique des ondes longitudinales r\u00e9fract\u00e9es dans la pi\u00e8ce par le capteur en \u00e9mission croise celui du capteur en r\u00e9ception en un point que l\u2019on nommera dans la suite \u00ab point de croisement des axes L \u00bb. Ce point ainsi que la \u00ab profondeur du point de croisement des axes L \u00bb associ\u00e9e sont illustr\u00e9s sur la figure ci-dessous :<\/p>\n<\/p>\n<p>\u00a0<\/p>\n<\/p>\n<p style=\"text-align:center;\"><a class=\"mediabox\" href=\"https:\/\/www.extende.com\/wp-content\/uploads\/CIVA-Validation-UT-TOFD1-5.png\" title=\"\"><img loading=\"lazy\" decoding=\"async\" alt=\"\" class=\"mediabox alignnone wp-image-3034\" height=\"200\" src=\"https:\/\/www.extende.com\/wp-content\/uploads\/CIVA-Validation-UT-TOFD1-5.png\" title=\"\" width=\"400\"><\/a><\/p>\n<\/p>\n<p>\u00a0<\/p>\n<\/p>\n<p>On d\u00e9finit de la m\u00eame fa\u00e7on le point de croisement des axes th\u00e9oriques des ondes transversales r\u00e9fract\u00e9es dans la pi\u00e8ce par \u00ab point de croisement des axes T \u00bb.<\/p>\n<\/p>\n<p>\u00a0<\/p>\n<\/p>\n<h2 class=\"titre-paragraphe\">Angles de r\u00e9fraction et angles d\u2019incidence sur les bords haut et bas du d\u00e9faut<\/h2>\n<\/p>\n<p>On nomme \u00ab angle de r\u00e9fraction sur le bord haut\/bas \u00bb du d\u00e9faut l\u2019angle de r\u00e9fraction du rayon partant du point d\u2019impact du capteur \u00e9metteur\/r\u00e9cepteur et atteignant le bord haut\/bas du d\u00e9faut. A partir de ces angles sont d\u00e9finis les angles d\u2019incidence sur les bords haut et bas du d\u00e9faut. Ces angles sont souvent utilis\u00e9s en TOFDT et repr\u00e9sent\u00e9s sur la figure ci-dessous :<\/p>\n<\/p>\n<p>\u00a0<\/p>\n<\/p>\n<p style=\"text-align:center;\"><a class=\"mediabox\" href=\"https:\/\/www.extende.com\/wp-content\/uploads\/CIVA-Validation-UT-TOFD1-6.png\" title=\"\"><img loading=\"lazy\" decoding=\"async\" alt=\"\" class=\"mediabox alignnone wp-image-3035\" height=\"105\" src=\"https:\/\/www.extende.com\/wp-content\/uploads\/CIVA-Validation-UT-TOFD1-6.png\" title=\"\" width=\"400\" srcset=\"https:\/\/www.extende.com\/wp-content\/uploads\/CIVA-Validation-UT-TOFD1-6.png 1383w, https:\/\/www.extende.com\/wp-content\/uploads\/CIVA-Validation-UT-TOFD1-6-300x78.png 300w, https:\/\/www.extende.com\/wp-content\/uploads\/CIVA-Validation-UT-TOFD1-6-1024x266.png 1024w, https:\/\/www.extende.com\/wp-content\/uploads\/CIVA-Validation-UT-TOFD1-6-768x199.png 768w, https:\/\/www.extende.com\/wp-content\/uploads\/CIVA-Validation-UT-TOFD1-6-600x156.png 600w\" sizes=\"auto, (max-width: 400px) 100vw, 400px\" \/><\/a><\/p>\n<\/p>\n<p>\u00a0<\/p>\n<\/p>\n<h2 class=\"titre-paragraphe\">Temps de vol<\/h2>\n<\/p>\n<p>Le temps de vol correspond au temps que mettent les ultrasons pour aller du capteur \u00e9metteur au capteur r\u00e9cepteur. Dans cette \u00e9tude, les temps de vol sont d\u00e9termin\u00e9s \u00e0 partir des temps de vol absolus mesur\u00e9s au maximum du signal redress\u00e9, comme indiqu\u00e9 sur la figure suivante. Le temps initial correspond au moment o\u00f9 les ultrasons sont \u00e9mis par la pastille pi\u00e9zo-\u00e9lectrique \u00e9mettrice. Les temps de vol exp\u00e9rimentaux et simul\u00e9s prennent en compte le temps de propagation des ondes dans le sabot, nomm\u00e9 \u00ab retard palpeur \u00bb.<\/p>\n<\/p>\n<p>\u00a0<\/p>\n<\/p>\n<p style=\"text-align:center;\"><a class=\"mediabox\" href=\"https:\/\/www.extende.com\/wp-content\/uploads\/CIVA-Validation-UT-TOFD1-7.png\" title=\"\"><img loading=\"lazy\" decoding=\"async\" alt=\"\" class=\"mediabox alignnone wp-image-3036\" height=\"210\" src=\"https:\/\/www.extende.com\/wp-content\/uploads\/CIVA-Validation-UT-TOFD1-7.png\" title=\"\" width=\"400\" srcset=\"https:\/\/www.extende.com\/wp-content\/uploads\/CIVA-Validation-UT-TOFD1-7.png 802w, https:\/\/www.extende.com\/wp-content\/uploads\/CIVA-Validation-UT-TOFD1-7-300x159.png 300w, https:\/\/www.extende.com\/wp-content\/uploads\/CIVA-Validation-UT-TOFD1-7-768x406.png 768w, https:\/\/www.extende.com\/wp-content\/uploads\/CIVA-Validation-UT-TOFD1-7-600x317.png 600w\" sizes=\"auto, (max-width: 400px) 100vw, 400px\" \/><\/a><\/p>\n<\/p>\n<p>\u00a0<\/p>\n<\/p>\n<h2 class=\"titre-paragraphe\">Phase des \u00e9chos sur les bords haut et bas du d\u00e9faut<\/h2>\n<\/p>\n<p>Les \u00e9chos de diffraction des bords haut et bas d\u2019une entaille sont g\u00e9n\u00e9ralement en opposition de phase. Ce comportement est reproduit en simulation. Nous le mettrons en \u00e9vidence lors des comparaisons r\u00e9alis\u00e9es.<\/p>\n<\/p>\n<p>\u00a0<\/p>\n<\/p>\n<p style=\"text-align:center;\"><a class=\"mediabox\" href=\"https:\/\/www.extende.com\/wp-content\/uploads\/CIVA-Validation-UT-TOFD1-8.png\" title=\"\"><img loading=\"lazy\" decoding=\"async\" alt=\"\" class=\"mediabox alignnone wp-image-3037\" height=\"350\" src=\"https:\/\/www.extende.com\/wp-content\/uploads\/CIVA-Validation-UT-TOFD1-8.png\" title=\"\" width=\"400\"><\/a><\/p>\n<\/p>\n<p>\u00a0<\/p>\n<\/p>\n<p>Continuer vers <a class=\"lien\" href=\"https:\/\/www.extende.com\/fr\/la-simulation-cnd\/documentation\/validation-experimentale-des-modeles-civa\/validation-experimentale-des-modeles-civa-en-ultrasons\/ultrasons-tofd\/ut-tofd-presentation-des-configurations-etudiees\/\" target=\"_self\">Pr\u00e9sentation des configurations \u00e9tudi\u00e9es<\/a><\/p>\n<\/p>\n<p>Retourner \u00e0 <a class=\"lien\" href=\"https:\/\/www.extende.com\/fr\/la-simulation-cnd\/documentation\/validation-experimentale-des-modeles-civa\/validation-experimentale-des-modeles-civa-en-ultrasons\/ultrasons-tofd\/\" target=\"_self\">TOFD<\/a><\/p><\/p>\n","protected":false},"excerpt":{"rendered":"<p>Validation exp\u00e9rimentale et caract\u00e9risation des mod\u00e8les Ultrasons de CIVA, TOFD, logiciel de simulation CND<\/p>\n","protected":false},"author":0,"featured_media":0,"parent":2913,"menu_order":0,"comment_status":"closed","ping_status":"closed","template":"templates\/page--extende.html.php","meta":{"_acf_changed":false,"footnotes":""},"class_list":["post-3038","page","type-page","status-publish","hentry"],"acf":[],"_links":{"self":[{"href":"https:\/\/www.extende.com\/fr\/wp-json\/wp\/v2\/pages\/3038","targetHints":{"allow":["GET"]}}],"collection":[{"href":"https:\/\/www.extende.com\/fr\/wp-json\/wp\/v2\/pages"}],"about":[{"href":"https:\/\/www.extende.com\/fr\/wp-json\/wp\/v2\/types\/page"}],"replies":[{"embeddable":true,"href":"https:\/\/www.extende.com\/fr\/wp-json\/wp\/v2\/comments?post=3038"}],"version-history":[{"count":1,"href":"https:\/\/www.extende.com\/fr\/wp-json\/wp\/v2\/pages\/3038\/revisions"}],"predecessor-version":[{"id":5706,"href":"https:\/\/www.extende.com\/fr\/wp-json\/wp\/v2\/pages\/3038\/revisions\/5706"}],"up":[{"embeddable":true,"href":"https:\/\/www.extende.com\/fr\/wp-json\/wp\/v2\/pages\/2913"}],"wp:attachment":[{"href":"https:\/\/www.extende.com\/fr\/wp-json\/wp\/v2\/media?parent=3038"}],"curies":[{"name":"wp","href":"https:\/\/api.w.org\/{rel}","templated":true}]}}