{"id":3304,"date":"2025-06-24T18:34:31","date_gmt":"2025-06-24T16:34:31","guid":{"rendered":"https:\/\/www.extende.com\/la-simulation-cnd\/documentation\/validation-experimentale-des-modeles-civa\/validation-experimentale-des-modeles-civa-en-ultrasons\/ultrasons-etalonnage\/ut-etalonnage-le-signal-dentree-dans-civa\/"},"modified":"2025-06-24T18:52:14","modified_gmt":"2025-06-24T16:52:14","slug":"ut-etalonnage-le-signal-dentree-dans-civa","status":"publish","type":"page","link":"https:\/\/www.extende.com\/fr\/la-simulation-cnd\/documentation\/validation-experimentale-des-modeles-civa\/validation-experimentale-des-modeles-civa-en-ultrasons\/ultrasons-etalonnage\/ut-etalonnage-le-signal-dentree-dans-civa\/","title":{"rendered":"UT &#8211; Etalonnage &#8211; Le signal d&rsquo;entr\u00e9e dans CIVA"},"content":{"rendered":"<p>Dans le module \u00ab R\u00e9ponse D\u00e9faut \u00bb, le signal d\u2019entr\u00e9e correspond th\u00e9oriquement \u00e0 la d\u00e9riv\u00e9e temporelle seconde de la vitesse particulaire acoustique normale \u00e0 la surface de la pastille (pour plus d\u2019informations \u00e0 propos de cette notion, contacter l\u2019\u00e9quipe support \u00e0 <span class=\"mise-en-valeur0\">supportciva[at]extende.com<\/span>).<\/p>\n<\/p>\n<p>Mais, la vitesse particulaire acoustique n\u2019\u00e9tant pas facile \u00e0 d\u00e9terminer, nous proposons ci-dessous des m\u00e9thodes simples pour obtenir ce signal d\u2019entr\u00e9e.<\/p>\n<\/p>\n<p>Dans Civa, le signal d\u2019entr\u00e9e peut \u00eatre charg\u00e9 \u00e0 partir d\u2019un fichier texte (obtenu exp\u00e9rimentalement sur un \u00e9cho d\u2019\u00e9talonnage) ou d\u00e9fini dans Civa en tant que signal param\u00e9trique (d\u00e9fini par quelques param\u00e8tres en supposant une distribution de fr\u00e9quence de type Hanning ou gaussienne).<\/p>\n<\/p>\n<ul class=\"liste-carres-noirs\">\n<li>Dans le cas d\u2019un signal d\u2019entr\u00e9e param\u00e9trique, la fr\u00e9quence centrale, la bande passante et la phase du signal d\u2019entr\u00e9e doivent \u00eatre renseign\u00e9es par l\u2019utilisateur, et nous proposons deux m\u00e9thodes d\u00e9taill\u00e9es pour leur d\u00e9termination.<\/li>\n<li>Dans le cas d\u2019un signal d\u2019entr\u00e9e exp\u00e9rimental (fichier texte externe), nous expliquerons sur quels r\u00e9flecteurs enregistrer le signal \u00e9talon.<\/li>\n<\/ul>\n<p>Ceci va \u00eatre illustr\u00e9 sur un exemple : la d\u00e9termination du signal d\u2019entr\u00e9e pour une inspection en T45\u00b0 r\u00e9alis\u00e9e avec un capteur en immersion (plan, \u00d86,35\u00a0mm, 2,24\u00a0MHz, hauteur d\u2019eau 25\u00a0mm).<\/p>\n<\/p>\n<p>\u00a0<\/p>\n<\/p>\n<h3 class=\"titre-paragraphe\">Information pratique concernant le signal d\u2019entr\u00e9e<\/h3>\n<\/p>\n<p>Pour acc\u00e9der au signal d\u2019entr\u00e9e dans Civa, il faut ouvrir l\u2019onglet \u00ab Signal \u00bb du panneau \u00ab Traducteur \u00bb.<\/p>\n<\/p>\n<ul class=\"liste-carres-noirs\">\n<li>Si les donn\u00e9es fabricant sont disponibles ou si un signal param\u00e9trique est utilis\u00e9 comme signal d\u2019entr\u00e9e, cliquer sur le bouton \u00ab Editer signal en signal de r\u00e9f\u00e9rence \u00bb et une nouvelle fen\u00eatre appara\u00eet o\u00f9 l\u2019on peut d\u00e9finir la forme d\u2019onde, la phase et l\u2019\u00e9chantillonnage du signal d\u2019entr\u00e9e.<\/li>\n<li>Si l\u2019\u00e9cho sp\u00e9culaire provenant d\u2019un r\u00e9flecteur-\u00e9talon est enregistr\u00e9 en tant que fichier texte, il doit \u00eatre charg\u00e9 en cliquant sur le bouton \u00ab Charger fichier (ascan\/txt) \u00bb.<\/li>\n<\/ul>\n<p>\u00a0<\/p>\n<\/p>\n<h2 class=\"titre-accordeon\">SIGNAL D&rsquo;ENTR\u00c9E PARAM\u00c9TRIQUE<\/h2>\n<\/p>\n<p>Le but de ce paragraphe est de r\u00e9pondre \u00e0 la question suivante :<\/p>\n<\/p>\n<p>\u00a0<\/p>\n<\/p>\n<h3 class=\"titre-paragraphe\">Comment d\u00e9termine-t-on la fr\u00e9quence centrale, la bande passante et la phase du signal d\u2019entr\u00e9e ?<\/h3>\n<\/p>\n<p>\u00a0<\/p>\n<\/p>\n<p>Deux m\u00e9thodes seront d\u00e9velopp\u00e9es pour la fr\u00e9quence et la bande passante. Elles seront suivies par des informations sur la phase et l\u2019\u00e9chantillonnage du signal d\u2019entr\u00e9e.<\/p>\n<\/p>\n<ul class=\"liste-carres-noirs\">\n<li>Premi\u00e8re m\u00e9thode : \u00e0 partir des donn\u00e9es fabricant<\/li>\n<li>Seconde m\u00e9thode : \u00e0 partir de l\u2019\u00e9cho exp\u00e9rimental d\u2019un r\u00e9flecteur de r\u00e9f\u00e9rence<\/li>\n<li>Comment d\u00e9terminer la phase du signal d\u2019entr\u00e9e<\/li>\n<li>Informations pratiques concernant l\u2019\u00e9chantillonnage du signal d\u2019entr\u00e9e<\/li>\n<\/ul>\n<p>\u00a0<\/p>\n<\/p>\n<h2 class=\"titre-paragraphe\">Premi\u00e8re m\u00e9thode : \u00e0 partir des donn\u00e9es fabricant<\/h2>\n<\/p>\n<p>Si disponibles, les donn\u00e9es capteur fournies par le fabricant (fr\u00e9quence centrale (fc) et bande passante (BP)) sont souvent suffisantes pour d\u00e9finir le signal de r\u00e9f\u00e9rence en terme de forme d\u2019onde. Dans ce cas la phase peut \u00eatre fix\u00e9e \u00e0 0\u00b0 par exemple dans un premier temps.<\/p>\n<\/p>\n<p>\u00a0<\/p>\n<\/p>\n<h2 class=\"titre-paragraphe\">Seconde m\u00e9thode : \u00e0 partir de l\u2019\u00e9cho exp\u00e9rimental d\u2019un r\u00e9flecteur de r\u00e9f\u00e9rence<\/h2>\n<\/p>\n<p>La fr\u00e9quence centrale et la bande passante du signal d\u2019entr\u00e9e peuvent \u00eatre d\u00e9duites directement de l\u2019\u00e9cho exp\u00e9rimental sur un r\u00e9flecteur-\u00e9talon.<\/p>\n<\/p>\n<p>Dans notre exemple, cet \u00e9cho exp\u00e9rimental provient d\u2019un trou g\u00e9n\u00e9ratrice (TG) de \u00d82\u00a0mm positionn\u00e9 \u00e0 4\u00a0mm de profondeur. Le F-scan de cet \u00e9cho est utilis\u00e9 pour d\u00e9terminer les param\u00e8tres du signal d\u2019entr\u00e9e :<\/p>\n<\/p>\n<p>\u00a0<\/p>\n<\/p>\n<p style=\"text-align:center;\"><a class=\"mediabox\" href=\"https:\/\/www.extende.com\/wp-content\/uploads\/CIVA-Validation-UT-Etalon1.png\" title=\"\"><img loading=\"lazy\" decoding=\"async\" alt=\"\" class=\"mediabox alignnone wp-image-3296\" height=\"130\" src=\"https:\/\/www.extende.com\/wp-content\/uploads\/CIVA-Validation-UT-Etalon1.png\" title=\"\" width=\"400\"><\/a><\/p>\n<\/p>\n<p style=\"text-align:center;\"><span class=\"couleur3\">(Gauche) A-scan de l\u2019\u00e9cho associ\u00e9 au TG de \u00d82\u00a0mm \u00e0 4\u00a0mm, (Centre et Droite) F-scan de cet \u00e9cho<\/span><\/p>\n<\/p>\n<p>\nLa fr\u00e9quence centrale du signal d\u2019entr\u00e9e est ainsi de 2,24\u00a0MHz et la bande passante est de 61%.<\/p>\n<\/p>\n<p>Sur la figure suivante, on remarque un bon accord concernant l\u2019amplitude des TG \u00e0 diff\u00e9rentes profondeurs entre les signaux mesur\u00e9s et les signaux simul\u00e9s par Civa (\u00e9cart de moins de 2 dB).<\/p>\n<\/p>\n<p>\u00a0<\/p>\n<\/p>\n<p style=\"text-align:center;\"><a class=\"mediabox\" href=\"https:\/\/www.extende.com\/wp-content\/uploads\/CIVA-Validation-UT-Etalon2.png\" title=\"\"><img loading=\"lazy\" decoding=\"async\" alt=\"\" class=\"mediabox alignnone wp-image-3297\" height=\"220\" src=\"https:\/\/www.extende.com\/wp-content\/uploads\/CIVA-Validation-UT-Etalon2.png\" title=\"\" width=\"400\" srcset=\"https:\/\/www.extende.com\/wp-content\/uploads\/CIVA-Validation-UT-Etalon2.png 850w, https:\/\/www.extende.com\/wp-content\/uploads\/CIVA-Validation-UT-Etalon2-300x166.png 300w, https:\/\/www.extende.com\/wp-content\/uploads\/CIVA-Validation-UT-Etalon2-768x424.png 768w, https:\/\/www.extende.com\/wp-content\/uploads\/CIVA-Validation-UT-Etalon2-600x331.png 600w\" sizes=\"auto, (max-width: 400px) 100vw, 400px\" \/><\/a><\/p>\n<\/p>\n<p style=\"text-align:center;\"><span class=\"couleur3\">Comparaison des r\u00e9ponses mesur\u00e9es (noir) et simul\u00e9es (rouge) de TG de \u00d82\u00a0mm \u00e0 diff\u00e9rentes profondeurs (de 4 \u00e0 60\u00a0mm par pas de 4\u00a0mm).<br \/>\nSignal d\u2019entr\u00e9e : fc = 2,24\u00a0MHz, BP = 61% et phase = 0\u00b0<\/span><\/p>\n<\/p>\n<p>\u00a0<\/p>\n<\/p>\n<h2 class=\"titre-paragraphe\">Comment d\u00e9terminer la phase du signal d\u2019entr\u00e9e<\/h2>\n<\/p>\n<p>L\u2019inspection ne requiert en principe que l\u2019enveloppe du signal d\u2019entr\u00e9e. Mais si la phase est n\u00e9cessaire, notamment pour comparer l\u2019allure des A-scans exp\u00e9rimentaux et simul\u00e9s, elle peut \u00eatre ajust\u00e9e : la proc\u00e9dure consiste \u00e0 simuler diff\u00e9rentes valeurs de phase du signal d\u2019entr\u00e9e et \u00e0 choisir celle qui permet d\u2019obtenir apr\u00e8s simulation sur le r\u00e9flecteur-\u00e9talon le A-scan le plus proche du A-scan exp\u00e9rimental.<\/p>\n<\/p>\n<p>Pour plus d\u2019informations concernant la phase obtenue apr\u00e8s simulation sur un Tg ou un trou \u00e0 fond plat (TFP), contacter l\u2019\u00e9quipe support \u00e0 <span class=\"mise-en-valeur0\">supportciva[at]extende.com<\/span>.<\/p>\n<\/p>\n<p>\u00a0<\/p>\n<\/p>\n<p>Dans notre exemple, le r\u00e9flecteur-\u00e9talon est un TG de \u00d82\u00a0mm positionn\u00e9 \u00e0 4\u00a0mm de profondeur. Nous simulons avec Civa la r\u00e9ponse sur ce trou \u00e9talon pour diff\u00e9rents signaux d\u2019entr\u00e9e, de fr\u00e9quence centrale 2,24\u00a0MHz et de bande passante 61% fix\u00e9es mais de phase variable (0\u00b0, 280\u00b0, 300\u00b0 et 320\u00b0). Les r\u00e9ponses sont compar\u00e9es \u00e0 la r\u00e9ponse mesur\u00e9e exp\u00e9rimentalement.<\/p>\n<\/p>\n<p>\u00a0<\/p>\n<\/p>\n<p style=\"text-align:center;\"><a class=\"mediabox\" href=\"https:\/\/www.extende.com\/wp-content\/uploads\/CIVA-Validation-UT-Etalon3.png\" title=\"\"><img loading=\"lazy\" decoding=\"async\" alt=\"\" class=\"mediabox alignnone wp-image-3298\" height=\"250\" src=\"https:\/\/www.extende.com\/wp-content\/uploads\/CIVA-Validation-UT-Etalon3.png\" title=\"\" width=\"400\"><\/a><\/p>\n<\/p>\n<p style=\"text-align:center;\"><span class=\"couleur3\">Superposition des A-scan mesur\u00e9s (noir) et simul\u00e9s avec Civa (rouge) pour 4 valeurs de phase (0\u00b0, 280\u00b0, 280\u00b0 et 320\u00b0) sur un TG de \u00d82\u00a0mm \u00e0 4\u00a0mm de profondeur<\/span><\/p>\n<\/p>\n<p>\u00a0<\/p>\n<\/p>\n<p>Le A-scan simul\u00e9 obtenu pour une phase de 300\u00b0 semble \u00eatre le plus proche du A-scan mesur\u00e9 : cette valeur de 300\u00b0 est retenue.<\/p>\n<\/p>\n<p>Avec ce signal d\u2019entr\u00e9e (fc = 2,24\u00a0MHz, BP = 61% and phase = 300\u00b0), les amplitudes mesur\u00e9es et simul\u00e9es avec Civa sur des TG \u00e0 diff\u00e9rentes profondeurs pr\u00e9sentent \u00e9galement un bon accord (comme indiqu\u00e9 pr\u00e9c\u00e9demment, la phase n\u2019a pas une grande influence, elle n\u2019est utile que pour la comparaison des A-scans simul\u00e9s et exp\u00e9rimentaux).<\/p>\n<\/p>\n<p>\u00a0<\/p>\n<\/p>\n<p style=\"text-align:center;\"><a class=\"mediabox\" href=\"https:\/\/www.extende.com\/wp-content\/uploads\/CIVA-Validation-UT-Etalon4.png\" title=\"\"><img loading=\"lazy\" decoding=\"async\" alt=\"\" class=\"mediabox alignnone wp-image-3299\" height=\"220\" src=\"https:\/\/www.extende.com\/wp-content\/uploads\/CIVA-Validation-UT-Etalon4.png\" title=\"\" width=\"400\" srcset=\"https:\/\/www.extende.com\/wp-content\/uploads\/CIVA-Validation-UT-Etalon4.png 850w, https:\/\/www.extende.com\/wp-content\/uploads\/CIVA-Validation-UT-Etalon4-300x166.png 300w, https:\/\/www.extende.com\/wp-content\/uploads\/CIVA-Validation-UT-Etalon4-768x424.png 768w, https:\/\/www.extende.com\/wp-content\/uploads\/CIVA-Validation-UT-Etalon4-600x331.png 600w\" sizes=\"auto, (max-width: 400px) 100vw, 400px\" \/><\/a><\/p>\n<\/p>\n<p style=\"text-align:center;\"><span class=\"couleur3\">Comparaison des r\u00e9ponses mesur\u00e9es (noir) et simul\u00e9es (rouge) de TG de \u00d82\u00a0mm \u00e0 diff\u00e9rentes profondeurs (de 4 \u00e0 60\u00a0mm par pas de 4\u00a0mm).<br \/>\nSignal d\u2019entr\u00e9e : fc = 2,24\u00a0MHz, BP = 61% et phase = 300\u00b0<\/span><\/p>\n<\/p>\n<p>\u00a0<\/p>\n<\/p>\n<h2 class=\"titre-paragraphe\">Informations pratiques \u00e0 propos de l\u2019\u00e9chantillonnage du signal d\u2019entr\u00e9e<\/h2>\n<\/p>\n<p>Le signal d\u2019entr\u00e9e est discr\u00e9tis\u00e9 pour \u00eatre utilis\u00e9 par Civa. La fr\u00e9quence d\u2019\u00e9chantillonnage du signal d\u2019entr\u00e9e doit \u00eatre d\u2019au moins 25 fois la fr\u00e9quence centrale. Ensuite, il faut d\u00e9finir un nombre de points suffisamment important pour que le signal soit proche de z\u00e9ro aux deux extr\u00e9mit\u00e9s, comme sur l\u2019image suivante.<\/p>\n<\/p>\n<p>\u00a0<\/p>\n<\/p>\n<p style=\"text-align:center;\"><a class=\"mediabox\" href=\"https:\/\/www.extende.com\/wp-content\/uploads\/CIVA-Validation-UT-Etalon5.png\" title=\"\"><img loading=\"lazy\" decoding=\"async\" alt=\"\" class=\"mediabox alignnone wp-image-3300\" height=\"200\" src=\"https:\/\/www.extende.com\/wp-content\/uploads\/CIVA-Validation-UT-Etalon5.png\" title=\"\" width=\"300\"><\/a><\/p>\n<\/p>\n<p>\u00a0<\/p>\n<\/p>\n<h2 class=\"titre-accordeon\">SIGNAL D&rsquo;ENTR\u00c9E EXP\u00c9RIMENTAL<\/h2>\n<\/p>\n<p>Dans le module \u00ab R\u00e9ponse d\u00e9faut \u00bb, comme dit pr\u00e9c\u00e9demment, le signal d\u2019entr\u00e9e doit correspondre \u00e0 la d\u00e9riv\u00e9e temporelle seconde de la vitesse particulaire acoustique. Il peut \u00eatre montr\u00e9 (contacter l\u2019\u00e9quipe support \u00e0 <span class=\"mise-en-valeur0\">supportciva[at]extende.com<\/span> pour plus de d\u00e9tails) que dans la plupart des cas d\u2019inspection le signal d\u2019entr\u00e9e correct peut \u00eatre d\u00e9duit avec une bonne approximation de l\u2019\u00e9cho mesur\u00e9 sur un r\u00e9flecteur-\u00e9talon.<\/p>\n<\/p>\n<p>Dans notre exemple, le signal d\u2019entr\u00e9e exp\u00e9rimental que nous avons choisi est l\u2019\u00e9cho sp\u00e9culaire d\u2019un TG de \u00d82 mm positionn\u00e9 \u00e0 4mm de profondeur. Cet \u00e9cho sp\u00e9culaire est repr\u00e9sent\u00e9 sur la figure suivante (seul l\u2019\u00e9cho sp\u00e9culaire est utilis\u00e9 comme signal d\u2019entr\u00e9e, la contribution due \u00e0 l\u2019onde rampante doit \u00eatre n\u00e9glig\u00e9e) :<\/p>\n<\/p>\n<p>\u00a0<\/p>\n<\/p>\n<p style=\"text-align:center;\"><a class=\"mediabox\" href=\"https:\/\/www.extende.com\/wp-content\/uploads\/CIVA-Validation-UT-Etalon6.png\" title=\"\"><img loading=\"lazy\" decoding=\"async\" alt=\"\" class=\"mediabox alignnone wp-image-3301\" height=\"200\" src=\"https:\/\/www.extende.com\/wp-content\/uploads\/CIVA-Validation-UT-Etalon6.png\" title=\"\" width=\"400\"><\/a><\/p>\n<\/p>\n<p style=\"text-align:center;\"><span class=\"couleur3\">(Gauche) Echo mesur\u00e9 sur un TG de \u00d82 mm SDH \u00e0 4 mm de profondeur, (Droite) Contribution sp\u00e9culaire de cet \u00e9cho (partie utilis\u00e9e comme signal d\u2019entr\u00e9e)<\/span><\/p>\n<\/p>\n<p>\nLes amplitudes des \u00e9chos de TG \u00e0 diff\u00e9rentes profondeurs exp\u00e9rimentaux et simul\u00e9s pr\u00e9sentent toujours un bon accord avec ce signal d\u2019entr\u00e9e exp\u00e9rimental, visible sur la figure ci-dessous.<\/p>\n<\/p>\n<p>\u00a0<\/p>\n<\/p>\n<p style=\"text-align:center;\"><a class=\"mediabox\" href=\"https:\/\/www.extende.com\/wp-content\/uploads\/CIVA-Validation-UT-Etalon7.png\" title=\"\"><img loading=\"lazy\" decoding=\"async\" alt=\"\" class=\"mediabox alignnone wp-image-3302\" height=\"220\" src=\"https:\/\/www.extende.com\/wp-content\/uploads\/CIVA-Validation-UT-Etalon7.png\" title=\"\" width=\"400\" srcset=\"https:\/\/www.extende.com\/wp-content\/uploads\/CIVA-Validation-UT-Etalon7.png 850w, https:\/\/www.extende.com\/wp-content\/uploads\/CIVA-Validation-UT-Etalon7-300x166.png 300w, https:\/\/www.extende.com\/wp-content\/uploads\/CIVA-Validation-UT-Etalon7-768x424.png 768w, https:\/\/www.extende.com\/wp-content\/uploads\/CIVA-Validation-UT-Etalon7-600x331.png 600w\" sizes=\"auto, (max-width: 400px) 100vw, 400px\" \/><\/a><\/p>\n<\/p>\n<p style=\"text-align:center;\"><span class=\"couleur3\">Comparaison des r\u00e9ponses mesur\u00e9es (noir) et simul\u00e9es (rouge) de TG de \u00d82 mm \u00e0 diff\u00e9rentes profondeurs (de 4 \u00e0 60 mm par pas de 4mm).<br \/>\nSignal d\u2019entr\u00e9e exp\u00e9rimental<\/span><\/p>\n<\/p>\n<p>\u00a0<\/p>\n<\/p>\n<p>Continuer vers <a class=\"lien\" href=\"https:\/\/www.extende.com\/fr\/la-simulation-cnd\/documentation\/validation-experimentale-des-modeles-civa\/validation-experimentale-des-modeles-civa-en-ultrasons\/ultrasons-etalonnage\/ut-etalonnage-lamplitude-de-reference\/\" target=\"_self\">L&rsquo;amplitude de r\u00e9f\u00e9rence<\/a><\/p>\n<\/p>\n<p>Retourner au menu <a class=\"lien\" href=\"https:\/\/www.extende.com\/fr\/la-simulation-cnd\/documentation\/validation-experimentale-des-modeles-civa\/validation-experimentale-des-modeles-civa-en-ultrasons\/ultrasons-etalonnage\/\" target=\"_self\">Etalonnage<\/a><\/p><\/p>\n","protected":false},"excerpt":{"rendered":"<p>Validation exp\u00e9rimentale et caract\u00e9risation des mod\u00e8les Ultrasons de CIVA, \u00e9talonnage, logiciel de simulation CND<\/p>\n","protected":false},"author":0,"featured_media":0,"parent":2915,"menu_order":0,"comment_status":"closed","ping_status":"closed","template":"templates\/page--extende.html.php","meta":{"_acf_changed":false,"footnotes":""},"class_list":["post-3304","page","type-page","status-publish","hentry"],"acf":[],"_links":{"self":[{"href":"https:\/\/www.extende.com\/fr\/wp-json\/wp\/v2\/pages\/3304","targetHints":{"allow":["GET"]}}],"collection":[{"href":"https:\/\/www.extende.com\/fr\/wp-json\/wp\/v2\/pages"}],"about":[{"href":"https:\/\/www.extende.com\/fr\/wp-json\/wp\/v2\/types\/page"}],"replies":[{"embeddable":true,"href":"https:\/\/www.extende.com\/fr\/wp-json\/wp\/v2\/comments?post=3304"}],"version-history":[{"count":1,"href":"https:\/\/www.extende.com\/fr\/wp-json\/wp\/v2\/pages\/3304\/revisions"}],"predecessor-version":[{"id":5689,"href":"https:\/\/www.extende.com\/fr\/wp-json\/wp\/v2\/pages\/3304\/revisions\/5689"}],"up":[{"embeddable":true,"href":"https:\/\/www.extende.com\/fr\/wp-json\/wp\/v2\/pages\/2915"}],"wp:attachment":[{"href":"https:\/\/www.extende.com\/fr\/wp-json\/wp\/v2\/media?parent=3304"}],"curies":[{"name":"wp","href":"https:\/\/api.w.org\/{rel}","templated":true}]}}