{"id":3306,"date":"2025-06-24T18:34:31","date_gmt":"2025-06-24T16:34:31","guid":{"rendered":"https:\/\/www.extende.com\/la-simulation-cnd\/documentation\/validation-experimentale-des-modeles-civa\/validation-experimentale-des-modeles-civa-en-ultrasons\/ultrasons-etalonnage\/ut-etalonnage-lamplitude-de-reference\/"},"modified":"2025-06-24T18:52:14","modified_gmt":"2025-06-24T16:52:14","slug":"ut-etalonnage-lamplitude-de-reference","status":"publish","type":"page","link":"https:\/\/www.extende.com\/fr\/la-simulation-cnd\/documentation\/validation-experimentale-des-modeles-civa\/validation-experimentale-des-modeles-civa-en-ultrasons\/ultrasons-etalonnage\/ut-etalonnage-lamplitude-de-reference\/","title":{"rendered":"UT &#8211; Etalonnage &#8211; L&rsquo;amplitude de r\u00e9f\u00e9rence"},"content":{"rendered":"<p>Afin de comparer les amplitudes mesur\u00e9es et simul\u00e9es avec Civa, l\u2019utilisateur doit d\u00e9finir une r\u00e9f\u00e9rence en amplitude qui est l\u2019\u00e9cho obtenu sur un r\u00e9flecteur-\u00e9talon, comme dans le cas de proc\u00e9dures d\u2019inspection r\u00e9elles. En effet, pour le module \u00ab R\u00e9ponse D\u00e9faut \u00bb, un \u00e9talonnage de l\u2019amplitude sur un r\u00e9flecteur de r\u00e9f\u00e9rence permet de s\u2019affranchir de la transduction \u00e9lectro-acoustique qui n\u2019est pas mod\u00e9lis\u00e9e par Civa. En effet, l\u2019amplitude absolue des \u00e9chos simul\u00e9s par Civa ne peut pas repr\u00e9senter directement l\u2019amplitude re\u00e7ue par le capteur, \u00e9tant donn\u00e9 que l\u2019ensemble de la cha\u00eene d\u2019acquisition (alimentation \u00e9lectrique, c\u00e2ble, effet pi\u00e9zo-\u00e9lectrique, etc) n\u2019est pas pris en compte. C\u2019est pourquoi les amplitudes simul\u00e9es par le module \u00ab R\u00e9ponse D\u00e9faut \u00bb de Civa doivent \u00eatre consid\u00e9r\u00e9es relativement \u00e0 un r\u00e9flecteur-\u00e9talon : l\u2019utilisateur peut alors consid\u00e9rer pour un d\u00e9faut inspect\u00e9 une amplitude relative qui est le rapport entre l\u2019amplitude du d\u00e9faut courant et l\u2019amplitude de l\u2019\u00e9cho de r\u00e9f\u00e9rence.<\/p>\n<\/p>\n<p>Cette amplitude relative correspond physiquement au rapport entre les signaux \u00e9lectriques re\u00e7us pour les d\u00e9fauts courant et \u00e9talon. La valeur de ce rapport est \u00e9galement mesurable exp\u00e9rimentalement et peut permettre des comparaisons entre simulation et exp\u00e9rience.<\/p>\n<\/p>\n<p>N\u2019h\u00e9sitez pas \u00e0 demander \u00e0 l\u2019\u00e9quipe support (<span class=\"mise-en-valeur0\">supportciva[at]extende.com<\/span>) des informations compl\u00e9mentaires sur l\u2019\u00e9talonnage.<\/p>\n<\/p>\n<p>\u00a0<\/p>\n<\/p>\n<p><span class=\"g-color2\">Informations pratiques \u00e0 propos de l\u2019amplitude de r\u00e9f\u00e9rence<\/span><\/p>\n<\/p>\n<p>Dans le module \u00ab R\u00e9ponse D\u00e9faut \u00bb, Civa propose 3 mani\u00e8res de d\u00e9finir la r\u00e9f\u00e9rence \u00e0 0 dB dans l\u2019onglet \u00ab Etalonnage \u00bb du menu \u00ab Param\u00e8tres de calcul \u00bb :<\/p>\n<\/p>\n<ul class=\"liste-carres-noirs\">\n<li><span class=\"g-color2\">Sans :<\/span> la valeur de r\u00e9f\u00e9rence est le plus fort \u00e9cho de la simulation. On peut par exemple d\u00e9finir le d\u00e9faut de r\u00e9f\u00e9rence dans la configuration et comparer son amplitude directement aux autres \u00e9chos. Cependant la valeur 0 dB sera associ\u00e9e \u00e0 l\u2019\u00e9cho le plus fort qui n\u2019est pas forc\u00e9ment celui associ\u00e9 au d\u00e9faut-\u00e9talon.<\/li>\n<li><span class=\"g-color2\">Manuel : <\/span>Civa demande dans ce cas une valeur en points, l\u2019unit\u00e9 arbitraire des amplitudes absolues pour Civa. Il est conseill\u00e9 de lancer une simulation comportant le r\u00e9flecteur-\u00e9talon, de noter l\u2019amplitude correspondant en points (\u00e0 partir du A-scan ou du menu \u00ab information \u00bb) et de l\u2019utiliser dans l\u2019onglet \u00e9talonnage comme valeur de r\u00e9f\u00e9rence pour les autres simulations.<\/li>\n<li><span class=\"g-color2\">Simulation :<\/span> Civa permet de lancer une pr\u00e9-simulation de mani\u00e8re \u00e0 calculer l\u2019amplitude de l\u2019\u00e9cho associ\u00e9 \u00e0 un d\u00e9faut dans un bloc d\u2019\u00e9talonnage, puis d\u2019utiliser automatiquement cette valeur comme r\u00e9f\u00e9rence \u00e0 0 dB. Dans Civa 10 cette option est r\u00e9serv\u00e9e aux capteurs mono-\u00e9l\u00e9ments.<\/li>\n<\/ul>\n<p>\u00a0<\/p>\n<\/p>\n<p>Continuer vers <a class=\"lien\" href=\"https:\/\/www.extende.com\/fr\/la-simulation-cnd\/documentation\/validation-experimentale-des-modeles-civa\/validation-experimentale-des-modeles-civa-en-ultrasons\/ultrasons-etalonnage\/ut-etalonnage-le-reflecteur-etalon\/\" target=\"_self\">Le r\u00e9flecteur \u00e9talon<\/a><\/p>\n<\/p>\n<p>Retourner au menu <a class=\"lien\" href=\"https:\/\/www.extende.com\/fr\/la-simulation-cnd\/documentation\/validation-experimentale-des-modeles-civa\/validation-experimentale-des-modeles-civa-en-ultrasons\/ultrasons-etalonnage\/\" target=\"_self\">Etalonnage<\/a><\/p><\/p>\n","protected":false},"excerpt":{"rendered":"<p>Validation exp\u00e9rimentale et caract\u00e9risation des mod\u00e8les Ultrasons de CIVA, \u00e9talonnage, logiciel de simulation CND<\/p>\n","protected":false},"author":0,"featured_media":0,"parent":2915,"menu_order":1,"comment_status":"closed","ping_status":"closed","template":"templates\/page--extende.html.php","meta":{"_acf_changed":false,"footnotes":""},"class_list":["post-3306","page","type-page","status-publish","hentry"],"acf":[],"_links":{"self":[{"href":"https:\/\/www.extende.com\/fr\/wp-json\/wp\/v2\/pages\/3306","targetHints":{"allow":["GET"]}}],"collection":[{"href":"https:\/\/www.extende.com\/fr\/wp-json\/wp\/v2\/pages"}],"about":[{"href":"https:\/\/www.extende.com\/fr\/wp-json\/wp\/v2\/types\/page"}],"replies":[{"embeddable":true,"href":"https:\/\/www.extende.com\/fr\/wp-json\/wp\/v2\/comments?post=3306"}],"version-history":[{"count":1,"href":"https:\/\/www.extende.com\/fr\/wp-json\/wp\/v2\/pages\/3306\/revisions"}],"predecessor-version":[{"id":5691,"href":"https:\/\/www.extende.com\/fr\/wp-json\/wp\/v2\/pages\/3306\/revisions\/5691"}],"up":[{"embeddable":true,"href":"https:\/\/www.extende.com\/fr\/wp-json\/wp\/v2\/pages\/2915"}],"wp:attachment":[{"href":"https:\/\/www.extende.com\/fr\/wp-json\/wp\/v2\/media?parent=3306"}],"curies":[{"name":"wp","href":"https:\/\/api.w.org\/{rel}","templated":true}]}}