{"id":3308,"date":"2025-06-24T18:34:31","date_gmt":"2025-06-24T16:34:31","guid":{"rendered":"https:\/\/www.extende.com\/la-simulation-cnd\/documentation\/validation-experimentale-des-modeles-civa\/validation-experimentale-des-modeles-civa-en-ultrasons\/ultrasons-etalonnage\/ut-etalonnage-le-reflecteur-etalon\/"},"modified":"2025-06-24T18:52:14","modified_gmt":"2025-06-24T16:52:14","slug":"ut-etalonnage-le-reflecteur-etalon","status":"publish","type":"page","link":"https:\/\/www.extende.com\/fr\/la-simulation-cnd\/documentation\/validation-experimentale-des-modeles-civa\/validation-experimentale-des-modeles-civa-en-ultrasons\/ultrasons-etalonnage\/ut-etalonnage-le-reflecteur-etalon\/","title":{"rendered":"UT &#8211; Etalonnage &#8211; Le r\u00e9flecteur \u00e9talon"},"content":{"rendered":"<p>Afin de fournir un signal de r\u00e9f\u00e9rence fiable, le r\u00e9flecteur-\u00e9talon doit respecter certains crit\u00e8res :<\/p>\n<\/p>\n<ul class=\"liste-carres-noirs\">\n<li>r\u00e9fl\u00e9chir le faisceau de mani\u00e8re sp\u00e9culaire ou pseudo-sp\u00e9culaire<\/li>\n<li>\u00eatre localis\u00e9 en champ lointain pour un capteur non focalis\u00e9<\/li>\n<li>\u00eatre localis\u00e9 dans la zone focale ou plus loin pour un capteur focalis\u00e9<\/li>\n<li>\u00eatre \u00e9clair\u00e9 par le faisceau ultrasonore pendant un intervalle de temps limit\u00e9<\/li>\n<li>\u00eatre suffisamment large (nombre d\u2019onde.rayon = k.a&gt;1,5 pour un TFP, 1,5&lt;k.a&lt;20 pour un TG).<\/li>\n<\/ul>\n<p>D\u00e8s que ces crit\u00e8res sont respect\u00e9s et que les signaux sont fiables dans une configuration d\u2019inspection r\u00e9elle (r\u00e9p\u00e9tabilit\u00e9\u2026), diff\u00e9rents types de d\u00e9fauts (TG, TFP, \u00e9cho de surface\u2026) et diff\u00e9rents modes de contr\u00f4le (L0\u00b0, T45\u00b0\u2026) peuvent \u00eatre consid\u00e9r\u00e9s. Dans le module Civa \u00ab\u00a0R\u00e9ponse D\u00e9faut\u00a0\u00bb, des TG de \u00d82\u00a0mm ou \u00d83\u00a0mm sont couramment utilis\u00e9s puisque 1,5&lt;k.a&lt;20 d\u00e8s que la fr\u00e9quence est sup\u00e9rieure \u00e0 1\u00a0MHz.<\/p>\n<\/p>\n<p>\u00a0<\/p>\n<\/p>\n<p>Retourner au menu <a class=\"lien\" href=\"https:\/\/www.extende.com\/fr\/la-simulation-cnd\/documentation\/validation-experimentale-des-modeles-civa\/validation-experimentale-des-modeles-civa-en-ultrasons\/ultrasons-etalonnage\/\" target=\"_self\">Etalonnage<\/a><\/p><\/p>\n","protected":false},"excerpt":{"rendered":"<p>Validation exp\u00e9rimentale et caract\u00e9risation des mod\u00e8les Ultrasons de CIVA, \u00e9talonnage, logiciel de simulation CND<\/p>\n","protected":false},"author":0,"featured_media":0,"parent":2915,"menu_order":2,"comment_status":"closed","ping_status":"closed","template":"templates\/page--extende.html.php","meta":{"_acf_changed":false,"footnotes":""},"class_list":["post-3308","page","type-page","status-publish","hentry"],"acf":[],"_links":{"self":[{"href":"https:\/\/www.extende.com\/fr\/wp-json\/wp\/v2\/pages\/3308","targetHints":{"allow":["GET"]}}],"collection":[{"href":"https:\/\/www.extende.com\/fr\/wp-json\/wp\/v2\/pages"}],"about":[{"href":"https:\/\/www.extende.com\/fr\/wp-json\/wp\/v2\/types\/page"}],"replies":[{"embeddable":true,"href":"https:\/\/www.extende.com\/fr\/wp-json\/wp\/v2\/comments?post=3308"}],"version-history":[{"count":1,"href":"https:\/\/www.extende.com\/fr\/wp-json\/wp\/v2\/pages\/3308\/revisions"}],"predecessor-version":[{"id":5693,"href":"https:\/\/www.extende.com\/fr\/wp-json\/wp\/v2\/pages\/3308\/revisions\/5693"}],"up":[{"embeddable":true,"href":"https:\/\/www.extende.com\/fr\/wp-json\/wp\/v2\/pages\/2915"}],"wp:attachment":[{"href":"https:\/\/www.extende.com\/fr\/wp-json\/wp\/v2\/media?parent=3308"}],"curies":[{"name":"wp","href":"https:\/\/api.w.org\/{rel}","templated":true}]}}