{"id":3328,"date":"2025-06-24T18:34:33","date_gmt":"2025-06-24T16:34:33","guid":{"rendered":"https:\/\/www.extende.com\/la-simulation-cnd\/documentation\/validation-experimentale-des-modeles-civa\/validation-experimentale-des-modeles-civa-en-ultrasons\/ultrasons-ombrage\/ut-ombrage-configurations-experimentales-et-de-simulation\/"},"modified":"2025-06-24T18:52:14","modified_gmt":"2025-06-24T16:52:14","slug":"ut-ombrage-configurations-experimentales-et-de-simulation","status":"publish","type":"page","link":"https:\/\/www.extende.com\/fr\/la-simulation-cnd\/documentation\/validation-experimentale-des-modeles-civa\/validation-experimentale-des-modeles-civa-en-ultrasons\/ultrasons-ombrage\/ut-ombrage-configurations-experimentales-et-de-simulation\/","title":{"rendered":"UT &#8211; Ombrage &#8211; Configurations exp\u00e9rimentales et de simulation"},"content":{"rendered":"<h2 class=\"titre-accordeon\">Maquette et mesures exp\u00e9rimentales<\/h2>\n<\/p>\n<p>Une maquette sp\u00e9cifique a \u00e9t\u00e9 r\u00e9alis\u00e9e pour cette \u00e9tude. Il s\u2019agit d\u2019une pi\u00e8ce plane en acier de 100\u00a0mm d\u2019\u00e9paisseur contenant des d\u00e9fauts type \u00ab\u00a0ruban\u00a0\u00bb (nous les appellerons \u00ab\u00a0rubans\u00a0\u00bb par la suite) parall\u00e8les \u00e0 la surface et situ\u00e9s \u00e0 des profondeurs de 20, 40, 60 et 80\u00a0mm. Ces rubans, de 10\u00a0mm de largeur, sont traversant de part et d\u2019autre de la pi\u00e8ce de 100\u00a0mm de largeur.\u00a0<\/p>\n<\/p>\n<p>\u00a0<\/p>\n<\/p>\n<p style=\"text-align: center;\"><a class=\"mediabox\" href=\"https:\/\/www.extende.com\/wp-content\/uploads\/Ombrage-1.png\" style=\"text-decoration: none;\" title=\"\"><img loading=\"lazy\" decoding=\"async\" width=\"250\" height=\"149\" align=\"\" alt=\"\" class=\"mediabox alignnone wp-image-3309\" src=\"https:\/\/www.extende.com\/wp-content\/uploads\/Ombrage-1_small.png\"><\/a><\/p>\n<\/p>\n<p>\u00a0<\/p>\n<\/p>\n<p><span style=\"line-height: 1.5em;\"><\/span><\/p>\n<\/p>\n<h2 class=\"titre-accordeon\">Capteurs<\/h2>\n<\/p>\n<p>Les acquisitions ont \u00e9t\u00e9 r\u00e9alis\u00e9es \u00e0 l\u2019aide de capteurs plans mono\u00e9l\u00e9ment circulaires en immersion, de trois ouvertures diff\u00e9rentes (\u00d86.35, 12.7 et 19\u00a0mm) et de fr\u00e9quence centrale 2.25\u00a0MHz et 5\u00a0MHz. Ils sont orient\u00e9s en incidence nulle pour g\u00e9n\u00e9rer des ondes L0\u00b0 dans la pi\u00e8ce. Les champs ultrasonores associ\u00e9s \u00e0 ces 3 ouvertures, pour une hauteur d\u2019eau de 50mm sont affich\u00e9s ci-dessous pour la fr\u00e9quence 2.25MHz et 5 MHz.<\/p>\n<\/p>\n<p>\u00a0<\/p>\n<\/p>\n<p style=\"text-align: center;\"><a class=\"mediabox\" href=\"https:\/\/www.extende.com\/wp-content\/uploads\/Ombrage-2.png\" style=\"text-decoration: none;\" title=\"\"><img loading=\"lazy\" decoding=\"async\" width=\"200\" height=\"161\" a=\"\" align=\"\" alt=\"\" class=\"mediabox alignnone wp-image-3311\" src=\"https:\/\/www.extende.com\/wp-content\/uploads\/Ombrage-2_small.png\" style='\"text-align:'><\/a> <a class=\"mediabox\" href=\"https:\/\/www.extende.com\/wp-content\/uploads\/Ombrage-3.png\" style=\"text-decoration: none;\" title=\"\"><img loading=\"lazy\" decoding=\"async\" width=\"200\" height=\"170\" align=\"\" alt=\"\" class=\"mediabox alignnone wp-image-3312\" src=\"https:\/\/www.extende.com\/wp-content\/uploads\/Ombrage-3_small.png\"><\/a><\/p>\n<\/p>\n<p>\u00a0<\/p>\n<\/p>\n<p>Les acquisitions ont \u00e9t\u00e9 r\u00e9alis\u00e9es au moyen d\u2019un \u00e9quipement constitu\u00e9 d&rsquo;un banc m\u00e9canique capable d\u2019effectuer des repr\u00e9sentations de type Cscan et d\u2019un syst\u00e8me d&rsquo;acquisition ultrasonore multivoies MultiX 64 (64 voies en parall\u00e8le) pilot\u00e9 par le logiciel Multi2000 V6.7.32.<\/p>\n<\/p>\n<p>Les incertitudes globales li\u00e9es aux param\u00e8tres m\u00e9caniques, aux d\u00e9fauts usin\u00e9s, \u00e0 l\u2019inhomog\u00e9n\u00e9it\u00e9 du mat\u00e9riau ont \u00e9t\u00e9 \u00e9valu\u00e9es par v\u00e9rification de la reproductibilit\u00e9 des r\u00e9sultats\u00a0: l&rsquo;intervalle de confiance des donn\u00e9es exp\u00e9rimentales pr\u00e9sent\u00e9es dans le pr\u00e9sent document a \u00e9t\u00e9 \u00e9valu\u00e9 \u00e0 +\/-2dB (1dB en raison de l&rsquo;incertitude de la mesure pour le r\u00e9flecteur de r\u00e9f\u00e9rence et 1dB en raison de l&rsquo;incertitude de la mesure pour le d\u00e9faut courant).<\/p>\n<\/p>\n<p>\u00a0<\/p>\n<\/p>\n<h2 class=\"titre-accordeon\">Echos compar\u00e9s<\/h2>\n<\/p>\n<p>Les amplitudes maximums des \u00e9chos sp\u00e9culaires sur les rubans sont mesur\u00e9es ainsi que les amplitudes des \u00e9chos de fonds de la pi\u00e8ce sans ou avec ombrage. Ces amplitudes exp\u00e9rimentales et simul\u00e9es sont compar\u00e9es.<\/p>\n<\/p>\n<p>On d\u00e9finit 2 positions du capteur relativement \u00e0 un ruban\u00a0donn\u00e9 (figure ci-dessous):<\/p>\n<\/p>\n<ul class=\"liste-carres-noirs\">\n<li>L\u2019axe du capteur est situ\u00e9 \u00e0 l\u2019aplomb du centre du ruban (position 1), cela correspond \u00e0 une position du capteur pour laquelle le fond est ombr\u00e9 par le ruban (dans ce qui suit on appelle cette partie du fond \u00ab\u00a0zone de fond ombr\u00e9\u00a0\u00bb)<\/li>\n<li>L\u2019axe du capteur est \u00e9quidistant des bords de 2 rubans (position 2), cela correspond \u00e0 une position du capteur pour laquelle le fond est non ombr\u00e9 par un ruban (dans ce qui suit on appelle cette partie du fond \u00ab\u00a0zone de fond non ombr\u00e9\u00a0\u00bb)<\/li>\n<\/ul>\n<p>La zone situ\u00e9e entre ces deux positions est d\u00e9sign\u00e9e par \u00ab\u00a0Zone de transition entre le fond ombr\u00e9 et le fond non ombr\u00e9\u00a0\u00bb.<\/p>\n<\/p>\n<p>\u00a0<\/p>\n<\/p>\n<p style=\"text-align: center;\"><a class=\"mediabox\" href=\"https:\/\/www.extende.com\/wp-content\/uploads\/Ombrage-4-FR.png\" style=\"text-decoration: none;\" title=\"\"><img loading=\"lazy\" decoding=\"async\" width=\"200\" height=\"247\" align=\"\" alt=\"\" class=\"mediabox alignnone wp-image-3326\" src=\"https:\/\/www.extende.com\/wp-content\/uploads\/Ombrage-4-FR_small.png\"><\/a><\/p>\n<\/p>\n<p>\u00a0<\/p>\n<\/p>\n<p>Un exemple de courbe \u00e9chodynamique obtenu lorsque le capteur est positionn\u00e9 autour de la position 1 est pr\u00e9sent\u00e9 ci-dessous. Dans la suite, on appelle \u00ab\u00a0amplitude de l\u2019\u00e9cho de fond ombr\u00e9 par le ruban\u00a0\u00bb l\u2019amplitude de l\u2019\u00e9cho de fond mesur\u00e9e \u00e0 la position d\u00e9crite sur la figure ci-dessous.<\/p>\n<\/p>\n<p>\u00a0<\/p>\n<\/p>\n<p style=\"text-align: center;\"><a class=\"mediabox\" href=\"https:\/\/www.extende.com\/wp-content\/uploads\/Ombrage-5.png\" style=\"text-decoration: none;\" title=\"\"><img loading=\"lazy\" decoding=\"async\" width=\"200\" height=\"152\" align=\"\" alt=\"\" class=\"mediabox alignnone wp-image-3316\" src=\"https:\/\/www.extende.com\/wp-content\/uploads\/Ombrage-5_small.png\"><\/a><\/p>\n<\/p>\n<p>\u00a0<\/p>\n<\/p>\n<p>Les formes temporelles (Ascans) et les courbes \u00e9chodynamiques en balayage mesur\u00e9es et pr\u00e9dites par CIVA sont \u00e9galement compar\u00e9es.<\/p>\n<\/p>\n<p>\u00a0<\/p>\n<\/p>\n<h2 class=\"titre-accordeon\">Echos de r\u00e9f\u00e9rence en amplitude<\/h2>\n<\/p>\n<p>La r\u00e9f\u00e9rence pour les amplitudes est l\u2019amplitude maximale de l\u2019\u00e9cho direct L0\u00b0 d\u2019un trou g\u00e9n\u00e9ratrice de diam\u00e8tre 2 mm (TG \u00d82mm) situ\u00e9 dans une cale d\u2019\u00e9talonnage d\u2019acier similaire \u00e0 celui de la cale ombrage. La profondeur du TG correspondant \u00e0 l\u2019\u00e9cho d\u2019amplitude maximale en fonction de l\u2019ouverture du traducteur est :<\/p>\n<\/p>\n<p>\u00a0<\/p>\n<\/p>\n<table align=\"center\" border=\"1\" cellpadding=\"1\" cellspacing=\"1\" style=\"width: 600px;\">\n<tbody>\n<tr>\n<td>\u00a0<\/td>\n<td>\u00d819 mm<\/td>\n<td>\u00d812.7 mm<\/td>\n<td>\u00d86.5 mm<\/td>\n<\/tr>\n<tr>\n<td>2.25 MHz<\/td>\n<td>TG \u00d82 mm \u00e0 24 mm de profondeur<\/td>\n<td>TG \u00d82 mm \u00e0 8 mm de profondeur<\/td>\n<td>TG \u00d82 mm \u00e0 10 mm de profondeur<\/td>\n<\/tr>\n<tr>\n<td>5 MHz<\/td>\n<td>TG \u00d82 mm \u00e0 60 mm de profondeur<\/td>\n<td>TG \u00d82 mm \u00e0 25 mm de profondeur<\/td>\n<td>TG \u00d82 mm \u00e0 5 mm de profondeur<\/td>\n<\/tr>\n<\/tbody>\n<\/table>\n<p>\u00a0<\/p>\n<\/p>\n<h2 class=\"titre-accordeon\">Param\u00e8tres des simulations<\/h2>\n<\/p>\n<p>Les simulations ont \u00e9t\u00e9 faites avec\u00a0Civa11.0a\u00a0:<\/p>\n<\/p>\n<ul class=\"liste-carres-noirs\">\n<li>CIVA (calculs de champ et d\u2019\u00e9chos r\u00e9alis\u00e9s avec CIVA11.0a avec les options \u00ab\u00a03D\u00a0\u00bb)\u00a0; les calculs d\u2019\u00e9chos ont toujours \u00e9t\u00e9 r\u00e9alis\u00e9s avec le mod\u00e8le KIRCHHOFF+GTD sur les rubans et avec le mod\u00e8le SOV sur les trous g\u00e9n\u00e9ratrice (TG). Le calcul des \u00e9chos de fond a \u00e9t\u00e9 effectu\u00e9 avec 2 mod\u00e8les\u00a0: le mod\u00e8le Kirchhoff et le mod\u00e8le sp\u00e9culaire. Les r\u00e9sultats des 2 mod\u00e8les sont compar\u00e9s dans la suite du document.<\/li>\n<li>ATHENA2D (mod\u00e9lisation par \u00e9l\u00e9ments finis \u00ab\u00a02D\u00a0\u00bb pour le calcul de l\u2019interaction avec le d\u00e9faut coupl\u00e9e au calcul de champ CIVA11.0a r\u00e9alis\u00e9 avec l\u2019option \u00ab\u00a02D\u00a0\u00bb)<\/li>\n<\/ul>\n<p>Les param\u00e8tres d\u2019entr\u00e9e de CIVA sont donn\u00e9s ci-dessous\u00a0:<\/p>\n<\/p>\n<h3 class=\"titre-paragraphe\">Mat\u00e9riau\u00a0de la cale \u00ab\u00a0ombrage\u00a0\u00bb :<\/h3>\n<\/p>\n<p>\u00a0<\/p>\n<\/p>\n<table align=\"center\" border=\"1\" cellpadding=\"1\" cellspacing=\"1\" style=\"width: 600px;\">\n<tbody>\n<tr>\n<td>Vitesse des ondes\u00a0<\/td>\n<td>Vitesse des ondes T<\/td>\n<td>Densit\u00e9<\/td>\n<td>Att\u00e9nuation<\/td>\n<\/tr>\n<tr>\n<td>5950 m.s<sup>-1<\/sup><\/td>\n<td>3290 m.s<sup>-1<\/sup><\/td>\n<td>7.8 g.cm<sup>-3<\/sup><\/td>\n<td>\n<ul>\n<li align=\"center\">Pas d\u2019att\u00e9nuation pour les ondes L \u00e0 2.25MHz<\/li>\n<li>A 5MHz\u00a0: att\u00e9nuation pour les ondes L 0.08dB\/mm \u2013 puissance\u00a0: 4 \u2013 f<sub>0<\/sub> = 5MHz<\/li>\n<\/ul>\n<\/td>\n<\/tr>\n<\/tbody>\n<\/table>\n<p>\u00a0<\/p>\n<\/p>\n<p>Les vitesses des ondes L et T ont \u00e9t\u00e9 obtenues par mesures exp\u00e9rimentales des temps de vol de plusieurs \u00e9chos de fonds successifs dans cette cale plane de 100mm d\u2019\u00e9paisseur. Un traducteur \u00a0L0\u00b0 \u00e0 5MHz a \u00e9t\u00e9 utilis\u00e9 pour la mesure de vitesse des ondes L, et un capteur T0\u00b0 \u00e0 la m\u00eame fr\u00e9quence pour la mesure de vitesse des ondes T.<\/p>\n<\/p>\n<p><span class=\"g-color2\">Pr\u00e9cisions pour les calculs de champ et d\u2019\u00e9chos :<\/span> 3 et 3. Remarque : des simulations ont \u00e9t\u00e9 r\u00e9alis\u00e9es avec des pr\u00e9cisions plus grandes (10 pour le calcul de champ et d\u2019\u00e9chos) et n\u2019ont pas montr\u00e9 de diff\u00e9rences notables sur les r\u00e9sultats (amplitudes et formes des \u00e9chodynamiques).<\/p>\n<\/p>\n<p>\u00a0<\/p>\n<\/p>\n<h2 class=\"titre-accordeon\">Justification de la n\u00e9cessit\u00e9 de calculer des modes additionnels en plus du mode direct<\/h2>\n<\/p>\n<h2 class=\"titre-paragraphe\">Mode direct seul<\/h2>\n<\/p>\n<p>La figure ci-dessous montre un exemple de r\u00e9sultats de simulation obtenus en mode direct L avec le capteur 2.25 MHz \u00d819mm et avec les deux mod\u00e8les de calcul d\u2019\u00e9chos de fond disponibles dans CIVA (mod\u00e8les KIRCHHOFF et SPECULAIRE).<\/p>\n<\/p>\n<p>\u00a0<\/p>\n<\/p>\n<p style=\"text-align: center;\"><a class=\"mediabox\" href=\"https:\/\/www.extende.com\/wp-content\/uploads\/Ombrage-6.png\" style=\"text-decoration: none;\" title=\"\"><img loading=\"lazy\" decoding=\"async\" width=\"300\" height=\"231\" align=\"\" alt=\"\" class=\"mediabox alignnone wp-image-3318\" src=\"https:\/\/www.extende.com\/wp-content\/uploads\/Ombrage-6_small.png\"><\/a><\/p>\n<\/p>\n<p>\u00a0<\/p>\n<\/p>\n<p>Les r\u00e9sultats de l\u2019\u00e9cho de fond ombr\u00e9 ou non obtenus avec les deux mod\u00e8les montrent quelques diff\u00e9rences:<\/p>\n<\/p>\n<ul class=\"liste-carres-noirs\">\n<li>On observe une sur\u00e9l\u00e9vation de l\u2019amplitude avec le mod\u00e8le KIRCHHOFF dans la zone de transition \u00e9cho de fond non ombr\u00e9-ombr\u00e9. Ce n\u2019est pas le cas avec le mod\u00e8le SPECULAIRE.<\/li>\n<li>Pour le d\u00e9faut le plus profond (situ\u00e9 \u00e0 20 mm du fond) l\u2019amplitude de l\u2019\u00e9cho de fond de la zone ombr\u00e9e est 6dB plus forte avec le mod\u00e8le KIRCHHOFF qu\u2019avec le mod\u00e8le SPECULAIRE.<\/li>\n<\/ul>\n<p>\u00a0<\/p>\n<\/p>\n<h2 class=\"titre-paragraphe\">Mode prenant en compte un rebond sur le fondavnat ou apr\u00e8s int\u00e9raction avec le d\u00e9faut<\/h2>\n<\/p>\n<p>Des simulations ont \u00e9t\u00e9 r\u00e9alis\u00e9es dans CIVA en calculant \u00e0 la fois le mode direct L et le mode prenant en compte un rebond sur le fond \u00e0 l\u2019aller avant interaction avec le d\u00e9faut (l\u2019illustration des trajets ultrasonores et des modes calcul\u00e9s est repr\u00e9sent\u00e9e ci-dessous en fonction du nombre de rebonds sur le fond param\u00e9tr\u00e9 dans CIVA).<\/p>\n<\/p>\n<p>\u00a0<\/p>\n<\/p>\n<p style=\"text-align: center;\"><a class=\"mediabox\" href=\"https:\/\/www.extende.com\/wp-content\/uploads\/Ombrage-7.png\" style=\"text-decoration: none;\" title=\"\"><img loading=\"lazy\" decoding=\"async\" width=\"300\" height=\"127\" align=\"\" alt=\"\" class=\"mediabox alignnone wp-image-3320\" src=\"https:\/\/www.extende.com\/wp-content\/uploads\/Ombrage-7_small.png\"><\/a><\/p>\n<\/p>\n<p>\u00a0<\/p>\n<\/p>\n<p>Les \u00e9chodynamiques obtenues avec les deux mod\u00e8les (KIRCHHOFF (\u00e0 droite) et SPECULAIRE (\u00e0 gauche)) sont pr\u00e9sent\u00e9es ci-dessous lorsque seul le mode direct est calcul\u00e9 (en noir) et lorsque le mode avec un rebond sur le fond est pris en compte avant l\u2019interaction avec le d\u00e9faut (en rouge). Dans ce dernier cas, l\u2019\u00e9cho de fond et l\u2019\u00e9cho du d\u00e9faut d\u00fb au mode avec un rebond se m\u00e9langent. L\u2019\u00e9chodynamique repr\u00e9sent\u00e9e ci-dessous correspond \u00e0 ces deux contributions.<\/p>\n<\/p>\n<p>\u00a0<\/p>\n<\/p>\n<p style=\"text-align: center;\"><a class=\"mediabox\" href=\"https:\/\/www.extende.com\/wp-content\/uploads\/Ombrage-8.png\" style=\"text-decoration: none;\" title=\"\"><img loading=\"lazy\" decoding=\"async\" width=\"300\" height=\"113\" align=\"\" alt=\"\" class=\"mediabox alignnone wp-image-3322\" src=\"https:\/\/www.extende.com\/wp-content\/uploads\/Ombrage-8_small.png\"><\/a><\/p>\n<\/p>\n<p>\u00a0<\/p>\n<\/p>\n<p>Ces r\u00e9sultats montrent que lorsque le mode avec rebond sur le fond de la pi\u00e8ce est pris en compte avant l\u2019interaction avec le d\u00e9faut:<\/p>\n<\/p>\n<ul class=\"liste-carres-noirs\">\n<li><span style=\"line-height: 1.5em;\">On observe une sur\u00e9l\u00e9vation de l\u2019amplitude dans la zone de transition entre le fond ombr\u00e9 et non ombr\u00e9 pour les deux mod\u00e8les de calcul. Cette sur\u00e9l\u00e9vation de l\u2019amplitude de 0.7dB environ par rapport au mode direct est donc due \u00e0 l\u2019\u00e9cho de diffraction par les bords du ruban faisant intervenir un rebond sur le fond (sch\u00e9ma ci-dessus).<\/span><\/li>\n<li><span style=\"line-height: 1.5em;\">\u00a0On a \u00e9galement, \u00a0lorsque le capteur est situ\u00e9 \u00e0 l\u2019aplomb du ruban, un effet sur l\u2019amplitude de l\u2019\u00e9cho du fond\u00a0: les r\u00e9sultats de simulation mettent en \u00e9vidence un ombrage plus faible lorsque le rebond sur le fond est pris en compte (la diff\u00e9rence d\u2019amplitude s\u2019\u00e9l\u00e8ve jusqu\u2019\u00e0 3.5dB). Notons que dans le cas du calcul KIRCHHOFF, cette diff\u00e9rence d\u2019amplitude est d\u2019autant plus importante que le d\u00e9faut faisant ombre est peu profond (+3.5dB pour le ruban situ\u00e9 \u00e0 80mm du fond et +1dB pour le d\u00e9faut situ\u00e9 \u00e0 20 mm du fond).<\/span><\/li>\n<\/ul>\n<p>Ainsi, toutes les simulations pr\u00e9sent\u00e9es dans la suite ont \u00e9t\u00e9 r\u00e9alis\u00e9es avec un nombre de rebonds sur le fond \u00e9gal \u00e0 1. Le calcul de l\u2019interaction du champ avec le fond de la pi\u00e8ce est r\u00e9alis\u00e9 par les deux mod\u00e8les disponibles dans CIVA11\u00a0: SPECULAIRE et KIRCHHOFF. Le calcul de l\u2019interaction du champ avec le d\u00e9faut est r\u00e9alis\u00e9 avec le mod\u00e8le KIRCHHOFF+GTD.<\/p>\n<\/p>\n<p>\u00a0<\/p>\n<\/p>\n<div class=\"corner-wrapper\">\n<div class=\"corner-frame\">Note : On appellera \u00ab\u00a0\u00e9cho de fond\u00a0\u00bb l\u2019\u00e9cho issu du fond de la pi\u00e8ce m\u00e9lang\u00e9 \u00e0 celui correspondant \u00e0 la diffraction par les bords du ruban faisant intervenir un rebond sur le fond (ces deux \u00e9chos ont le m\u00eame temps de vol en L0). La mesure de son amplitude sera toujours faite dans la position 2 (cf. sch\u00e9ma plus haut).<\/div>\n<\/div>\n<\/p>\n<p>\u00a0<\/p>\n<\/p>\n<p>Continuer vers <a class=\"g-lien\" href=\"https:\/\/www.extende.com\/fr\/la-simulation-cnd\/documentation\/validation-experimentale-des-modeles-civa\/validation-experimentale-des-modeles-civa-en-ultrasons\/ultrasons-ombrage\/ut-ombrage-resultats-avec-le-capteur-monoelement-o19mm\/\" target=\"_self\">R\u00e9sultats avec le capteur mono\u00e9l\u00e9ment \u00d819mm<\/a><\/p>\n<\/p>\n<p>Retour au menu <a class=\"g-lien\" href=\"https:\/\/www.extende.com\/fr\/la-simulation-cnd\/documentation\/validation-experimentale-des-modeles-civa\/validation-experimentale-des-modeles-civa-en-ultrasons\/ultrasons-ombrage\/\" target=\"_self\">Ombrage<\/a><\/p><\/p>\n","protected":false},"excerpt":{"rendered":"<p>Validation exp\u00e9rimentale et caract\u00e9risation des mod\u00e8les Ultrasons de CIVA, ombrage de d\u00e9fauts, logiciel de simulation CND<\/p>\n","protected":false},"author":0,"featured_media":0,"parent":2917,"menu_order":0,"comment_status":"closed","ping_status":"closed","template":"templates\/page--extende.html.php","meta":{"_acf_changed":false,"footnotes":""},"class_list":["post-3328","page","type-page","status-publish","hentry"],"acf":[],"_links":{"self":[{"href":"https:\/\/www.extende.com\/fr\/wp-json\/wp\/v2\/pages\/3328","targetHints":{"allow":["GET"]}}],"collection":[{"href":"https:\/\/www.extende.com\/fr\/wp-json\/wp\/v2\/pages"}],"about":[{"href":"https:\/\/www.extende.com\/fr\/wp-json\/wp\/v2\/types\/page"}],"replies":[{"embeddable":true,"href":"https:\/\/www.extende.com\/fr\/wp-json\/wp\/v2\/comments?post=3328"}],"version-history":[{"count":1,"href":"https:\/\/www.extende.com\/fr\/wp-json\/wp\/v2\/pages\/3328\/revisions"}],"predecessor-version":[{"id":5686,"href":"https:\/\/www.extende.com\/fr\/wp-json\/wp\/v2\/pages\/3328\/revisions\/5686"}],"up":[{"embeddable":true,"href":"https:\/\/www.extende.com\/fr\/wp-json\/wp\/v2\/pages\/2917"}],"wp:attachment":[{"href":"https:\/\/www.extende.com\/fr\/wp-json\/wp\/v2\/media?parent=3328"}],"curies":[{"name":"wp","href":"https:\/\/api.w.org\/{rel}","templated":true}]}}