{"id":3350,"date":"2025-06-24T18:34:36","date_gmt":"2025-06-24T16:34:36","guid":{"rendered":"https:\/\/www.extende.com\/la-simulation-cnd\/documentation\/validation-experimentale-des-modeles-civa\/validation-experimentale-des-modeles-civa-en-ultrasons\/ultrasons-ombrage\/ut-ombrage-resultats-avec-le-capteur-monoelement-o19mm\/"},"modified":"2025-06-24T18:52:14","modified_gmt":"2025-06-24T16:52:14","slug":"ut-ombrage-resultats-avec-le-capteur-monoelement-o19mm","status":"publish","type":"page","link":"https:\/\/www.extende.com\/fr\/la-simulation-cnd\/documentation\/validation-experimentale-des-modeles-civa\/validation-experimentale-des-modeles-civa-en-ultrasons\/ultrasons-ombrage\/ut-ombrage-resultats-avec-le-capteur-monoelement-o19mm\/","title":{"rendered":"UT &#8211; Ombrage &#8211; R\u00e9sultats avec le capteur mono\u00e9l\u00e9ment \u00d819mm"},"content":{"rendered":"<div class=\"corner-wrapper\">\n<div class=\"corner-frame\">La taille de l\u2019ouverture active de ce traducteur est environ deux fois sup\u00e9rieure \u00e0 la largeur des d\u00e9fauts (10mm).<\/div>\n<\/div>\n<p class=\"titre-accordeon\">\u00a0<\/p>\n<\/p>\n<h2 class=\"titre-accordeon\"><span style=\"font-size: 1.1em; font-weight: bolder; line-height: 1.5em;\">R\u00e9sultats \u00e0 2.25 MHz<\/span><\/h2>\n<\/p>\n<p>Une comparaison des \u00e9chos directs simul\u00e9s et mesur\u00e9s sur les rubans est pr\u00e9sent\u00e9e ci-dessous. Notons que les \u00e9chos de r\u00e9p\u00e9tition surface-ruban n\u2019ont pas \u00e9t\u00e9 simul\u00e9s. La superposition de l\u2019\u00e9chodynamique en balayage montre un bon accord tant au niveau de l\u2019amplitude de l\u2019\u00e9cho direct (0.5dB d\u2019\u00e9cart maximum relev\u00e9 sur le ruban le plus profond (r\u00e9f\u00e9rence\u00a0: TG) qu\u2019au niveau de l\u2019\u00e9talement de l\u2019\u00e9cho. Les Ascans mesur\u00e9s et simul\u00e9s de l\u2019\u00e9cho du ruban le moins profond sont tr\u00e8s proches.<\/p>\n<\/p>\n<p>\u00a0<\/p>\n<\/p>\n<p style=\"text-align: center;\"><a class=\"mediabox\" href=\"https:\/\/www.extende.com\/wp-content\/uploads\/Ombrage-9.png\" style=\"text-decoration: none;\" title=\"\"><img loading=\"lazy\" decoding=\"async\" width=\"300\" height=\"220\" align=\"\" alt=\"\" class=\"mediabox alignnone wp-image-3329\" src=\"https:\/\/www.extende.com\/wp-content\/uploads\/Ombrage-9_small.png\"><\/a><\/p>\n<\/p>\n<p>\u00a0<\/p>\n<\/p>\n<p>La figure ci-dessous pr\u00e9sente une comparaison d\u2019\u00e9chodynamiques balayage mesur\u00e9es et simul\u00e9es avec les mod\u00e8les KIRCHHOFF et SPECULAIRE de l\u2019\u00e9cho de fond uniquement. Les trois zones de plus faible amplitude correspondent aux ombrages des rubans situ\u00e9s \u00e0 40, 60 et 80 mm de profondeur. L\u2019ombrage induit par le ruban \u00e0 20mm de profondeur n\u2019est pas exploitable car le temps de vol du 5<sup>\u00e8me<\/sup> \u00e9cho de r\u00e9p\u00e9tition correspond au temps de vol de l\u2019\u00e9cho du fond de la pi\u00e8ce (voir figures ci-dessous).<\/p>\n<\/p>\n<p>\u00a0<\/p>\n<\/p>\n<p style=\"text-align: center;\"><a class=\"mediabox\" href=\"https:\/\/www.extende.com\/wp-content\/uploads\/Ombrage-10.png\" style=\"text-decoration: none;\" title=\"\"><img loading=\"lazy\" decoding=\"async\" width=\"300\" height=\"270\" align=\"\" alt=\"\" class=\"mediabox alignnone wp-image-3331\" src=\"https:\/\/www.extende.com\/wp-content\/uploads\/Ombrage-10_small.png\"><\/a><\/p>\n<\/p>\n<p style=\"text-align: center;\"><a class=\"mediabox\" href=\"https:\/\/www.extende.com\/wp-content\/uploads\/Ombrage-11.png\" style=\"text-decoration: none;\" title=\"\"><img loading=\"lazy\" decoding=\"async\" width=\"300\" height=\"329\" align=\"\" alt=\"\" class=\"mediabox alignnone wp-image-3333\" src=\"https:\/\/www.extende.com\/wp-content\/uploads\/Ombrage-11_small.png\" srcset=\"https:\/\/www.extende.com\/wp-content\/uploads\/Ombrage-11_small.png 300w, https:\/\/www.extende.com\/wp-content\/uploads\/Ombrage-11_small-274x300.png 274w\" sizes=\"auto, (max-width: 300px) 100vw, 300px\" \/><\/a><\/p>\n<\/p>\n<p>\u00a0<\/p>\n<\/p>\n<p>Les deux mod\u00e8les de calcul de CIVA 11 montrent une bonne pr\u00e9diction de l\u2019ombrage de l\u2019\u00e9cho de fond (amplitudes r\u00e9f\u00e9renc\u00e9es \u00e0 l\u2019amplitude d\u2019un trou g\u00e9n\u00e9ratrice).<\/p>\n<\/p>\n<p>Lorsque l\u2019\u00e9cho de fond est non ombr\u00e9, les \u00e9carts maximum relev\u00e9s entre simulation et exp\u00e9rience s\u2019\u00e9l\u00e8vent \u00e0 1dB pour les deux mod\u00e8les de calcul.<\/p>\n<\/p>\n<p>Lorsque l\u2019\u00e9cho de fond est ombr\u00e9, un \u00e9cart en amplitude est relev\u00e9 uniquement pour le d\u00e9faut le plus profond\u00a0(\u00e0 20mm du fond) : il s\u2019\u00e9l\u00e8ve \u00e0 2dB pour le mod\u00e8le SPECULAIRE (sous-estimation) et \u00e0 1.5dB pour le mod\u00e8le KIRCHHOFF (surestimation).<\/p>\n<\/p>\n<p>L\u2019\u00e9volution des amplitudes des rubans et du fond ombr\u00e9 en fonction de la profondeur des rubans est pr\u00e9sent\u00e9e ci-dessous.<\/p>\n<\/p>\n<p>\u00a0<\/p>\n<\/p>\n<p style=\"text-align: center;\"><a class=\"mediabox\" href=\"https:\/\/www.extende.com\/wp-content\/uploads\/Ombrage-12.png\" style=\"text-decoration: none;\" title=\"\"><img loading=\"lazy\" decoding=\"async\" width=\"450\" height=\"175\" align=\"\" alt=\"\" class=\"mediabox alignnone wp-image-3335\" src=\"https:\/\/www.extende.com\/wp-content\/uploads\/Ombrage-12_small.png\" srcset=\"https:\/\/www.extende.com\/wp-content\/uploads\/Ombrage-12_small.png 450w, https:\/\/www.extende.com\/wp-content\/uploads\/Ombrage-12_small-300x117.png 300w\" sizes=\"auto, (max-width: 450px) 100vw, 450px\" \/><\/a><\/p>\n<\/p>\n<p>\u00a0<\/p>\n<\/p>\n<p>Une comparaison des Ascans exp\u00e9rimentaux et simul\u00e9s des \u00e9chos de rubans et de l\u2019\u00e9cho de fond ombr\u00e9 par chacun des trois rubans est pr\u00e9sent\u00e9e ci-dessous.<\/p>\n<\/p>\n<p>\u00a0<\/p>\n<\/p>\n<p style=\"text-align: center;\"><a class=\"mediabox\" href=\"https:\/\/www.extende.com\/wp-content\/uploads\/Ombrage-13.png\" style=\"text-decoration: none;\" title=\"\"><img loading=\"lazy\" decoding=\"async\" width=\"350\" height=\"247\" align=\"\" alt=\"\" class=\"mediabox alignnone wp-image-3337\" src=\"https:\/\/www.extende.com\/wp-content\/uploads\/Ombrage-13_small.png\" srcset=\"https:\/\/www.extende.com\/wp-content\/uploads\/Ombrage-13_small.png 350w, https:\/\/www.extende.com\/wp-content\/uploads\/Ombrage-13_small-300x212.png 300w\" sizes=\"auto, (max-width: 350px) 100vw, 350px\" \/><\/a><\/p>\n<\/p>\n<p>\u00a0<\/p>\n<\/p>\n<p>Un tr\u00e8s bon accord simulation\/exp\u00e9rience est obtenu pour les signaux des rubans. Quelques diff\u00e9rences existent sur la forme des signaux de l\u2019\u00e9cho du fond \u00e0 l\u2019aplomb du d\u00e9faut.<\/p>\n<\/p>\n<p>\u00a0<\/p>\n<\/p>\n<h2 class=\"titre-accordeon\">R\u00e9sultats \u00e0 5 MHz<\/h2>\n<\/p>\n<p>Une comparaison des \u00e9chos directs simul\u00e9s et mesur\u00e9s sur les rubans est pr\u00e9sent\u00e9e ci-dessous. Les r\u00e9sultats de simulation sont pr\u00e9sent\u00e9s avec et sans prise en compte de l\u2019att\u00e9nuation.<\/p>\n<\/p>\n<p>\u00a0<\/p>\n<\/p>\n<p style=\"text-align: center;\"><a class=\"mediabox\" href=\"https:\/\/www.extende.com\/wp-content\/uploads\/Ombrage-14.png\" style=\"text-decoration: none;\" title=\"\"><img loading=\"lazy\" decoding=\"async\" width=\"350\" height=\"277\" align=\"\" alt=\"\" class=\"mediabox alignnone wp-image-3339\" src=\"https:\/\/www.extende.com\/wp-content\/uploads\/Ombrage-14_small.png\" srcset=\"https:\/\/www.extende.com\/wp-content\/uploads\/Ombrage-14_small.png 350w, https:\/\/www.extende.com\/wp-content\/uploads\/Ombrage-14_small-300x237.png 300w\" sizes=\"auto, (max-width: 350px) 100vw, 350px\" \/><\/a><\/p>\n<\/p>\n<p>\u00a0<\/p>\n<\/p>\n<p>La superposition des \u00e9chodynamiques montre les \u00e9carts d\u2019amplitude importants entre l\u2019exp\u00e9rience et la simulation lorsque l\u2019att\u00e9nuation n\u2019est pas prise en compte dans CIVA. En revanche, lorsqu\u2019elle est prise en compte, un tr\u00e8s bon accord (moins de 2 dB d\u2019\u00e9cart) est obtenu sur l\u2019amplitude et la forme des courbes \u00e9chodynamiques.<\/p>\n<\/p>\n<p><span style=\"line-height: 1.5em;\">L\u2019\u00e9volution des amplitudes est repr\u00e9sent\u00e9e sous forme graphique ci-dessous.<\/span><\/p>\n<\/p>\n<p>\u00a0<\/p>\n<\/p>\n<p style=\"text-align: center;\"><a class=\"mediabox\" href=\"https:\/\/www.extende.com\/wp-content\/uploads\/Ombrage-15.png\" style=\"text-decoration: none;\" title=\"\"><img loading=\"lazy\" decoding=\"async\" width=\"250\" height=\"155\" align=\"\" alt=\"\" class=\"mediabox alignnone wp-image-3341\" src=\"https:\/\/www.extende.com\/wp-content\/uploads\/Ombrage-15_small.png\"><\/a><\/p>\n<\/p>\n<p>\u00a0<\/p>\n<\/p>\n<p>Lorsque l\u2019att\u00e9nuation n\u2019est pas prise en compte dans CIVA, l\u2019\u00e9cart en amplitude simulation \/ exp\u00e9rience s\u2019\u00e9l\u00e8ve \u00e0 8dB sur l\u2019\u00e9cho du ruban \u00e0 80mm de profondeur. Les r\u00e9sultats des comparaisons montrent que l\u2019att\u00e9nuation param\u00e9tr\u00e9e est correctement choisie puisque les \u00e9carts observ\u00e9s sont dans la plupart des cas inf\u00e9rieurs \u00e0 1dB entre exp\u00e9rience et simulation. Seul un \u00e9cart de 2dB est observ\u00e9 pour le ruban \u00e0 20mm mais cela reste dans la limite des incertitudes de mesures.<\/p>\n<\/p>\n<p><span style=\"line-height: 1.5em;\">Une superposition des Ascans exp\u00e9rimentaux et simul\u00e9s (avec et sans prise en compte de l\u2019att\u00e9nuation) de l\u2019\u00e9cho direct du ruban \u00e0 60mm de profondeur est pr\u00e9sent\u00e9e ci-dessous. Leurs formes sont en bon accord g\u00e9n\u00e9ral.<\/span><\/p>\n<\/p>\n<p>\u00a0<\/p>\n<\/p>\n<p style=\"text-align: center;\"><a class=\"mediabox\" href=\"https:\/\/www.extende.com\/wp-content\/uploads\/Ombrage-16.png\" style=\"text-decoration: none;\" title=\"\"><img loading=\"lazy\" decoding=\"async\" width=\"400\" height=\"114\" align=\"\" alt=\"\" class=\"mediabox alignnone wp-image-3343\" src=\"https:\/\/www.extende.com\/wp-content\/uploads\/Ombrage-16_small.png\" srcset=\"https:\/\/www.extende.com\/wp-content\/uploads\/Ombrage-16_small.png 400w, https:\/\/www.extende.com\/wp-content\/uploads\/Ombrage-16_small-300x86.png 300w\" sizes=\"auto, (max-width: 400px) 100vw, 400px\" \/><\/a><\/p>\n<\/p>\n<p>\u00a0<\/p>\n<\/p>\n<p>La figure ci-dessous pr\u00e9sente une comparaison des courbes \u00e9chodynamiques en balayage ainsi que les amplitudes de l\u2019\u00e9cho de fond mesur\u00e9es \u00e0 l\u2019aplomb du d\u00e9faut pour le traducteur \u00d819mm \u00e0 5MHz. Les trois zones de plus faible amplitude correspondent aux ombrages des rubans situ\u00e9s \u00e0 40, 60 et 80 mm de profondeur.<\/p>\n<\/p>\n<p>\u00a0<\/p>\n<\/p>\n<p style=\"text-align: center;\"><a class=\"mediabox\" href=\"https:\/\/www.extende.com\/wp-content\/uploads\/Ombrage-17.png\" style=\"text-decoration: none;\" title=\"\"><img loading=\"lazy\" decoding=\"async\" width=\"300\" height=\"301\" align=\"\" alt=\"\" class=\"mediabox alignnone wp-image-3345\" src=\"https:\/\/www.extende.com\/wp-content\/uploads\/Ombrage-17_small.png\" style=\"text-align: center;\" srcset=\"https:\/\/www.extende.com\/wp-content\/uploads\/Ombrage-17_small.png 300w, https:\/\/www.extende.com\/wp-content\/uploads\/Ombrage-17_small-150x150.png 150w\" sizes=\"auto, (max-width: 300px) 100vw, 300px\" \/><\/a><a class=\"mediabox\" href=\"https:\/\/www.extende.com\/wp-content\/uploads\/Ombrage-18.png\" style=\"text-decoration: none;\" title=\"\"><img loading=\"lazy\" decoding=\"async\" width=\"300\" height=\"324\" align=\"\" alt=\"\" class=\"mediabox alignnone wp-image-3346\" src=\"https:\/\/www.extende.com\/wp-content\/uploads\/Ombrage-18_small.png\" srcset=\"https:\/\/www.extende.com\/wp-content\/uploads\/Ombrage-18_small.png 300w, https:\/\/www.extende.com\/wp-content\/uploads\/Ombrage-18_small-278x300.png 278w\" sizes=\"auto, (max-width: 300px) 100vw, 300px\" \/><\/a><\/p>\n<\/p>\n<p>\u00a0<\/p>\n<\/p>\n<h3 class=\"titre-paragraphe\">Lorsque l\u2019\u00e9cho de fond est non ombr\u00e9\u00a0:<\/h3>\n<\/p>\n<p>Les pr\u00e9dictions de CIVA avec les mod\u00e8les SPECULAIRE et KIRCHHOFF sont en bon accord avec l\u2019exp\u00e9rience lorsque l\u2019att\u00e9nuation est prise en compte (la r\u00e9f\u00e9rence \u00e9tant un trou g\u00e9n\u00e9ratrice). Les \u00e9carts en amplitude relev\u00e9s entre simulation et exp\u00e9rience s\u2019\u00e9l\u00e8vent \u00e0 1dB (surestimation pour le mod\u00e8le SPECULAIRE et sous-estimation pour le mod\u00e8le KIRCHHOFF).<\/p>\n<\/p>\n<p>\u00a0<\/p>\n<\/p>\n<h3 class=\"titre-paragraphe\">Lorsque l\u2019\u00e9cho de fond est ombr\u00e9\u00a0:<\/h3>\n<\/p>\n<p>Les pr\u00e9dictions de CIVA entre les deux mod\u00e8les sont tr\u00e8s proches. Cependant, l\u2019\u00e9volution en amplitude de l\u2019\u00e9cho de fond ombr\u00e9 en simulation s\u2019\u00e9loigne de l\u2019exp\u00e9rience lorsque la profondeur du d\u00e9faut diminue. Les \u00e9carts simulation \/ exp\u00e9rience vont de 2\/3dB pour l\u2019\u00e9cho de fond ombr\u00e9 par le ruban situ\u00e9 \u00e0 80mm de profondeur \u00e0 6dB pour l\u2019\u00e9cho de fond ombr\u00e9 par le ruban \u00e0 40mm de profondeur.<\/p>\n<\/p>\n<p>\u00a0<\/p>\n<\/p>\n<p>Continuer vers\u00a0<a class=\"g-lien\" href=\"https:\/\/www.extende.com\/fr\/la-simulation-cnd\/documentation\/validation-experimentale-des-modeles-civa\/validation-experimentale-des-modeles-civa-en-ultrasons\/ultrasons-ombrage\/ut-ombrage-resultats-avec-le-capteur-monoelement-o12-7mm\/\" target=\"_self\">R\u00e9sultats avec le capteur mono\u00e9l\u00e9ment \u00d812.7mm<\/a><\/p>\n<\/p>\n<p>Retour au menu\u00a0<a class=\"g-lien\" href=\"https:\/\/www.extende.com\/fr\/la-simulation-cnd\/documentation\/validation-experimentale-des-modeles-civa\/validation-experimentale-des-modeles-civa-en-ultrasons\/ultrasons-ombrage\/\" target=\"_self\">Ombrage<\/a><\/p><\/p>\n","protected":false},"excerpt":{"rendered":"<p>Validation exp\u00e9rimentale et caract\u00e9risation des mod\u00e8les Ultrasons de CIVA, ombrage de d\u00e9fauts, logiciel de simulation CND<\/p>\n","protected":false},"author":0,"featured_media":0,"parent":2917,"menu_order":1,"comment_status":"closed","ping_status":"closed","template":"templates\/page--extende.html.php","meta":{"_acf_changed":false,"footnotes":""},"class_list":["post-3350","page","type-page","status-publish","hentry"],"acf":[],"_links":{"self":[{"href":"https:\/\/www.extende.com\/fr\/wp-json\/wp\/v2\/pages\/3350","targetHints":{"allow":["GET"]}}],"collection":[{"href":"https:\/\/www.extende.com\/fr\/wp-json\/wp\/v2\/pages"}],"about":[{"href":"https:\/\/www.extende.com\/fr\/wp-json\/wp\/v2\/types\/page"}],"replies":[{"embeddable":true,"href":"https:\/\/www.extende.com\/fr\/wp-json\/wp\/v2\/comments?post=3350"}],"version-history":[{"count":1,"href":"https:\/\/www.extende.com\/fr\/wp-json\/wp\/v2\/pages\/3350\/revisions"}],"predecessor-version":[{"id":5685,"href":"https:\/\/www.extende.com\/fr\/wp-json\/wp\/v2\/pages\/3350\/revisions\/5685"}],"up":[{"embeddable":true,"href":"https:\/\/www.extende.com\/fr\/wp-json\/wp\/v2\/pages\/2917"}],"wp:attachment":[{"href":"https:\/\/www.extende.com\/fr\/wp-json\/wp\/v2\/media?parent=3350"}],"curies":[{"name":"wp","href":"https:\/\/api.w.org\/{rel}","templated":true}]}}