{"id":3370,"date":"2025-06-24T18:34:40","date_gmt":"2025-06-24T16:34:40","guid":{"rendered":"https:\/\/www.extende.com\/la-simulation-cnd\/documentation\/validation-experimentale-des-modeles-civa\/validation-experimentale-des-modeles-civa-en-ultrasons\/ultrasons-ombrage\/ut-ombrage-resultats-avec-le-capteur-monoelement-o12-7mm\/"},"modified":"2025-06-24T18:52:14","modified_gmt":"2025-06-24T16:52:14","slug":"ut-ombrage-resultats-avec-le-capteur-monoelement-o12-7mm","status":"publish","type":"page","link":"https:\/\/www.extende.com\/fr\/la-simulation-cnd\/documentation\/validation-experimentale-des-modeles-civa\/validation-experimentale-des-modeles-civa-en-ultrasons\/ultrasons-ombrage\/ut-ombrage-resultats-avec-le-capteur-monoelement-o12-7mm\/","title":{"rendered":"UT &#8211; Ombrage &#8211; R\u00e9sultats avec le capteur mono\u00e9l\u00e9ment \u00d812.7mm"},"content":{"rendered":"<div class=\"corner-wrapper\">\n<div class=\"corner-frame\">La taille de l\u2019ouverture active de ce traducteur est l\u00e9g\u00e8rement sup\u00e9rieure \u00e0 la largeur des d\u00e9fauts (10mm).<\/div>\n<\/div>\n<p>\u00a0<\/p>\n<\/p>\n<h2 class=\"titre-accordeon\">R\u00e9sultats \u00e0 2.25 MHz<\/h2>\n<\/p>\n<p>Une comparaison de la forme des \u00e9chodynamiques balayage des \u00e9chos sp\u00e9culaires exp\u00e9rimentaux et simul\u00e9s sur l\u2019ensemble des rubans est pr\u00e9sent\u00e9e ci-dessous. La superposition des courbes \u00e9chodynamiques montre une tr\u00e8s bonne pr\u00e9diction des \u00e9chos (\u00e9talement et amplitude). Les \u00e9carts maximum relev\u00e9s sont de 0.5dB (la r\u00e9f\u00e9rence est le TG).<\/p>\n<\/p>\n<p>\u00a0<\/p>\n<\/p>\n<p style=\"text-align: center;\"><a class=\"mediabox\" href=\"https:\/\/www.extende.com\/wp-content\/uploads\/Ombrage-19.png\" style=\"text-decoration: none;\" title=\"\"><img loading=\"lazy\" decoding=\"async\" width=\"300\" height=\"222\" align=\"\" alt=\"\" class=\"mediabox alignnone wp-image-3351\" src=\"https:\/\/www.extende.com\/wp-content\/uploads\/Ombrage-19_small.png\"><\/a><\/p>\n<\/p>\n<p>\u00a0<\/p>\n<\/p>\n<p>La figure ci-dessous pr\u00e9sente une comparaison des \u00e9chodynamiques balayage mesur\u00e9es et simul\u00e9es avec les mod\u00e8les KIRCHHOFF et SPECULAIRE de l\u2019\u00e9cho de fond ombr\u00e9 ou non par les rubans.<\/p>\n<\/p>\n<p>\u00a0<\/p>\n<\/p>\n<p style=\"text-align: center;\"><a class=\"mediabox\" href=\"https:\/\/www.extende.com\/wp-content\/uploads\/Ombrage-20.png\" style=\"text-decoration: none;\" title=\"\"><img loading=\"lazy\" decoding=\"async\" width=\"300\" height=\"218\" align=\"\" alt=\"\" class=\"mediabox alignnone wp-image-3353\" src=\"https:\/\/www.extende.com\/wp-content\/uploads\/Ombrage-20_small.png\"><\/a><\/p>\n<\/p>\n<p>\u00a0<\/p>\n<\/p>\n<p><span class=\"g-color2\">Concernant la partie non ombr\u00e9e de l\u2019\u00e9cho de fond\u00a0:<\/span> l\u2019amplitude de l\u2019\u00e9cho de fond non ombr\u00e9 est bien pr\u00e9dite par les deux mod\u00e8les de calcul de CIVA. Les \u00e9carts relev\u00e9s sont inf\u00e9rieurs au dB (en r\u00e9f\u00e9rence \u00e0 un TG).<\/p>\n<\/p>\n<p><span class=\"g-color2\">Dans la zone de transition \u00e9cho de fond non ombr\u00e9-ombr\u00e9<\/span>, les courbes \u00e9chodynamiques exp\u00e9rimentale et simul\u00e9es diff\u00e8rent un peu quel que soit le mod\u00e8le.<\/p>\n<\/p>\n<p><span class=\"g-color2\">Concernant la partie ombr\u00e9e de l\u2019\u00e9cho de fond<\/span>, les deux mod\u00e8les de calcul de l\u2019\u00e9cho de fond pr\u00e9disent des r\u00e9sultats bien diff\u00e9rents\u00a0:<\/p>\n<\/p>\n<ul class=\"liste-carres-noirs\">\n<li>Le mod\u00e8le SPECULAIRE est \u00e9loign\u00e9 de l\u2019exp\u00e9rience puisqu\u2019il pr\u00e9dit un ombrage quasi-total \u00e0 l\u2019aplomb du d\u00e9faut.<\/li>\n<li>Le mod\u00e8le KIRCHHOFF pour le calcul de l\u2019\u00e9cho de fond donne des r\u00e9sultats assez proches de l\u2019exp\u00e9rience concernant l\u2019ombrage par les rubans situ\u00e9s \u00e0 60 et 80mm de profondeur. L\u2019\u00e9cart maximum en amplitude (4dB) est obtenu sous le ruban situ\u00e9 le plus loin du fond (\u00e0 60mm). Notons la particularit\u00e9 de l\u2019\u00e9chodynamique exp\u00e9rimentale de l\u2019\u00e9cho de fond qui pr\u00e9sente une l\u00e9g\u00e8re sur\u00e9l\u00e9vation de l\u2019amplitude \u00e0 l\u2019aplomb du d\u00e9faut. Ce ph\u00e9nom\u00e8ne est bien reproduit par le mod\u00e8le KIRCHHOFF uniquement dans le cas du ruban le plus proche du fond (\u00e0 20 mm). Cet effet sera discut\u00e9 et interpr\u00e9t\u00e9 plus loin dans la page.<\/li>\n<\/ul>\n<p><span style=\"line-height: 1.5em;\">L\u2019\u00e9volution de l\u2019amplitude des \u00e9chos directs des rubans et de l\u2019\u00e9cho de fond ombr\u00e9 est pr\u00e9sent\u00e9e sur la courbe ci-dessous.\u00a0<\/span><\/p>\n<\/p>\n<p>\u00a0<\/p>\n<\/p>\n<p style=\"text-align: center;\"><a class=\"mediabox\" href=\"https:\/\/www.extende.com\/wp-content\/uploads\/Ombrage-21.png\" style=\"text-decoration: none;\" title=\"\"><img loading=\"lazy\" decoding=\"async\" width=\"500\" height=\"196\" align=\"\" alt=\"\" class=\"mediabox alignnone wp-image-3355\" src=\"https:\/\/www.extende.com\/wp-content\/uploads\/Ombrage-21_small.png\" srcset=\"https:\/\/www.extende.com\/wp-content\/uploads\/Ombrage-21_small.png 500w, https:\/\/www.extende.com\/wp-content\/uploads\/Ombrage-21_small-300x118.png 300w\" sizes=\"auto, (max-width: 500px) 100vw, 500px\" \/><\/a><\/p>\n<\/p>\n<p>\u00a0<\/p>\n<\/p>\n<p>L\u2019erreur sur la pr\u00e9diction des \u00e9chos directs est inf\u00e9rieure au dB. En revanche, l\u2019\u00e9volution de l\u2019amplitude de l\u2019\u00e9cho de fond ombr\u00e9 n\u2019est pas correctement pr\u00e9dite par le mod\u00e8le KIRCHHOFF qui sous-estime de 4 dB l\u2019\u00e9cho de fond sous le ruban le plus \u00e9loign\u00e9 du fond puis surestime de 2 dB celui sous le ruban le plus proche du fond. L\u2019ombrage pr\u00e9dit par le mod\u00e8le SPECULAIRE est quasi-total et par cons\u00e9quent tr\u00e8s \u00e9loign\u00e9 de la mesure.<\/p>\n<\/p>\n<p><span style=\"line-height: 1.5em;\">Une superposition des Ascans exp\u00e9rimentaux et simul\u00e9s (\u00e9cho de fond calcul\u00e9 avec le mod\u00e8le KIRCHHOFF) des \u00e9chos de rubans et de l\u2019\u00e9cho de fond ombr\u00e9 est pr\u00e9sent\u00e9e ci-dessous. Les Ascans ont \u00e9t\u00e9 extraits \u00e0 l\u2019aplomb de chaque ruban. Leurs formes sont en bon accord, m\u00eame l\u00e0 o\u00f9 des \u00e9carts d\u2019amplitude ont \u00e9t\u00e9 observ\u00e9s sur les courbes \u00e9chodynamiques.<\/span><\/p>\n<\/p>\n<p>\u00a0<\/p>\n<\/p>\n<p style=\"text-align: center;\"><a class=\"mediabox\" href=\"https:\/\/www.extende.com\/wp-content\/uploads\/Ombrage-22.png\" style=\"text-decoration: none;\" title=\"\"><img loading=\"lazy\" decoding=\"async\" width=\"400\" height=\"268\" align=\"\" alt=\"\" class=\"mediabox alignnone wp-image-3357\" src=\"https:\/\/www.extende.com\/wp-content\/uploads\/Ombrage-22_small.png\" srcset=\"https:\/\/www.extende.com\/wp-content\/uploads\/Ombrage-22_small.png 400w, https:\/\/www.extende.com\/wp-content\/uploads\/Ombrage-22_small-300x201.png 300w\" sizes=\"auto, (max-width: 400px) 100vw, 400px\" \/><\/a><\/p>\n<\/p>\n<p>\u00a0<\/p>\n<\/p>\n<h2 class=\"titre-accordeon\">R\u00e9sultats \u00e0 5 MHz<\/h2>\n<\/p>\n<p>Une comparaison des \u00e9chos directs simul\u00e9s et mesur\u00e9s sur les rubans est pr\u00e9sent\u00e9e ci-dessous. Les r\u00e9sultats de simulation sont pr\u00e9sent\u00e9s avec et sans prise en compte de l\u2019att\u00e9nuation.<\/p>\n<\/p>\n<p>\u00a0<\/p>\n<\/p>\n<p style=\"text-align: center;\"><a class=\"mediabox\" href=\"https:\/\/www.extende.com\/wp-content\/uploads\/Ombrage-23.png\" style=\"text-decoration: none;\" title=\"\"><img loading=\"lazy\" decoding=\"async\" width=\"300\" height=\"239\" align=\"\" alt=\"\" class=\"mediabox alignnone wp-image-3359\" src=\"https:\/\/www.extende.com\/wp-content\/uploads\/Ombrage-23_small.png\"><\/a><\/p>\n<\/p>\n<p>\u00a0<\/p>\n<\/p>\n<p>La superposition des \u00e9chodynamiques montre les \u00e9carts d\u2019amplitude importants entre l\u2019exp\u00e9rience et la simulation lorsque l\u2019att\u00e9nuation n\u2019est pas prise en compte dans CIVA. En revanche, lorsqu\u2019elle est prise en compte, un tr\u00e8s bon accord est obtenu sur l\u2019amplitude et la forme des courbes \u00e9chodynamiques.<\/p>\n<\/p>\n<p>L\u2019\u00e9volution des amplitudes est repr\u00e9sent\u00e9e sous forme graphique sur la figure ci-dessous.<\/p>\n<\/p>\n<p>\u00a0<\/p>\n<\/p>\n<p style=\"text-align: center;\"><a class=\"mediabox\" href=\"https:\/\/www.extende.com\/wp-content\/uploads\/Ombrage-24.png\" style=\"text-decoration: none;\" title=\"\"><img loading=\"lazy\" decoding=\"async\" width=\"250\" height=\"162\" align=\"\" alt=\"\" class=\"mediabox alignnone wp-image-3361\" src=\"https:\/\/www.extende.com\/wp-content\/uploads\/Ombrage-24_small.png\"><\/a><\/p>\n<\/p>\n<p>\u00a0<\/p>\n<\/p>\n<p>Lorsque l\u2019att\u00e9nuation n\u2019est pas prise en compte dans CIVA, l\u2019\u00e9cart en amplitude simulation \/ exp\u00e9rience s\u2019\u00e9l\u00e8ve \u00e0 8dB sur l\u2019\u00e9cho du ruban \u00e0 80mm de profondeur. Les r\u00e9sultats des comparaisons montrent que l\u2019att\u00e9nuation param\u00e9tr\u00e9e est correctement choisie puisque les \u00e9carts observ\u00e9s sont dans la plupart des cas inf\u00e9rieurs \u00e0 1dB entre exp\u00e9rience et simulation.<\/p>\n<\/p>\n<p><span style=\"line-height: 1.5em;\">Une superposition des Ascans exp\u00e9rimentaux et simul\u00e9s (avec et sans prise en compte de l\u2019att\u00e9nuation) de l\u2019\u00e9cho direct du ruban \u00e0 60mm de profondeur est pr\u00e9sent\u00e9e ci-dessous. Leurs formes sont en bon accord g\u00e9n\u00e9ral.<\/span><\/p>\n<\/p>\n<p>\u00a0<\/p>\n<\/p>\n<p style=\"text-align: center;\"><a class=\"mediabox\" href=\"https:\/\/www.extende.com\/wp-content\/uploads\/Ombrage-25.png\" style=\"text-decoration: none;\" title=\"\"><img loading=\"lazy\" decoding=\"async\" width=\"400\" height=\"115\" align=\"\" alt=\"\" class=\"mediabox alignnone wp-image-3363\" src=\"https:\/\/www.extende.com\/wp-content\/uploads\/Ombrage-25_small.png\" srcset=\"https:\/\/www.extende.com\/wp-content\/uploads\/Ombrage-25_small.png 400w, https:\/\/www.extende.com\/wp-content\/uploads\/Ombrage-25_small-300x86.png 300w\" sizes=\"auto, (max-width: 400px) 100vw, 400px\" \/><\/a><\/p>\n<\/p>\n<p>\u00a0<\/p>\n<\/p>\n<p>Une comparaison de la forme des \u00e9chodynamiques balayage exp\u00e9rimentale et simul\u00e9es avec les mod\u00e8les KIRCHHOFF et SPECULAIRE de l\u2019\u00e9cho de fond ombr\u00e9 ou non par les rubans est pr\u00e9sent\u00e9e ci-dessous pour le traducteur\u00a0 \u00d812.7mm. L\u2019\u00e9volution de l\u2019amplitude du fond ombr\u00e9 \u00e0 l\u2019aplomb du d\u00e9faut est \u00e9galement affich\u00e9e.<\/p>\n<\/p>\n<p>\u00a0<\/p>\n<\/p>\n<p style=\"text-align: center;\"><a class=\"mediabox\" href=\"https:\/\/www.extende.com\/wp-content\/uploads\/Ombrage-26.png\" style=\"text-decoration: none;\" title=\"\"><img loading=\"lazy\" decoding=\"async\" width=\"350\" height=\"351\" align=\"\" alt=\"\" class=\"mediabox alignnone wp-image-3365\" p=\"\" src=\"https:\/\/www.extende.com\/wp-content\/uploads\/Ombrage-26_small.png\" style=\"text-align: center;\" srcset=\"https:\/\/www.extende.com\/wp-content\/uploads\/Ombrage-26_small.png 350w, https:\/\/www.extende.com\/wp-content\/uploads\/Ombrage-26_small-300x300.png 300w, https:\/\/www.extende.com\/wp-content\/uploads\/Ombrage-26_small-150x150.png 150w\" sizes=\"auto, (max-width: 350px) 100vw, 350px\" \/><\/a><a class=\"mediabox\" href=\"https:\/\/www.extende.com\/wp-content\/uploads\/Ombrage-27.png\" style=\"text-decoration: none;\" title=\"\"><img loading=\"lazy\" decoding=\"async\" width=\"300\" height=\"333\" align=\"\" alt=\"\" class=\"mediabox alignnone wp-image-3366\" p=\"\" src=\"https:\/\/www.extende.com\/wp-content\/uploads\/Ombrage-27_small.png\" srcset=\"https:\/\/www.extende.com\/wp-content\/uploads\/Ombrage-27_small.png 300w, https:\/\/www.extende.com\/wp-content\/uploads\/Ombrage-27_small-270x300.png 270w\" sizes=\"auto, (max-width: 300px) 100vw, 300px\" \/><\/a><\/p>\n<\/p>\n<p>\u00a0<\/p>\n<\/p>\n<h3 class=\"titre-paragraphe\">Lorsque l\u2019\u00e9cho de fond est non ombr\u00e9\u00a0:<\/h3>\n<\/p>\n<p>L\u2019amplitude de l\u2019\u00e9cho de fond non ombr\u00e9 est bien pr\u00e9dite par les deux mod\u00e8les de calcul CIVA. Les \u00e9carts observ\u00e9s sont de 0.5dB. Comme pour le traducteur \u00d819mm, il s\u2019agit d\u2019une surestimation pour le mod\u00e8le SPECULAIRE et d\u2019une sous-estimation pour le mod\u00e8le KIRCHHOFF.<\/p>\n<\/p>\n<h3 class=\"titre-paragraphe\">Lorsque l\u2019\u00e9cho de fond est ombr\u00e9\u00a0:<\/h3>\n<\/p>\n<p>Comme pour les r\u00e9sultats \u00e0 2.25MHz, pour ce traducteur d\u2019ouverture proche de la taille des rubans, les r\u00e9sultats obtenus \u00e0 5MHz avec le mod\u00e8le SPECULAIRE s\u2019\u00e9loignent fortement de l\u2019exp\u00e9rience. Concernant le mod\u00e8le KIRCHHOFF, les tendances sont assez bien reproduites dans le sens o\u00f9 l\u2019ombrage est d\u2019autant plus important que le d\u00e9faut est \u00e9loign\u00e9 du fond. Les \u00e9carts en amplitudes vont de 2 \u00e0 4dB au maximum entre simulation et exp\u00e9rience.<\/p>\n<\/p>\n<p>\u00a0<\/p>\n<\/p>\n<p>Continuer vers\u00a0<a class=\"g-lien\" href=\"https:\/\/www.extende.com\/fr\/la-simulation-cnd\/documentation\/validation-experimentale-des-modeles-civa\/validation-experimentale-des-modeles-civa-en-ultrasons\/ultrasons-ombrage\/ut-ombrage-resultats-avec-le-capteur-monoelement-o6-35mm\/\" target=\"_self\">R\u00e9sultats avec le capteur mono\u00e9l\u00e9ment \u00d86.35mm<\/a><\/p>\n<\/p>\n<p>Retour au menu\u00a0<a class=\"g-lien\" href=\"https:\/\/www.extende.com\/fr\/la-simulation-cnd\/documentation\/validation-experimentale-des-modeles-civa\/validation-experimentale-des-modeles-civa-en-ultrasons\/ultrasons-ombrage\/\" target=\"_self\">Ombrage<\/a><\/p><\/p>\n","protected":false},"excerpt":{"rendered":"<p>Validation exp\u00e9rimentale et caract\u00e9risation des mod\u00e8les Ultrasons de CIVA, ombrage de d\u00e9fauts, logiciel de simulation CND<\/p>\n","protected":false},"author":0,"featured_media":0,"parent":2917,"menu_order":2,"comment_status":"closed","ping_status":"closed","template":"templates\/page--extende.html.php","meta":{"_acf_changed":false,"footnotes":""},"class_list":["post-3370","page","type-page","status-publish","hentry"],"acf":[],"_links":{"self":[{"href":"https:\/\/www.extende.com\/fr\/wp-json\/wp\/v2\/pages\/3370","targetHints":{"allow":["GET"]}}],"collection":[{"href":"https:\/\/www.extende.com\/fr\/wp-json\/wp\/v2\/pages"}],"about":[{"href":"https:\/\/www.extende.com\/fr\/wp-json\/wp\/v2\/types\/page"}],"replies":[{"embeddable":true,"href":"https:\/\/www.extende.com\/fr\/wp-json\/wp\/v2\/comments?post=3370"}],"version-history":[{"count":1,"href":"https:\/\/www.extende.com\/fr\/wp-json\/wp\/v2\/pages\/3370\/revisions"}],"predecessor-version":[{"id":5683,"href":"https:\/\/www.extende.com\/fr\/wp-json\/wp\/v2\/pages\/3370\/revisions\/5683"}],"up":[{"embeddable":true,"href":"https:\/\/www.extende.com\/fr\/wp-json\/wp\/v2\/pages\/2917"}],"wp:attachment":[{"href":"https:\/\/www.extende.com\/fr\/wp-json\/wp\/v2\/media?parent=3370"}],"curies":[{"name":"wp","href":"https:\/\/api.w.org\/{rel}","templated":true}]}}