{"id":3390,"date":"2025-06-24T18:34:43","date_gmt":"2025-06-24T16:34:43","guid":{"rendered":"https:\/\/www.extende.com\/la-simulation-cnd\/documentation\/validation-experimentale-des-modeles-civa\/validation-experimentale-des-modeles-civa-en-ultrasons\/ultrasons-ombrage\/ut-ombrage-resultats-avec-le-capteur-monoelement-o6-35mm\/"},"modified":"2025-06-24T18:52:14","modified_gmt":"2025-06-24T16:52:14","slug":"ut-ombrage-resultats-avec-le-capteur-monoelement-o6-35mm","status":"publish","type":"page","link":"https:\/\/www.extende.com\/fr\/la-simulation-cnd\/documentation\/validation-experimentale-des-modeles-civa\/validation-experimentale-des-modeles-civa-en-ultrasons\/ultrasons-ombrage\/ut-ombrage-resultats-avec-le-capteur-monoelement-o6-35mm\/","title":{"rendered":"UT &#8211; Ombrage &#8211; R\u00e9sultats avec le capteur mono\u00e9l\u00e9ment \u00d86.35mm"},"content":{"rendered":"<div class=\"corner-wrapper\">\n<div class=\"corner-frame\">La taille de l\u2019ouverture active de ce traducteur est inf\u00e9rieure \u00e0 la largeur des d\u00e9fauts (10mm).<\/div>\n<\/div>\n<p>\u00a0<\/p>\n<\/p>\n<h2 class=\"titre-accordeon\">R\u00e9sultats \u00e0 2.25 MHz<\/h2>\n<\/p>\n<p>Une comparaison de la forme des \u00e9chodynamiques balayage des \u00e9chos sp\u00e9culaires exp\u00e9rimentaux et simul\u00e9s sur les 3 rubans est pr\u00e9sent\u00e9e ci-dessous. Comme pour les deux autres traducteurs, les trois \u00e9chos sont bien pr\u00e9dits en \u00e9talement et amplitude. Cependant, notons que l\u2019\u00e9cart en amplitude est d\u2019autant plus important que le d\u00e9faut est profond (1.5dB pour le ruban \u00e0 80mm de profondeur).<\/p>\n<\/p>\n<p>\u00a0<\/p>\n<\/p>\n<p style=\"text-align: center;\"><a class=\"mediabox\" href=\"https:\/\/www.extende.com\/wp-content\/uploads\/Ombrage-28.png\" style=\"text-decoration: none;\" title=\"\"><img loading=\"lazy\" decoding=\"async\" width=\"350\" height=\"257\" align=\"\" alt=\"\" class=\"mediabox alignnone wp-image-3371\" src=\"https:\/\/www.extende.com\/wp-content\/uploads\/Ombrage-28_small.png\" srcset=\"https:\/\/www.extende.com\/wp-content\/uploads\/Ombrage-28_small.png 350w, https:\/\/www.extende.com\/wp-content\/uploads\/Ombrage-28_small-300x220.png 300w\" sizes=\"auto, (max-width: 350px) 100vw, 350px\" \/><\/a><\/p>\n<\/p>\n<p>\u00a0<\/p>\n<\/p>\n<p>La figure ci-dessous pr\u00e9sente une superposition des \u00e9chodynamiques exp\u00e9rimentale et simul\u00e9e par CIVA11 de l\u2019\u00e9cho de fond ombr\u00e9 ou non par les rubans. Les r\u00e9sultats obtenus avec les deux mod\u00e8les de calcul de l\u2019\u00e9cho de fond sont pr\u00e9sent\u00e9s.<\/p>\n<\/p>\n<p>\u00a0<\/p>\n<\/p>\n<p style=\"text-align: center;\"><a class=\"mediabox\" href=\"https:\/\/www.extende.com\/wp-content\/uploads\/Ombrage-29.png\" style=\"text-decoration: none;\" title=\"\"><img loading=\"lazy\" decoding=\"async\" width=\"350\" height=\"311\" align=\"\" alt=\"\" class=\"mediabox alignnone wp-image-3373\" src=\"https:\/\/www.extende.com\/wp-content\/uploads\/Ombrage-29_small.png\" srcset=\"https:\/\/www.extende.com\/wp-content\/uploads\/Ombrage-29_small.png 350w, https:\/\/www.extende.com\/wp-content\/uploads\/Ombrage-29_small-300x267.png 300w\" sizes=\"auto, (max-width: 350px) 100vw, 350px\" \/><\/a><\/p>\n<\/p>\n<p>\u00a0<\/p>\n<\/p>\n<p><span class=\"g-color2\">Concernant la partie non ombr\u00e9e de l\u2019\u00e9cho de fond\u00a0:<\/span> Les amplitudes des mod\u00e8les KIRCHHOFF et SPECULAIRE sont du m\u00eame ordre de grandeur avec des \u00e9carts simulation\/exp\u00e9rience inf\u00e9rieurs \u00e0 2dB.<\/p>\n<\/p>\n<p><span class=\"g-color2\">Concernant les zones ombr\u00e9es de l\u2019\u00e9cho de fond\u00a0:<\/span> Les r\u00e9sultats obtenus avec le mod\u00e8le SPECULAIRE pr\u00e9sentent cette fois-ci un ombrage total.<\/p>\n<\/p>\n<p>Concernant les r\u00e9sultats du mod\u00e8le KIRCHHOFF, la tendance est assez bien reproduite dans le sens o\u00f9 l\u2019ombrage est d\u2019autant plus important que le ruban est \u00e9loign\u00e9 du fond. En revanche, les \u00e9carts en amplitude de la zone ombr\u00e9e sont non n\u00e9gligeables puisqu\u2019ils atteignent 5dB pour les rubans localis\u00e9s \u00e0 40mm et \u00e0 80mm de la surface. Il s\u2019agit comme dans le cas pr\u00e9c\u00e9dent (traducteur \u00d812.7mm) d\u2019une sous-estimation de l\u2019ombrage dans le cas du ruban le plus profond et d\u2019une surestimation pour le ruban \u00e0 40mm. Notons que pour cette profondeur de ruban, la sur\u00e9l\u00e9vation d\u2019amplitude \u00e0 l\u2019aplomb du d\u00e9faut n\u2019est pas pr\u00e9dite par le mod\u00e8le contrairement \u00e0 l\u2019exp\u00e9rience, alors qu\u2019elle est pr\u00e9dite pour les rubans aux profondeurs de 60 et 80mm.<\/p>\n<\/p>\n<p>\u00a0<\/p>\n<\/p>\n<p style=\"text-align: center;\"><a class=\"mediabox\" href=\"https:\/\/www.extende.com\/wp-content\/uploads\/Ombrage-30.png\" style=\"text-decoration: none;\" title=\"\"><img loading=\"lazy\" decoding=\"async\" width=\"350\" height=\"137\" align=\"\" alt=\"\" class=\"mediabox alignnone wp-image-3375\" src=\"https:\/\/www.extende.com\/wp-content\/uploads\/Ombrage-30_small.png\" srcset=\"https:\/\/www.extende.com\/wp-content\/uploads\/Ombrage-30_small.png 350w, https:\/\/www.extende.com\/wp-content\/uploads\/Ombrage-30_small-300x117.png 300w\" sizes=\"auto, (max-width: 350px) 100vw, 350px\" \/><\/a><\/p>\n<\/p>\n<p>\u00a0<\/p>\n<\/p>\n<p>Une comparaison des Ascans extraits \u00e0 l\u2019aplomb des rubans est pr\u00e9sent\u00e9e ci-dessous. On observe un bon accord g\u00e9n\u00e9ral sur la forme des signaux hormis pour l\u2019\u00e9cho de fond ombr\u00e9 par le ruban \u00e0 40mm.<\/p>\n<\/p>\n<p>\u00a0<\/p>\n<\/p>\n<p style=\"text-align: center;\"><a class=\"mediabox\" href=\"https:\/\/www.extende.com\/wp-content\/uploads\/Ombrage-31.png\" style=\"text-decoration: none;\" title=\"\"><img loading=\"lazy\" decoding=\"async\" width=\"400\" height=\"297\" align=\"\" alt=\"\" class=\"mediabox alignnone wp-image-3377\" src=\"https:\/\/www.extende.com\/wp-content\/uploads\/Ombrage-31_small.png\" srcset=\"https:\/\/www.extende.com\/wp-content\/uploads\/Ombrage-31_small.png 400w, https:\/\/www.extende.com\/wp-content\/uploads\/Ombrage-31_small-300x223.png 300w\" sizes=\"auto, (max-width: 400px) 100vw, 400px\" \/><\/a><\/p>\n<\/p>\n<p>\u00a0<\/p>\n<\/p>\n<h2 class=\"titre-accordeon\">R\u00e9sultats \u00e0 5 MHz<\/h2>\n<\/p>\n<p>Une comparaison des \u00e9chos directs simul\u00e9s et mesur\u00e9s sur les rubans est pr\u00e9sent\u00e9e ci-dessous. Les r\u00e9sultats de simulation sont pr\u00e9sent\u00e9s avec et sans prise en compte de l\u2019att\u00e9nuation.<\/p>\n<\/p>\n<p><span style=\"line-height: 1.5em;\">La superposition des \u00e9chodynamiques montre les \u00e9carts d\u2019amplitude importants entre l\u2019exp\u00e9rience et la simulation lorsque l\u2019att\u00e9nuation n\u2019est pas prise en compte dans CIVA. En revanche, lorsqu\u2019elle est prise en compte, un tr\u00e8s bon accord (moins de 2 dB d\u2019\u00e9cart) est obtenu sur l\u2019amplitude et la forme des courbes \u00e9chodynamiques.<\/span><\/p>\n<\/p>\n<p>\u00a0<\/p>\n<\/p>\n<p style=\"text-align: center;\"><a class=\"mediabox\" href=\"https:\/\/www.extende.com\/wp-content\/uploads\/Ombrage-32.png\" style=\"text-decoration: none;\" title=\"\"><img loading=\"lazy\" decoding=\"async\" width=\"350\" height=\"275\" align=\"\" alt=\"\" class=\"mediabox alignnone wp-image-3379\" src=\"https:\/\/www.extende.com\/wp-content\/uploads\/Ombrage-32_small.png\" srcset=\"https:\/\/www.extende.com\/wp-content\/uploads\/Ombrage-32_small.png 350w, https:\/\/www.extende.com\/wp-content\/uploads\/Ombrage-32_small-300x236.png 300w\" sizes=\"auto, (max-width: 350px) 100vw, 350px\" \/><\/a><\/p>\n<\/p>\n<p>\u00a0<\/p>\n<\/p>\n<p>L\u2019\u00e9volution des amplitudes est repr\u00e9sent\u00e9e sous forme graphique ci-dessous.<\/p>\n<\/p>\n<p>\u00a0<\/p>\n<\/p>\n<p style=\"text-align: center;\"><a class=\"mediabox\" href=\"https:\/\/www.extende.com\/wp-content\/uploads\/Ombrage-33.png\" style=\"text-decoration: none;\" title=\"\"><img loading=\"lazy\" decoding=\"async\" width=\"185\" height=\"114\" align=\"\" alt=\"\" class=\"mediabox alignnone wp-image-3381\" src=\"https:\/\/www.extende.com\/wp-content\/uploads\/Ombrage-33_small.png\"><\/a><\/p>\n<\/p>\n<p>\u00a0<\/p>\n<\/p>\n<p>Lorsque l\u2019att\u00e9nuation n\u2019est pas prise en compte dans CIVA, l\u2019\u00e9cart en amplitude simulation \/ exp\u00e9rience s\u2019\u00e9l\u00e8ve \u00e0 8dB sur l\u2019\u00e9cho du ruban \u00e0 80mm de profondeur. La comparaison des amplitudes montre que l\u2019att\u00e9nuation param\u00e9tr\u00e9e est correctement choisie puisque les \u00e9carts observ\u00e9s sont dans la plupart des cas inf\u00e9rieurs \u00e0 1dB entre exp\u00e9rience et simulation.<\/p>\n<\/p>\n<p>Une superposition des Ascans exp\u00e9rimentaux et simul\u00e9s (avec et sans prise en compte de l\u2019att\u00e9nuation) de l\u2019\u00e9cho direct du ruban \u00e0 60mm de profondeur est pr\u00e9sent\u00e9e ci-dessous. Leurs formes sont en bon accord g\u00e9n\u00e9ral.<\/p>\n<\/p>\n<p>\u00a0<\/p>\n<\/p>\n<p style=\"text-align: center;\"><a class=\"mediabox\" href=\"https:\/\/www.extende.com\/wp-content\/uploads\/Ombrage-34.png\" style=\"text-decoration: none;\" title=\"\"><img loading=\"lazy\" decoding=\"async\" width=\"350\" height=\"100\" align=\"\" alt=\"\" class=\"mediabox alignnone wp-image-3383\" src=\"https:\/\/www.extende.com\/wp-content\/uploads\/Ombrage-34_small.png\" srcset=\"https:\/\/www.extende.com\/wp-content\/uploads\/Ombrage-34_small.png 350w, https:\/\/www.extende.com\/wp-content\/uploads\/Ombrage-34_small-300x86.png 300w\" sizes=\"auto, (max-width: 350px) 100vw, 350px\" \/><\/a><\/p>\n<\/p>\n<p>\u00a0<\/p>\n<\/p>\n<p>La figure ci-dessous pr\u00e9sente une comparaison des \u00e9chodynamiques balayage et les amplitudes exp\u00e9rimentales et simul\u00e9es avec les deux mod\u00e8les de calcul de l\u2019\u00e9cho de fond pour le traducteur \u00d86.35mm \u00e0 5MHz.<\/p>\n<\/p>\n<p>\u00a0<\/p>\n<\/p>\n<p style=\"text-align: center;\"><a class=\"mediabox\" href=\"https:\/\/www.extende.com\/wp-content\/uploads\/Ombrage-35.png\" style=\"text-decoration: none;\" title=\"\"><img loading=\"lazy\" decoding=\"async\" width=\"400\" height=\"406\" align=\"\" alt=\"\" class=\"mediabox alignnone wp-image-3385\" p=\"\" src=\"https:\/\/www.extende.com\/wp-content\/uploads\/Ombrage-35_small.png\" style=\"text-align: center;\" srcset=\"https:\/\/www.extende.com\/wp-content\/uploads\/Ombrage-35_small.png 400w, https:\/\/www.extende.com\/wp-content\/uploads\/Ombrage-35_small-296x300.png 296w\" sizes=\"auto, (max-width: 400px) 100vw, 400px\" \/><\/a><a class=\"mediabox\" href=\"https:\/\/www.extende.com\/wp-content\/uploads\/Ombrage-36.png\" style=\"text-decoration: none;\" title=\"\"><img loading=\"lazy\" decoding=\"async\" width=\"400\" height=\"413\" align=\"\" alt=\"\" class=\"mediabox alignnone wp-image-3386\" src=\"https:\/\/www.extende.com\/wp-content\/uploads\/Ombrage-36_small.png\" srcset=\"https:\/\/www.extende.com\/wp-content\/uploads\/Ombrage-36_small.png 400w, https:\/\/www.extende.com\/wp-content\/uploads\/Ombrage-36_small-291x300.png 291w\" sizes=\"auto, (max-width: 400px) 100vw, 400px\" \/><\/a><\/p>\n<\/p>\n<p>\u00a0<\/p>\n<\/p>\n<h3 class=\"titre-paragraphe\">Lorsque l\u2019\u00e9cho de fond est non ombr\u00e9\u00a0:<\/h3>\n<\/p>\n<p>Les amplitudes de l\u2019\u00e9cho de fond non ombr\u00e9 sont bien pr\u00e9dites par les mod\u00e8les SPECULAIRE et KIRCHHOFF. Dans les deux cas, 1dB d\u2019\u00e9cart est observ\u00e9.<\/p>\n<\/p>\n<h3 class=\"titre-paragraphe\">Lorsque l\u2019\u00e9cho de fond est ombr\u00e9\u00a0:<\/h3>\n<\/p>\n<p>Pour ce traducteur, d\u2019ouverture plus petite que la taille du d\u00e9faut, l\u2019ombrage total est pr\u00e9dit par le mod\u00e8le SPECULAIRE. Concernant les pr\u00e9dictions du mod\u00e8le KIRCHHOFF, la tendance est assez bien reproduite dans le sens o\u00f9 l\u2019ombrage est d\u2019autant plus important que le ruban est \u00e9loign\u00e9 du fond. Les \u00e9carts d\u2019amplitude de l\u2019\u00e9cho de fond ombr\u00e9 entre l\u2019exp\u00e9rience et la simulation sont de l\u2019ordre de 4\/5dB.<\/p>\n<\/p>\n<p>Notons que les \u00e9carts simulation\/exp\u00e9rience observ\u00e9s \u00e0 cette fr\u00e9quence sont plus faibles qu\u2019\u00e0 plus basse fr\u00e9quence.<\/p>\n<\/p>\n<p>\u00a0<\/p>\n<\/p>\n<p>Continuer vers <a class=\"g-lien\" href=\"https:\/\/www.extende.com\/fr\/la-simulation-cnd\/documentation\/validation-experimentale-des-modeles-civa\/validation-experimentale-des-modeles-civa-en-ultrasons\/ultrasons-ombrage\/ut-ombrage-comparaison-experience-civa-2d-athena-2d\/\" target=\"_self\">Comparaison exp\u00e9rience \/ CIVA 2D \/ ATHENA 2D<\/a><\/p>\n<\/p>\n<p>Retour au menu\u00a0<a class=\"g-lien\" href=\"https:\/\/www.extende.com\/fr\/la-simulation-cnd\/documentation\/validation-experimentale-des-modeles-civa\/validation-experimentale-des-modeles-civa-en-ultrasons\/ultrasons-ombrage\/\" target=\"_self\">Ombrage<\/a><\/p><\/p>\n","protected":false},"excerpt":{"rendered":"<p>Validation exp\u00e9rimentale et caract\u00e9risation des mod\u00e8les Ultrasons de CIVA, ombrage de d\u00e9fauts, logiciel de simulation CND<\/p>\n","protected":false},"author":0,"featured_media":0,"parent":2917,"menu_order":3,"comment_status":"closed","ping_status":"closed","template":"templates\/page--extende.html.php","meta":{"_acf_changed":false,"footnotes":""},"class_list":["post-3390","page","type-page","status-publish","hentry"],"acf":[],"_links":{"self":[{"href":"https:\/\/www.extende.com\/fr\/wp-json\/wp\/v2\/pages\/3390","targetHints":{"allow":["GET"]}}],"collection":[{"href":"https:\/\/www.extende.com\/fr\/wp-json\/wp\/v2\/pages"}],"about":[{"href":"https:\/\/www.extende.com\/fr\/wp-json\/wp\/v2\/types\/page"}],"replies":[{"embeddable":true,"href":"https:\/\/www.extende.com\/fr\/wp-json\/wp\/v2\/comments?post=3390"}],"version-history":[{"count":1,"href":"https:\/\/www.extende.com\/fr\/wp-json\/wp\/v2\/pages\/3390\/revisions"}],"predecessor-version":[{"id":5681,"href":"https:\/\/www.extende.com\/fr\/wp-json\/wp\/v2\/pages\/3390\/revisions\/5681"}],"up":[{"embeddable":true,"href":"https:\/\/www.extende.com\/fr\/wp-json\/wp\/v2\/pages\/2917"}],"wp:attachment":[{"href":"https:\/\/www.extende.com\/fr\/wp-json\/wp\/v2\/media?parent=3390"}],"curies":[{"name":"wp","href":"https:\/\/api.w.org\/{rel}","templated":true}]}}