{"id":3396,"date":"2025-06-24T18:34:44","date_gmt":"2025-06-24T16:34:44","guid":{"rendered":"https:\/\/www.extende.com\/la-simulation-cnd\/documentation\/validation-experimentale-des-modeles-civa\/validation-experimentale-des-modeles-civa-en-ultrasons\/ultrasons-ombrage\/ut-ombrage-comparaison-experience-civa-2d-athena-2d\/"},"modified":"2025-06-24T18:52:14","modified_gmt":"2025-06-24T16:52:14","slug":"ut-ombrage-comparaison-experience-civa-2d-athena-2d","status":"publish","type":"page","link":"https:\/\/www.extende.com\/fr\/la-simulation-cnd\/documentation\/validation-experimentale-des-modeles-civa\/validation-experimentale-des-modeles-civa-en-ultrasons\/ultrasons-ombrage\/ut-ombrage-comparaison-experience-civa-2d-athena-2d\/","title":{"rendered":"UT &#8211; Ombrage &#8211; Comparaison exp\u00e9rience \/ CIVA 2D \/ ATHENA 2D"},"content":{"rendered":"<p>Quand des \u00e9carts ont \u00e9t\u00e9 observ\u00e9s entre CIVA11 et l\u2019exp\u00e9rience (cas des deux traducteurs de plus petite ouverture (\u00d812.7mm et \u00d86.35mm), des simulations ont \u00e9t\u00e9 r\u00e9alis\u00e9es avec CIVA2D et le code \u00e9l\u00e9ments finis ATHENA2D coupl\u00e9 \u00e0 CIVA.<\/p>\n<\/p>\n<p>Les comparaisons des amplitudes exp\u00e9rimentales et simul\u00e9es de l\u2019\u00e9cho de fond ombr\u00e9 \u00e0 l\u2019aplomb du d\u00e9faut avec CIVA, CIVA2D et ATHENA2D sont pr\u00e9sent\u00e9es ci-dessous.<\/p>\n<\/p>\n<p>\u00a0<\/p>\n<\/p>\n<p style=\"text-align: center;\"><a class=\"mediabox\" href=\"https:\/\/www.extende.com\/wp-content\/uploads\/Ombrage-37.png\" style=\"text-decoration: none;\" title=\"\"><img loading=\"lazy\" decoding=\"async\" width=\"400\" height=\"155\" align=\"\" alt=\"\" class=\"mediabox alignnone wp-image-3391\" src=\"https:\/\/www.extende.com\/wp-content\/uploads\/Ombrage-37_small.png\" srcset=\"https:\/\/www.extende.com\/wp-content\/uploads\/Ombrage-37_small.png 400w, https:\/\/www.extende.com\/wp-content\/uploads\/Ombrage-37_small-300x116.png 300w\" sizes=\"auto, (max-width: 400px) 100vw, 400px\" \/><\/a><\/p>\n<\/p>\n<p>\u00a0<\/p>\n<\/p>\n<p>Dans ce cas particulier de comparaisons entre des r\u00e9sultats d\u2019amplitude 2D (ATHENA2D et CIVA2D) et 3D (exp\u00e9rimental et CIVA), la r\u00e9f\u00e9rence choisie est l\u2019amplitude de l\u2019\u00e9cho de fond sans ombrage. Le TG\u00d82mm n\u2019a pas \u00e9t\u00e9 choisi comme r\u00e9f\u00e9rence car il n\u2019a pas la m\u00eame extension et n\u2019est pas positionn\u00e9 \u00e0 la m\u00eame profondeur que le fond ombr\u00e9 analys\u00e9. Ainsi, l\u2019effet \u00ab\u00a03D\u00a0\u00bb de l\u2019extension n\u2019est pas la m\u00eame pour le TG et pour le fond et il n\u2019est pas possible de comparer leurs amplitudes 2D et 3D.<\/p>\n<\/p>\n<p>Pour les deux traducteurs \u00d812.7mm et 6.35mm, un tr\u00e8s bon accord entre l\u2019exp\u00e9rience et ATHENA2D est obtenu pour l\u2019amplitude de l\u2019\u00e9cho de fond ombr\u00e9 \u00e0 l\u2019aplomb du ruban et ce pour toutes les profondeurs de rubans. Les \u00e9carts maximums sont inf\u00e9rieurs au 1dB.<\/p>\n<\/p>\n<p>Une comparaison des courbes \u00e9chodynamiques exp\u00e9rimentales et ATHENA2D (figure ci-dessous) montre \u00e9galement un tr\u00e8s bon accord (pour la forme et l\u2019amplitude maximale des courbes) pour les deux traducteurs.<\/p>\n<\/p>\n<p>\u00a0<\/p>\n<\/p>\n<p style=\"text-align: center;\"><a class=\"mediabox\" href=\"https:\/\/www.extende.com\/wp-content\/uploads\/Ombrage-38.png\" style=\"text-decoration: none;\" title=\"\"><img loading=\"lazy\" decoding=\"async\" width=\"400\" height=\"205\" align=\"\" alt=\"\" class=\"mediabox alignnone wp-image-3393\" src=\"https:\/\/www.extende.com\/wp-content\/uploads\/Ombrage-38_small.png\" srcset=\"https:\/\/www.extende.com\/wp-content\/uploads\/Ombrage-38_small.png 400w, https:\/\/www.extende.com\/wp-content\/uploads\/Ombrage-38_small-300x154.png 300w\" sizes=\"auto, (max-width: 400px) 100vw, 400px\" \/><\/a><\/p>\n<\/p>\n<p>\u00a0<\/p>\n<\/p>\n<p>Continuer vers\u00a0<a class=\"g-lien\" href=\"https:\/\/www.extende.com\/fr\/la-simulation-cnd\/documentation\/validation-experimentale-des-modeles-civa\/validation-experimentale-des-modeles-civa-en-ultrasons\/ultrasons-ombrage\/ut-ombrage-analyse-et-interpretation-des-resultats\/\" target=\"_self\">Analyse et interpr\u00e9tation des r\u00e9sultats<\/a><\/p>\n<\/p>\n<p>Retour au menu\u00a0<a class=\"g-lien\" href=\"https:\/\/www.extende.com\/fr\/la-simulation-cnd\/documentation\/validation-experimentale-des-modeles-civa\/validation-experimentale-des-modeles-civa-en-ultrasons\/ultrasons-ombrage\/\" target=\"_self\">Ombrage<\/a><\/p><\/p>\n","protected":false},"excerpt":{"rendered":"<p>Validation exp\u00e9rimentale et caract\u00e9risation des mod\u00e8les Ultrasons de CIVA, ombrage de d\u00e9fauts, logiciel de simulation CND<\/p>\n","protected":false},"author":0,"featured_media":0,"parent":2917,"menu_order":4,"comment_status":"closed","ping_status":"closed","template":"templates\/page--extende.html.php","meta":{"_acf_changed":false,"footnotes":""},"class_list":["post-3396","page","type-page","status-publish","hentry"],"acf":[],"_links":{"self":[{"href":"https:\/\/www.extende.com\/fr\/wp-json\/wp\/v2\/pages\/3396","targetHints":{"allow":["GET"]}}],"collection":[{"href":"https:\/\/www.extende.com\/fr\/wp-json\/wp\/v2\/pages"}],"about":[{"href":"https:\/\/www.extende.com\/fr\/wp-json\/wp\/v2\/types\/page"}],"replies":[{"embeddable":true,"href":"https:\/\/www.extende.com\/fr\/wp-json\/wp\/v2\/comments?post=3396"}],"version-history":[{"count":1,"href":"https:\/\/www.extende.com\/fr\/wp-json\/wp\/v2\/pages\/3396\/revisions"}],"predecessor-version":[{"id":5679,"href":"https:\/\/www.extende.com\/fr\/wp-json\/wp\/v2\/pages\/3396\/revisions\/5679"}],"up":[{"embeddable":true,"href":"https:\/\/www.extende.com\/fr\/wp-json\/wp\/v2\/pages\/2917"}],"wp:attachment":[{"href":"https:\/\/www.extende.com\/fr\/wp-json\/wp\/v2\/media?parent=3396"}],"curies":[{"name":"wp","href":"https:\/\/api.w.org\/{rel}","templated":true}]}}