{"id":3432,"date":"2025-06-24T18:34:49","date_gmt":"2025-06-24T16:34:49","guid":{"rendered":"https:\/\/www.extende.com\/la-simulation-cnd\/documentation\/validation-experimentale-des-modeles-civa\/validation-experimentale-des-modeles-civa-en-ultrasons\/ultrasons-echos-de-geometrie\/ut-echos-de-geometrie-modeles-et-experiences\/"},"modified":"2025-06-24T18:52:13","modified_gmt":"2025-06-24T16:52:13","slug":"ut-echos-de-geometrie-modeles-et-experiences","status":"publish","type":"page","link":"https:\/\/www.extende.com\/fr\/la-simulation-cnd\/documentation\/validation-experimentale-des-modeles-civa\/validation-experimentale-des-modeles-civa-en-ultrasons\/ultrasons-echos-de-geometrie\/ut-echos-de-geometrie-modeles-et-experiences\/","title":{"rendered":"UT &#8211; Echos de g\u00e9om\u00e9trie : mod\u00e8les et exp\u00e9riences"},"content":{"rendered":"<h2 class=\"titre-accordeon\">mod\u00e8les<\/h2>\n<\/p>\n<p>Deux mod\u00e8les de CIVA vont donc \u00eatre compar\u00e9s entre eux et avec les mesures\u00a0; l\u2019ancien mod\u00e8le de Kirchhoff et le nouveau mod\u00e8le sp\u00e9culaire.<\/p>\n<\/p>\n<p>Dans le cas du mod\u00e8le de Kirchhoff, la surface r\u00e9flectrice est discr\u00e9tis\u00e9e en surfaces \u00e9l\u00e9mentaires. Ce mod\u00e8le permet de calculer les \u00e9chos de coin et la r\u00e9flexion sp\u00e9culaire. Les \u00e9chos de diffraction ne sont en revanche pas pris en compte correctement. Les \u00e9chos de g\u00e9om\u00e9trie sont calcul\u00e9s \u00e0 partir du principe de r\u00e9ciprocit\u00e9 sur la surface et le fond de la pi\u00e8ce. Pour rappel, le principe de r\u00e9ciprocit\u00e9 consiste \u00e0 intervertir le r\u00f4le de la source et du r\u00e9cepteur, afin de se ramener \u00e0 un probl\u00e8me plus simple. \u00a0Le mod\u00e8le de Kirchhoff repose sur une approximation hautes fr\u00e9quences valables pour des r\u00e9flecteurs plus grands que la longueur d\u2019onde. La pr\u00e9cision de ce mod\u00e8le diminue quand l\u2019angle d\u2019observation s\u2019\u00e9carte de la direction sp\u00e9culaire.<\/p>\n<\/p>\n<p>Dans le cas du mod\u00e8le Sp\u00e9culaire, le calcul des \u00e9chos de g\u00e9om\u00e9trie est bas\u00e9 sur l\u2019int\u00e9gration du champ acoustique calcul\u00e9 directement sur le r\u00e9cepteur, contrairement au mod\u00e8le de Kirchhoff qui utilise le principe de r\u00e9ciprocit\u00e9. Le champ est ensuite \u00e9valu\u00e9 s\u00e9par\u00e9ment pour chaque mode par la m\u00e9thode des rayons. Pour des surfaces r\u00e9flectrices r\u00e9guli\u00e8res de dimension suffisamment grande le\u00a0 mod\u00e8le sp\u00e9culaire permet d\u2019obtenir des r\u00e9sultats de simulation plus pr\u00e9cis que le\u00a0mod\u00e8le de Kirchhoff. En revanche ce mod\u00e8le n\u2019est pas valable pour des r\u00e9flecteurs de petite dimension devant la longueur d\u2019onde et ne tient pas compte des effets de diffraction sur des coins ou irr\u00e9gularit\u00e9s g\u00e9om\u00e9triques plus petites que la longueur d\u2019onde.<\/p>\n<\/p>\n<h2 class=\"titre-accordeon\">mesures<\/h2>\n<\/p>\n<p>La mesure des \u00e9chos a \u00e9t\u00e9 r\u00e9alis\u00e9e sur des pi\u00e8ces isotropes et homog\u00e8nes en acier ferritique. Les incertitudes, dues aux param\u00e8tres m\u00e9caniques, aux d\u00e9fauts usin\u00e9s sur les maquettes et \u00e0 l\u2019homog\u00e9n\u00e9it\u00e9 du mat\u00e9riau, ont \u00e9t\u00e9 \u00e9valu\u00e9es par v\u00e9rification de la reproductibilit\u00e9 des r\u00e9sultats \u00e0 +\/- 3 dB (1.5dB en raison de l\u2019incertitude de la mesure du r\u00e9flecteur de r\u00e9f\u00e9rence et 1.5dB en raison de l\u2019incertitude de la mesure par rapport \u00e0 la r\u00e9f\u00e9rence).<\/p>\n<\/p>\n<p>Le tableau suivant r\u00e9sume l\u2019ensemble des mesures r\u00e9alis\u00e9es, en pr\u00e9cisant les caract\u00e9ristiques du traducteur et de son \u00e9talonnage, ainsi que le type d\u2019\u00e9cho mesur\u00e9 et le param\u00e8tre qui a vari\u00e9.<\/p>\n<\/p>\n<p>\u00a0<\/p>\n<\/p>\n<table align=\"center\" border=\"1\" cellpadding=\"1\" cellspacing=\"1\" style=\"text-align: center;\">\n<tbody>\n<tr>\n<th>F (MHz)<\/th>\n<th>\u00d8 Pastille (mm)<\/th>\n<th>Mode<\/th>\n<th>Hauteur d&rsquo;eau d&rsquo;\u00e9talonnage (mm)<\/th>\n<th>R\u00e9f\u00e9rence \u00e9talon (\u00d8 en mm) + sa profondeur<\/th>\n<th>EF<\/th>\n<th>ES<\/th>\n<th>EM<\/th>\n<th>Param\u00e8tre qui varie<\/th>\n<\/tr>\n<tr>\n<td rowspan=\"2\">2<\/td>\n<td rowspan=\"2\">6,35<\/td>\n<td>L(0\u00b0\u00e0 8\u00b0)<\/td>\n<td>20<\/td>\n<td>SDH\u00a0 \u00d82 ,28<\/td>\n<td>\u00a0<\/td>\n<td>X<\/td>\n<td>\u00a0<\/td>\n<td>Hauteur d&rsquo;eau<\/td>\n<\/tr>\n<tr>\n<td>L0\u00b0<\/td>\n<td>20<\/td>\n<td>SDH\u00a0 \u00d82 ,28<\/td>\n<td>\u00a0<\/td>\n<td>\u00a0<\/td>\n<td>X<\/td>\n<td>\n<p>N\u00b0\u00e9cho + haut.eau<\/p>\n<\/td>\n<\/tr>\n<tr>\n<td>2<\/td>\n<td>12,7<\/td>\n<td>L0\u00b0<\/td>\n<td>50<\/td>\n<td>SDH\u00a0 \u00d82, 20<\/td>\n<td>\u00a0<\/td>\n<td>X<\/td>\n<td>\u00a0<\/td>\n<td>Hauteur d&rsquo;eau<\/td>\n<\/tr>\n<tr>\n<td rowspan=\"2\">2<\/td>\n<td rowspan=\"2\">19<\/td>\n<td rowspan=\"2\">L0\u00b0<\/td>\n<td rowspan=\"2\">50<\/td>\n<td rowspan=\"2\">SDH\u00a0 \u00d82, 28<\/td>\n<td>\u00a0<\/td>\n<td>X<\/td>\n<td>\u00a0<\/td>\n<td>Hauteur d&rsquo;eau<\/td>\n<\/tr>\n<tr>\n<td>\u00a0<\/td>\n<td>\u00a0<\/td>\n<td>X<\/td>\n<td>N\u00b0\u00e9cho + Tilt Trad.<\/td>\n<\/tr>\n<tr>\n<td>5<\/td>\n<td>12,7<\/td>\n<td>L(0\u00b0 \u00e0 10\u00b0)<\/td>\n<td>25<\/td>\n<td>ES \u00e0 0\u00b0<\/td>\n<td>\u00a0<\/td>\n<td>X<\/td>\n<td>\u00a0<\/td>\n<td>Inclinaison trad\/surface<\/td>\n<\/tr>\n<tr>\n<td rowspan=\"3\">10<\/td>\n<td rowspan=\"3\">lin\u00e9aire(32 \u00e9lts)<\/td>\n<td>L(0\u00b0 \u00e0 10\u00b0)<\/td>\n<td>25 ou 50<\/td>\n<td>ES \u00e0 0\u00b0<\/td>\n<td>\u00a0<\/td>\n<td>X<\/td>\n<td>\u00a0<\/td>\n<td>Inclinaison trad\/surface<\/td>\n<\/tr>\n<tr>\n<td>L(-10\u00b0 \u00e0 10\u00b0)<\/td>\n<td>25 ou 50<\/td>\n<td>ES \u00e0 0\u00b0<\/td>\n<td>X<\/td>\n<td>X<\/td>\n<td>\u00a0<\/td>\n<td>D\u00e9viation angulaire<\/td>\n<\/tr>\n<tr>\n<td>L0\u00b0<\/td>\n<td>25 ou 50<\/td>\n<td>ES \u00e0 0\u00b0<\/td>\n<td>X<\/td>\n<td>X<\/td>\n<td>\u00a0<\/td>\n<td>Lois de focalisation<\/td>\n<\/tr>\n<tr>\n<td>1<\/td>\n<td>60-focalis\u00e9<\/td>\n<td>L(0\u00b0 \u00e0 10\u00b0)<\/td>\n<td>290<\/td>\n<td>\u00a0<\/td>\n<td>\u00a0<\/td>\n<td>X<\/td>\n<td>\u00a0<\/td>\n<td>Inclinaison trad\/surface<\/td>\n<\/tr>\n<tr>\n<td>3,5<\/td>\n<td>matriciel(9 \u00e9lts)<\/td>\n<td>L0\u00b0<\/td>\n<td>25<\/td>\n<td>ES \u00e0 0\u00b0<\/td>\n<td>\u00a0<\/td>\n<td>X<\/td>\n<td>\u00a0<\/td>\n<td>Inclinaison trad\/surface<\/td>\n<\/tr>\n<tr>\n<td rowspan=\"3\">3<\/td>\n<td rowspan=\"3\">lin\u00e9aire(64 \u00e9lts)<\/td>\n<td>L(-10\u00b0\u00e010\u00b0)<\/td>\n<td>25<\/td>\n<td>TFP\u00a0 \u00d86, 150<\/td>\n<td>X<\/td>\n<td>X<\/td>\n<td>\u00a0<\/td>\n<td>D\u00e9viation angulaire<\/td>\n<\/tr>\n<tr>\n<td>L0\u00b0<\/td>\n<td>25<\/td>\n<td>TFP\u00a0 \u00d86, 150<\/td>\n<td>X<\/td>\n<td>X<\/td>\n<td>\u00a0<\/td>\n<td>Loi de focalisation<\/td>\n<\/tr>\n<tr>\n<td>L0\u00b0<\/td>\n<td>25<\/td>\n<td>TFP\u00a0 \u00d86, 150<\/td>\n<td>\u00a0<\/td>\n<td>\u00a0<\/td>\n<td>X<\/td>\n<td>\u00a0<\/td>\n<\/tr>\n<\/tbody>\n<\/table>\n<p style=\"text-align:center;\"><em>EF\u00a0: \u00e9cho de fond, ES\u00a0: \u00e9cho de surface, EM\u00a0: \u00e9chos multiples.<\/em><\/p>\n<\/p>\n<p>\u00a0<\/p>\n<\/p>\n<p>Continuer vers <a class=\"lien\" href=\"https:\/\/www.extende.com\/fr\/la-simulation-cnd\/documentation\/validation-experimentale-des-modeles-civa\/validation-experimentale-des-modeles-civa-en-ultrasons\/ultrasons-echos-de-geometrie\/ut-echos-de-geometrie-echos-de-surface\/\" target=\"_self\">Echos de surface<\/a><\/p>\n<\/p>\n<p>Retourner au menu <a class=\"lien\" href=\"https:\/\/www.extende.com\/fr\/la-simulation-cnd\/documentation\/validation-experimentale-des-modeles-civa\/validation-experimentale-des-modeles-civa-en-ultrasons\/ultrasons-echos-de-geometrie\/\" target=\"_self\">Echos de g\u00e9om\u00e9trie<\/a><\/p><\/p>\n","protected":false},"excerpt":{"rendered":"<p>Validation exp\u00e9rimentale et caract\u00e9risation des mod\u00e8les Ultrasons de CIVA, \u00e9chos de pi\u00e8ces, de g\u00e9om\u00e9trie, logiciel de simulation CND<\/p>\n","protected":false},"author":0,"featured_media":0,"parent":2919,"menu_order":0,"comment_status":"closed","ping_status":"closed","template":"templates\/page--extende.html.php","meta":{"_acf_changed":false,"footnotes":""},"class_list":["post-3432","page","type-page","status-publish","hentry"],"acf":[],"_links":{"self":[{"href":"https:\/\/www.extende.com\/fr\/wp-json\/wp\/v2\/pages\/3432","targetHints":{"allow":["GET"]}}],"collection":[{"href":"https:\/\/www.extende.com\/fr\/wp-json\/wp\/v2\/pages"}],"about":[{"href":"https:\/\/www.extende.com\/fr\/wp-json\/wp\/v2\/types\/page"}],"replies":[{"embeddable":true,"href":"https:\/\/www.extende.com\/fr\/wp-json\/wp\/v2\/comments?post=3432"}],"version-history":[{"count":1,"href":"https:\/\/www.extende.com\/fr\/wp-json\/wp\/v2\/pages\/3432\/revisions"}],"predecessor-version":[{"id":5661,"href":"https:\/\/www.extende.com\/fr\/wp-json\/wp\/v2\/pages\/3432\/revisions\/5661"}],"up":[{"embeddable":true,"href":"https:\/\/www.extende.com\/fr\/wp-json\/wp\/v2\/pages\/2919"}],"wp:attachment":[{"href":"https:\/\/www.extende.com\/fr\/wp-json\/wp\/v2\/media?parent=3432"}],"curies":[{"name":"wp","href":"https:\/\/api.w.org\/{rel}","templated":true}]}}