{"id":3434,"date":"2025-06-24T18:34:49","date_gmt":"2025-06-24T16:34:49","guid":{"rendered":"https:\/\/www.extende.com\/la-simulation-cnd\/documentation\/validation-experimentale-des-modeles-civa\/validation-experimentale-des-modeles-civa-en-ultrasons\/ultrasons-echos-de-geometrie\/ut-echos-de-geometrie-echos-de-surface\/"},"modified":"2025-06-24T18:52:13","modified_gmt":"2025-06-24T16:52:13","slug":"ut-echos-de-geometrie-echos-de-surface","status":"publish","type":"page","link":"https:\/\/www.extende.com\/fr\/la-simulation-cnd\/documentation\/validation-experimentale-des-modeles-civa\/validation-experimentale-des-modeles-civa-en-ultrasons\/ultrasons-echos-de-geometrie\/ut-echos-de-geometrie-echos-de-surface\/","title":{"rendered":"UT &#8211; Echos de g\u00e9om\u00e9trie : Echos de surface"},"content":{"rendered":"<p><a class=\"lien2\" href=\"https:\/\/www.extende.com\/fr\/la-simulation-cnd\/documentation\/validation-experimentale-des-modeles-civa\/validation-experimentale-des-modeles-civa-en-ultrasons\/ultrasons-echos-de-geometrie\/ut-echos-de-geometrie-echos-de-surface\/ut-echos-de-surface-variation-de-la-hauteur-deau-surface-plane\/\" target=\"_self\">Variation de la hauteur d&rsquo;eau, surface plane<\/a><\/p>\n<\/p>\n<p><a class=\"lien2\" href=\"https:\/\/www.extende.com\/fr\/la-simulation-cnd\/documentation\/validation-experimentale-des-modeles-civa\/validation-experimentale-des-modeles-civa-en-ultrasons\/ultrasons-echos-de-geometrie\/ut-echos-de-geometrie-echos-de-surface\/ut-echos-de-surface-variation-de-linclinaison-du-traducteur-ou-de-la-surface-plane\/\" target=\"_self\">Variation de l&rsquo;inclinaison du traducteur ou de la surface plane<\/a><\/p>\n<\/p>\n<p><a class=\"lien2\" href=\"https:\/\/www.extende.com\/fr\/la-simulation-cnd\/documentation\/validation-experimentale-des-modeles-civa\/validation-experimentale-des-modeles-civa-en-ultrasons\/ultrasons-echos-de-geometrie\/ut-echos-de-geometrie-echos-de-surface\/ut-echos-de-surface-lois-de-deviation-angulaire-autour-de-l0\/\" target=\"_self\">Lois de d\u00e9viation angulaire autour de L0\u00b0<\/a><\/p>\n<\/p>\n<p><a class=\"lien2\" href=\"https:\/\/www.extende.com\/fr\/la-simulation-cnd\/documentation\/validation-experimentale-des-modeles-civa\/validation-experimentale-des-modeles-civa-en-ultrasons\/ultrasons-echos-de-geometrie\/ut-echos-de-geometrie-echos-de-surface\/ut-echos-de-surface-lois-de-focalisation-en-differents-points-a-l0\/\" target=\"_self\">Lois de focalisation en diff\u00e9rents points \u00e0 L0\u00b0<\/a><\/p>\n<\/p>\n<p><a class=\"lien2\" href=\"https:\/\/www.extende.com\/fr\/la-simulation-cnd\/documentation\/validation-experimentale-des-modeles-civa\/validation-experimentale-des-modeles-civa-en-ultrasons\/ultrasons-echos-de-geometrie\/ut-echos-de-geometrie-echos-de-surface\/ut-echos-de-surface-surface-de-type-vague-de-meulage\/\" target=\"_self\">Surface de type vague de meulage<\/a><\/p>\n<\/p>\n<p><a class=\"lien2\" href=\"https:\/\/www.extende.com\/fr\/la-simulation-cnd\/documentation\/validation-experimentale-des-modeles-civa\/validation-experimentale-des-modeles-civa-en-ultrasons\/ultrasons-echos-de-geometrie\/ut-echos-de-geometrie-echos-de-surface\/ut-echos-de-surface-surface-de-type-bourrelet-de-soudure\/\" target=\"_self\">Surface de type bourrelet de soudure<\/a><\/p>\n<\/p>\n<p>\u00a0<\/p>\n<\/p>\n<p>Continuer vers <a class=\"lien\" href=\"https:\/\/www.extende.com\/fr\/la-simulation-cnd\/documentation\/validation-experimentale-des-modeles-civa\/validation-experimentale-des-modeles-civa-en-ultrasons\/ultrasons-echos-de-geometrie\/ut-echos-de-geometrie-echos-de-fond\/\" target=\"_self\">\u00e9chos de fond<\/a><\/p>\n<\/p>\n<p>Retourner au menu <a class=\"lien\" href=\"https:\/\/www.extende.com\/fr\/la-simulation-cnd\/documentation\/validation-experimentale-des-modeles-civa\/validation-experimentale-des-modeles-civa-en-ultrasons\/ultrasons-echos-de-geometrie\/\" target=\"_self\">\u00e9chos de g\u00e9om\u00e9trie<\/a><\/p><\/p>\n","protected":false},"excerpt":{"rendered":"<p>Validation exp\u00e9rimentale et caract\u00e9risation des mod\u00e8les Ultrasons de CIVA, \u00e9chos de pi\u00e8ces, de g\u00e9om\u00e9trie, logiciel de simulation CND<\/p>\n","protected":false},"author":0,"featured_media":0,"parent":2919,"menu_order":1,"comment_status":"closed","ping_status":"closed","template":"templates\/page--extende.html.php","meta":{"_acf_changed":false,"footnotes":""},"class_list":["post-3434","page","type-page","status-publish","hentry"],"acf":[],"_links":{"self":[{"href":"https:\/\/www.extende.com\/fr\/wp-json\/wp\/v2\/pages\/3434","targetHints":{"allow":["GET"]}}],"collection":[{"href":"https:\/\/www.extende.com\/fr\/wp-json\/wp\/v2\/pages"}],"about":[{"href":"https:\/\/www.extende.com\/fr\/wp-json\/wp\/v2\/types\/page"}],"replies":[{"embeddable":true,"href":"https:\/\/www.extende.com\/fr\/wp-json\/wp\/v2\/comments?post=3434"}],"version-history":[{"count":1,"href":"https:\/\/www.extende.com\/fr\/wp-json\/wp\/v2\/pages\/3434\/revisions"}],"predecessor-version":[{"id":5663,"href":"https:\/\/www.extende.com\/fr\/wp-json\/wp\/v2\/pages\/3434\/revisions\/5663"}],"up":[{"embeddable":true,"href":"https:\/\/www.extende.com\/fr\/wp-json\/wp\/v2\/pages\/2919"}],"wp:attachment":[{"href":"https:\/\/www.extende.com\/fr\/wp-json\/wp\/v2\/media?parent=3434"}],"curies":[{"name":"wp","href":"https:\/\/api.w.org\/{rel}","templated":true}]}}