{"id":3436,"date":"2025-06-24T18:34:49","date_gmt":"2025-06-24T16:34:49","guid":{"rendered":"https:\/\/www.extende.com\/la-simulation-cnd\/documentation\/validation-experimentale-des-modeles-civa\/validation-experimentale-des-modeles-civa-en-ultrasons\/ultrasons-echos-de-geometrie\/ut-echos-de-geometrie-echos-de-fond\/"},"modified":"2025-06-24T18:52:13","modified_gmt":"2025-06-24T16:52:13","slug":"ut-echos-de-geometrie-echos-de-fond","status":"publish","type":"page","link":"https:\/\/www.extende.com\/fr\/la-simulation-cnd\/documentation\/validation-experimentale-des-modeles-civa\/validation-experimentale-des-modeles-civa-en-ultrasons\/ultrasons-echos-de-geometrie\/ut-echos-de-geometrie-echos-de-fond\/","title":{"rendered":"UT &#8211; Echos de g\u00e9om\u00e9trie : Echos de fond"},"content":{"rendered":"<p>Les mesures d\u2019\u00e9chos de fond ont \u00e9t\u00e9 r\u00e9alis\u00e9es avec deux capteurs et deux pi\u00e8ces\u00a0: le capteur lin\u00e9aire de 64 \u00e9l\u00e9ments \u00e0 3 MHz sur une cale parall\u00e9l\u00e9pip\u00e9dique et le capteur lin\u00e9aire de 32 \u00e9l\u00e9ments sur un tube. La validit\u00e9 des lois de d\u00e9viation angulaire autour de L0\u00b0 ainsi que les lois de focalisation \u00e0 diff\u00e9rentes profondeurs ont \u00e9t\u00e9 \u00e9valu\u00e9es par comparaison entre les mod\u00e8les de Kirchhoff, sp\u00e9culaire et les mesures.<\/p>\n<\/p>\n<p>\u00a0<\/p>\n<\/p>\n<table align=\"center\" border=\"1\" cellpadding=\"1\" cellspacing=\"1\" style=\"width: 500px;\">\n<tbody>\n<tr>\n<th>\u00d8 Pastille (mm)<\/th>\n<th>Mode<\/th>\n<th>Fr\u00e9quence d&rsquo;entr\u00e9e (MHz)<\/th>\n<th>Bande passante (%)<\/th>\n<th>Phase (\u00b0)<\/th>\n<\/tr>\n<tr>\n<td align=\"center\">Lin\u00e9aire (64 \u00e9lts)<\/td>\n<td align=\"center\">L0\u00b0<\/td>\n<td align=\"center\">3<\/td>\n<td align=\"center\">90<\/td>\n<td align=\"center\">310<\/td>\n<\/tr>\n<tr>\n<td align=\"center\">Lin\u00e9aire (32 \u00e9lts)<\/td>\n<td align=\"center\">L0\u00b0<\/td>\n<td align=\"center\">10<\/td>\n<td align=\"center\">55<\/td>\n<td align=\"center\">290<\/td>\n<\/tr>\n<\/tbody>\n<\/table>\n<p>\u00a0<\/p>\n<\/p>\n<p><a class=\"lien2\" href=\"https:\/\/www.extende.com\/fr\/la-simulation-cnd\/documentation\/validation-experimentale-des-modeles-civa\/validation-experimentale-des-modeles-civa-en-ultrasons\/ultrasons-echos-de-geometrie\/ut-echos-de-geometrie-echos-de-fond\/ut-echos-de-fond-lois-de-deviation-angulaire-autour-de-l0\/\" target=\"_self\">Lois de d\u00e9viation angulaire autour de L0\u00b0<\/a><\/p>\n<\/p>\n<p><a class=\"lien2\" href=\"https:\/\/www.extende.com\/fr\/la-simulation-cnd\/documentation\/validation-experimentale-des-modeles-civa\/validation-experimentale-des-modeles-civa-en-ultrasons\/ultrasons-echos-de-geometrie\/ut-echos-de-geometrie-echos-de-fond\/ut-echos-de-fond-lois-de-focalisation-en-differents-points-a-l0\/\" target=\"_self\">Lois de focalisation en diff\u00e9rents points, L0\u00b0<\/a><\/p>\n<\/p>\n<p>\u00a0<\/p>\n<\/p>\n<p>Continuer vers <a class=\"lien\" href=\"https:\/\/www.extende.com\/fr\/la-simulation-cnd\/documentation\/validation-experimentale-des-modeles-civa\/validation-experimentale-des-modeles-civa-en-ultrasons\/ultrasons-echos-de-geometrie\/ut-echos-de-geometrie-echos-de-surface-et-de-fond-multiples\/\" target=\"_self\">\u00e9chos de surface et de fond multiples<\/a><\/p>\n<\/p>\n<p>Retourner au menu <a class=\"lien\" href=\"https:\/\/www.extende.com\/fr\/la-simulation-cnd\/documentation\/validation-experimentale-des-modeles-civa\/validation-experimentale-des-modeles-civa-en-ultrasons\/ultrasons-echos-de-geometrie\/\" target=\"_self\">\u00e9chos de g\u00e9om\u00e9trie<\/a><\/p><\/p>\n","protected":false},"excerpt":{"rendered":"<p>Validation exp\u00e9rimentale et caract\u00e9risation des mod\u00e8les Ultrasons de CIVA, \u00e9chos de pi\u00e8ces, de g\u00e9om\u00e9trie, logiciel de simulation CND<\/p>\n","protected":false},"author":0,"featured_media":0,"parent":2919,"menu_order":2,"comment_status":"closed","ping_status":"closed","template":"templates\/page--extende.html.php","meta":{"_acf_changed":false,"footnotes":""},"class_list":["post-3436","page","type-page","status-publish","hentry"],"acf":[],"_links":{"self":[{"href":"https:\/\/www.extende.com\/fr\/wp-json\/wp\/v2\/pages\/3436","targetHints":{"allow":["GET"]}}],"collection":[{"href":"https:\/\/www.extende.com\/fr\/wp-json\/wp\/v2\/pages"}],"about":[{"href":"https:\/\/www.extende.com\/fr\/wp-json\/wp\/v2\/types\/page"}],"replies":[{"embeddable":true,"href":"https:\/\/www.extende.com\/fr\/wp-json\/wp\/v2\/comments?post=3436"}],"version-history":[{"count":1,"href":"https:\/\/www.extende.com\/fr\/wp-json\/wp\/v2\/pages\/3436\/revisions"}],"predecessor-version":[{"id":5665,"href":"https:\/\/www.extende.com\/fr\/wp-json\/wp\/v2\/pages\/3436\/revisions\/5665"}],"up":[{"embeddable":true,"href":"https:\/\/www.extende.com\/fr\/wp-json\/wp\/v2\/pages\/2919"}],"wp:attachment":[{"href":"https:\/\/www.extende.com\/fr\/wp-json\/wp\/v2\/media?parent=3436"}],"curies":[{"name":"wp","href":"https:\/\/api.w.org\/{rel}","templated":true}]}}