{"id":3438,"date":"2025-06-24T18:34:49","date_gmt":"2025-06-24T16:34:49","guid":{"rendered":"https:\/\/www.extende.com\/la-simulation-cnd\/documentation\/validation-experimentale-des-modeles-civa\/validation-experimentale-des-modeles-civa-en-ultrasons\/ultrasons-echos-de-geometrie\/ut-echos-de-geometrie-echos-de-surface-et-de-fond-multiples\/"},"modified":"2025-06-24T18:52:14","modified_gmt":"2025-06-24T16:52:14","slug":"ut-echos-de-geometrie-echos-de-surface-et-de-fond-multiples","status":"publish","type":"page","link":"https:\/\/www.extende.com\/fr\/la-simulation-cnd\/documentation\/validation-experimentale-des-modeles-civa\/validation-experimentale-des-modeles-civa-en-ultrasons\/ultrasons-echos-de-geometrie\/ut-echos-de-geometrie-echos-de-surface-et-de-fond-multiples\/","title":{"rendered":"UT &#8211; Echos de g\u00e9om\u00e9trie : Echos de surface et de fond multiples"},"content":{"rendered":"<p>L\u2019\u00e9cho de surface et plusieurs \u00e9chos de fond ont \u00e9t\u00e9 \u00e9valu\u00e9s pour 2 capteurs mono-\u00e9l\u00e9ments, de diam\u00e8tres 6,35 mm et 19 mm, et pour un capteur multi-\u00e9l\u00e9ments lin\u00e9aire.<\/p>\n<\/p>\n<p>\u00a0<\/p>\n<\/p>\n<table align=\"center\" border=\"1\" cellpadding=\"1\" cellspacing=\"1\" style=\"width: 500px;\">\n<tbody>\n<tr>\n<th>\u00d8 Pastille (mm)<\/th>\n<th>Mode<\/th>\n<th>Fr\u00e9quence d&rsquo;entr\u00e9e (MHz)<\/th>\n<th>Bande passante (%)<\/th>\n<th>Phase (\u00b0)<\/th>\n<\/tr>\n<tr>\n<td align=\"center\">6,35<\/td>\n<td align=\"center\">L0\u00b0<\/td>\n<td align=\"center\">2,25<\/td>\n<td align=\"center\">64<\/td>\n<td align=\"center\">340<\/td>\n<\/tr>\n<tr>\n<td align=\"center\">19<\/td>\n<td align=\"center\">L0\u00b0<\/td>\n<td align=\"center\">2<\/td>\n<td align=\"center\">60<\/td>\n<td align=\"center\">0<\/td>\n<\/tr>\n<tr>\n<td align=\"center\">Lin\u00e9aire (64 \u00e9lts)<\/td>\n<td align=\"center\">L, 0\u00b0 \u00e0 2\u00b0<\/td>\n<td align=\"center\">3<\/td>\n<td align=\"center\">90<\/td>\n<td align=\"center\">310<\/td>\n<\/tr>\n<\/tbody>\n<\/table>\n<p>\u00a0<\/p>\n<\/p>\n<p>Deux cales parall\u00e9l\u00e9pip\u00e9diques, d\u2019\u00e9paisseur 5 mm et 20 mm, ont permis l\u2019\u00e9tude d\u2019\u00e9chos de fond multiples. Les mesures et calculs ont \u00e9t\u00e9 r\u00e9alis\u00e9s avec des hauteurs d\u2019eau de\u00a0 20 mm et 100 mm pour les capteurs mono-\u00e9l\u00e9ments,\u00a0 25 mm et\u00a0 50 mm pour le multi-\u00e9l\u00e9ments inclin\u00e9 de 0\u00b0 \u00e0 2\u00b0. On a donc fait varier l\u2019ouverture du capteur, la hauteur d\u2019eau, l\u2019angle d\u2019incidence et l\u2019\u00e9paisseur de la cale.<\/p>\n<\/p>\n<p>\u00a0<\/p>\n<\/p>\n<p><a class=\"lien2\" href=\"https:\/\/www.extende.com\/fr\/la-simulation-cnd\/documentation\/validation-experimentale-des-modeles-civa\/validation-experimentale-des-modeles-civa-en-ultrasons\/ultrasons-echos-de-geometrie\/ut-echos-de-geometrie-echos-de-surface-et-de-fond-multiples\/ut-echos-multiples-capteur-o-65-mm-2-mhz-l0\/\" target=\"_self\">Capteur \u00d8\u00a06,5 mm, 2 MHz, L0\u00b0<\/a><\/p>\n<\/p>\n<p><a class=\"lien2\" href=\"https:\/\/www.extende.com\/fr\/la-simulation-cnd\/documentation\/validation-experimentale-des-modeles-civa\/validation-experimentale-des-modeles-civa-en-ultrasons\/ultrasons-echos-de-geometrie\/ut-echos-de-geometrie-echos-de-surface-et-de-fond-multiples\/ut-echos-multiples-capteur-o-19-mm-2-mhz-l0\/\" target=\"_self\">Capteur \u00a0\u00d8\u00a019 mm, 2 MHz, L0\u00b0<\/a><\/p>\n<\/p>\n<p><a class=\"lien2\" href=\"https:\/\/www.extende.com\/fr\/la-simulation-cnd\/documentation\/validation-experimentale-des-modeles-civa\/validation-experimentale-des-modeles-civa-en-ultrasons\/ultrasons-echos-de-geometrie\/ut-echos-de-geometrie-echos-de-surface-et-de-fond-multiples\/ut-echos-multiples-capteur-lineaire-3-mhz-loi-de-retard-nulle\/\" target=\"_self\">Capteur lin\u00e9aire, 3 MHz, loi de retard nulle<\/a><\/p>\n<\/p>\n<p>\u00a0<\/p>\n<\/p>\n<p>Continuer vers <a class=\"lien\" href=\"https:\/\/www.extende.com\/fr\/la-simulation-cnd\/documentation\/validation-experimentale-des-modeles-civa\/validation-experimentale-des-modeles-civa-en-ultrasons\/ultrasons-echos-de-geometrie\/ut-echos-de-geometrie-conclusion\/\" target=\"_self\">Conclusion<\/a><\/p>\n<\/p>\n<p>Retourner au menu <a class=\"lien\" href=\"https:\/\/www.extende.com\/fr\/la-simulation-cnd\/documentation\/validation-experimentale-des-modeles-civa\/validation-experimentale-des-modeles-civa-en-ultrasons\/ultrasons-echos-de-geometrie\/\" target=\"_self\">\u00e9chos de g\u00e9om\u00e9trie<\/a><\/p><\/p>\n","protected":false},"excerpt":{"rendered":"<p>Validation exp\u00e9rimentale et caract\u00e9risation des mod\u00e8les Ultrasons de CIVA, \u00e9chos de pi\u00e8ces, de g\u00e9om\u00e9trie, logiciel de simulation CND<\/p>\n","protected":false},"author":0,"featured_media":0,"parent":2919,"menu_order":3,"comment_status":"closed","ping_status":"closed","template":"templates\/page--extende.html.php","meta":{"_acf_changed":false,"footnotes":""},"class_list":["post-3438","page","type-page","status-publish","hentry"],"acf":[],"_links":{"self":[{"href":"https:\/\/www.extende.com\/fr\/wp-json\/wp\/v2\/pages\/3438","targetHints":{"allow":["GET"]}}],"collection":[{"href":"https:\/\/www.extende.com\/fr\/wp-json\/wp\/v2\/pages"}],"about":[{"href":"https:\/\/www.extende.com\/fr\/wp-json\/wp\/v2\/types\/page"}],"replies":[{"embeddable":true,"href":"https:\/\/www.extende.com\/fr\/wp-json\/wp\/v2\/comments?post=3438"}],"version-history":[{"count":1,"href":"https:\/\/www.extende.com\/fr\/wp-json\/wp\/v2\/pages\/3438\/revisions"}],"predecessor-version":[{"id":5667,"href":"https:\/\/www.extende.com\/fr\/wp-json\/wp\/v2\/pages\/3438\/revisions\/5667"}],"up":[{"embeddable":true,"href":"https:\/\/www.extende.com\/fr\/wp-json\/wp\/v2\/pages\/2919"}],"wp:attachment":[{"href":"https:\/\/www.extende.com\/fr\/wp-json\/wp\/v2\/media?parent=3438"}],"curies":[{"name":"wp","href":"https:\/\/api.w.org\/{rel}","templated":true}]}}