{"id":3440,"date":"2025-06-24T18:34:49","date_gmt":"2025-06-24T16:34:49","guid":{"rendered":"https:\/\/www.extende.com\/la-simulation-cnd\/documentation\/validation-experimentale-des-modeles-civa\/validation-experimentale-des-modeles-civa-en-ultrasons\/ultrasons-echos-de-geometrie\/ut-echos-de-geometrie-conclusion\/"},"modified":"2025-06-24T18:52:14","modified_gmt":"2025-06-24T16:52:14","slug":"ut-echos-de-geometrie-conclusion","status":"publish","type":"page","link":"https:\/\/www.extende.com\/fr\/la-simulation-cnd\/documentation\/validation-experimentale-des-modeles-civa\/validation-experimentale-des-modeles-civa-en-ultrasons\/ultrasons-echos-de-geometrie\/ut-echos-de-geometrie-conclusion\/","title":{"rendered":"UT &#8211; Echos de g\u00e9om\u00e9trie : conclusion"},"content":{"rendered":"<p>Cette \u00e9tude de caract\u00e9risation exp\u00e9rimentale montre que dans la plupart des configurations, le mod\u00e8le sp\u00e9culaire pour le calcul des \u00e9chos de g\u00e9om\u00e9trie donne des r\u00e9sultats proches des mesures et meilleurs que ceux obtenus avec le mod\u00e8le de Kirchhoff.<\/p>\n<\/p>\n<p>Il am\u00e9liore la pr\u00e9diction des \u00e9chos obtenus lors d\u2019une variation de hauteur d\u2019eau, d\u2019ouverture du capteur, d\u2019inclinaison du capteur et dans le cas d\u2019une surface complexe type \u00ab\u00a0vague de meulage\u00a0\u00bb.<\/p>\n<\/p>\n<p>En plus de l\u2019am\u00e9lioration des amplitudes des \u00e9chos de g\u00e9om\u00e9trie de la pi\u00e8ce, avec le mod\u00e8le sp\u00e9culaire des probl\u00e8mes de m\u00e9moire ont \u00e9t\u00e9 am\u00e9lior\u00e9s, les temps de simulation sont moins longs et les calculs sont moins sensibles \u00e0 la variation de pr\u00e9cision qu\u2019avec le mod\u00e8le de Kirchhoff.<\/p>\n<\/p>\n<p>Le mod\u00e8le sp\u00e9culaire a \u00e9galement ses limites. L\u2019\u00e9tude du cas de la surface type \u00ab\u00a0bourrelet de soudure\u00a0\u00bb a mis en \u00e9vidence que les ph\u00e9nom\u00e8nes de diffraction qui ne sont pas pris en compte dans ce mod\u00e8le impliquent des pr\u00e9dictions d\u2019\u00e9cho de surface assez diff\u00e9rentes du r\u00e9sultat exp\u00e9rimental.<\/p>\n<\/p>\n<p>Enfin, dans certaines configurations (capteur le plus divergent, de diam\u00e8tre 6.35mm) le mod\u00e8le sp\u00e9culaire a une tendance \u00e0 surestimer les amplitudes quand la r\u00e9f\u00e9rence est un trou de g\u00e9n\u00e9ratrice \u2013 \u00e9carts allant jusqu\u2019\u00e0 6dB. Ce ph\u00e9nom\u00e8ne reste non expliqu\u00e9 pour le moment.<\/p>\n<\/p>\n<p>\u00a0<\/p>\n<\/p>\n<p>Retourner au menu <a class=\"lien\" href=\"https:\/\/www.extende.com\/fr\/la-simulation-cnd\/documentation\/validation-experimentale-des-modeles-civa\/validation-experimentale-des-modeles-civa-en-ultrasons\/ultrasons-echos-de-geometrie\/\" target=\"_self\">Echos de g\u00e9om\u00e9trie<\/a><\/p><\/p>\n","protected":false},"excerpt":{"rendered":"<p>Validation exp\u00e9rimentale et caract\u00e9risation des mod\u00e8les Ultrasons de CIVA, \u00e9chos de pi\u00e8ces, de g\u00e9om\u00e9trie, logiciel de simulation CND<\/p>\n","protected":false},"author":0,"featured_media":0,"parent":2919,"menu_order":4,"comment_status":"closed","ping_status":"closed","template":"templates\/page--extende.html.php","meta":{"_acf_changed":false,"footnotes":""},"class_list":["post-3440","page","type-page","status-publish","hentry"],"acf":[],"_links":{"self":[{"href":"https:\/\/www.extende.com\/fr\/wp-json\/wp\/v2\/pages\/3440","targetHints":{"allow":["GET"]}}],"collection":[{"href":"https:\/\/www.extende.com\/fr\/wp-json\/wp\/v2\/pages"}],"about":[{"href":"https:\/\/www.extende.com\/fr\/wp-json\/wp\/v2\/types\/page"}],"replies":[{"embeddable":true,"href":"https:\/\/www.extende.com\/fr\/wp-json\/wp\/v2\/comments?post=3440"}],"version-history":[{"count":1,"href":"https:\/\/www.extende.com\/fr\/wp-json\/wp\/v2\/pages\/3440\/revisions"}],"predecessor-version":[{"id":5669,"href":"https:\/\/www.extende.com\/fr\/wp-json\/wp\/v2\/pages\/3440\/revisions\/5669"}],"up":[{"embeddable":true,"href":"https:\/\/www.extende.com\/fr\/wp-json\/wp\/v2\/pages\/2919"}],"wp:attachment":[{"href":"https:\/\/www.extende.com\/fr\/wp-json\/wp\/v2\/media?parent=3440"}],"curies":[{"name":"wp","href":"https:\/\/api.w.org\/{rel}","templated":true}]}}