{"id":3442,"date":"2025-06-24T18:34:49","date_gmt":"2025-06-24T16:34:49","guid":{"rendered":"https:\/\/www.extende.com\/la-simulation-cnd\/documentation\/validation-experimentale-des-modeles-civa\/validation-experimentale-des-modeles-civa-en-ultrasons\/ultrasons-echos-multibonds\/ultrasons-echos-multibonds-sur-piece-plane\/"},"modified":"2025-06-24T18:52:14","modified_gmt":"2025-06-24T16:52:14","slug":"ultrasons-echos-multibonds-sur-piece-plane","status":"publish","type":"page","link":"https:\/\/www.extende.com\/fr\/la-simulation-cnd\/documentation\/validation-experimentale-des-modeles-civa\/validation-experimentale-des-modeles-civa-en-ultrasons\/ultrasons-echos-multibonds\/ultrasons-echos-multibonds-sur-piece-plane\/","title":{"rendered":"Ultrasons &#8211; Echos multibonds sur pi\u00e8ce plane"},"content":{"rendered":"<p>Pour des raisons d\u2019accessibilit\u00e9, certaines zones d\u2019une pi\u00e8ce peuvent \u00eatre inspect\u00e9es avec un faisceau ultrasonore ayant subi plusieurs rebonds successifs sur le fond et la surface de la pi\u00e8ce. Cela permet d\u2019atteindre des zones \u00e9loign\u00e9es du capteur. Pour r\u00e9aliser ces contr\u00f4les \u00ab\u00a0multibonds\u00a0\u00bb, on emploie le plus souvent un faisceau d\u2019onde transversales \u00e0 45\u00b0 afin d\u2019\u00e9viter des conversions de modes lors des rebonds successifs. On utilise moins fr\u00e9quemment des ondes L \u00e0 45\u00b0 car elles entraineraient l\u2019apparition de nombreux \u00e9chos compliquant l\u2019interpr\u00e9tation des r\u00e9sultats de l\u2019inspection.\u00a0<br \/>\nLes pr\u00e9dictions de CIVA pour les \u00e9chos de coin apr\u00e8s plusieurs rebonds obtenus sur des entailles droites et inclin\u00e9es localis\u00e9es dans une pi\u00e8ce plane homog\u00e8ne et isotrope ont \u00e9t\u00e9 confront\u00e9es aux r\u00e9sultats exp\u00e9rimentaux obtenus avec deux capteurs immersion, un mono\u00e9l\u00e9ment plan et un \u00a0multi\u00e9l\u00e9ments, de fr\u00e9quence centrale 5 MHz. Le capteur mono\u00e9l\u00e9ment a \u00e9t\u00e9 utilis\u00e9 avec deux angles d\u2019incidence permettant de g\u00e9n\u00e9rer des ondes T45, puis des ondes L45. Le capteur multi\u00e9l\u00e9ment a \u00e9t\u00e9 utilis\u00e9 pour g\u00e9n\u00e9rer des ondes T45 avec une focalisation \u00e0 diff\u00e9rents parcours sonores.<\/p>\n<\/p>\n<p>\u00a0<\/p>\n<\/p>\n<p><a class=\"lien2\" href=\"https:\/\/www.extende.com\/fr\/la-simulation-cnd\/documentation\/validation-experimentale-des-modeles-civa\/validation-experimentale-des-modeles-civa-en-ultrasons\/ultrasons-echos-multibonds\/ultrasons-echos-multibonds-sur-piece-plane\/ut-multibonds-configuration-experimentales-et-de-simulation\/\" target=\"_self\"><span style=\"line-height: 1em;\">Configuration exp\u00e9rimentales et de simulation\u00a0<\/span><\/a><\/p>\n<\/p>\n<p><a class=\"lien2\" href=\"https:\/\/www.extende.com\/fr\/la-simulation-cnd\/documentation\/validation-experimentale-des-modeles-civa\/validation-experimentale-des-modeles-civa-en-ultrasons\/ultrasons-echos-multibonds\/ultrasons-echos-multibonds-sur-piece-plane\/ut-multibonds-resultats-pour-le-traducteur-monoelement-a-5mhz-en-ondes-t45\/\" target=\"_self\">R\u00e9sultats pour le traducteur mono\u00e9l\u00e9ment \u00e0 5 MHz en ondes T45<\/a><\/p>\n<\/p>\n<p><a class=\"lien2\" href=\"https:\/\/www.extende.com\/fr\/la-simulation-cnd\/documentation\/validation-experimentale-des-modeles-civa\/validation-experimentale-des-modeles-civa-en-ultrasons\/ultrasons-echos-multibonds\/ultrasons-echos-multibonds-sur-piece-plane\/ut-multibonds-resultats-pour-le-traducteur-monoelement-a-5mhz-en-ondes-l45\/\" target=\"_self\">R\u00e9sultats pour le traducteur mono\u00e9l\u00e9ment \u00e0 5 MHz en ondes L45\u00a0<\/a><\/p>\n<\/p>\n<div>\n<p><a class=\"lien2\" href=\"https:\/\/www.extende.com\/fr\/la-simulation-cnd\/documentation\/validation-experimentale-des-modeles-civa\/validation-experimentale-des-modeles-civa-en-ultrasons\/ultrasons-echos-multibonds\/ultrasons-echos-multibonds-sur-piece-plane\/ut-multibonds-resultats-pour-le-traducteur-multielements-a-5mhz-en-ondes-t45-avec-focalisation-a-differents-parcours-sonores\/\" target=\"_self\">R\u00e9sultats pour le traducteur multi\u00e9l\u00e9ments \u00e0 5 MHz en ondes T45 avec focalisation \u00e0 diff\u00e9rents parcours sonores<\/a><\/p>\n<\/div>\n","protected":false},"excerpt":{"rendered":"<p>Validation exp\u00e9rimentale et caract\u00e9risation des mod\u00e8les Ultrasons de CIVA, contr\u00f4les multibonds, logiciel de simulation CND<\/p>\n","protected":false},"author":0,"featured_media":0,"parent":2921,"menu_order":0,"comment_status":"closed","ping_status":"closed","template":"templates\/page--extende.html.php","meta":{"_acf_changed":false,"footnotes":""},"class_list":["post-3442","page","type-page","status-publish","hentry"],"acf":[],"_links":{"self":[{"href":"https:\/\/www.extende.com\/fr\/wp-json\/wp\/v2\/pages\/3442","targetHints":{"allow":["GET"]}}],"collection":[{"href":"https:\/\/www.extende.com\/fr\/wp-json\/wp\/v2\/pages"}],"about":[{"href":"https:\/\/www.extende.com\/fr\/wp-json\/wp\/v2\/types\/page"}],"replies":[{"embeddable":true,"href":"https:\/\/www.extende.com\/fr\/wp-json\/wp\/v2\/comments?post=3442"}],"version-history":[{"count":1,"href":"https:\/\/www.extende.com\/fr\/wp-json\/wp\/v2\/pages\/3442\/revisions"}],"predecessor-version":[{"id":5671,"href":"https:\/\/www.extende.com\/fr\/wp-json\/wp\/v2\/pages\/3442\/revisions\/5671"}],"up":[{"embeddable":true,"href":"https:\/\/www.extende.com\/fr\/wp-json\/wp\/v2\/pages\/2921"}],"wp:attachment":[{"href":"https:\/\/www.extende.com\/fr\/wp-json\/wp\/v2\/media?parent=3442"}],"curies":[{"name":"wp","href":"https:\/\/api.w.org\/{rel}","templated":true}]}}