{"id":3444,"date":"2025-06-24T18:34:49","date_gmt":"2025-06-24T16:34:49","guid":{"rendered":"https:\/\/www.extende.com\/la-simulation-cnd\/documentation\/validation-experimentale-des-modeles-civa\/validation-experimentale-des-modeles-civa-en-ultrasons\/ultrasons-echos-multibonds\/ultrasons-echos-multibonds-sur-piece-cylindrique\/"},"modified":"2025-06-24T18:52:14","modified_gmt":"2025-06-24T16:52:14","slug":"ultrasons-echos-multibonds-sur-piece-cylindrique","status":"publish","type":"page","link":"https:\/\/www.extende.com\/fr\/la-simulation-cnd\/documentation\/validation-experimentale-des-modeles-civa\/validation-experimentale-des-modeles-civa-en-ultrasons\/ultrasons-echos-multibonds\/ultrasons-echos-multibonds-sur-piece-cylindrique\/","title":{"rendered":"Ultrasons &#8211; Echos multibonds sur pi\u00e8ce cylindrique"},"content":{"rendered":"<p>Pour des raisons d\u2019accessibilit\u00e9, certaines zones d\u2019une pi\u00e8ce peuvent \u00eatre inspect\u00e9es avec un faisceau ultrasonore ayant subi plusieurs rebonds successifs sur le fond et la surface de la pi\u00e8ce. Cela permet d\u2019atteindre des zones \u00e9loign\u00e9es du capteur. Pour r\u00e9aliser ces contr\u00f4les \u00ab multibonds \u00bb, un faisceau d\u2019ondes transversales \u00e0 45\u00b0 est utilis\u00e9 afin d\u2019\u00e9viter des conversions de modes lors des rebonds successifs qui entraineraient l\u2019apparition de nombreux \u00e9chos compliquant l\u2019interpr\u00e9tation des r\u00e9sultats de l\u2019inspection. Des entailles d\u00e9bouchant en fond ou surface de pi\u00e8ce peuvent \u00eatre ainsi d\u00e9tect\u00e9es en mode T45\u00b0 apr\u00e8s plusieurs rebonds.<\/p>\n<\/p>\n<p>Les pr\u00e9dictions de CIVA pour les \u00e9chos \u00abmultibonds \u00bb d\u2019entailles verticales ou tilt\u00e9es ont d\u00e9j\u00e0 \u00e9t\u00e9 \u00e9valu\u00e9es dans une pi\u00e8ce plane en mode T45\u00b0 (<a class=\"lien\" href=\"https:\/\/www.extende.com\/fr\/la-simulation-cnd\/documentation\/validation-experimentale-des-modeles-civa\/validation-experimentale-des-modeles-civa-en-ultrasons\/ultrasons-echos-multibonds\/ultrasons-echos-multibonds-sur-piece-plane\/\">ici<\/a>). Ici nous pr\u00e9sentons une \u00e9tude des \u00e9chos multibonds d\u2019une entaille verticale dans une pi\u00e8ce cylindrique. Le cylindre a \u00e9t\u00e9 inspect\u00e9 selon sa circonf\u00e9rence par l\u2019ext\u00e9rieur en mode T. Afin d\u2019\u00e9valuer les effets de la courbure du fond et de la surface de la pi\u00e8ce sur les \u00e9chos multiples de l\u2019entaille, les r\u00e9sultats de l\u2019inspection du cylindre ont \u00e9t\u00e9 compar\u00e9s \u00e0 ceux d\u2019une pi\u00e8ce plane de m\u00eame \u00e9paisseur inspect\u00e9e en mode T \u00e9galement. Puis, afin d\u2019\u00e9valuer les pr\u00e9dictions de CIVA pour les \u00e9chos multibonds dans le cylindre, les r\u00e9sultats exp\u00e9rimentaux de cette \u00e9tude ont \u00e9t\u00e9 compar\u00e9s \u00e0 ceux simul\u00e9s avec CIVA. Le capteur utilis\u00e9 est un capteur plan de diam\u00e8tre 12.7mm et de fr\u00e9quence centrale 5MHz.<\/p>\n<\/p>\n<p>\u00a0<\/p>\n<\/p>\n<p><a class=\"lien2\" href=\"https:\/\/www.extende.com\/fr\/la-simulation-cnd\/documentation\/validation-experimentale-des-modeles-civa\/validation-experimentale-des-modeles-civa-en-ultrasons\/ultrasons-echos-multibonds\/ultrasons-echos-multibonds-sur-piece-cylindrique\/multibonds-cylindrique-configurations-experimentales-et-de-simulation\/\" target=\"_blank\" title=\"(Nouvelle fen\u00eatre)\">Configurations exp\u00e9rimentales et de simulation<\/a><\/p>\n<\/p>\n<p><a class=\"lien2\" href=\"https:\/\/www.extende.com\/fr\/la-simulation-cnd\/documentation\/validation-experimentale-des-modeles-civa\/validation-experimentale-des-modeles-civa-en-ultrasons\/ultrasons-echos-multibonds\/ultrasons-echos-multibonds-sur-piece-cylindrique\/multibonds-cylindrique-mesure-de-lattenuation\/\" target=\"_blank\" title=\"(Nouvelle fen\u00eatre)\">Mesure de l&rsquo;att\u00e9nuation<\/a><\/p>\n<\/p>\n<p><a class=\"lien2\" href=\"https:\/\/www.extende.com\/fr\/la-simulation-cnd\/documentation\/validation-experimentale-des-modeles-civa\/validation-experimentale-des-modeles-civa-en-ultrasons\/ultrasons-echos-multibonds\/ultrasons-echos-multibonds-sur-piece-cylindrique\/multibonds-cylindrique-resultats-obtenus-sur-une-entaille-avec-la-piece-plane\/\" target=\"_blank\" title=\"(Nouvelle fen\u00eatre)\">R\u00e9sultats obtenus sur une entaille\u00a0avec la pi\u00e8ce plane<\/a>\u00a0<\/p>\n<\/p>\n<p><a class=\"lien2\" href=\"https:\/\/www.extende.com\/fr\/la-simulation-cnd\/documentation\/validation-experimentale-des-modeles-civa\/validation-experimentale-des-modeles-civa-en-ultrasons\/ultrasons-echos-multibonds\/ultrasons-echos-multibonds-sur-piece-cylindrique\/multibonds-cylindrique-resultats-obtenus-sur-une-entaille-avec-la-piece-cylindrique\/\" target=\"_blank\" title=\"(Nouvelle fen\u00eatre)\">R\u00e9sultats obtenus\u00a0sur une entaille avec la pi\u00e8ce cylindrique\u00a0<\/a><\/p>\n<\/p>\n<p><a class=\"lien2\" href=\"https:\/\/www.extende.com\/fr\/la-simulation-cnd\/documentation\/validation-experimentale-des-modeles-civa\/validation-experimentale-des-modeles-civa-en-ultrasons\/ultrasons-echos-multibonds\/ultrasons-echos-multibonds-sur-piece-cylindrique\/multibonds-cylindrique-interpretation-des-resultats-de-comparaison-sur-une-entaille\/\" target=\"_blank\" title=\"(Nouvelle fen\u00eatre)\">Interpr\u00e9tation des r\u00e9sultats de comparaison sur une entaille<\/a><\/p>\n<\/p>\n<p><a class=\"lien2\" href=\"https:\/\/www.extende.com\/fr\/la-simulation-cnd\/documentation\/validation-experimentale-des-modeles-civa\/validation-experimentale-des-modeles-civa-en-ultrasons\/ultrasons-echos-multibonds\/ultrasons-echos-multibonds-sur-piece-cylindrique\/multibonds-cylindrique-interpretation-des-resultats-de-comparaison-sur-un-trou-generatrice\/\" target=\"_blank\" title=\"(Nouvelle fen\u00eatre)\">Interpr\u00e9tation des r\u00e9sultats de comparaison sur un Trou G\u00e9n\u00e9ratrice<\/a><\/p>\n<\/p>\n<p><a class=\"lien2\" href=\"https:\/\/www.extende.com\/fr\/la-simulation-cnd\/documentation\/validation-experimentale-des-modeles-civa\/validation-experimentale-des-modeles-civa-en-ultrasons\/ultrasons-echos-multibonds\/ultrasons-echos-multibonds-sur-piece-cylindrique\/multibonds-cylindrique-conclusion\/\" target=\"_blank\" title=\"(Nouvelle fen\u00eatre)\">Conclusion<\/a><\/p><\/p>\n","protected":false},"excerpt":{"rendered":"<p>Pour des raisons d\u2019accessibilit\u00e9, certaines zones d\u2019une pi\u00e8ce peuvent \u00eatre inspect\u00e9es avec un faisceau ultrasonore ayant subi plusieurs rebonds successifs sur le fond et la surface de la pi\u00e8ce. Cela permet d\u2019atteindre des zones \u00e9loign\u00e9es du capteur. Pour r\u00e9aliser ces contr\u00f4les \u00ab multibonds \u00bb, un faisceau d\u2019ondes transversales \u00e0 45\u00b0 est utilis\u00e9 afin d\u2019\u00e9viter des [&hellip;]<\/p>\n","protected":false},"author":0,"featured_media":0,"parent":2921,"menu_order":1,"comment_status":"closed","ping_status":"closed","template":"templates\/page--extende.html.php","meta":{"_acf_changed":false,"footnotes":""},"class_list":["post-3444","page","type-page","status-publish","hentry"],"acf":[],"_links":{"self":[{"href":"https:\/\/www.extende.com\/fr\/wp-json\/wp\/v2\/pages\/3444","targetHints":{"allow":["GET"]}}],"collection":[{"href":"https:\/\/www.extende.com\/fr\/wp-json\/wp\/v2\/pages"}],"about":[{"href":"https:\/\/www.extende.com\/fr\/wp-json\/wp\/v2\/types\/page"}],"replies":[{"embeddable":true,"href":"https:\/\/www.extende.com\/fr\/wp-json\/wp\/v2\/comments?post=3444"}],"version-history":[{"count":1,"href":"https:\/\/www.extende.com\/fr\/wp-json\/wp\/v2\/pages\/3444\/revisions"}],"predecessor-version":[{"id":5673,"href":"https:\/\/www.extende.com\/fr\/wp-json\/wp\/v2\/pages\/3444\/revisions\/5673"}],"up":[{"embeddable":true,"href":"https:\/\/www.extende.com\/fr\/wp-json\/wp\/v2\/pages\/2921"}],"wp:attachment":[{"href":"https:\/\/www.extende.com\/fr\/wp-json\/wp\/v2\/media?parent=3444"}],"curies":[{"name":"wp","href":"https:\/\/api.w.org\/{rel}","templated":true}]}}