{"id":3446,"date":"2025-06-24T18:34:49","date_gmt":"2025-06-24T16:34:49","guid":{"rendered":""},"modified":"2025-06-24T18:52:14","modified_gmt":"2025-06-24T16:52:14","slug":"capteurs-mono-element","status":"publish","type":"page","link":"https:\/\/www.extende.com\/fr\/la-simulation-cnd\/documentation\/validation-experimentale-des-modeles-civa\/validation-experimentale-des-modeles-civa-en-ultrasons\/caracterisation-du-champ-de-capteurs-dans-leau-par-mesure-des-echos-dinclusion-solides-et-dun-plan-infini\/capteurs-mono-element\/","title":{"rendered":"Capteurs mono-\u00e9l\u00e9ment"},"content":{"rendered":"<p>Les r\u00e9sultats qui seront pr\u00e9sent\u00e9s dans la suite ont \u00e9t\u00e9 obtenus avec trois capteurs mono-\u00e9l\u00e9ment, deux plans et un focalis\u00e9.\u00a0<\/p>\n<\/p>\n<p>Les r\u00e9sultats de comparaison entre la mesure et les pr\u00e9dictions de CIVA sont pr\u00e9sent\u00e9s et analys\u00e9s pour les trois capteurs \u00e9tudi\u00e9s.<\/p>\n<\/p>\n<p>\u00a0<\/p>\n<\/p>\n<p><a class=\"lien2\" href=\"https:\/\/www.extende.com\/fr\/la-simulation-cnd\/documentation\/validation-experimentale-des-modeles-civa\/validation-experimentale-des-modeles-civa-en-ultrasons\/caracterisation-du-champ-de-capteurs-dans-leau-par-mesure-des-echos-dinclusion-solides-et-dun-plan-infini\/capteurs-mono-element\/inclusion-dans-leau-monoelement-description-des-mesures\/\">Description des mesures<\/a><\/p>\n<\/p>\n<p><a class=\"lien2\" href=\"https:\/\/www.extende.com\/fr\/la-simulation-cnd\/documentation\/validation-experimentale-des-modeles-civa\/validation-experimentale-des-modeles-civa-en-ultrasons\/caracterisation-du-champ-de-capteurs-dans-leau-par-mesure-des-echos-dinclusion-solides-et-dun-plan-infini\/capteurs-mono-element\/inclusion-dans-leau-monoelement-description-des-simulations\/\">Description des simulations<\/a><\/p>\n<\/p>\n<p><a name=\"_Toc429407726\"><\/a><a class=\"lien2\" href=\"https:\/\/www.extende.com\/fr\/la-simulation-cnd\/documentation\/validation-experimentale-des-modeles-civa\/validation-experimentale-des-modeles-civa-en-ultrasons\/caracterisation-du-champ-de-capteurs-dans-leau-par-mesure-des-echos-dinclusion-solides-et-dun-plan-infini\/capteurs-mono-element\/inclusion-dans-leau-monoelement-capteur-2-25-mhz\/\">Capteur\u00a0plan\u00a0\u00d86.35mm, 2.25MHz<\/a><\/p>\n<\/p>\n<p><a class=\"lien2\" href=\"https:\/\/www.extende.com\/fr\/la-simulation-cnd\/documentation\/validation-experimentale-des-modeles-civa\/validation-experimentale-des-modeles-civa-en-ultrasons\/caracterisation-du-champ-de-capteurs-dans-leau-par-mesure-des-echos-dinclusion-solides-et-dun-plan-infini\/capteurs-mono-element\/inclusion-dans-leau-monoelement-capteur-5-mhz\/\">Capteur\u00a0plan\u00a0\u00d86.35mm, 5MHz<\/a><\/p>\n<\/p>\n<p><a class=\"lien2\" href=\"https:\/\/www.extende.com\/fr\/la-simulation-cnd\/documentation\/validation-experimentale-des-modeles-civa\/validation-experimentale-des-modeles-civa-en-ultrasons\/caracterisation-du-champ-de-capteurs-dans-leau-par-mesure-des-echos-dinclusion-solides-et-dun-plan-infini\/capteurs-mono-element\/inclusion-dans-leau-monoelement-capteur-10-mhz\/\">Capteur\u00a0focalis\u00e9\u00a0\u00d89.5mm, 10MHz<\/a><\/p>\n<\/p>\n<p><a class=\"lien2\" href=\"https:\/\/www.extende.com\/fr\/la-simulation-cnd\/documentation\/validation-experimentale-des-modeles-civa\/validation-experimentale-des-modeles-civa-en-ultrasons\/caracterisation-du-champ-de-capteurs-dans-leau-par-mesure-des-echos-dinclusion-solides-et-dun-plan-infini\/capteurs-mono-element\/inclusion-dans-leau-monoelement-conclusion\/\">Conclusion<\/a><\/p><\/p>\n","protected":false},"excerpt":{"rendered":"<p>Les r\u00e9sultats qui seront pr\u00e9sent\u00e9s dans la suite ont \u00e9t\u00e9 obtenus avec trois capteurs mono-\u00e9l\u00e9ment, deux plans et un focalis\u00e9.\u00a0 Les r\u00e9sultats de comparaison entre la mesure et les pr\u00e9dictions de CIVA sont pr\u00e9sent\u00e9s et analys\u00e9s pour les trois capteurs \u00e9tudi\u00e9s. \u00a0 Description des mesures Description des simulations Capteur\u00a0plan\u00a0\u00d86.35mm, 2.25MHz Capteur\u00a0plan\u00a0\u00d86.35mm, 5MHz Capteur\u00a0focalis\u00e9\u00a0\u00d89.5mm, 10MHz Conclusion<\/p>\n","protected":false},"author":0,"featured_media":0,"parent":2923,"menu_order":0,"comment_status":"closed","ping_status":"closed","template":"templates\/page--extende.html.php","meta":{"_acf_changed":false,"footnotes":""},"class_list":["post-3446","page","type-page","status-publish","hentry"],"acf":[],"_links":{"self":[{"href":"https:\/\/www.extende.com\/fr\/wp-json\/wp\/v2\/pages\/3446","targetHints":{"allow":["GET"]}}],"collection":[{"href":"https:\/\/www.extende.com\/fr\/wp-json\/wp\/v2\/pages"}],"about":[{"href":"https:\/\/www.extende.com\/fr\/wp-json\/wp\/v2\/types\/page"}],"replies":[{"embeddable":true,"href":"https:\/\/www.extende.com\/fr\/wp-json\/wp\/v2\/comments?post=3446"}],"version-history":[{"count":1,"href":"https:\/\/www.extende.com\/fr\/wp-json\/wp\/v2\/pages\/3446\/revisions"}],"predecessor-version":[{"id":5675,"href":"https:\/\/www.extende.com\/fr\/wp-json\/wp\/v2\/pages\/3446\/revisions\/5675"}],"up":[{"embeddable":true,"href":"https:\/\/www.extende.com\/fr\/wp-json\/wp\/v2\/pages\/2923"}],"wp:attachment":[{"href":"https:\/\/www.extende.com\/fr\/wp-json\/wp\/v2\/media?parent=3446"}],"curies":[{"name":"wp","href":"https:\/\/api.w.org\/{rel}","templated":true}]}}