{"id":3448,"date":"2025-06-24T18:34:49","date_gmt":"2025-06-24T16:34:49","guid":{"rendered":""},"modified":"2025-06-24T18:52:14","modified_gmt":"2025-06-24T16:52:14","slug":"capteur-multielement","status":"publish","type":"page","link":"https:\/\/www.extende.com\/fr\/la-simulation-cnd\/documentation\/validation-experimentale-des-modeles-civa\/validation-experimentale-des-modeles-civa-en-ultrasons\/caracterisation-du-champ-de-capteurs-dans-leau-par-mesure-des-echos-dinclusion-solides-et-dun-plan-infini\/capteur-multielement\/","title":{"rendered":"Capteur multi\u00e9l\u00e9ment"},"content":{"rendered":"<p>\n\u00a0Les r\u00e9sultats pr\u00e9sent\u00e9s dans la suite\u00a0ont \u00e9t\u00e9\u00a0obtenus avec un capteur multi\u00e9l\u00e9ments plan fonctionnant \u00e0 5MHz. Diff\u00e9rentes configurations avec et\u00a0sans lois de retards sont \u00e9valu\u00e9es sur une inclusion solide de 1mm de diam\u00e8tre et sur un plan infini.<br \/>\nApr\u00e8s une description dans les deux premiers chapitres des mesures et des simulations r\u00e9alis\u00e9es, les\u00a0r\u00e9sultats de comparaison entre la mesure et les pr\u00e9dictions de CIVA sont pr\u00e9sent\u00e9s et analys\u00e9s dans\u00a0les chapitres suivants.<\/p>\n<\/p>\n<p>\u00a0<\/p>\n<\/p>\n<p><a class=\"lien2\" href=\"https:\/\/www.extende.com\/fr\/la-simulation-cnd\/documentation\/validation-experimentale-des-modeles-civa\/validation-experimentale-des-modeles-civa-en-ultrasons\/caracterisation-du-champ-de-capteurs-dans-leau-par-mesure-des-echos-dinclusion-solides-et-dun-plan-infini\/capteur-multielement\/inclusion-dans-leau-multielements-description-des-mesures\/\">Description des mesures<\/a><\/p>\n<\/p>\n<p><a class=\"lien2\" href=\"https:\/\/www.extende.com\/fr\/la-simulation-cnd\/documentation\/validation-experimentale-des-modeles-civa\/validation-experimentale-des-modeles-civa-en-ultrasons\/caracterisation-du-champ-de-capteurs-dans-leau-par-mesure-des-echos-dinclusion-solides-et-dun-plan-infini\/capteur-multielement\/inclusion-dans-leau-multielements-description-des-simulations\/\">Descriptions des simulations<\/a><\/p>\n<\/p>\n<p><a class=\"lien2\" href=\"https:\/\/www.extende.com\/fr\/la-simulation-cnd\/documentation\/validation-experimentale-des-modeles-civa\/validation-experimentale-des-modeles-civa-en-ultrasons\/caracterisation-du-champ-de-capteurs-dans-leau-par-mesure-des-echos-dinclusion-solides-et-dun-plan-infini\/capteur-multielement\/inclusion-dans-leau-multielements-configurations-sans-lois-de-retards\/\">Configurations sans lois de retards<\/a><\/p>\n<\/p>\n<p><a class=\"lien2\" href=\"https:\/\/www.extende.com\/fr\/la-simulation-cnd\/documentation\/validation-experimentale-des-modeles-civa\/validation-experimentale-des-modeles-civa-en-ultrasons\/caracterisation-du-champ-de-capteurs-dans-leau-par-mesure-des-echos-dinclusion-solides-et-dun-plan-infini\/capteur-multielement\/inclusion-dans-leau-multielements-configurations-avec-lois-de-retards\/\">Configurations avec lois de retards<\/a><\/p>\n<\/p>\n<p><a class=\"lien2\" href=\"https:\/\/www.extende.com\/fr\/la-simulation-cnd\/documentation\/validation-experimentale-des-modeles-civa\/validation-experimentale-des-modeles-civa-en-ultrasons\/caracterisation-du-champ-de-capteurs-dans-leau-par-mesure-des-echos-dinclusion-solides-et-dun-plan-infini\/capteur-multielement\/inclusion-dans-leau-multielements-conclusion\/\">Conclusion<\/a><\/p><\/p>\n","protected":false},"excerpt":{"rendered":"<p>\u00a0Les r\u00e9sultats pr\u00e9sent\u00e9s dans la suite\u00a0ont \u00e9t\u00e9\u00a0obtenus avec un capteur multi\u00e9l\u00e9ments plan fonctionnant \u00e0 5MHz. Diff\u00e9rentes configurations avec et\u00a0sans lois de retards sont \u00e9valu\u00e9es sur une inclusion solide de 1mm de diam\u00e8tre et sur un plan infini. Apr\u00e8s une description dans les deux premiers chapitres des mesures et des simulations r\u00e9alis\u00e9es, les\u00a0r\u00e9sultats de comparaison entre [&hellip;]<\/p>\n","protected":false},"author":0,"featured_media":0,"parent":2923,"menu_order":1,"comment_status":"closed","ping_status":"closed","template":"templates\/page--extende.html.php","meta":{"_acf_changed":false,"footnotes":""},"class_list":["post-3448","page","type-page","status-publish","hentry"],"acf":[],"_links":{"self":[{"href":"https:\/\/www.extende.com\/fr\/wp-json\/wp\/v2\/pages\/3448","targetHints":{"allow":["GET"]}}],"collection":[{"href":"https:\/\/www.extende.com\/fr\/wp-json\/wp\/v2\/pages"}],"about":[{"href":"https:\/\/www.extende.com\/fr\/wp-json\/wp\/v2\/types\/page"}],"replies":[{"embeddable":true,"href":"https:\/\/www.extende.com\/fr\/wp-json\/wp\/v2\/comments?post=3448"}],"version-history":[{"count":1,"href":"https:\/\/www.extende.com\/fr\/wp-json\/wp\/v2\/pages\/3448\/revisions"}],"predecessor-version":[{"id":5677,"href":"https:\/\/www.extende.com\/fr\/wp-json\/wp\/v2\/pages\/3448\/revisions\/5677"}],"up":[{"embeddable":true,"href":"https:\/\/www.extende.com\/fr\/wp-json\/wp\/v2\/pages\/2923"}],"wp:attachment":[{"href":"https:\/\/www.extende.com\/fr\/wp-json\/wp\/v2\/media?parent=3448"}],"curies":[{"name":"wp","href":"https:\/\/api.w.org\/{rel}","templated":true}]}}