{"id":3475,"date":"2025-06-24T18:34:52","date_gmt":"2025-06-24T16:34:52","guid":{"rendered":"https:\/\/www.extende.com\/la-simulation-cnd\/documentation\/validation-experimentale-des-modeles-civa\/validation-experimentale-des-modeles-civa-en-courants-de-foucault\/pieces-planes\/team-workshop-15\/"},"modified":"2025-06-24T18:52:13","modified_gmt":"2025-06-24T16:52:13","slug":"team-workshop-15","status":"publish","type":"page","link":"https:\/\/www.extende.com\/fr\/la-simulation-cnd\/documentation\/validation-experimentale-des-modeles-civa\/validation-experimentale-des-modeles-civa-en-courants-de-foucault\/pieces-planes\/team-workshop-15\/","title":{"rendered":"Team workshop 15"},"content":{"rendered":"<h2 class=\"titre-accordeon\">Protocole exp\u00e9rimental<\/h2>\n<\/p>\n<p>L\u2019installation exp\u00e9rimentale est repr\u00e9sent\u00e9e sur la figure ci-dessous. Une bobine circulaire se d\u00e9place parall\u00e8lement \u00e0 l\u2019axe x le long de l\u2019ar\u00eate d\u2019un d\u00e9faut rectangulaire dans une plaque en alliage d\u2019aluminium. Les valeurs de la fr\u00e9quence et du lift-off de la bobine sont fix\u00e9es. La variation d\u2019imp\u00e9dance \u0394Z est mesur\u00e9e en fonction de la position du centre de la bobine.<\/p>\n<\/p>\n<div style=\"text-align:center;\"><img loading=\"lazy\" decoding=\"async\" width=\"400\" height=\"324\" alt=\"\" src=\"https:\/\/www.extende.com\/wp-content\/uploads\/SurfacePlane_TeamWorlshop15_Experiment-1.png\" class=\"alignnone wp-image-3466\" srcset=\"https:\/\/www.extende.com\/wp-content\/uploads\/SurfacePlane_TeamWorlshop15_Experiment-1.png 400w, https:\/\/www.extende.com\/wp-content\/uploads\/SurfacePlane_TeamWorlshop15_Experiment-1-300x243.png 300w\" sizes=\"auto, (max-width: 400px) 100vw, 400px\" \/><\/p>\n<p><span class=\"couleur3\">Protocole exp\u00e9rimental<\/span><\/p>\n<p>\u00a0<\/p>\n<p><img loading=\"lazy\" decoding=\"async\" width=\"400\" height=\"307\" alt=\"\" src=\"https:\/\/www.extende.com\/wp-content\/uploads\/SurfacePlane_TeamWorlshop15_DonneesExp-1.png\" class=\"alignnone wp-image-3467\" srcset=\"https:\/\/www.extende.com\/wp-content\/uploads\/SurfacePlane_TeamWorlshop15_DonneesExp-1.png 400w, https:\/\/www.extende.com\/wp-content\/uploads\/SurfacePlane_TeamWorlshop15_DonneesExp-1-300x230.png 300w\" sizes=\"auto, (max-width: 400px) 100vw, 400px\" \/><\/p>\n<p><span class=\"couleur3\">Donn\u00e9es d\u2019entr\u00e9e exp\u00e9rimentales<\/span><\/p>\n<\/div>\n<p>\u00a0<\/p>\n<\/p>\n<h2 class=\"titre-accordeon\">Pi\u00e8ce<\/h2>\n<\/p>\n<p>La pi\u00e8ce inspect\u00e9e est une plaque \u00e9paisse de 12,22 mm, en aluminium, nuance de conductivit\u00e9 30,6 MS.m-1 et de perm\u00e9abilit\u00e9 relative 1.<\/p>\n<\/p>\n<div style=\"text-align:center;\"><img loading=\"lazy\" decoding=\"async\" width=\"700\" height=\"182\" alt=\"\" src=\"https:\/\/www.extende.com\/wp-content\/uploads\/SurfacePlane_TeamWorlshop15_Piece-1.png\" class=\"alignnone wp-image-3468\" srcset=\"https:\/\/www.extende.com\/wp-content\/uploads\/SurfacePlane_TeamWorlshop15_Piece-1.png 700w, https:\/\/www.extende.com\/wp-content\/uploads\/SurfacePlane_TeamWorlshop15_Piece-1-300x78.png 300w, https:\/\/www.extende.com\/wp-content\/uploads\/SurfacePlane_TeamWorlshop15_Piece-1-600x156.png 600w\" sizes=\"auto, (max-width: 700px) 100vw, 700px\" \/><\/p>\n<p><span class=\"couleur3\">Plaque \u00e9paisse mod\u00e9lis\u00e9e dans CIVA<\/span><\/p>\n<\/div>\n<p>\u00a0<\/p>\n<\/p>\n<h2 class=\"titre-accordeon\">Sonde<\/h2>\n<\/p>\n<p>La sonde est constitu\u00e9e d\u2019une bobine cylindrique \u00e0 double fonction dont les propri\u00e9t\u00e9s g\u00e9om\u00e9triques sont rassembl\u00e9es sur la figure ci-dessous qui repr\u00e9sente le panneau dans CIVA permettant de d\u00e9finir ces propri\u00e9t\u00e9s. L\u2019acquisition se fait \u00e0 une fr\u00e9quence de 900 kHz, avec 1mA en injection et r\u00e9ception en mode absolu.<\/p>\n<\/p>\n<div style=\"text-align:center;\"><img loading=\"lazy\" decoding=\"async\" width=\"200\" height=\"337\" alt=\"\" src=\"https:\/\/www.extende.com\/wp-content\/uploads\/SurfacePlane_TeamWorlshop15_Sonde-1.png\" class=\"alignnone wp-image-3469\" srcset=\"https:\/\/www.extende.com\/wp-content\/uploads\/SurfacePlane_TeamWorlshop15_Sonde-1.png 200w, https:\/\/www.extende.com\/wp-content\/uploads\/SurfacePlane_TeamWorlshop15_Sonde-1-178x300.png 178w\" sizes=\"auto, (max-width: 200px) 100vw, 200px\" \/><\/p>\n<p><span class=\"couleur3\">Propri\u00e9t\u00e9s g\u00e9om\u00e9triques de la sonde<\/span><\/p>\n<\/div>\n<p>\u00a0<\/p>\n<\/p>\n<h2 class=\"titre-accordeon\">D\u00e9faut<\/h2>\n<\/p>\n<p>Une entaille non traversante et d\u00e9bouchante en surface est usin\u00e9e dans la pi\u00e8ce, comme repr\u00e9sent\u00e9 sur la figure ci-dessous\u00a0.<\/p>\n<\/p>\n<div style=\"text-align:center;\"><img loading=\"lazy\" decoding=\"async\" width=\"400\" height=\"410\" alt=\"\" src=\"https:\/\/www.extende.com\/wp-content\/uploads\/SurfacePlane_TeamWorlshop15_Defaut-1.png\" class=\"alignnone wp-image-3470\" srcset=\"https:\/\/www.extende.com\/wp-content\/uploads\/SurfacePlane_TeamWorlshop15_Defaut-1.png 400w, https:\/\/www.extende.com\/wp-content\/uploads\/SurfacePlane_TeamWorlshop15_Defaut-1-293x300.png 293w\" sizes=\"auto, (max-width: 400px) 100vw, 400px\" \/><\/p>\n<p><span class=\"couleur3\">D\u00e9faut rectangulaire<\/span><\/p>\n<\/div>\n<p>\u00a0<\/p>\n<\/p>\n<h2 class=\"titre-accordeon\">Comparaisons Exp\u00e9rience\/Simulation<\/h2>\n<\/p>\n<p>Les mesures exp\u00e9rimentales ont \u00e9t\u00e9 r\u00e9alis\u00e9es avec un imp\u00e9dancem\u00e8tre, il n&rsquo;a donc pas \u00e9t\u00e9 n\u00e9cessaire de proc\u00e9der \u00e0 un \u00e9talonnage avant comparaison entre exp\u00e9rience et simulation.<\/p>\n<\/p>\n<p>Les courbes de Lissajous sont trac\u00e9es et les amplitudes, phases, parties r\u00e9elles et imaginaires en fonction du balayage sont compar\u00e9es sur les figures ci-dessous. Un bon accord g\u00e9n\u00e9ral entre exp\u00e9rience et simulation est observ\u00e9.<\/p>\n<\/p>\n<div style=\"text-align:center;\"><img loading=\"lazy\" decoding=\"async\" width=\"300\" height=\"293\" alt=\"\" src=\"https:\/\/www.extende.com\/wp-content\/uploads\/SurfacePlane_TeamWorlshop15_Lissajous-1.png\" class=\"alignnone wp-image-3471\"><\/p>\n<p><span class=\"couleur3\">Courbes de Lissajous dans le plan d\u2019imp\u00e9dance, coupe verticale<\/span><\/p>\n<p>\u00a0<\/p>\n<p><img loading=\"lazy\" decoding=\"async\" width=\"700\" height=\"385\" alt=\"\" src=\"https:\/\/www.extende.com\/wp-content\/uploads\/SurfacePlane_TeamWorlshop15_AmplPhase-1.png\" class=\"alignnone wp-image-3472\" srcset=\"https:\/\/www.extende.com\/wp-content\/uploads\/SurfacePlane_TeamWorlshop15_AmplPhase-1.png 700w, https:\/\/www.extende.com\/wp-content\/uploads\/SurfacePlane_TeamWorlshop15_AmplPhase-1-300x165.png 300w, https:\/\/www.extende.com\/wp-content\/uploads\/SurfacePlane_TeamWorlshop15_AmplPhase-1-600x330.png 600w\" sizes=\"auto, (max-width: 700px) 100vw, 700px\" \/><\/p>\n<p><span class=\"couleur3\">Comparaisons courbes amplitude (haut) et phase (bas)<\/span><\/p>\n<p>\u00a0<\/p>\n<p><img loading=\"lazy\" decoding=\"async\" width=\"700\" height=\"389\" alt=\"\" src=\"https:\/\/www.extende.com\/wp-content\/uploads\/SurfacePlane_TeamWorlshop15_ReelImag-1.png\" class=\"alignnone wp-image-3473\" srcset=\"https:\/\/www.extende.com\/wp-content\/uploads\/SurfacePlane_TeamWorlshop15_ReelImag-1.png 700w, https:\/\/www.extende.com\/wp-content\/uploads\/SurfacePlane_TeamWorlshop15_ReelImag-1-300x167.png 300w, https:\/\/www.extende.com\/wp-content\/uploads\/SurfacePlane_TeamWorlshop15_ReelImag-1-600x333.png 600w\" sizes=\"auto, (max-width: 700px) 100vw, 700px\" \/><\/p>\n<p><span class=\"couleur3\">Comparaisons courbes r\u00e9elle (haut) et imaginaire (bas)<\/span><\/p>\n<\/div>\n<p>Enfin, le tableau ci-dessous regroupe les valeurs relev\u00e9es d&rsquo;amplitude et de phase et confirme le tr\u00e8s faible \u00e9cart entre exp\u00e9rience et simulation, de l&rsquo;ordre de moins d&rsquo;un dB.<\/p>\n<\/p>\n<div style=\"text-align:center;\"><img loading=\"lazy\" decoding=\"async\" width=\"541\" height=\"113\" alt=\"\" src=\"https:\/\/www.extende.com\/wp-content\/uploads\/SurfacePlane_TeamWorlshop15_TableauResultats-1.png\" class=\"alignnone wp-image-3474\" srcset=\"https:\/\/www.extende.com\/wp-content\/uploads\/SurfacePlane_TeamWorlshop15_TableauResultats-1.png 541w, https:\/\/www.extende.com\/wp-content\/uploads\/SurfacePlane_TeamWorlshop15_TableauResultats-1-300x63.png 300w\" sizes=\"auto, (max-width: 541px) 100vw, 541px\" \/><\/p>\n<p><span class=\"couleur3\">Valeurs maximales des amplitudes, phases correspondantes, et \u00e9carts entre CIVA et exp\u00e9riences (r\u00e9f\u00e9rences : valeurs exp\u00e9rimentales)<\/span><\/p>\n<\/div>\n<p>\u00a0<\/p>\n<\/p>\n<p>Continuer vers\u00a0<a href=\"https:\/\/www.extende.com\/fr\/la-simulation-cnd\/documentation\/validation-experimentale-des-modeles-civa\/validation-experimentale-des-modeles-civa-en-courants-de-foucault\/pieces-planes\/benchmark-cofrend-fonction-commune\/\"><strong>BENCHMARK COFREND FONCTION COMMUNE<\/strong><\/a><\/p>\n<\/p>\n<p>Retourner \u00e0\u00a0<a href=\"https:\/\/www.extende.com\/fr\/la-simulation-cnd\/documentation\/validation-experimentale-des-modeles-civa\/validation-experimentale-des-modeles-civa-en-courants-de-foucault\/pieces-planes\/\"><strong>PIECES PLANES<span style=\"line-height: 1.5em;\">\u00a0<\/span><\/strong><\/a><\/p><\/p>\n","protected":false},"excerpt":{"rendered":"<p>Validation exp\u00e9rimentale et caract\u00e9risation des mod\u00e8les Ultrasons de CIVA, \u00e9chos de coin en ondes L, logiciel de simulation CND<\/p>\n","protected":false},"author":0,"featured_media":0,"parent":2925,"menu_order":0,"comment_status":"closed","ping_status":"closed","template":"templates\/page--extende.html.php","meta":{"_acf_changed":false,"footnotes":""},"class_list":["post-3475","page","type-page","status-publish","hentry"],"acf":[],"_links":{"self":[{"href":"https:\/\/www.extende.com\/fr\/wp-json\/wp\/v2\/pages\/3475","targetHints":{"allow":["GET"]}}],"collection":[{"href":"https:\/\/www.extende.com\/fr\/wp-json\/wp\/v2\/pages"}],"about":[{"href":"https:\/\/www.extende.com\/fr\/wp-json\/wp\/v2\/types\/page"}],"replies":[{"embeddable":true,"href":"https:\/\/www.extende.com\/fr\/wp-json\/wp\/v2\/comments?post=3475"}],"version-history":[{"count":1,"href":"https:\/\/www.extende.com\/fr\/wp-json\/wp\/v2\/pages\/3475\/revisions"}],"predecessor-version":[{"id":5654,"href":"https:\/\/www.extende.com\/fr\/wp-json\/wp\/v2\/pages\/3475\/revisions\/5654"}],"up":[{"embeddable":true,"href":"https:\/\/www.extende.com\/fr\/wp-json\/wp\/v2\/pages\/2925"}],"wp:attachment":[{"href":"https:\/\/www.extende.com\/fr\/wp-json\/wp\/v2\/media?parent=3475"}],"curies":[{"name":"wp","href":"https:\/\/api.w.org\/{rel}","templated":true}]}}