{"id":3486,"date":"2025-06-24T18:34:55","date_gmt":"2025-06-24T16:34:55","guid":{"rendered":"https:\/\/www.extende.com\/la-simulation-cnd\/documentation\/validation-experimentale-des-modeles-civa\/validation-experimentale-des-modeles-civa-en-courants-de-foucault\/pieces-planes\/benchmark-cofrend-fonction-commune\/"},"modified":"2025-06-24T18:52:13","modified_gmt":"2025-06-24T16:52:13","slug":"benchmark-cofrend-fonction-commune","status":"publish","type":"page","link":"https:\/\/www.extende.com\/fr\/la-simulation-cnd\/documentation\/validation-experimentale-des-modeles-civa\/validation-experimentale-des-modeles-civa-en-courants-de-foucault\/pieces-planes\/benchmark-cofrend-fonction-commune\/","title":{"rendered":"Benchmark COFREND fonction commune"},"content":{"rendered":"<p>Ce cas de validation est issu des travaux d&rsquo;un groupe de travail de la COFREND (Conf\u00e9d\u00e9ration Fran\u00e7aise pour les Essais Non Destructifs). Ce groupe \u00a0\u00ab\u00a0mod\u00e9lisation des courants \u00a0de Foucault\u00a0\u00bb a pour objectif de proposer des benchmarks regroupant des r\u00e9sultats de simulations et d&rsquo;exp\u00e9riences permettant de valider des codes de simulation des\u00a0courants de Foucault.\u00a0<\/p>\n<\/p>\n<p>Ce benchmark a pour sp\u00e9cificit\u00e9 de traiter les d\u00e9fauts traversants.<\/p>\n<\/p>\n<h2 class=\"titre-accordeon\">Pi\u00e8ce<\/h2>\n<\/p>\n<p>La pi\u00e8ce inspect\u00e9e est une plaque de 1,55 mm d\u2019\u00e9paisseur, en inconel, mat\u00e9riau de conductivit\u00e9 1,02 MS.m-1 et de perm\u00e9abilit\u00e9 relative 1.<\/p>\n<\/p>\n<p style=\"text-align:center;\"><img loading=\"lazy\" decoding=\"async\" width=\"600\" height=\"362\" alt=\"\" src=\"https:\/\/www.extende.com\/wp-content\/uploads\/SurfacePlane_Bob_Func_Com_Piece.png\" class=\"alignnone wp-image-3476\" srcset=\"https:\/\/www.extende.com\/wp-content\/uploads\/SurfacePlane_Bob_Func_Com_Piece.png 600w, https:\/\/www.extende.com\/wp-content\/uploads\/SurfacePlane_Bob_Func_Com_Piece-300x181.png 300w\" sizes=\"auto, (max-width: 600px) 100vw, 600px\" \/><\/p>\n<\/p>\n<p class=\"wp-caption-text\">Plaque \u00e0 inspecter mod\u00e9lis\u00e9e dans CIVA<\/p>\n<\/p>\n<h2 class=\"titre-accordeon\">Sonde<\/h2>\n<\/p>\n<p>La sonde est constitu\u00e9e d\u2019une bobine cylindrique \u00e0 double fonction dont les propri\u00e9t\u00e9s g\u00e9om\u00e9triques sont rassembl\u00e9es sur la figure ci-dessous qui repr\u00e9sente le panneau dans CIVA permettant de d\u00e9finir ces propri\u00e9t\u00e9s. L\u2019acquisition se fait sur deux voies \u00e0 100 kHz et 300 kHz, avec 1mA d\u2019injection et r\u00e9ception en mode absolu<\/p>\n<\/p>\n<p style=\"text-align:center;\"><img loading=\"lazy\" decoding=\"async\" width=\"200\" height=\"338\" alt=\"\" src=\"https:\/\/www.extende.com\/wp-content\/uploads\/SurfacePlane_Bob_Func_Com_Sonde.png\" class=\"alignnone wp-image-3477\" srcset=\"https:\/\/www.extende.com\/wp-content\/uploads\/SurfacePlane_Bob_Func_Com_Sonde.png 200w, https:\/\/www.extende.com\/wp-content\/uploads\/SurfacePlane_Bob_Func_Com_Sonde-178x300.png 178w\" sizes=\"auto, (max-width: 200px) 100vw, 200px\" \/><\/p>\n<\/p>\n<p class=\"wp-caption-text\">Caract\u00e9ristiques g\u00e9om\u00e9triques de la bobine \u00e0 fonctions communes<\/p>\n<\/p>\n<h2 class=\"titre-accordeon\">D\u00e9faut<\/h2>\n<\/p>\n<p>Le d\u00e9faut pr\u00e9sent dans la pi\u00e8ce \u00e0 inspecter est une entaille parall\u00e9l\u00e9pip\u00e9dique traversant toute l\u2019\u00e9paisseur de la pi\u00e8ce (figure ci-dessous).<\/p>\n<\/p>\n<p style=\"text-align:center;\"><img loading=\"lazy\" decoding=\"async\" width=\"400\" height=\"257\" alt=\"\" src=\"https:\/\/www.extende.com\/wp-content\/uploads\/SurfacePlane_Bob_Func_Com_Defaut.png\" class=\"alignnone wp-image-3478\" srcset=\"https:\/\/www.extende.com\/wp-content\/uploads\/SurfacePlane_Bob_Func_Com_Defaut.png 400w, https:\/\/www.extende.com\/wp-content\/uploads\/SurfacePlane_Bob_Func_Com_Defaut-300x193.png 300w\" sizes=\"auto, (max-width: 400px) 100vw, 400px\" \/><\/p>\n<\/p>\n<p class=\"wp-caption-text\">Caract\u00e9ristiques g\u00e9om\u00e9triques du d\u00e9faut parall\u00e9l\u00e9pip\u00e9dique<\/p>\n<\/p>\n<h2 class=\"titre-accordeon\">Comparaison Exp\u00e9rience\/Simulation<\/h2>\n<\/p>\n<p>Les mesures exp\u00e9rimentales ont \u00e9t\u00e9 r\u00e9alis\u00e9es avec un imp\u00e9dancem\u00e8tre, il n&rsquo;a donc pas \u00e9t\u00e9 n\u00e9cessaire de proc\u00e9der \u00e0 un \u00e9talonnage avant comparaison entre exp\u00e9rience et simulation.<\/p>\n<\/p>\n<p>Les C-scans des parties imaginaires obtenus avec CIVA 2015 et l\u2019exp\u00e9rience sont repr\u00e9sent\u00e9s sur la figure ci-dessous. Les comparaisons entre simulation et exp\u00e9rience se font par la suite sur les signaux de la coupe AA\u2019 dessin\u00e9e sur les C-scans.<\/p>\n<\/p>\n<p style=\"text-align:center;\"><img loading=\"lazy\" decoding=\"async\" width=\"700\" height=\"231\" alt=\"\" src=\"https:\/\/www.extende.com\/wp-content\/uploads\/SurfacePlane_Bob_Func_Com_Cscan.png\" class=\"alignnone wp-image-3479\" srcset=\"https:\/\/www.extende.com\/wp-content\/uploads\/SurfacePlane_Bob_Func_Com_Cscan.png 700w, https:\/\/www.extende.com\/wp-content\/uploads\/SurfacePlane_Bob_Func_Com_Cscan-300x99.png 300w, https:\/\/www.extende.com\/wp-content\/uploads\/SurfacePlane_Bob_Func_Com_Cscan-600x198.png 600w\" sizes=\"auto, (max-width: 700px) 100vw, 700px\" \/><\/p>\n<\/p>\n<p class=\"wp-caption-text\">Cscan de la simulation et de l\u2019exp\u00e9rience<\/p>\n<\/p>\n<p>Les parties r\u00e9elles et imaginaires selon la coupe AA\u2019 en fonction du balayage pour les fr\u00e9quences 100 kHz et 300 kHz sont compar\u00e9es sur la figure ci-dessous. Un bon accord g\u00e9n\u00e9ral entre exp\u00e9rience et simulation est observ\u00e9.<\/p>\n<\/p>\n<p style=\"text-align:center;\"><img loading=\"lazy\" decoding=\"async\" width=\"400\" height=\"510\" alt=\"\" src=\"https:\/\/www.extende.com\/wp-content\/uploads\/SurfacePlane_Bob_Func_Com_Comparaisons.png\" class=\"alignnone wp-image-3480\" srcset=\"https:\/\/www.extende.com\/wp-content\/uploads\/SurfacePlane_Bob_Func_Com_Comparaisons.png 400w, https:\/\/www.extende.com\/wp-content\/uploads\/SurfacePlane_Bob_Func_Com_Comparaisons-235x300.png 235w\" sizes=\"auto, (max-width: 400px) 100vw, 400px\" \/><\/p>\n<\/p>\n<p class=\"wp-caption-text\">Comparaison entre exp\u00e9rience et simulation avec CIVA 2015 pour les voies \u00e0 100 et 300 kHz<\/p>\n<p>\u00a0<\/p>\n<p>Tableau des valeurs d&rsquo;exp\u00e9rience et simulation avec CIVA \u00a0pour les voies \u00e0 100 et 300 kHz<\/p>\n<p>\u00a0<\/p>\n<\/p>\n<h2 class=\"titre-accordeon\">Comparaison entre codes<\/h2>\n<\/p>\n<p> Les r\u00e9sultats de simulation CIVA ont \u00e9galement \u00e9t\u00e9 compar\u00e9s avec les r\u00e9sultats de deux codes\u00a0\u00e9l\u00e9ments finis : C3D, d\u00e9velopp\u00e9 par le LAMEL (laboratoire commun entre EDF R&amp;D et l&rsquo;universit\u00e9 de Lille)\u00a0et <a href=\"https:\/\/www.extende.com\/fr\/nos-services\/etudes-en-controle-non-destructif\/le-logiciel-flux-pour-la-simulation-des-methodes-electromagnetiques\/\">Flux 3D<\/a>, d\u00e9velopp\u00e9 par Altair. Les diff\u00e9rences d&rsquo;amplitude et de phase sont donn\u00e9es par rapport aux r\u00e9sultats exp\u00e9rimentaux.<\/p>\n<\/p>\n<p>\u00a0<\/p>\n<\/p>\n<p style=\"text-align:center;\"><img loading=\"lazy\" decoding=\"async\" width=\"405\" height=\"106\" alt=\"\" src=\"https:\/\/www.extende.com\/wp-content\/uploads\/Comp_CIVA_Codes_100kHz.png\" class=\"alignnone wp-image-3481\" srcset=\"https:\/\/www.extende.com\/wp-content\/uploads\/Comp_CIVA_Codes_100kHz.png 405w, https:\/\/www.extende.com\/wp-content\/uploads\/Comp_CIVA_Codes_100kHz-300x79.png 300w\" sizes=\"auto, (max-width: 405px) 100vw, 405px\" \/><\/p>\n<\/p>\n<p style=\"text-align:center;\"><img loading=\"lazy\" decoding=\"async\" width=\"403\" height=\"105\" alt=\"\" src=\"https:\/\/www.extende.com\/wp-content\/uploads\/Comp_CIVA_Codes_300kHz.png\" class=\"alignnone wp-image-3482\" srcset=\"https:\/\/www.extende.com\/wp-content\/uploads\/Comp_CIVA_Codes_300kHz.png 403w, https:\/\/www.extende.com\/wp-content\/uploads\/Comp_CIVA_Codes_300kHz-300x78.png 300w\" sizes=\"auto, (max-width: 403px) 100vw, 403px\" \/><\/p>\n<\/p>\n<p class=\"wp-caption-text\">Comparaisons entre CIVA, C3D et Flux pour les voies \u00e0 100 et 300 kHz<\/p>\n<\/p>\n<p>L&rsquo;accord est satisfaisant entre les 3 codes et l&rsquo;exp\u00e9rience avec moins de 10% d&rsquo;\u00e9cart pour tous les cas.<\/p>\n<\/p>\n<p>Ces r\u00e9sultats ont \u00e9t\u00e9 pr\u00e9sent\u00e9s dans l&rsquo;article Developing and using benchmarks for eddy current simualtion codes validation to address industrial issues, lors de QNDE en 2010.<\/p>\n<\/p>\n<p>Continuer vers\u00a0<a href=\"https:\/\/www.extende.com\/fr\/la-simulation-cnd\/documentation\/validation-experimentale-des-modeles-civa\/validation-experimentale-des-modeles-civa-en-courants-de-foucault\/pieces-planes\/benchmark-cofrend-fonction-separee\/\"><span style=\"font-weight: bolder;\">BENCHMARK COFREND FONCTION SEPAREE<\/span><\/a><\/p>\n<\/p>\n<p>Retourner \u00e0 <a href=\"https:\/\/www.extende.com\/fr\/la-simulation-cnd\/documentation\/validation-experimentale-des-modeles-civa\/validation-experimentale-des-modeles-civa-en-courants-de-foucault\/pieces-planes\/team-workshop-15\/\"><b>TEAM WORKSHOP 15<\/b><\/a><\/p>\n<\/p>\n<p>Retourner \u00e0\u00a0<a href=\"https:\/\/www.extende.com\/fr\/la-simulation-cnd\/documentation\/validation-experimentale-des-modeles-civa\/validation-experimentale-des-modeles-civa-en-courants-de-foucault\/pieces-planes\/\"><span style=\"font-weight: bolder;\">PIECES PLANES<span style=\"line-height: 1.5em;\">\u00a0<\/span><\/span><\/a><\/p><\/p>\n","protected":false},"excerpt":{"rendered":"<p>Validation exp\u00e9rimentale et caract\u00e9risation des mod\u00e8les Ultrasons de CIVA, \u00e9chos de coin en ondes L, logiciel de simulation CND<\/p>\n","protected":false},"author":0,"featured_media":0,"parent":2925,"menu_order":1,"comment_status":"closed","ping_status":"closed","template":"templates\/page--extende.html.php","meta":{"_acf_changed":false,"footnotes":""},"class_list":["post-3486","page","type-page","status-publish","hentry"],"acf":[],"_links":{"self":[{"href":"https:\/\/www.extende.com\/fr\/wp-json\/wp\/v2\/pages\/3486","targetHints":{"allow":["GET"]}}],"collection":[{"href":"https:\/\/www.extende.com\/fr\/wp-json\/wp\/v2\/pages"}],"about":[{"href":"https:\/\/www.extende.com\/fr\/wp-json\/wp\/v2\/types\/page"}],"replies":[{"embeddable":true,"href":"https:\/\/www.extende.com\/fr\/wp-json\/wp\/v2\/comments?post=3486"}],"version-history":[{"count":1,"href":"https:\/\/www.extende.com\/fr\/wp-json\/wp\/v2\/pages\/3486\/revisions"}],"predecessor-version":[{"id":5653,"href":"https:\/\/www.extende.com\/fr\/wp-json\/wp\/v2\/pages\/3486\/revisions\/5653"}],"up":[{"embeddable":true,"href":"https:\/\/www.extende.com\/fr\/wp-json\/wp\/v2\/pages\/2925"}],"wp:attachment":[{"href":"https:\/\/www.extende.com\/fr\/wp-json\/wp\/v2\/media?parent=3486"}],"curies":[{"name":"wp","href":"https:\/\/api.w.org\/{rel}","templated":true}]}}